{"id":36449,"date":"2022-11-25T06:27:41","date_gmt":"2022-11-25T03:27:41","guid":{"rendered":"https:\/\/www.unox.com.tr\/urun\/valvula-de-mariposa-con-juego-de-u-pvc-accionada-electricamente\/"},"modified":"2023-02-27T14:09:36","modified_gmt":"2023-02-27T11:09:36","slug":"electro-accionado-u-pvc-kit-valvula-de-mariposa","status":"publish","type":"product","link":"https:\/\/unox.com.tr\/es\/electro-accionado-u-pvc-kit-valvula-de-mariposa\/","title":{"rendered":"V\u00e1lvula de Mariposa Con Juego de U-PVC Accionada El\u00e9ctricamente"},"content":{"rendered":"<div id=\"ez-toc-container\" class=\"ez-toc-v2_0_82_2 counter-hierarchy ez-toc-counter ez-toc-grey ez-toc-container-direction\">\n<div class=\"ez-toc-title-container\">\n<p class=\"ez-toc-title\" style=\"cursor:inherit\">Sayfa \u0130\u00e7eri\u011fi<\/p>\n<span class=\"ez-toc-title-toggle\"><a href=\"#\" class=\"ez-toc-pull-right ez-toc-btn ez-toc-btn-xs ez-toc-btn-default ez-toc-toggle\" aria-label=\"Alternar tabla de contenidos\"><span class=\"ez-toc-js-icon-con\"><span class=\"\"><span class=\"eztoc-hide\" style=\"display:none;\">Toggle<\/span><span class=\"ez-toc-icon-toggle-span\"><svg style=\"fill: #999;color:#999\" xmlns=\"http:\/\/www.w3.org\/2000\/svg\" class=\"list-377408\" width=\"20px\" height=\"20px\" viewBox=\"0 0 24 24\" fill=\"none\"><path d=\"M6 6H4v2h2V6zm14 0H8v2h12V6zM4 11h2v2H4v-2zm16 0H8v2h12v-2zM4 16h2v2H4v-2zm16 0H8v2h12v-2z\" fill=\"currentColor\"><\/path><\/svg><svg style=\"fill: #999;color:#999\" class=\"arrow-unsorted-368013\" xmlns=\"http:\/\/www.w3.org\/2000\/svg\" width=\"10px\" height=\"10px\" viewBox=\"0 0 24 24\" version=\"1.2\" baseProfile=\"tiny\"><path d=\"M18.2 9.3l-6.2-6.3-6.2 6.3c-.2.2-.3.4-.3.7s.1.5.3.7c.2.2.4.3.7.3h11c.3 0 .5-.1.7-.3.2-.2.3-.5.3-.7s-.1-.5-.3-.7zM5.8 14.7l6.2 6.3 6.2-6.3c.2-.2.3-.5.3-.7s-.1-.5-.3-.7c-.2-.2-.4-.3-.7-.3h-11c-.3 0-.5.1-.7.3-.2.2-.3.5-.3.7s.1.5.3.7z\"\/><\/svg><\/span><\/span><\/span><\/a><\/span><\/div>\n<nav><ul class='ez-toc-list ez-toc-list-level-1 ' ><li class='ez-toc-page-1 ez-toc-heading-level-2'><a class=\"ez-toc-link ez-toc-heading-1\" href=\"https:\/\/unox.com.tr\/es\/electro-accionado-u-pvc-kit-valvula-de-mariposa\/#%C2%BFQue_es_la_valvula_de_mariposa_de_conjunto_U-PVC_accionada_electricamente\" >\u00bfQu\u00e9 es la v\u00e1lvula de mariposa de conjunto U-PVC accionada el\u00e9ctricamente?<\/a><\/li><li class='ez-toc-page-1 ez-toc-heading-level-2'><a class=\"ez-toc-link ez-toc-heading-2\" href=\"https:\/\/unox.com.tr\/es\/electro-accionado-u-pvc-kit-valvula-de-mariposa\/#%C2%BFDonde_se_utiliza_la_valvula_de_mariposa_de_U-PVC_con_accionamiento_electrico\" >\u00bfD\u00f3nde se utiliza la v\u00e1lvula de mariposa de U-PVC con accionamiento el\u00e9ctrico?<\/a><\/li><\/ul><\/nav><\/div>\n<h2><span class=\"ez-toc-section\" id=\"%C2%BFQue_es_la_valvula_de_mariposa_de_conjunto_U-PVC_accionada_electricamente\"><\/span><span style=\"font-size: 22px;\">\u00bfQu\u00e9 es la v\u00e1lvula de mariposa de conjunto U-PVC accionada el\u00e9ctricamente?<\/span><span class=\"ez-toc-section-end\"><\/span><\/h2>\n<p>La v\u00e1lvula de mariposa del kit U-PVC accionada el\u00e9ctricamente es un tipo de v\u00e1lvula de control que se utiliza para regular el flujo de l\u00edquidos como gases, l\u00edquidos y lodos en un sistema de tuber\u00edas. Consiste en un elemento circular en forma de disco, conocido como mariposa, montado en un husillo y girado dentro del sistema de tuber\u00edas para abrir y cerrar el flujo de fluido. La v\u00e1lvula es accionada o controlada por un motor el\u00e9ctrico que gira el v\u00e1stago y el acelerador a la posici\u00f3n deseada.<\/p>\n<p>El material U-PVC es un tipo de pl\u00e1stico ampliamente utilizado en aplicaciones de tuber\u00edas y v\u00e1lvulas debido a su resistencia a la corrosi\u00f3n, durabilidad y bajo costo. La v\u00e1lvula de mariposa est\u00e1 dise\u00f1ada con un disco en forma de U que le permite abrirse y cerrarse con una presi\u00f3n y torsi\u00f3n m\u00ednimas, lo que la hace adecuada para su uso en sistemas con presiones y caudales bajos.<\/p>\n<h2><span class=\"ez-toc-section\" id=\"%C2%BFDonde_se_utiliza_la_valvula_de_mariposa_de_U-PVC_con_accionamiento_electrico\"><\/span><span style=\"font-size: 22px;\">\u00bfD\u00f3nde se utiliza la v\u00e1lvula de mariposa de U-PVC con accionamiento el\u00e9ctrico?<\/span><span class=\"ez-toc-section-end\"><\/span><\/h2>\n<p>Las v\u00e1lvulas de mariposa del equipo de U-PVC accionadas el\u00e9ctricamente se utilizan ampliamente en una amplia variedad de aplicaciones industriales y comerciales, que incluyen tratamiento de agua, procesamiento qu\u00edmico, producci\u00f3n de petr\u00f3leo y gas, industria minera, construcci\u00f3n naval e instalaciones de perforaci\u00f3n, empresas de alimentos y productos qu\u00edmicos, sistemas de supresi\u00f3n de incendios y energ\u00eda. generaci\u00f3n.utilizado como. Tambi\u00e9n se utilizan en sistemas HVAC (calefacci\u00f3n, ventilaci\u00f3n y aire acondicionado) y otros sistemas de tuber\u00edas donde se requiere control de flujo.<\/p>\n<p><strong>Las caracter\u00edsticas generales del polietileno son las siguientes:<\/strong><\/p>\n<ul>\n<li>Es Solido<\/li>\n<li>Resistente a \u00e1cidos, bases y disolventes.<\/li>\n<li>Las propiedades diel\u00e9ctricas son superiores.<\/li>\n<li>Es resistente a las condiciones ambientales.<\/li>\n<\/ul>\n","protected":false},"excerpt":{"rendered":"<p><a href=\"https:\/\/unox.com.tr\/wp-content\/uploads\/2022\/12\/ELEKTRIK-AKTUATORLU-U-PVC-TAKIM-KELEBEK-VANA-.pdf\" target=\"_blank\" rel=\"noopener\"><button style=\"background-color: #11224b; color: #ffffff; padding: 10px 15px; font-family: montserrat; font-weight: bold; font-size: 19px; border-radius: 10px;\"><img decoding=\"async\" style=\"width: 25px; height: 25px;\" src=\"https:\/\/unox.com.tr\/wp-content\/uploads\/2023\/02\/pdf-1.png\">CAT\u00c1LOGO DE PRODUCTO<\/button><\/a><\/p>\n<p><button style=\"background-color: #11224b; margin-top: 5px; color: white; padding: 0px 15px; width: 150px; height: 55px; border-radius: 10px; border: none; cursor: pointer;\"><br \/>\n<img decoding=\"async\" style=\"width: 120px; height: 30px;\" src=\"https:\/\/unox.com.tr\/wp-content\/uploads\/2023\/02\/4-1.svg\"><\/button><\/p>\n","protected":false},"featured_media":36443,"comment_status":"open","ping_status":"closed","template":"","meta":[],"product_brand":[],"product_cat":[470,1122,1007],"product_tag":[],"class_list":{"0":"post-36449","1":"product","2":"type-product","3":"status-publish","4":"has-post-thumbnail","6":"product_cat-valvulas-accionadas-electricamente","7":"product_cat-valvulas-actuadas","8":"product_cat-valvulas-electricas","10":"first","11":"instock","12":"shipping-taxable","13":"product-type-simple"},"_links":{"self":[{"href":"https:\/\/unox.com.tr\/es\/wp-json\/wp\/v2\/product\/36449","targetHints":{"allow":["GET"]}}],"collection":[{"href":"https:\/\/unox.com.tr\/es\/wp-json\/wp\/v2\/product"}],"about":[{"href":"https:\/\/unox.com.tr\/es\/wp-json\/wp\/v2\/types\/product"}],"replies":[{"embeddable":true,"href":"https:\/\/unox.com.tr\/es\/wp-json\/wp\/v2\/comments?post=36449"}],"version-history":[{"count":0,"href":"https:\/\/unox.com.tr\/es\/wp-json\/wp\/v2\/product\/36449\/revisions"}],"wp:featuredmedia":[{"embeddable":true,"href":"https:\/\/unox.com.tr\/es\/wp-json\/wp\/v2\/media\/36443"}],"wp:attachment":[{"href":"https:\/\/unox.com.tr\/es\/wp-json\/wp\/v2\/media?parent=36449"}],"wp:term":[{"taxonomy":"product_brand","embeddable":true,"href":"https:\/\/unox.com.tr\/es\/wp-json\/wp\/v2\/product_brand?post=36449"},{"taxonomy":"product_cat","embeddable":true,"href":"https:\/\/unox.com.tr\/es\/wp-json\/wp\/v2\/product_cat?post=36449"},{"taxonomy":"product_tag","embeddable":true,"href":"https:\/\/unox.com.tr\/es\/wp-json\/wp\/v2\/product_tag?post=36449"}],"curies":[{"name":"wp","href":"https:\/\/api.w.org\/{rel}","templated":true}]}}