{"id":36458,"date":"2020-12-03T13:28:09","date_gmt":"2020-12-03T10:28:09","guid":{"rendered":"https:\/\/www.unox.com.tr\/urun\/actuador-electrico-proporcional-4-20ma\/"},"modified":"2023-02-28T11:34:43","modified_gmt":"2023-02-28T08:34:43","slug":"4-20ma-actuador-electrico-proporcional","status":"publish","type":"product","link":"https:\/\/unox.com.tr\/es\/4-20ma-actuador-electrico-proporcional\/","title":{"rendered":"Actuador El\u00e9ctrico Proporcional 4-20mA"},"content":{"rendered":"<div id=\"ez-toc-container\" class=\"ez-toc-v2_0_82_2 counter-hierarchy ez-toc-counter ez-toc-grey ez-toc-container-direction\">\n<div class=\"ez-toc-title-container\">\n<p class=\"ez-toc-title\" style=\"cursor:inherit\">Sayfa \u0130\u00e7eri\u011fi<\/p>\n<span class=\"ez-toc-title-toggle\"><a href=\"#\" class=\"ez-toc-pull-right ez-toc-btn ez-toc-btn-xs ez-toc-btn-default ez-toc-toggle\" aria-label=\"Alternar tabla de contenidos\"><span class=\"ez-toc-js-icon-con\"><span class=\"\"><span class=\"eztoc-hide\" style=\"display:none;\">Toggle<\/span><span class=\"ez-toc-icon-toggle-span\"><svg style=\"fill: #999;color:#999\" xmlns=\"http:\/\/www.w3.org\/2000\/svg\" class=\"list-377408\" width=\"20px\" height=\"20px\" viewBox=\"0 0 24 24\" fill=\"none\"><path d=\"M6 6H4v2h2V6zm14 0H8v2h12V6zM4 11h2v2H4v-2zm16 0H8v2h12v-2zM4 16h2v2H4v-2zm16 0H8v2h12v-2z\" fill=\"currentColor\"><\/path><\/svg><svg style=\"fill: #999;color:#999\" class=\"arrow-unsorted-368013\" xmlns=\"http:\/\/www.w3.org\/2000\/svg\" width=\"10px\" height=\"10px\" viewBox=\"0 0 24 24\" version=\"1.2\" baseProfile=\"tiny\"><path d=\"M18.2 9.3l-6.2-6.3-6.2 6.3c-.2.2-.3.4-.3.7s.1.5.3.7c.2.2.4.3.7.3h11c.3 0 .5-.1.7-.3.2-.2.3-.5.3-.7s-.1-.5-.3-.7zM5.8 14.7l6.2 6.3 6.2-6.3c.2-.2.3-.5.3-.7s-.1-.5-.3-.7c-.2-.2-.4-.3-.7-.3h-11c-.3 0-.5.1-.7.3-.2.2-.3.5-.3.7s.1.5.3.7z\"\/><\/svg><\/span><\/span><\/span><\/a><\/span><\/div>\n<nav><ul class='ez-toc-list ez-toc-list-level-1 ' ><li class='ez-toc-page-1 ez-toc-heading-level-2'><a class=\"ez-toc-link ez-toc-heading-1\" href=\"https:\/\/unox.com.tr\/es\/4-20ma-actuador-electrico-proporcional\/#%C2%BFQue_es_el_actuador_electrico_proporcional\" >\u00bfQu\u00e9 es el actuador el\u00e9ctrico proporcional?<\/a><\/li><li class='ez-toc-page-1 ez-toc-heading-level-2'><a class=\"ez-toc-link ez-toc-heading-2\" href=\"https:\/\/unox.com.tr\/es\/4-20ma-actuador-electrico-proporcional\/#Estructura_General\" >Estructura General<\/a><\/li><li class='ez-toc-page-1 ez-toc-heading-level-2'><a class=\"ez-toc-link ez-toc-heading-3\" href=\"https:\/\/unox.com.tr\/es\/4-20ma-actuador-electrico-proporcional\/#Ajuste_de_Par\" >Ajuste de Par<\/a><\/li><li class='ez-toc-page-1 ez-toc-heading-level-2'><a class=\"ez-toc-link ez-toc-heading-4\" href=\"https:\/\/unox.com.tr\/es\/4-20ma-actuador-electrico-proporcional\/#Caracteristicas_del_Producto\" >Caracter\u00edsticas del Producto<\/a><\/li><\/ul><\/nav><\/div>\n<h2><span class=\"ez-toc-section\" id=\"%C2%BFQue_es_el_actuador_electrico_proporcional\"><\/span><span style=\"font-size: 22px;\">\u00bfQu\u00e9 es el actuador el\u00e9ctrico proporcional?<\/span><span class=\"ez-toc-section-end\"><\/span><\/h2>\n<p>Un actuador el\u00e9ctrico proporcional es un tipo de dispositivo que convierte una se\u00f1al el\u00e9ctrica en movimiento mec\u00e1nico. Normalmente se utiliza para controlar la posici\u00f3n, la velocidad o la fuerza de un sistema mec\u00e1nico como una v\u00e1lvula, un motor o un robot.<\/p>\n<p>Los actuadores el\u00e9ctricos proporcionales a menudo se usan en aplicaciones donde se requiere un control preciso, como la fabricaci\u00f3n, el control de procesos y los sistemas automotrices. \u00c7ok \u00e7e\u015fitli hareket ve kuvvetleri kontrol etmek i\u00e7in kullan\u0131labilirler ve genellikle giri\u015f sinyali ile \u00e7\u0131k\u0131\u015f hareketi aras\u0131nda do\u011frudan bir ili\u015fkinin oldu\u011fu durumlarda kullan\u0131l\u0131rlar.<\/p>\n<p>Los actuadores el\u00e9ctricos proporcionales se pueden clasificar seg\u00fan el tipo de se\u00f1al el\u00e9ctrica que utilizan para controlar el movimiento del actuador. Algunos tipos comunes de actuadores el\u00e9ctricos proporcionales incluyen:<\/p>\n<ul>\n<li>Actuadores de motor de CC que utilizan un motor de CC para proporcionar movimiento mec\u00e1nico<\/li>\n<li>Actuadores de motor paso a paso que usan motores paso a paso para proporcionar movimientos incrementales precisos<\/li>\n<li>Actuadores lineales que utilizan motores lineales o husillos de bolas para proporcionar movimiento lineal<\/li>\n<li>Actuadores neum\u00e1ticos que utilizan aire comprimido para proporcionar movimiento mec\u00e1nico<\/li>\n<\/ul>\n<p>Los actuadores el\u00e9ctricos proporcionales suelen estar controlados por un controlador electr\u00f3nico que toma una se\u00f1al de entrada y la convierte en una se\u00f1al el\u00e9ctrica adecuada para controlar el actuador. El controlador tambi\u00e9n puede incluir caracter\u00edsticas adicionales como control de retroalimentaci\u00f3n, enclavamientos y diagn\u00f3sticos.<\/p>\n<p>Sus \u00e1reas de aplicaci\u00f3n se pueden aplicar a tipos de v\u00e1lvulas, incluidas v\u00e1lvulas de bola, v\u00e1lvulas de mariposa y todos los movimientos giratorios.<\/p>\n<h2><span class=\"ez-toc-section\" id=\"Estructura_General\"><\/span><span style=\"font-size: 22px;\">Estructura General<\/span><span class=\"ez-toc-section-end\"><\/span><\/h2>\n<p>Actuadores el\u00e9ctricos; Consta de motor trif\u00e1sico, regulador de velocidad, control de par, indicador de apertura de control de carrera, interruptores el\u00e9ctricos manuales, reductor manual y partes el\u00e9ctricas.<\/p>\n<h2><span class=\"ez-toc-section\" id=\"Ajuste_de_Par\"><\/span><span style=\"font-size: 22px;\">Ajuste de Par<\/span><span class=\"ez-toc-section-end\"><\/span><\/h2>\n<p>El actuador contiene un mecanismo de torsi\u00f3n ajustable mec\u00e1nicamente. Los ajustes de control de par necesarios se han realizado en f\u00e1brica. Sin embargo, si a\u00fan se necesita un ajuste, se puede hacer mec\u00e1nicamente.<\/p>\n<h2><span class=\"ez-toc-section\" id=\"Caracteristicas_del_Producto\"><\/span><span style=\"font-size: 22px;\">Caracter\u00edsticas del Producto<\/span><span class=\"ez-toc-section-end\"><\/span><\/h2>\n<ul>\n<li><strong>Cuerpo:<\/strong>Aluminio<\/li>\n<li><strong>Clase de Protecci\u00f3n:<\/strong> IP 67 &#8211; IP 68<\/li>\n<li><strong>Temperatura de funcionamiento :<\/strong>-10 +80\u00b0C<\/li>\n<li><strong>Conexi\u00f3n:<\/strong> ISO 5211<\/li>\n<li><strong>Conexi\u00f3n El\u00e9ctrica :<\/strong> 1\/2&#8243; A Prueba de Agua<\/li>\n<\/ul>\n<p>Nuestras gamas de actuadores el\u00e9ctricos UNOX; V\u00e1lvula de mariposa accionada, v\u00e1lvula de bola accionada y v\u00e1lvula de accionamiento el\u00e9ctrico lineal, miniv\u00e1lvulas de bola accionadas el\u00e9ctricamente.<\/p>\n","protected":false},"excerpt":{"rendered":"<p><a href=\"https:\/\/unox.com.tr\/wp-content\/uploads\/2023\/01\/4-20mA-Oransal-Elektrikli-Aktuator.pdf\" target=\"_blank\" rel=\"noopener\"><button style=\"background-color: #11224b; color: #ffffff; padding: 10px 15px; font-family: montserrat; font-weight: bold; font-size: 19px; border-radius: 10px;\"><img decoding=\"async\" style=\"width: 25px; height: 25px;\" src=\"https:\/\/unox.com.tr\/wp-content\/uploads\/2023\/02\/pdf-1.png\">CAT\u00c1LOGO DE PRODUCTO<\/button><\/a><\/p>\n<p><button style=\"background-color: #11224b; margin-top: 5px; color: white; padding: 0px 15px; width: 150px; height: 55px; border-radius: 10px; border: none; cursor: pointer;\"><br \/>\n<img decoding=\"async\" style=\"width: 120px; height: 30px;\" src=\"https:\/\/unox.com.tr\/wp-content\/uploads\/2023\/02\/4-1.svg\"><\/button><\/p>\n","protected":false},"featured_media":28619,"comment_status":"open","ping_status":"closed","template":"","meta":{"_joinchat":[]},"product_brand":[],"product_cat":[1551,473],"product_tag":[],"class_list":{"0":"post-36458","1":"product","2":"type-product","3":"status-publish","4":"has-post-thumbnail","6":"product_cat-actuadores","7":"product_cat-actuadores-electricos","9":"first","10":"instock","11":"shipping-taxable","12":"product-type-simple"},"_links":{"self":[{"href":"https:\/\/unox.com.tr\/es\/wp-json\/wp\/v2\/product\/36458","targetHints":{"allow":["GET"]}}],"collection":[{"href":"https:\/\/unox.com.tr\/es\/wp-json\/wp\/v2\/product"}],"about":[{"href":"https:\/\/unox.com.tr\/es\/wp-json\/wp\/v2\/types\/product"}],"replies":[{"embeddable":true,"href":"https:\/\/unox.com.tr\/es\/wp-json\/wp\/v2\/comments?post=36458"}],"version-history":[{"count":0,"href":"https:\/\/unox.com.tr\/es\/wp-json\/wp\/v2\/product\/36458\/revisions"}],"wp:featuredmedia":[{"embeddable":true,"href":"https:\/\/unox.com.tr\/es\/wp-json\/wp\/v2\/media\/28619"}],"wp:attachment":[{"href":"https:\/\/unox.com.tr\/es\/wp-json\/wp\/v2\/media?parent=36458"}],"wp:term":[{"taxonomy":"product_brand","embeddable":true,"href":"https:\/\/unox.com.tr\/es\/wp-json\/wp\/v2\/product_brand?post=36458"},{"taxonomy":"product_cat","embeddable":true,"href":"https:\/\/unox.com.tr\/es\/wp-json\/wp\/v2\/product_cat?post=36458"},{"taxonomy":"product_tag","embeddable":true,"href":"https:\/\/unox.com.tr\/es\/wp-json\/wp\/v2\/product_tag?post=36458"}],"curies":[{"name":"wp","href":"https:\/\/api.w.org\/{rel}","templated":true}]}}