{"id":36461,"date":"2020-09-17T06:10:12","date_gmt":"2020-09-17T06:10:12","guid":{"rendered":"https:\/\/www.unox.com.tr\/urun\/actuador-electrico-rotativo\/"},"modified":"2023-03-02T10:22:10","modified_gmt":"2023-03-02T07:22:10","slug":"actuador-rotativo-electrico","status":"publish","type":"product","link":"https:\/\/unox.com.tr\/es\/actuador-rotativo-electrico\/","title":{"rendered":"Actuador El\u00e9ctrico Rotativo"},"content":{"rendered":"<div id=\"ez-toc-container\" class=\"ez-toc-v2_0_82_2 counter-hierarchy ez-toc-counter ez-toc-grey ez-toc-container-direction\">\n<div class=\"ez-toc-title-container\">\n<p class=\"ez-toc-title\" style=\"cursor:inherit\">Sayfa \u0130\u00e7eri\u011fi<\/p>\n<span class=\"ez-toc-title-toggle\"><a href=\"#\" class=\"ez-toc-pull-right ez-toc-btn ez-toc-btn-xs ez-toc-btn-default ez-toc-toggle\" aria-label=\"Alternar tabla de contenidos\"><span class=\"ez-toc-js-icon-con\"><span class=\"\"><span class=\"eztoc-hide\" style=\"display:none;\">Toggle<\/span><span class=\"ez-toc-icon-toggle-span\"><svg style=\"fill: #999;color:#999\" xmlns=\"http:\/\/www.w3.org\/2000\/svg\" class=\"list-377408\" width=\"20px\" height=\"20px\" viewBox=\"0 0 24 24\" fill=\"none\"><path d=\"M6 6H4v2h2V6zm14 0H8v2h12V6zM4 11h2v2H4v-2zm16 0H8v2h12v-2zM4 16h2v2H4v-2zm16 0H8v2h12v-2z\" fill=\"currentColor\"><\/path><\/svg><svg style=\"fill: #999;color:#999\" class=\"arrow-unsorted-368013\" xmlns=\"http:\/\/www.w3.org\/2000\/svg\" width=\"10px\" height=\"10px\" viewBox=\"0 0 24 24\" version=\"1.2\" baseProfile=\"tiny\"><path d=\"M18.2 9.3l-6.2-6.3-6.2 6.3c-.2.2-.3.4-.3.7s.1.5.3.7c.2.2.4.3.7.3h11c.3 0 .5-.1.7-.3.2-.2.3-.5.3-.7s-.1-.5-.3-.7zM5.8 14.7l6.2 6.3 6.2-6.3c.2-.2.3-.5.3-.7s-.1-.5-.3-.7c-.2-.2-.4-.3-.7-.3h-11c-.3 0-.5.1-.7.3-.2.2-.3.5-.3.7s.1.5.3.7z\"\/><\/svg><\/span><\/span><\/span><\/a><\/span><\/div>\n<nav><ul class='ez-toc-list ez-toc-list-level-1 ' ><li class='ez-toc-page-1 ez-toc-heading-level-2'><a class=\"ez-toc-link ez-toc-heading-1\" href=\"https:\/\/unox.com.tr\/es\/actuador-rotativo-electrico\/#%C2%BFQue_es_el_actuador_electrico_rotativo\" >\u00bfQu\u00e9 es el actuador el\u00e9ctrico rotativo?<\/a><\/li><li class='ez-toc-page-1 ez-toc-heading-level-2'><a class=\"ez-toc-link ez-toc-heading-2\" href=\"https:\/\/unox.com.tr\/es\/actuador-rotativo-electrico\/#%C2%BFDonde_se_usa_el_actuador_electrico_rotativo\" >\u00bfD\u00f3nde se usa el actuador el\u00e9ctrico rotativo?<\/a><\/li><li class='ez-toc-page-1 ez-toc-heading-level-2'><a class=\"ez-toc-link ez-toc-heading-3\" href=\"https:\/\/unox.com.tr\/es\/actuador-rotativo-electrico\/#Estructura_General\" >Estructura General<\/a><\/li><li class='ez-toc-page-1 ez-toc-heading-level-2'><a class=\"ez-toc-link ez-toc-heading-4\" href=\"https:\/\/unox.com.tr\/es\/actuador-rotativo-electrico\/#Ajuste_de_Par\" >Ajuste de Par<\/a><\/li><li class='ez-toc-page-1 ez-toc-heading-level-2'><a class=\"ez-toc-link ez-toc-heading-5\" href=\"https:\/\/unox.com.tr\/es\/actuador-rotativo-electrico\/#Caracteristicas_del_Producto\" >Caracter\u00edsticas del Producto<\/a><\/li><\/ul><\/nav><\/div>\n<h2><span class=\"ez-toc-section\" id=\"%C2%BFQue_es_el_actuador_electrico_rotativo\"><\/span><span style=\"font-size: 22px;\">\u00bfQu\u00e9 es el actuador el\u00e9ctrico rotativo?<\/span><span class=\"ez-toc-section-end\"><\/span><\/h2>\n<p>Rotary es un tipo de dispositivo que utiliza un motor el\u00e9ctrico para controlar el actuador el\u00e9ctrico, un eje u otro componente mec\u00e1nico de manera controlada. Por lo general, se clasifican por tipos de accionamiento, que pueden ser lineales o rotativos. Los actuadores el\u00e9ctricos lineales usan un motor lineal para impulsar un pist\u00f3n u otro componente lineal, mientras que los actuadores el\u00e9ctricos rotativos usan un motor rotatorio para girar un eje u otro componente rotatorio.<\/p>\n<p>El rotativo tambi\u00e9n se puede clasificar de acuerdo con sus dise\u00f1os, como actuadores el\u00e9ctricos, actuadores de tornillos de bola, actuadores impulsados \u200b\u200bpor las correas y actuadores impulsados \u200b\u200bpor la unidad de engranajes. Tambi\u00e9n se pueden clasificar por su fuente de alimentaci\u00f3n, como motores de CA o CC, o por m\u00e9todos de control, como control de bucle abierto o de bucle cerrado.<\/p>\n<h2><span class=\"ez-toc-section\" id=\"%C2%BFDonde_se_usa_el_actuador_electrico_rotativo\"><\/span><span style=\"font-size: 22px;\">\u00bfD\u00f3nde se usa el actuador el\u00e9ctrico rotativo?<\/span><span class=\"ez-toc-section-end\"><\/span><\/h2>\n<p>Es ampliamente utilizado en una variedad de aplicaciones que incluyen automatizaci\u00f3n, manejo de materiales y control de procesos debido a su capacidad para proporcionar un control de movimiento preciso y repetible. Adem\u00e1s, a menudo se prefieren a los actuadores hidr\u00e1ulicos o neum\u00e1ticos porque son m\u00e1s eficientes energ\u00e9ticamente y requieren menos mantenimiento. A menudo se usa para controlar el movimiento de v\u00e1lvulas, compuertas, aletas y otros componentes mec\u00e1nicos en diversas industrias, incluidas la fabricaci\u00f3n, la automotriz, la aeroespacial y m\u00e1s.<\/p>\n<h2><span class=\"ez-toc-section\" id=\"Estructura_General\"><\/span><span style=\"font-size: 22px;\">Estructura General<\/span><span class=\"ez-toc-section-end\"><\/span><\/h2>\n<p>Actuadores el\u00e9ctricos; Consta de motor trif\u00e1sico, regulador de velocidad, control de par, indicador de apertura de control de carrera, interruptores el\u00e9ctricos manuales, reductor manual y partes el\u00e9ctricas. Hay dos tipos, 24 V CC, 220 V CA.<\/p>\n<h2><span class=\"ez-toc-section\" id=\"Ajuste_de_Par\"><\/span><span style=\"font-size: 22px;\">Ajuste de Par<\/span><span class=\"ez-toc-section-end\"><\/span><\/h2>\n<p>El actuador contiene un mecanismo de torsi\u00f3n ajustable mec\u00e1nicamente. Los ajustes de control de par necesarios se han realizado en f\u00e1brica. Sin embargo, si a\u00fan se necesita un ajuste, se puede hacer mec\u00e1nicamente.<\/p>\n<h2><span class=\"ez-toc-section\" id=\"Caracteristicas_del_Producto\"><\/span><span style=\"font-size: 22px;\">Caracter\u00edsticas del Producto<\/span><span class=\"ez-toc-section-end\"><\/span><\/h2>\n<ul>\n<li><strong>Cuerpo:<\/strong> Aluminio<\/li>\n<li><strong>Clase de protecci\u00f3n:<\/strong> IP 67<\/li>\n<li><strong>Temperatura de funcionamiento:<\/strong> -10 \/ +80\u00b0C<\/li>\n<li><strong>Conexi\u00f3n:<\/strong> ISO 5211<\/li>\n<li><strong>Conexi\u00f3n El\u00e9ctrica:<\/strong> 1\/2&#8243; A Prueba de Agua<\/li>\n<\/ul>\n<p>Nuestras gamas de actuadores el\u00e9ctricos UNOX; V\u00e1lvula de mariposa accionada, v\u00e1lvula de bola accionada y v\u00e1lvula de accionamiento el\u00e9ctrico lineal, miniv\u00e1lvulas de bola accionadas el\u00e9ctricamente.<\/p>\n","protected":false},"excerpt":{"rendered":"<p><a href=\"https:\/\/unox.com.tr\/wp-content\/uploads\/2023\/01\/ROTARY-ELEKTRIKLI-AKTUATOR-.pdf\" target=\"_blank\" rel=\"noopener\"><button style=\"background-color: #11224b; color: #ffffff; padding: 10px 15px; font-family: montserrat; font-weight: bold; font-size: 19px; border-radius: 10px;\"><img decoding=\"async\" style=\"width: 25px; height: 25px;\" src=\"https:\/\/unox.com.tr\/wp-content\/uploads\/2023\/02\/pdf-1.png\">CAT\u00c1LOGO DE PRODUCTO<\/button><\/a><\/p>\n<p><button style=\"background-color: #11224b; margin-top: 5px; color: white; padding: 0px 15px; width: 150px; height: 55px; border-radius: 10px; border: none; cursor: pointer;\"><br \/>\n<img decoding=\"async\" style=\"width: 120px; height: 30px;\" src=\"https:\/\/unox.com.tr\/wp-content\/uploads\/2023\/02\/4-1.svg\"><\/button><\/p>\n","protected":false},"featured_media":69448,"comment_status":"closed","ping_status":"closed","template":"","meta":{"_joinchat":[]},"product_brand":[],"product_cat":[473,1551],"product_tag":[],"class_list":{"0":"post-36461","1":"product","2":"type-product","3":"status-publish","4":"has-post-thumbnail","6":"product_cat-actuadores-electricos","7":"product_cat-actuadores","9":"first","10":"instock","11":"shipping-taxable","12":"product-type-simple"},"_links":{"self":[{"href":"https:\/\/unox.com.tr\/es\/wp-json\/wp\/v2\/product\/36461","targetHints":{"allow":["GET"]}}],"collection":[{"href":"https:\/\/unox.com.tr\/es\/wp-json\/wp\/v2\/product"}],"about":[{"href":"https:\/\/unox.com.tr\/es\/wp-json\/wp\/v2\/types\/product"}],"replies":[{"embeddable":true,"href":"https:\/\/unox.com.tr\/es\/wp-json\/wp\/v2\/comments?post=36461"}],"version-history":[{"count":0,"href":"https:\/\/unox.com.tr\/es\/wp-json\/wp\/v2\/product\/36461\/revisions"}],"wp:featuredmedia":[{"embeddable":true,"href":"https:\/\/unox.com.tr\/es\/wp-json\/wp\/v2\/media\/69448"}],"wp:attachment":[{"href":"https:\/\/unox.com.tr\/es\/wp-json\/wp\/v2\/media?parent=36461"}],"wp:term":[{"taxonomy":"product_brand","embeddable":true,"href":"https:\/\/unox.com.tr\/es\/wp-json\/wp\/v2\/product_brand?post=36461"},{"taxonomy":"product_cat","embeddable":true,"href":"https:\/\/unox.com.tr\/es\/wp-json\/wp\/v2\/product_cat?post=36461"},{"taxonomy":"product_tag","embeddable":true,"href":"https:\/\/unox.com.tr\/es\/wp-json\/wp\/v2\/product_tag?post=36461"}],"curies":[{"name":"wp","href":"https:\/\/api.w.org\/{rel}","templated":true}]}}