{"id":36466,"date":"2022-11-16T06:26:48","date_gmt":"2022-11-16T06:26:48","guid":{"rendered":"https:\/\/www.unox.com.tr\/urun\/b12hn-60-300-bar-prosestat\/"},"modified":"2023-02-27T14:21:37","modified_gmt":"2023-02-27T11:21:37","slug":"b12hn-60-300-bar-prosestat","status":"publish","type":"product","link":"https:\/\/unox.com.tr\/es\/b12hn-60-300-bar-prosestat\/","title":{"rendered":"Presostato B12HN 60-300 Bares"},"content":{"rendered":"<div id=\"ez-toc-container\" class=\"ez-toc-v2_0_82_2 counter-hierarchy ez-toc-counter ez-toc-grey ez-toc-container-direction\">\n<div class=\"ez-toc-title-container\">\n<p class=\"ez-toc-title\" style=\"cursor:inherit\">Sayfa \u0130\u00e7eri\u011fi<\/p>\n<span class=\"ez-toc-title-toggle\"><a href=\"#\" class=\"ez-toc-pull-right ez-toc-btn ez-toc-btn-xs ez-toc-btn-default ez-toc-toggle\" aria-label=\"Alternar tabla de contenidos\"><span class=\"ez-toc-js-icon-con\"><span class=\"\"><span class=\"eztoc-hide\" style=\"display:none;\">Toggle<\/span><span class=\"ez-toc-icon-toggle-span\"><svg style=\"fill: #999;color:#999\" xmlns=\"http:\/\/www.w3.org\/2000\/svg\" class=\"list-377408\" width=\"20px\" height=\"20px\" viewBox=\"0 0 24 24\" fill=\"none\"><path d=\"M6 6H4v2h2V6zm14 0H8v2h12V6zM4 11h2v2H4v-2zm16 0H8v2h12v-2zM4 16h2v2H4v-2zm16 0H8v2h12v-2z\" fill=\"currentColor\"><\/path><\/svg><svg style=\"fill: #999;color:#999\" class=\"arrow-unsorted-368013\" xmlns=\"http:\/\/www.w3.org\/2000\/svg\" width=\"10px\" height=\"10px\" viewBox=\"0 0 24 24\" version=\"1.2\" baseProfile=\"tiny\"><path d=\"M18.2 9.3l-6.2-6.3-6.2 6.3c-.2.2-.3.4-.3.7s.1.5.3.7c.2.2.4.3.7.3h11c.3 0 .5-.1.7-.3.2-.2.3-.5.3-.7s-.1-.5-.3-.7zM5.8 14.7l6.2 6.3 6.2-6.3c.2-.2.3-.5.3-.7s-.1-.5-.3-.7c-.2-.2-.4-.3-.7-.3h-11c-.3 0-.5.1-.7.3-.2.2-.3.5-.3.7s.1.5.3.7z\"\/><\/svg><\/span><\/span><\/span><\/a><\/span><\/div>\n<nav><ul class='ez-toc-list ez-toc-list-level-1 ' ><li class='ez-toc-page-1 ez-toc-heading-level-2'><a class=\"ez-toc-link ez-toc-heading-1\" href=\"https:\/\/unox.com.tr\/es\/b12hn-60-300-bar-prosestat\/#%C2%BFQue_es_Presostato\" >\u00bfQu\u00e9 es Presostato?<\/a><\/li><li class='ez-toc-page-1 ez-toc-heading-level-2'><a class=\"ez-toc-link ez-toc-heading-2\" href=\"https:\/\/unox.com.tr\/es\/b12hn-60-300-bar-prosestat\/#Caracteristicas_generales\" >Caracter\u00edsticas generales<\/a><\/li><li class='ez-toc-page-1 ez-toc-heading-level-2'><a class=\"ez-toc-link ez-toc-heading-3\" href=\"https:\/\/unox.com.tr\/es\/b12hn-60-300-bar-prosestat\/#Caracteristicas_electricas\" >Caracter\u00edsticas electricas<\/a><ul class='ez-toc-list-level-3' ><li class='ez-toc-heading-level-3'><a class=\"ez-toc-link ez-toc-heading-4\" href=\"https:\/\/unox.com.tr\/es\/b12hn-60-300-bar-prosestat\/#Accesorios\" >Accesorios<\/a><\/li><\/ul><\/li><\/ul><\/nav><\/div>\n<h2><span class=\"ez-toc-section\" id=\"%C2%BFQue_es_Presostato\"><\/span><span style=\"font-size: 22px;\">\u00bfQu\u00e9 es Presostato?<\/span><span class=\"ez-toc-section-end\"><\/span><\/h2>\n<p>Los presostatos son presostatos utilizados para fluidos y gases inertes. Compresores, autoclaves, circuitos de lubricaci\u00f3n, calderas de vapor, sistemas de riego, etc. adecuado para el control. <\/p>\n<h2><span class=\"ez-toc-section\" id=\"Caracteristicas_generales\"><\/span><span style=\"font-size: 22px;\">Caracter\u00edsticas generales<\/span><span class=\"ez-toc-section-end\"><\/span><\/h2>\n<ul>\n<li>Elemento de precisi\u00f3n con membrana de acero inoxidable, soldado con l\u00e1ser.<\/li>\n<li>Marco met\u00e1lico.<\/li>\n<li>Cubra el material termopl\u00e1stico resistente a los impactos.<\/li>\n<li>Conexiones de salida prensaestopas de PVC.<\/li>\n<li>Conexi\u00f3n hembra G 1\/4 (llave de 17 mm).<\/li>\n<li>Temperatura m\u00e1xima del l\u00edquido controlado: 120\u00b0C.<\/li>\n<li>Temperatura aceptable del cuerpo del presostato: -35 \u00f7 60 \u00b0C.<\/li>\n<li>Temperatura de almacenamiento y transporte: -35 \u00f7 60 \u00b0C.<\/li>\n<li>Peso unitario: 0,44 Kg<\/li>\n<\/ul>\n<h2><span class=\"ez-toc-section\" id=\"Caracteristicas_electricas\"><\/span><span style=\"font-size: 22px;\">Caracter\u00edsticas electricas<\/span><span class=\"ez-toc-section-end\"><\/span><\/h2>\n<ul>\n<li>Tensi\u00f3n nominal de aislamiento Ui 415V ~<\/li>\n<li>Corriente nominal de trabajo continuo Ith 16A<\/li>\n<\/ul>\n<h3><span class=\"ez-toc-section\" id=\"Accesorios\"><\/span><span style=\"font-size: 20px;\">Accesorios<\/span><span class=\"ez-toc-section-end\"><\/span><\/h3>\n<ul>\n<li>Prensaestopas G1\/2 en material termopl\u00e1stico autoextinguible resistente a impactos V0, c\u00f3digo: 303298LA<\/li>\n<li>Caja de protecci\u00f3n IP44 IP44, c\u00f3digo: 2593367<\/li>\n<\/ul>\n","protected":false},"excerpt":{"rendered":"<p><a href=\"https:\/\/unox.com.tr\/wp-content\/uploads\/2022\/07\/copia2_b12fn-b12gn-b12hn-2.pdf\" target=\"_blank\" rel=\"noopener\"><button style=\"background-color: #11224b; color: #ffffff; padding: 10px 15px; font-family: montserrat; font-weight: bold; font-size: 19px; border-radius: 10px;\"><img decoding=\"async\" style=\"width: 25px; height: 25px;\" src=\"https:\/\/unox.com.tr\/wp-content\/uploads\/2023\/02\/pdf-1.png\">CAT\u00c1LOGO DE PRODUCTO<\/button><\/a><\/p>\n<p><button style=\"background-color: #11224b; margin-top: 5px; color: white; padding: 0px 15px; width: 150px; height: 55px; border-radius: 10px; border: none; cursor: pointer;\"><br \/>\n<img decoding=\"async\" style=\"width: 120px; height: 30px;\" src=\"https:\/\/unox.com.tr\/wp-content\/uploads\/2023\/02\/4-1.svg\"><\/button><\/p>\n","protected":false},"featured_media":51030,"comment_status":"open","ping_status":"closed","template":"","meta":{"_joinchat":[]},"product_brand":[],"product_cat":[1557],"product_tag":[],"class_list":{"0":"post-36466","1":"product","2":"type-product","3":"status-publish","4":"has-post-thumbnail","6":"product_cat-fantini-cosmi-es","8":"first","9":"instock","10":"shipping-taxable","11":"product-type-simple"},"_links":{"self":[{"href":"https:\/\/unox.com.tr\/es\/wp-json\/wp\/v2\/product\/36466","targetHints":{"allow":["GET"]}}],"collection":[{"href":"https:\/\/unox.com.tr\/es\/wp-json\/wp\/v2\/product"}],"about":[{"href":"https:\/\/unox.com.tr\/es\/wp-json\/wp\/v2\/types\/product"}],"replies":[{"embeddable":true,"href":"https:\/\/unox.com.tr\/es\/wp-json\/wp\/v2\/comments?post=36466"}],"version-history":[{"count":0,"href":"https:\/\/unox.com.tr\/es\/wp-json\/wp\/v2\/product\/36466\/revisions"}],"wp:featuredmedia":[{"embeddable":true,"href":"https:\/\/unox.com.tr\/es\/wp-json\/wp\/v2\/media\/51030"}],"wp:attachment":[{"href":"https:\/\/unox.com.tr\/es\/wp-json\/wp\/v2\/media?parent=36466"}],"wp:term":[{"taxonomy":"product_brand","embeddable":true,"href":"https:\/\/unox.com.tr\/es\/wp-json\/wp\/v2\/product_brand?post=36466"},{"taxonomy":"product_cat","embeddable":true,"href":"https:\/\/unox.com.tr\/es\/wp-json\/wp\/v2\/product_cat?post=36466"},{"taxonomy":"product_tag","embeddable":true,"href":"https:\/\/unox.com.tr\/es\/wp-json\/wp\/v2\/product_tag?post=36466"}],"curies":[{"name":"wp","href":"https:\/\/api.w.org\/{rel}","templated":true}]}}