{"id":36467,"date":"2022-11-02T05:25:13","date_gmt":"2022-11-02T05:25:13","guid":{"rendered":"https:\/\/www.unox.com.tr\/urun\/electrovalvula-de-servicio-de-paso-total-normalmente-cerrada-tgm\/"},"modified":"2023-02-27T14:30:01","modified_gmt":"2023-02-27T11:30:01","slug":"electrovalvula-de-proposito-general-de-paso-completo-cerrada","status":"publish","type":"product","link":"https:\/\/unox.com.tr\/es\/electrovalvula-de-proposito-general-de-paso-completo-cerrada\/","title":{"rendered":"V\u00e1lvula Solenoide de Prop\u00f3sito General de Paso Total &#8211; Normalmente Cerrada &#8211; TGM"},"content":{"rendered":"<div>\n<div id=\"ez-toc-container\" class=\"ez-toc-v2_0_82_2 counter-hierarchy ez-toc-counter ez-toc-grey ez-toc-container-direction\">\n<div class=\"ez-toc-title-container\">\n<p class=\"ez-toc-title\" style=\"cursor:inherit\">Sayfa \u0130\u00e7eri\u011fi<\/p>\n<span class=\"ez-toc-title-toggle\"><a href=\"#\" class=\"ez-toc-pull-right ez-toc-btn ez-toc-btn-xs ez-toc-btn-default ez-toc-toggle\" aria-label=\"Alternar tabla de contenidos\"><span class=\"ez-toc-js-icon-con\"><span class=\"\"><span class=\"eztoc-hide\" style=\"display:none;\">Toggle<\/span><span class=\"ez-toc-icon-toggle-span\"><svg style=\"fill: #999;color:#999\" xmlns=\"http:\/\/www.w3.org\/2000\/svg\" class=\"list-377408\" width=\"20px\" height=\"20px\" viewBox=\"0 0 24 24\" fill=\"none\"><path d=\"M6 6H4v2h2V6zm14 0H8v2h12V6zM4 11h2v2H4v-2zm16 0H8v2h12v-2zM4 16h2v2H4v-2zm16 0H8v2h12v-2z\" fill=\"currentColor\"><\/path><\/svg><svg style=\"fill: #999;color:#999\" class=\"arrow-unsorted-368013\" xmlns=\"http:\/\/www.w3.org\/2000\/svg\" width=\"10px\" height=\"10px\" viewBox=\"0 0 24 24\" version=\"1.2\" baseProfile=\"tiny\"><path d=\"M18.2 9.3l-6.2-6.3-6.2 6.3c-.2.2-.3.4-.3.7s.1.5.3.7c.2.2.4.3.7.3h11c.3 0 .5-.1.7-.3.2-.2.3-.5.3-.7s-.1-.5-.3-.7zM5.8 14.7l6.2 6.3 6.2-6.3c.2-.2.3-.5.3-.7s-.1-.5-.3-.7c-.2-.2-.4-.3-.7-.3h-11c-.3 0-.5.1-.7.3-.2.2-.3.5-.3.7s.1.5.3.7z\"\/><\/svg><\/span><\/span><\/span><\/a><\/span><\/div>\n<nav><ul class='ez-toc-list ez-toc-list-level-1 ' ><li class='ez-toc-page-1 ez-toc-heading-level-2'><a class=\"ez-toc-link ez-toc-heading-1\" href=\"https:\/\/unox.com.tr\/es\/electrovalvula-de-proposito-general-de-paso-completo-cerrada\/#%C2%BFQue_es_la_valvula_solenoide_de_proposito_general_de_paso_total\" >\u00bfQu\u00e9 es la v\u00e1lvula solenoide de prop\u00f3sito general de paso total?<\/a><\/li><li class='ez-toc-page-1 ez-toc-heading-level-2'><a class=\"ez-toc-link ez-toc-heading-2\" href=\"https:\/\/unox.com.tr\/es\/electrovalvula-de-proposito-general-de-paso-completo-cerrada\/#%C2%BFDonde_se_usa_la_valvula_solenoide_de_proposito_general_de_paso_total\" >\u00bfD\u00f3nde se usa la v\u00e1lvula solenoide de prop\u00f3sito general de paso total?<\/a><\/li><li class='ez-toc-page-1 ez-toc-heading-level-2'><a class=\"ez-toc-link ez-toc-heading-3\" href=\"https:\/\/unox.com.tr\/es\/electrovalvula-de-proposito-general-de-paso-completo-cerrada\/#Sistema_de_operacion_normalmente_cerrado\" >Sistema de operaci\u00f3n normalmente cerrado<\/a><\/li><li class='ez-toc-page-1 ez-toc-heading-level-2'><a class=\"ez-toc-link ez-toc-heading-4\" href=\"https:\/\/unox.com.tr\/es\/electrovalvula-de-proposito-general-de-paso-completo-cerrada\/#Caracteristicas_generales\" >Caracter\u00edsticas generales<\/a><ul class='ez-toc-list-level-3' ><li class='ez-toc-heading-level-3'><a class=\"ez-toc-link ez-toc-heading-5\" href=\"https:\/\/unox.com.tr\/es\/electrovalvula-de-proposito-general-de-paso-completo-cerrada\/#Sugerencias\" >Sugerencias<\/a><\/li><\/ul><\/li><li class='ez-toc-page-1 ez-toc-heading-level-2'><a class=\"ez-toc-link ez-toc-heading-6\" href=\"https:\/\/unox.com.tr\/es\/electrovalvula-de-proposito-general-de-paso-completo-cerrada\/#Cosas_a_considerar_al_elegir_una_valvula_solenoide\" >Cosas a considerar al elegir una v\u00e1lvula solenoide:<\/a><\/li><\/ul><\/nav><\/div>\n<h2><span class=\"ez-toc-section\" id=\"%C2%BFQue_es_la_valvula_solenoide_de_proposito_general_de_paso_total\"><\/span><span style=\"font-size: 22px;\">\u00bfQu\u00e9 es la v\u00e1lvula solenoide de prop\u00f3sito general de paso total?<\/span><span class=\"ez-toc-section-end\"><\/span><\/h2>\n<p>La v\u00e1lvula solenoide de uso general de paso total es una v\u00e1lvula electromagn\u00e9tica. El solenoide se enciende y se apaga moviendo una armadura alrededor de la bobina. Permite abrir y cerrar un canal mediante una v\u00e1lvula solenoide, una v\u00e1lvula piloto u otro sistema. La v\u00e1lvula solenoide de uso general de paso total suele ser de una construcci\u00f3n herm\u00e9tica al agua, al aire o al gas y se utiliza en muchas aplicaciones industriales diferentes. Las electrov\u00e1lvulas de uso general de paso total se utilizan especialmente en aplicaciones de caudal bajo y, gracias a la funci\u00f3n de paso total, todo el caudal puede pasar cuando la v\u00e1lvula est\u00e1 abierta.<\/p>\n<h2><span class=\"ez-toc-section\" id=\"%C2%BFDonde_se_usa_la_valvula_solenoide_de_proposito_general_de_paso_total\"><\/span><span style=\"font-size: 22px;\">\u00bfD\u00f3nde se usa la v\u00e1lvula solenoide de prop\u00f3sito general de paso total?<\/span><span class=\"ez-toc-section-end\"><\/span><\/h2>\n<p>Las v\u00e1lvulas de solenoide de uso general de paso total se utilizan en muchas aplicaciones industriales diferentes. Por ejemplo:<\/p>\n<ol>\n<li>Se utiliza para gestionar el flujo de aire en los sistemas de ventilaci\u00f3n y abre y cierra conductos de aire.<\/li>\n<li>Se utiliza para controlar el flujo de agua en sistemas de plomer\u00eda y abre y cierra canales de agua.<\/li>\n<li>En los sistemas de riego autom\u00e1tico, abre y cierra los canales de riego y as\u00ed automatiza el proceso de riego.<\/li>\n<li>Se utiliza para gestionar la transici\u00f3n del producto en las l\u00edneas de producci\u00f3n industrial y proporciona o previene la transici\u00f3n del producto.<\/li>\n<\/ol>\n<p>Las electrov\u00e1lvulas se fabrican en dos tipos normalmente cerradas (para abrir la v\u00e1lvula cerrada cuando la bobina recibe energ\u00eda) y normalmente abiertas (para cerrar la v\u00e1lvula abierta cuando recibe energ\u00eda de la bobina).<\/p>\n<div>\n<h2><span class=\"ez-toc-section\" id=\"Sistema_de_operacion_normalmente_cerrado\"><\/span><span style=\"font-size: 22px;\">Sistema de operaci\u00f3n normalmente cerrado<\/span><span class=\"ez-toc-section-end\"><\/span><\/h2>\n<p>La electrov\u00e1lvula normalmente cerrada permite inicialmente el paso del fluido. Para que la v\u00e1lvula se abra, la bobina se mueve con la corriente el\u00e9ctrica que llega a la bobina, tira del n\u00facleo hacia arriba y abre la boca del orificio del orificio, y as\u00ed, el fluido a alta presi\u00f3n avanza hacia la salida r\u00e1pidamente desde el orificio de derivaci\u00f3n. . Con este progreso, la presi\u00f3n en el interior cae muy r\u00e1pidamente y se produce una diferencia de presi\u00f3n en el interior. Debido a esta diferencia, el diafragma vence la fuerza del resorte y se eleva hacia arriba y se permite el paso del fluido, por lo que la v\u00e1lvula est\u00e1 en la posici\u00f3n abierta. Todo esto sucede en muy poco tiempo. Nuestro producto est\u00e1 dise\u00f1ado para obtener la mejor eficiencia.<\/p>\n<h2><span class=\"ez-toc-section\" id=\"Caracteristicas_generales\"><\/span><span style=\"font-size: 22px;\">Caracter\u00edsticas generales<\/span><span class=\"ez-toc-section-end\"><\/span><\/h2>\n<ul>\n<li><strong>Junta<\/strong>: PTFE \/ Vit\u00f3n<\/li>\n<li><strong>Manga<\/strong>: Lat\u00f3n<\/li>\n<li><strong>Cuerpo:<\/strong> Lat\u00f3n<\/li>\n<li><strong>N\u00facleo<\/strong>: Inoxidable<\/li>\n<li><strong>Temperatura<\/strong>: -10 \/ +90 \u00b0C<\/li>\n<li><strong>Bobina<\/strong>: Z\u00f3calo<\/li>\n<\/ul>\n<h3><span class=\"ez-toc-section\" id=\"Sugerencias\"><\/span><span style=\"font-size: 20px;\">Sugerencias<\/span><span class=\"ez-toc-section-end\"><\/span><\/h3>\n<p>Montar la electrov\u00e1lvula de forma que la bobina quede arriba. En la instalaci\u00f3n, como un filtro antes de la electrov\u00e1lvula, etc. utilizar filtros. Utilizamos material de junta y diafragma m\u00e1s duradero para altas temperaturas.<br \/>\nEspecifique su solicitud de diafragma y junta para alta temperatura en sus pedidos.<\/p>\n<h2><span class=\"ez-toc-section\" id=\"Cosas_a_considerar_al_elegir_una_valvula_solenoide\"><\/span><span style=\"font-size: 22px;\">Cosas a considerar al elegir una v\u00e1lvula solenoide:<\/span><span class=\"ez-toc-section-end\"><\/span><\/h2>\n<ul>\n<li>La bobina debe seleccionarse de acuerdo con el voltaje de operaci\u00f3n (AC-DC) que se utilizar\u00e1. Se debe prever protecci\u00f3n y aislamiento seg\u00fan el lugar donde se vaya a aplicar. (La electricidad se enciende cuando entra aire y se vuelve a apagar cuando se corta la electricidad)<\/li>\n<li>En la l\u00ednea o sistema que vayas a utilizar, el min. y m\u00e1x. Los valores de presi\u00f3n son muy importantes en la selecci\u00f3n de la v\u00e1lvula. <\/li>\n<li>La calidad y temperatura del fluido es un factor directo en la selecci\u00f3n de la v\u00e1lvula.<\/li>\n<li>La direcci\u00f3n del fluido y la marca de la flecha en el cuerpo est\u00e1n en la misma direcci\u00f3n y se debe prestar atenci\u00f3n al montaje.<\/li>\n<li>Dado que la v\u00e1lvula solenoide no funciona como v\u00e1lvula de retenci\u00f3n, el fluido retrocede a presiones inversas. En estos casos, la instalaci\u00f3n de una v\u00e1lvula de retenci\u00f3n despu\u00e9s de la v\u00e1lvula solenoide es correcta para la conexi\u00f3n.<\/li>\n<li>La l\u00ednea a la que se conecta la v\u00e1lvula debe estar libre de impurezas.<\/li>\n<\/ul>\n<p>&nbsp;<\/p>\n<\/div>\n<\/div>\n<p>[table id=\u00bb14&#8243; \/]<\/p>\n<p>&nbsp;<\/p>\n<p>Puede visitar nuestra p\u00e1gina<a href=\"\/?page_id=8324\" target=\"_blank\" rel=\"noopener noreferrer\">\u00abV\u00e1lvula solenoide<\/a>\u00bb para obtener informaci\u00f3n m\u00e1s detallada sobre el tema o para encontrar soluciones a los problemas que est\u00e1 experimentando.<\/p>\n","protected":false},"excerpt":{"rendered":"<p><a href=\"https:\/\/unox.com.tr\/wp-content\/uploads\/2022\/12\/TAM-GECISLI-N.K-3-4-TGM2004.pdf\" target=\"_blank\" rel=\"noopener\"><button style=\"background-color: #11224b; color: #ffffff; padding: 10px 15px; font-family: montserrat; font-weight: bold; font-size: 19px; border-radius: 10px;\"><img decoding=\"async\" style=\"width: 25px; height: 25px;\" src=\"https:\/\/unox.com.tr\/wp-content\/uploads\/2023\/02\/pdf-1.png\">CAT\u00c1LOGO DE PRODUCTO<\/button><\/a><\/p>\n<p><button style=\"background-color: #11224b; margin-top: 5px; color: white; padding: 0px 15px; width: 150px; height: 55px; border-radius: 10px; border: none; cursor: pointer;\"><br \/>\n<img decoding=\"async\" style=\"width: 120px; height: 30px;\" src=\"https:\/\/unox.com.tr\/wp-content\/uploads\/2023\/02\/4-1.svg\"><\/button><\/p>\n","protected":false},"featured_media":68634,"comment_status":"closed","ping_status":"closed","template":"","meta":{"_joinchat":[]},"product_brand":[],"product_cat":[1555,469],"product_tag":[],"class_list":{"0":"post-36467","1":"product","2":"type-product","3":"status-publish","4":"has-post-thumbnail","6":"product_cat-valvulas-de-solenoides-de-paso-total","7":"product_cat-valvulas-solenoides","9":"first","10":"instock","11":"shipping-taxable","12":"product-type-simple"},"_links":{"self":[{"href":"https:\/\/unox.com.tr\/es\/wp-json\/wp\/v2\/product\/36467","targetHints":{"allow":["GET"]}}],"collection":[{"href":"https:\/\/unox.com.tr\/es\/wp-json\/wp\/v2\/product"}],"about":[{"href":"https:\/\/unox.com.tr\/es\/wp-json\/wp\/v2\/types\/product"}],"replies":[{"embeddable":true,"href":"https:\/\/unox.com.tr\/es\/wp-json\/wp\/v2\/comments?post=36467"}],"version-history":[{"count":0,"href":"https:\/\/unox.com.tr\/es\/wp-json\/wp\/v2\/product\/36467\/revisions"}],"wp:featuredmedia":[{"embeddable":true,"href":"https:\/\/unox.com.tr\/es\/wp-json\/wp\/v2\/media\/68634"}],"wp:attachment":[{"href":"https:\/\/unox.com.tr\/es\/wp-json\/wp\/v2\/media?parent=36467"}],"wp:term":[{"taxonomy":"product_brand","embeddable":true,"href":"https:\/\/unox.com.tr\/es\/wp-json\/wp\/v2\/product_brand?post=36467"},{"taxonomy":"product_cat","embeddable":true,"href":"https:\/\/unox.com.tr\/es\/wp-json\/wp\/v2\/product_cat?post=36467"},{"taxonomy":"product_tag","embeddable":true,"href":"https:\/\/unox.com.tr\/es\/wp-json\/wp\/v2\/product_tag?post=36467"}],"curies":[{"name":"wp","href":"https:\/\/api.w.org\/{rel}","templated":true}]}}