{"id":36469,"date":"2022-10-31T09:56:19","date_gmt":"2022-10-31T09:56:19","guid":{"rendered":"https:\/\/www.unox.com.tr\/urun\/a-2f-dispositivo-de-inundacion-de-caldera-con-bridas-fantini\/"},"modified":"2023-02-27T14:59:24","modified_gmt":"2023-02-27T11:59:24","slug":"a-2f-fantini-flasli-win-tagdiye-dispositivo","status":"publish","type":"product","link":"https:\/\/unox.com.tr\/es\/a-2f-fantini-flasli-win-tagdiye-dispositivo\/","title":{"rendered":"A-2F Dispositivo de Inundaci\u00f3n de Caldera con Bridas Fantini"},"content":{"rendered":"<div id=\"ez-toc-container\" class=\"ez-toc-v2_0_82_2 counter-hierarchy ez-toc-counter ez-toc-grey ez-toc-container-direction\">\n<div class=\"ez-toc-title-container\">\n<p class=\"ez-toc-title\" style=\"cursor:inherit\">Sayfa \u0130\u00e7eri\u011fi<\/p>\n<span class=\"ez-toc-title-toggle\"><a href=\"#\" class=\"ez-toc-pull-right ez-toc-btn ez-toc-btn-xs ez-toc-btn-default ez-toc-toggle\" aria-label=\"Alternar tabla de contenidos\"><span class=\"ez-toc-js-icon-con\"><span class=\"\"><span class=\"eztoc-hide\" style=\"display:none;\">Toggle<\/span><span class=\"ez-toc-icon-toggle-span\"><svg style=\"fill: #999;color:#999\" xmlns=\"http:\/\/www.w3.org\/2000\/svg\" class=\"list-377408\" width=\"20px\" height=\"20px\" viewBox=\"0 0 24 24\" fill=\"none\"><path d=\"M6 6H4v2h2V6zm14 0H8v2h12V6zM4 11h2v2H4v-2zm16 0H8v2h12v-2zM4 16h2v2H4v-2zm16 0H8v2h12v-2z\" fill=\"currentColor\"><\/path><\/svg><svg style=\"fill: #999;color:#999\" class=\"arrow-unsorted-368013\" xmlns=\"http:\/\/www.w3.org\/2000\/svg\" width=\"10px\" height=\"10px\" viewBox=\"0 0 24 24\" version=\"1.2\" baseProfile=\"tiny\"><path d=\"M18.2 9.3l-6.2-6.3-6.2 6.3c-.2.2-.3.4-.3.7s.1.5.3.7c.2.2.4.3.7.3h11c.3 0 .5-.1.7-.3.2-.2.3-.5.3-.7s-.1-.5-.3-.7zM5.8 14.7l6.2 6.3 6.2-6.3c.2-.2.3-.5.3-.7s-.1-.5-.3-.7c-.2-.2-.4-.3-.7-.3h-11c-.3 0-.5.1-.7.3-.2.2-.3.5-.3.7s.1.5.3.7z\"\/><\/svg><\/span><\/span><\/span><\/a><\/span><\/div>\n<nav><ul class='ez-toc-list ez-toc-list-level-1 ' ><li class='ez-toc-page-1 ez-toc-heading-level-2'><a class=\"ez-toc-link ez-toc-heading-1\" href=\"https:\/\/unox.com.tr\/es\/a-2f-fantini-flasli-win-tagdiye-dispositivo\/#%C2%BFQue_es_el_dispositivo_de_inundacion_de_caldera_con_bridas\" >\u00bfQu\u00e9 es el dispositivo de inundaci\u00f3n de caldera con bridas?<\/a><\/li><li class='ez-toc-page-1 ez-toc-heading-level-2'><a class=\"ez-toc-link ez-toc-heading-2\" href=\"https:\/\/unox.com.tr\/es\/a-2f-fantini-flasli-win-tagdiye-dispositivo\/#Caracteristicas_del_Producto\" >Caracter\u00edsticas del Producto<\/a><\/li><li class='ez-toc-page-1 ez-toc-heading-level-2'><a class=\"ez-toc-link ez-toc-heading-3\" href=\"https:\/\/unox.com.tr\/es\/a-2f-fantini-flasli-win-tagdiye-dispositivo\/#Caracteristicas_generales\" >Caracter\u00edsticas generales<\/a><\/li><\/ul><\/nav><\/div>\n<h2><span class=\"ez-toc-section\" id=\"%C2%BFQue_es_el_dispositivo_de_inundacion_de_caldera_con_bridas\"><\/span><span style=\"font-size: 22px;\">\u00bfQu\u00e9 es el dispositivo de inundaci\u00f3n de caldera con bridas?<\/span><span class=\"ez-toc-section-end\"><\/span><\/h2>\n<p>Un purgador de caldera con brida es un dispositivo que se utiliza para drenar agua u otros l\u00edquidos de una caldera. Por lo general, consta de una v\u00e1lvula o grifo que se puede abrir para permitir que el l\u00edquido fluya fuera de la caldera y una tuber\u00eda o manguera que dirige el l\u00edquido a un lugar adecuado para su eliminaci\u00f3n. El drenaje de la caldera con brida tambi\u00e9n puede tener un filtro o pantalla para evitar que los desechos o sedimentos obstruyan la v\u00e1lvula o la tuber\u00eda. El purgador de caldera con brida se usa ampliamente en entornos industriales y comerciales para el mantenimiento y reparaci\u00f3n de calderas, as\u00ed como para la prevenci\u00f3n de la corrosi\u00f3n y otros da\u00f1os a las calderas con el tiempo.<\/p>\n<h2><span class=\"ez-toc-section\" id=\"Caracteristicas_del_Producto\"><\/span><span style=\"font-size: 22px;\">Caracter\u00edsticas del Producto<\/span><span class=\"ez-toc-section-end\"><\/span><\/h2>\n<ul>\n<li><strong>Cuerpo:<\/strong> Hierro d\u00factil GGG40.3<\/li>\n<li><strong>Flotador:<\/strong> Acero Inoxidable AISI 316<\/li>\n<li><strong>Eje:<\/strong> Acero Inoxidable AISI 316<\/li>\n<li><strong>Fuelle:<\/strong> Acero Inoxidable AISI 316<\/li>\n<li><strong>Conexi\u00f3n:<\/strong> A-1 \/ A-2 1&#8243; BSPT Roscada A-2F Brida DN25<\/li>\n<li><strong>Presi\u00f3n:<\/strong> PN16<\/li>\n<\/ul>\n<h2><span class=\"ez-toc-section\" id=\"Caracteristicas_generales\"><\/span><span style=\"font-size: 22px;\">Caracter\u00edsticas generales<\/span><span class=\"ez-toc-section-end\"><\/span><\/h2>\n<ul>\n<li>Este control de nivel est\u00e1 compuesto por un flotador esf\u00e9rico de acero inoxidable y una brida para presiones de hasta 25 bar.<\/li>\n<li>Cuerpo esf\u00e9rico fabricado en hierro fundido resistente a impactos y de alta densidad.<\/li>\n<li>Interruptores de mercurio en forma de bola para altas temperaturas.<\/li>\n<li>Dispositivo de nivelaci\u00f3n diferencial.<\/li>\n<li>Ejecuci\u00f3n: blindada.<\/li>\n<li>Ventana de visualizaci\u00f3n de doble acristalamiento para visibilidad de cambios de mercurio en forma de bola.<\/li>\n<li>Salidas de conductores con tubo flexible met\u00e1lico.<\/li>\n<li>Propiedades electricas<\/li>\n<li>Dos interruptores de bulbo de mercurio para altas temperaturas: un interruptor de control de bomba, otro para control del quemador y una se\u00f1al de alarma de nivel m\u00ednimo.<\/li>\n<\/ul>\n","protected":false},"excerpt":{"rendered":"<p><a href=\"https:\/\/unox.com.tr\/wp-content\/uploads\/2022\/07\/a41-a42-en-technical-data-sheet.pdf\" target=\"_blank\" rel=\"noopener\"><button style=\"background-color: #11224b; color: #ffffff; padding: 10px 15px; font-family: montserrat; font-weight: bold; font-size: 19px; border-radius: 10px;\"><img decoding=\"async\" style=\"width: 25px; height: 25px;\" src=\"https:\/\/unox.com.tr\/wp-content\/uploads\/2023\/02\/pdf-1.png\">CAT\u00c1LOGO DE PRODUCTO<\/button><\/a><\/p>\n<p><button style=\"background-color: #11224b; margin-top: 5px; color: white; padding: 0px 15px; width: 150px; height: 55px; border-radius: 10px; border: none; cursor: pointer;\"><br \/>\n<img decoding=\"async\" style=\"width: 120px; height: 30px;\" src=\"https:\/\/unox.com.tr\/wp-content\/uploads\/2023\/02\/4-1.svg\"><\/button><\/p>\n","protected":false},"featured_media":41775,"comment_status":"open","ping_status":"closed","template":"","meta":{"_joinchat":[]},"product_brand":[],"product_cat":[1557],"product_tag":[],"class_list":{"0":"post-36469","1":"product","2":"type-product","3":"status-publish","4":"has-post-thumbnail","6":"product_cat-fantini-cosmi-es","8":"first","9":"instock","10":"shipping-taxable","11":"product-type-simple"},"_links":{"self":[{"href":"https:\/\/unox.com.tr\/es\/wp-json\/wp\/v2\/product\/36469","targetHints":{"allow":["GET"]}}],"collection":[{"href":"https:\/\/unox.com.tr\/es\/wp-json\/wp\/v2\/product"}],"about":[{"href":"https:\/\/unox.com.tr\/es\/wp-json\/wp\/v2\/types\/product"}],"replies":[{"embeddable":true,"href":"https:\/\/unox.com.tr\/es\/wp-json\/wp\/v2\/comments?post=36469"}],"version-history":[{"count":0,"href":"https:\/\/unox.com.tr\/es\/wp-json\/wp\/v2\/product\/36469\/revisions"}],"wp:featuredmedia":[{"embeddable":true,"href":"https:\/\/unox.com.tr\/es\/wp-json\/wp\/v2\/media\/41775"}],"wp:attachment":[{"href":"https:\/\/unox.com.tr\/es\/wp-json\/wp\/v2\/media?parent=36469"}],"wp:term":[{"taxonomy":"product_brand","embeddable":true,"href":"https:\/\/unox.com.tr\/es\/wp-json\/wp\/v2\/product_brand?post=36469"},{"taxonomy":"product_cat","embeddable":true,"href":"https:\/\/unox.com.tr\/es\/wp-json\/wp\/v2\/product_cat?post=36469"},{"taxonomy":"product_tag","embeddable":true,"href":"https:\/\/unox.com.tr\/es\/wp-json\/wp\/v2\/product_tag?post=36469"}],"curies":[{"name":"wp","href":"https:\/\/api.w.org\/{rel}","templated":true}]}}