{"id":36471,"date":"2022-10-31T10:05:12","date_gmt":"2022-10-31T10:05:12","guid":{"rendered":"https:\/\/www.unox.com.tr\/urun\/trampa-de-cubeta-invertida-roscada\/"},"modified":"2024-03-12T23:44:12","modified_gmt":"2024-03-12T20:44:12","slug":"engranaje-trampa-de-bobina-inversa","status":"publish","type":"product","link":"https:\/\/unox.com.tr\/es\/engranaje-trampa-de-bobina-inversa\/","title":{"rendered":"Trampa de Vapor de Balde Invertida &#8211; Roscada"},"content":{"rendered":"<div id=\"ez-toc-container\" class=\"ez-toc-v2_0_82_2 counter-hierarchy ez-toc-counter ez-toc-grey ez-toc-container-direction\">\n<div class=\"ez-toc-title-container\">\n<p class=\"ez-toc-title\" style=\"cursor:inherit\">Sayfa \u0130\u00e7eri\u011fi<\/p>\n<span class=\"ez-toc-title-toggle\"><a href=\"#\" class=\"ez-toc-pull-right ez-toc-btn ez-toc-btn-xs ez-toc-btn-default ez-toc-toggle\" aria-label=\"Alternar tabla de contenidos\"><span class=\"ez-toc-js-icon-con\"><span class=\"\"><span class=\"eztoc-hide\" style=\"display:none;\">Toggle<\/span><span class=\"ez-toc-icon-toggle-span\"><svg style=\"fill: #999;color:#999\" xmlns=\"http:\/\/www.w3.org\/2000\/svg\" class=\"list-377408\" width=\"20px\" height=\"20px\" viewBox=\"0 0 24 24\" fill=\"none\"><path d=\"M6 6H4v2h2V6zm14 0H8v2h12V6zM4 11h2v2H4v-2zm16 0H8v2h12v-2zM4 16h2v2H4v-2zm16 0H8v2h12v-2z\" fill=\"currentColor\"><\/path><\/svg><svg style=\"fill: #999;color:#999\" class=\"arrow-unsorted-368013\" xmlns=\"http:\/\/www.w3.org\/2000\/svg\" width=\"10px\" height=\"10px\" viewBox=\"0 0 24 24\" version=\"1.2\" baseProfile=\"tiny\"><path d=\"M18.2 9.3l-6.2-6.3-6.2 6.3c-.2.2-.3.4-.3.7s.1.5.3.7c.2.2.4.3.7.3h11c.3 0 .5-.1.7-.3.2-.2.3-.5.3-.7s-.1-.5-.3-.7zM5.8 14.7l6.2 6.3 6.2-6.3c.2-.2.3-.5.3-.7s-.1-.5-.3-.7c-.2-.2-.4-.3-.7-.3h-11c-.3 0-.5.1-.7.3-.2.2-.3.5-.3.7s.1.5.3.7z\"\/><\/svg><\/span><\/span><\/span><\/a><\/span><\/div>\n<nav><ul class='ez-toc-list ez-toc-list-level-1 ' ><li class='ez-toc-page-1 ez-toc-heading-level-2'><a class=\"ez-toc-link ez-toc-heading-1\" href=\"https:\/\/unox.com.tr\/es\/engranaje-trampa-de-bobina-inversa\/#%C2%BFQue_es_la_trampa_de_vapor_de_balde_invertida\" >\u00bfQu\u00e9 es la trampa de vapor de balde invertida?<\/a><\/li><li class='ez-toc-page-1 ez-toc-heading-level-2'><a class=\"ez-toc-link ez-toc-heading-2\" href=\"https:\/\/unox.com.tr\/es\/engranaje-trampa-de-bobina-inversa\/#Caracteristicas_del_Producto\" >Caracter\u00edsticas del Producto<\/a><\/li><li class='ez-toc-page-1 ez-toc-heading-level-2'><a class=\"ez-toc-link ez-toc-heading-3\" href=\"https:\/\/unox.com.tr\/es\/engranaje-trampa-de-bobina-inversa\/#Ambito_de_Aplicacion\" >\u00c1mbito de Aplicaci\u00f3n<\/a><\/li><\/ul><\/nav><\/div>\n<h2><span class=\"ez-toc-section\" id=\"%C2%BFQue_es_la_trampa_de_vapor_de_balde_invertida\"><\/span><span style=\"font-size: 22px;\">\u00bfQu\u00e9 es la trampa de vapor de balde invertida?<\/span><span class=\"ez-toc-section-end\"><\/span><\/h2>\n<p>La trampa de vapor de cubeta invertida es una trampa de vapor mec\u00e1nica que utiliza una cubeta con peso para contener el condensado y el aire del vapor. La trampa est\u00e1 dise\u00f1ada para que el balde cuelgue boca abajo en la corriente de vapor. Cuando sale vapor de la trampa, la cubeta se levanta de su asiento y se deja pasar el vapor. Cuando el condensado y el aire ingresan a la trampa, son m\u00e1s pesados \u200b\u200bque el vapor y hacen que la cubeta vuelva a caer en su lugar, cerrando el flujo de vapor y permitiendo que el condensado y el aire sean evacuados.<\/p>\n<p>La trampa de vapor de cubeta invertida se usa t\u00edpicamente en sistemas de distribuci\u00f3n de vapor donde se deben eliminar grandes vol\u00famenes de condensado. Es muy adecuado para su uso en sistemas con altas presiones y caudales y sistemas con condiciones de carga variables. Una de las principales ventajas de la trampa de balde invertido es que puede manejar grandes vol\u00famenes de aire y otros gases no condensables que pueden causar problemas con otros tipos de trampas.<\/p>\n<h2><span class=\"ez-toc-section\" id=\"Caracteristicas_del_Producto\"><\/span><span style=\"font-size: 22px;\">Caracter\u00edsticas del Producto<\/span><span class=\"ez-toc-section-end\"><\/span><\/h2>\n<ul>\n<li><strong>Cuerpo:<\/strong> Hierro d\u00factil GGG 40.3<\/li>\n<li><strong>Cubierta:<\/strong> hierro d\u00factil GGG<\/li>\n<li><strong>M\u00e1x. Presi\u00f3n operacional:<\/strong> 16 Bar<\/li>\n<li><strong>M\u00e1x. Temperatura de Funcionamiento: <\/strong> 250 C<\/li>\n<\/ul>\n<h2><span class=\"ez-toc-section\" id=\"Ambito_de_Aplicacion\"><\/span><span style=\"font-size: 22px;\">\u00c1mbito de Aplicaci\u00f3n<\/span><span class=\"ez-toc-section-end\"><\/span><\/h2>\n<p>Las trampas de cubeta invertida generalmente est\u00e1n hechas de hierro fundido o acero y tienen conexiones roscadas para facilitar la instalaci\u00f3n y el mantenimiento. Es una opci\u00f3n duradera y confiable para aplicaciones de trampas y, a menudo, se usa en una amplia variedad de entornos industriales y comerciales.<\/p>\n<p>Las trampas de cubeta invertida UNOX son resistentes al golpe de ariete por dise\u00f1o. La caracter\u00edstica m\u00e1s importante de las trampas de cubeta invertida es que evacuan el condensado tan pronto como se produce. Por lo tanto, la eficiencia t\u00e9rmica es muy alta.<\/p>\n<ul>\n<li>Tanques<\/li>\n<li>Intercambiadores de calor<\/li>\n<li>Bater\u00edas de calefacci\u00f3n<\/li>\n<li>Hornos<\/li>\n<li>Llenado y vaciado de contenedores<\/li>\n<li>Calderas de agua caliente<\/li>\n<li>Circuitos de liquidos<\/li>\n<\/ul>\n<p>&nbsp;<\/p>\n<p>Puede ver nuestro video para tener informaci\u00f3n m\u00e1s detallada sobre las trampas de vapor.<\/p>\n<p>&nbsp;<\/p>\n<p><iframe title=\"Kondenstop nedir? \u00c7al\u0131\u015fma Prensibi nedir? What is a steam trap? What is the Working Principle? #10\" width=\"500\" height=\"281\" src=\"https:\/\/www.youtube.com\/embed\/RYm9XG8YP_E?feature=oembed\" frameborder=\"0\" allow=\"accelerometer; autoplay; clipboard-write; encrypted-media; gyroscope; picture-in-picture; web-share\" referrerpolicy=\"strict-origin-when-cross-origin\" allowfullscreen><\/iframe><\/p>\n","protected":false},"excerpt":{"rendered":"<p><a href=\"https:\/\/unox.com.tr\/wp-content\/uploads\/2023\/01\/Ters-Kovali-Kondenstop-Disli.pdf\" target=\"_blank\" rel=\"noopener\"><button style=\"background-color: #11224b; color: #ffffff; padding: 10px 15px; font-family: montserrat; font-weight: bold; font-size: 19px; border-radius: 10px;\"><img decoding=\"async\" style=\"width: 25px; height: 25px;\" src=\"https:\/\/unox.com.tr\/wp-content\/uploads\/2023\/02\/pdf-1.png\">CAT\u00c1LOGO DE PRODUCTO<\/button><\/a><\/p>\n<p><button style=\"background-color: #11224b; margin-top: 5px; color: white; padding: 0px 15px; width: 150px; height: 55px; border-radius: 10px; border: none; cursor: pointer;\"><br \/>\n<img decoding=\"async\" style=\"width: 120px; height: 30px;\" src=\"https:\/\/unox.com.tr\/wp-content\/uploads\/2023\/02\/4-1.svg\"><\/button><\/p>\n","protected":false},"featured_media":69545,"comment_status":"closed","ping_status":"closed","template":"","meta":{"_joinchat":[]},"product_brand":[],"product_cat":[1097,480],"product_tag":[],"class_list":{"0":"post-36471","1":"product","2":"type-product","3":"status-publish","4":"has-post-thumbnail","6":"product_cat-trampas-de-vapor","7":"product_cat-trampa-de-vapor","9":"first","10":"instock","11":"shipping-taxable","12":"product-type-simple"},"_links":{"self":[{"href":"https:\/\/unox.com.tr\/es\/wp-json\/wp\/v2\/product\/36471","targetHints":{"allow":["GET"]}}],"collection":[{"href":"https:\/\/unox.com.tr\/es\/wp-json\/wp\/v2\/product"}],"about":[{"href":"https:\/\/unox.com.tr\/es\/wp-json\/wp\/v2\/types\/product"}],"replies":[{"embeddable":true,"href":"https:\/\/unox.com.tr\/es\/wp-json\/wp\/v2\/comments?post=36471"}],"version-history":[{"count":0,"href":"https:\/\/unox.com.tr\/es\/wp-json\/wp\/v2\/product\/36471\/revisions"}],"wp:featuredmedia":[{"embeddable":true,"href":"https:\/\/unox.com.tr\/es\/wp-json\/wp\/v2\/media\/69545"}],"wp:attachment":[{"href":"https:\/\/unox.com.tr\/es\/wp-json\/wp\/v2\/media?parent=36471"}],"wp:term":[{"taxonomy":"product_brand","embeddable":true,"href":"https:\/\/unox.com.tr\/es\/wp-json\/wp\/v2\/product_brand?post=36471"},{"taxonomy":"product_cat","embeddable":true,"href":"https:\/\/unox.com.tr\/es\/wp-json\/wp\/v2\/product_cat?post=36471"},{"taxonomy":"product_tag","embeddable":true,"href":"https:\/\/unox.com.tr\/es\/wp-json\/wp\/v2\/product_tag?post=36471"}],"curies":[{"name":"wp","href":"https:\/\/api.w.org\/{rel}","templated":true}]}}