{"id":36494,"date":"2020-12-07T07:43:56","date_gmt":"2020-12-07T07:43:56","guid":{"rendered":"https:\/\/www.unox.com.tr\/urun\/valvula-solenoide-de-pestillo\/"},"modified":"2024-07-02T16:30:20","modified_gmt":"2024-07-02T13:30:20","slug":"pestillo-valvula-solenoide","status":"publish","type":"product","link":"https:\/\/unox.com.tr\/es\/pestillo-valvula-solenoide\/","title":{"rendered":"V\u00e1lvula Solenoide de Pestillo"},"content":{"rendered":"<div id=\"ez-toc-container\" class=\"ez-toc-v2_0_82_2 counter-hierarchy ez-toc-counter ez-toc-grey ez-toc-container-direction\">\n<div class=\"ez-toc-title-container\">\n<p class=\"ez-toc-title\" style=\"cursor:inherit\">Sayfa \u0130\u00e7eri\u011fi<\/p>\n<span class=\"ez-toc-title-toggle\"><a href=\"#\" class=\"ez-toc-pull-right ez-toc-btn ez-toc-btn-xs ez-toc-btn-default ez-toc-toggle\" aria-label=\"Alternar tabla de contenidos\"><span class=\"ez-toc-js-icon-con\"><span class=\"\"><span class=\"eztoc-hide\" style=\"display:none;\">Toggle<\/span><span class=\"ez-toc-icon-toggle-span\"><svg style=\"fill: #999;color:#999\" xmlns=\"http:\/\/www.w3.org\/2000\/svg\" class=\"list-377408\" width=\"20px\" height=\"20px\" viewBox=\"0 0 24 24\" fill=\"none\"><path d=\"M6 6H4v2h2V6zm14 0H8v2h12V6zM4 11h2v2H4v-2zm16 0H8v2h12v-2zM4 16h2v2H4v-2zm16 0H8v2h12v-2z\" fill=\"currentColor\"><\/path><\/svg><svg style=\"fill: #999;color:#999\" class=\"arrow-unsorted-368013\" xmlns=\"http:\/\/www.w3.org\/2000\/svg\" width=\"10px\" height=\"10px\" viewBox=\"0 0 24 24\" version=\"1.2\" baseProfile=\"tiny\"><path d=\"M18.2 9.3l-6.2-6.3-6.2 6.3c-.2.2-.3.4-.3.7s.1.5.3.7c.2.2.4.3.7.3h11c.3 0 .5-.1.7-.3.2-.2.3-.5.3-.7s-.1-.5-.3-.7zM5.8 14.7l6.2 6.3 6.2-6.3c.2-.2.3-.5.3-.7s-.1-.5-.3-.7c-.2-.2-.4-.3-.7-.3h-11c-.3 0-.5.1-.7.3-.2.2-.3.5-.3.7s.1.5.3.7z\"\/><\/svg><\/span><\/span><\/span><\/a><\/span><\/div>\n<nav><ul class='ez-toc-list ez-toc-list-level-1 ' ><li class='ez-toc-page-1 ez-toc-heading-level-2'><a class=\"ez-toc-link ez-toc-heading-1\" href=\"https:\/\/unox.com.tr\/es\/pestillo-valvula-solenoide\/#%C2%BFQue_es_la_valvula_solenoide_de_cierre\" >\u00bfQu\u00e9 es la v\u00e1lvula solenoide de cierre?<\/a><\/li><li class='ez-toc-page-1 ez-toc-heading-level-2'><a class=\"ez-toc-link ez-toc-heading-2\" href=\"https:\/\/unox.com.tr\/es\/pestillo-valvula-solenoide\/#%C2%BFComo_funciona_la_valvula_solenoide_de_pestillo\" >\u00bfC\u00f3mo funciona la v\u00e1lvula solenoide de pestillo?<\/a><\/li><li class='ez-toc-page-1 ez-toc-heading-level-2'><a class=\"ez-toc-link ez-toc-heading-3\" href=\"https:\/\/unox.com.tr\/es\/pestillo-valvula-solenoide\/#%C2%BFDonde_se_usa_la_valvula_solenoide_de_traba\" >\u00bfD\u00f3nde se usa la v\u00e1lvula solenoide de traba?<\/a><\/li><li class='ez-toc-page-1 ez-toc-heading-level-2'><a class=\"ez-toc-link ez-toc-heading-4\" href=\"https:\/\/unox.com.tr\/es\/pestillo-valvula-solenoide\/#Caracteristicas_Generales\" >Caracter\u00edsticas Generales<\/a><\/li><li class='ez-toc-page-1 ez-toc-heading-level-2'><a class=\"ez-toc-link ez-toc-heading-5\" href=\"https:\/\/unox.com.tr\/es\/pestillo-valvula-solenoide\/#Cosas_a_considerar_al_elegir_una_valvula_solenoide\" >Cosas a considerar al elegir una v\u00e1lvula solenoide:<\/a><\/li><\/ul><\/nav><\/div>\n<h2><span class=\"ez-toc-section\" id=\"%C2%BFQue_es_la_valvula_solenoide_de_cierre\"><\/span><span style=\"font-size: 22px;\">\u00bfQu\u00e9 es la v\u00e1lvula solenoide de cierre?<\/span><span class=\"ez-toc-section-end\"><\/span><\/h2>\n<p>Las v\u00e1lvulas de solenoide de pestillo funcionan con una potencia mucho menor que las v\u00e1lvulas de solenoide est\u00e1ndar, lo que proporciona un mayor ahorro de energ\u00eda. Las v\u00e1lvulas de solenoide de pestillo son v\u00e1lvulas que funcionan con bobinas de CC de ahorro de energ\u00eda en las que la posici\u00f3n de la v\u00e1lvula normalmente abierta o cerrada se cambia mediante pulsos inversos de tan solo 200 ms. No hay necesidad de energizar constantemente la v\u00e1lvula para mantenerla en la posici\u00f3n cambiada; Cuando se desee volver a cambiar de posici\u00f3n, basta con dar un impulso de 200 ms en el sentido contrario. Con el circuito de control electr\u00f3nico, es posible operar la v\u00e1lvula como normalmente cerrada o abierta dependiendo de la preferencia.<\/p>\n<h2><span class=\"ez-toc-section\" id=\"%C2%BFComo_funciona_la_valvula_solenoide_de_pestillo\"><\/span><span style=\"font-size: 22px;\">\u00bfC\u00f3mo funciona la v\u00e1lvula solenoide de pestillo?<\/span><span class=\"ez-toc-section-end\"><\/span><\/h2>\n<p>En las v\u00e1lvulas solenoide de pestillo, se coloca un im\u00e1n permanente en la parte superior de la v\u00e1lvula que no requiere entrada el\u00e9ctrica. El \u00e1rea de este peque\u00f1o im\u00e1n no es suficiente para activar el pist\u00f3n. Adem\u00e1s, cuando la v\u00e1lvula se abre a plena potencia, el im\u00e1n permanente es lo suficientemente fuerte como para mantener la v\u00e1lvula abierta. Esto permite que la v\u00e1lvula permanezca abierta despu\u00e9s de que se apaga la energ\u00eda el\u00e9ctrica inicial, lo que resulta en un importante ahorro potencial de energ\u00eda. La v\u00e1lvula permanecer\u00e1 abierta hasta que se aplique otra carga el\u00e9ctrica de polaridad opuesta. Es muy \u00fatil en situaciones en las que la v\u00e1lvula se deja abierta durante mucho tiempo o funciona con bater\u00eda y necesita ahorrar la mayor cantidad de energ\u00eda posible.<\/p>\n<p>Una v\u00e1lvula solenoide de pestillo es un tipo de v\u00e1lvula que se opera el\u00e9ctricamente y se usa para controlar fluidos como aire, agua o vapor. La v\u00e1lvula consta de un solenoide, un dispositivo electromec\u00e1nico que convierte la energ\u00eda el\u00e9ctrica en energ\u00eda mec\u00e1nica y un mecanismo de cierre que mantiene la v\u00e1lvula en posici\u00f3n abierta o cerrada. Cuando se activa el solenoide, mueve el mecanismo de cierre, abriendo la v\u00e1lvula y permitiendo que el l\u00edquido fluya a trav\u00e9s de la v\u00e1lvula. Cuando el solenoide est\u00e1 desactivado, el mecanismo de cierre se libera y la v\u00e1lvula se cierra, deteniendo el flujo de fluido.<\/p>\n<h2><span class=\"ez-toc-section\" id=\"%C2%BFDonde_se_usa_la_valvula_solenoide_de_traba\"><\/span><span style=\"font-size: 22px;\">\u00bfD\u00f3nde se usa la v\u00e1lvula solenoide de traba?<\/span><span class=\"ez-toc-section-end\"><\/span><\/h2>\n<p>Las v\u00e1lvulas de solenoide latch se utilizan en una variedad de aplicaciones donde es necesario controlar el flujo de un l\u00edquido como aire, agua o vapor. Algunas aplicaciones comunes para las v\u00e1lvulas de solenoide de pestillo incluyen:<\/p>\n<ul>\n<li>Se utiliza para controlar el flujo de aire u otros fluidos en los sistemas de calefacci\u00f3n, ventilaci\u00f3n y aire acondicionado (HVAC).<\/li>\n<li>A menudo se usa en sistemas de control neum\u00e1tico para controlar el flujo de aire comprimido.<\/li>\n<li>Se usa com\u00fanmente en sistemas de energ\u00eda de fluidos que usan fluidos presurizados para transmitir y amplificar la fuerza.<\/li>\n<li>Se utiliza en diversas aplicaciones de automatizaci\u00f3n industrial para controlar el flujo de fluidos en maquinaria y equipos.<\/li>\n<li>Se utiliza en equipos m\u00e9dicos como ventiladores para controlar el flujo de gases u otros l\u00edquidos.<\/li>\n<li>Se utiliza en equipos agr\u00edcolas como sistemas de riego para controlar el flujo de agua.<\/li>\n<\/ul>\n<h2><span class=\"ez-toc-section\" id=\"Caracteristicas_Generales\"><\/span><span style=\"font-size: 22px;\">Caracter\u00edsticas Generales<\/span><span class=\"ez-toc-section-end\"><\/span><\/h2>\n<ul>\n<li><strong>Junta<\/strong>: NBR<\/li>\n<li><strong>Manga<\/strong>: Inoxidable<\/li>\n<li><strong>Cuerpo:<\/strong> Lat\u00f3n<\/li>\n<li><strong>N\u00facleo<\/strong>: Inoxidable<\/li>\n<li><strong>Calor:<\/strong> -10 \/ +90 \u00b0C<\/li>\n<\/ul>\n<h2><span class=\"ez-toc-section\" id=\"Cosas_a_considerar_al_elegir_una_valvula_solenoide\"><\/span><span style=\"font-size: 22px;\">Cosas a considerar al elegir una v\u00e1lvula solenoide:<\/span><span class=\"ez-toc-section-end\"><\/span><\/h2>\n<ul>\n<li>La bobina debe seleccionarse de acuerdo con el voltaje de operaci\u00f3n (AC-DC) que se utilizar\u00e1. (La electricidad se enciende cuando entra aire y se vuelve a apagar cuando se corta la electricidad)<\/li>\n<li>En la l\u00ednea o sistema que vayas a utilizar, el min. y m\u00e1x. Los valores de presi\u00f3n son muy importantes en la selecci\u00f3n de la v\u00e1lvula. <\/li>\n<li>La calidad y temperatura del fluido es un factor directo en la selecci\u00f3n de la v\u00e1lvula.<\/li>\n<li>La direcci\u00f3n del fluido y la marca de la flecha en el cuerpo est\u00e1n en la misma direcci\u00f3n y se debe prestar atenci\u00f3n al montaje.<\/li>\n<li>Dado que la v\u00e1lvula solenoide no funciona como v\u00e1lvula de retenci\u00f3n, el fluido retrocede a presiones inversas. En estos casos, la instalaci\u00f3n de una v\u00e1lvula de retenci\u00f3n despu\u00e9s de la v\u00e1lvula solenoide es correcta para la conexi\u00f3n.<\/li>\n<li>La l\u00ednea a la que se conecta la v\u00e1lvula debe estar libre de impurezas.<\/li>\n<\/ul>\n<p>&nbsp;<\/p>\n<p>[table id=\u00bb31&#8243; \/]<\/p>\n","protected":false},"excerpt":{"rendered":"<p><a href=\"https:\/\/unox.com.tr\/wp-content\/uploads\/2022\/12\/LATCH-1-8-LTC1110-.pdf\" target=\"_blank\" rel=\"noopener\"><button style=\"background-color: #11224b; color: #ffffff; padding: 10px 15px; font-family: montserrat; font-weight: bold; font-size: 19px; border-radius: 10px;\"><img decoding=\"async\" style=\"width: 25px; height: 25px;\" src=\"https:\/\/unox.com.tr\/wp-content\/uploads\/2023\/02\/pdf-1.png\">CAT\u00c1LOGO DE PRODUCTO<\/button><\/a><\/p>\n<p><button style=\"background-color: #11224b; margin-top: 5px; color: white; padding: 0px 15px; width: 150px; height: 55px; border-radius: 10px; border: none; cursor: pointer;\"><br \/>\n<img decoding=\"async\" style=\"width: 120px; height: 30px;\" src=\"https:\/\/unox.com.tr\/wp-content\/uploads\/2023\/02\/4-1.svg\"><\/button><\/p>\n","protected":false},"featured_media":68691,"comment_status":"closed","ping_status":"closed","template":"","meta":[],"product_brand":[],"product_cat":[469,1364],"product_tag":[],"class_list":{"0":"post-36494","1":"product","2":"type-product","3":"status-publish","4":"has-post-thumbnail","6":"product_cat-valvulas-solenoides","7":"product_cat-valvulas-de-solenoide-de-pestillo","9":"first","10":"instock","11":"shipping-taxable","12":"product-type-simple"},"_links":{"self":[{"href":"https:\/\/unox.com.tr\/es\/wp-json\/wp\/v2\/product\/36494","targetHints":{"allow":["GET"]}}],"collection":[{"href":"https:\/\/unox.com.tr\/es\/wp-json\/wp\/v2\/product"}],"about":[{"href":"https:\/\/unox.com.tr\/es\/wp-json\/wp\/v2\/types\/product"}],"replies":[{"embeddable":true,"href":"https:\/\/unox.com.tr\/es\/wp-json\/wp\/v2\/comments?post=36494"}],"version-history":[{"count":0,"href":"https:\/\/unox.com.tr\/es\/wp-json\/wp\/v2\/product\/36494\/revisions"}],"wp:featuredmedia":[{"embeddable":true,"href":"https:\/\/unox.com.tr\/es\/wp-json\/wp\/v2\/media\/68691"}],"wp:attachment":[{"href":"https:\/\/unox.com.tr\/es\/wp-json\/wp\/v2\/media?parent=36494"}],"wp:term":[{"taxonomy":"product_brand","embeddable":true,"href":"https:\/\/unox.com.tr\/es\/wp-json\/wp\/v2\/product_brand?post=36494"},{"taxonomy":"product_cat","embeddable":true,"href":"https:\/\/unox.com.tr\/es\/wp-json\/wp\/v2\/product_cat?post=36494"},{"taxonomy":"product_tag","embeddable":true,"href":"https:\/\/unox.com.tr\/es\/wp-json\/wp\/v2\/product_tag?post=36494"}],"curies":[{"name":"wp","href":"https:\/\/api.w.org\/{rel}","templated":true}]}}