{"id":36501,"date":"2020-11-11T13:11:14","date_gmt":"2020-11-11T10:11:14","guid":{"rendered":"https:\/\/www.unox.com.tr\/urun\/valvula-de-control-de-nivel-flotador\/"},"modified":"2023-02-28T11:40:04","modified_gmt":"2023-02-28T08:40:04","slug":"valvula-de-control-de-nivel-de-flotador","status":"publish","type":"product","link":"https:\/\/unox.com.tr\/es\/valvula-de-control-de-nivel-de-flotador\/","title":{"rendered":"V\u00e1lvula de Control de Nivel &#8211; Flotador"},"content":{"rendered":"<div id=\"ez-toc-container\" class=\"ez-toc-v2_0_82_2 counter-hierarchy ez-toc-counter ez-toc-grey ez-toc-container-direction\">\n<div class=\"ez-toc-title-container\">\n<p class=\"ez-toc-title\" style=\"cursor:inherit\">Sayfa \u0130\u00e7eri\u011fi<\/p>\n<span class=\"ez-toc-title-toggle\"><a href=\"#\" class=\"ez-toc-pull-right ez-toc-btn ez-toc-btn-xs ez-toc-btn-default ez-toc-toggle\" aria-label=\"Alternar tabla de contenidos\"><span class=\"ez-toc-js-icon-con\"><span class=\"\"><span class=\"eztoc-hide\" style=\"display:none;\">Toggle<\/span><span class=\"ez-toc-icon-toggle-span\"><svg style=\"fill: #999;color:#999\" xmlns=\"http:\/\/www.w3.org\/2000\/svg\" class=\"list-377408\" width=\"20px\" height=\"20px\" viewBox=\"0 0 24 24\" fill=\"none\"><path d=\"M6 6H4v2h2V6zm14 0H8v2h12V6zM4 11h2v2H4v-2zm16 0H8v2h12v-2zM4 16h2v2H4v-2zm16 0H8v2h12v-2z\" fill=\"currentColor\"><\/path><\/svg><svg style=\"fill: #999;color:#999\" class=\"arrow-unsorted-368013\" xmlns=\"http:\/\/www.w3.org\/2000\/svg\" width=\"10px\" height=\"10px\" viewBox=\"0 0 24 24\" version=\"1.2\" baseProfile=\"tiny\"><path d=\"M18.2 9.3l-6.2-6.3-6.2 6.3c-.2.2-.3.4-.3.7s.1.5.3.7c.2.2.4.3.7.3h11c.3 0 .5-.1.7-.3.2-.2.3-.5.3-.7s-.1-.5-.3-.7zM5.8 14.7l6.2 6.3 6.2-6.3c.2-.2.3-.5.3-.7s-.1-.5-.3-.7c-.2-.2-.4-.3-.7-.3h-11c-.3 0-.5.1-.7.3-.2.2-.3.5-.3.7s.1.5.3.7z\"\/><\/svg><\/span><\/span><\/span><\/a><\/span><\/div>\n<nav><ul class='ez-toc-list ez-toc-list-level-1 ' ><li class='ez-toc-page-1 ez-toc-heading-level-2'><a class=\"ez-toc-link ez-toc-heading-1\" href=\"https:\/\/unox.com.tr\/es\/valvula-de-control-de-nivel-de-flotador\/#%C2%BFQue_es_la_valvula_de_control_de_nivel\" >\u00bfQu\u00e9 es la v\u00e1lvula de control de nivel?<\/a><\/li><li class='ez-toc-page-1 ez-toc-heading-level-2'><a class=\"ez-toc-link ez-toc-heading-2\" href=\"https:\/\/unox.com.tr\/es\/valvula-de-control-de-nivel-de-flotador\/#Caracteristicas_de_la_valvula_de_control_de_nivel_de_flotacion\" >Caracter\u00edsticas de la v\u00e1lvula de control de nivel de flotaci\u00f3n<\/a><\/li><li class='ez-toc-page-1 ez-toc-heading-level-2'><a class=\"ez-toc-link ez-toc-heading-3\" href=\"https:\/\/unox.com.tr\/es\/valvula-de-control-de-nivel-de-flotador\/#Manual_de_instrucciones\" >Manual de instrucciones<\/a><\/li><\/ul><\/nav><\/div>\n<h2><span class=\"ez-toc-section\" id=\"%C2%BFQue_es_la_valvula_de_control_de_nivel\"><\/span><span style=\"font-size: 22px;\">\u00bfQu\u00e9 es la v\u00e1lvula de control de nivel?<\/span><span class=\"ez-toc-section-end\"><\/span><\/h2>\n<p>V\u00e1lvulas de control de nivel de flotador, tanques de agua, reservorios, rompedores de presi\u00f3n, etc. en las l\u00edneas de transmisi\u00f3n. son v\u00e1lvulas de control hidr\u00e1ulico utilizadas para controlar el nivel de agua en estructuras que almacenan agua.  Para que la v\u00e1lvula principal pueda abrir y cerrar, debe haber un m\u00ednimo de 7 metros de presi\u00f3n de agua en la red existente.<\/p>\n<h2><span class=\"ez-toc-section\" id=\"Caracteristicas_de_la_valvula_de_control_de_nivel_de_flotacion\"><\/span><span style=\"font-size: 22px;\">Caracter\u00edsticas de la v\u00e1lvula de control de nivel de flotaci\u00f3n<\/span><span class=\"ez-toc-section-end\"><\/span><\/h2>\n<ul>\n<li>Dado que su estructura es muy sencilla, su uso tambi\u00e9n ofrece grandes ventajas para el usuario.<\/li>\n<li>El flotador el\u00e9ctrico de la v\u00e1lvula es modular. Se puede montar f\u00e1cilmente en la estructura para controlar el nivel en la forma deseada.<\/li>\n<li>Gracias al flotador el\u00e9ctrico, el rango de control de nivel puede ajustarse f\u00e1cilmente a las dimensiones deseadas.<\/li>\n<li>Entre la v\u00e1lvula principal y el flotador el\u00e9ctrico se encuentra un sencillo dispositivo de control.<\/li>\n<li>Gracias a la v\u00e1lvula de bola de la v\u00e1lvula principal, la funci\u00f3n de encendido y apagado puede controlarse manualmente.<\/li>\n<li>La v\u00e1lvula funciona de forma completamente hidr\u00e1ulica con la presi\u00f3n de la l\u00ednea sin requerir ninguna energ\u00eda adicional<\/li>\n<\/ul>\n<h2><span class=\"ez-toc-section\" id=\"Manual_de_instrucciones\"><\/span><span style=\"font-size: 22px;\">Manual de instrucciones<\/span><span class=\"ez-toc-section-end\"><\/span><\/h2>\n<ul>\n<li>Instale la v\u00e1lvula de acuerdo con la flecha marcada en la v\u00e1lvula que indica la direcci\u00f3n del flujo.<\/li>\n<li>Para facilitar el servicio de mantenimiento de la v\u00e1lvula, se recomienda instalar v\u00e1lvulas de aislamiento (v\u00e1lvula de compuerta, mariposa o bola, etc.) para cerrar el agua en la l\u00ednea de aguas arriba.<\/li>\n<li>Para que la v\u00e1lvula funcione eficazmente, se recomienda colocar una ventosa delante de la v\u00e1lvula.<\/li>\n<li>Conecte el flotador el\u00e9ctrico y la electrov\u00e1lvula de la v\u00e1lvula principal al dispositivo de control de acuerdo con los valores de tensi\u00f3n.<\/li>\n<li>Si la unidad de control est\u00e1 correctamente conectada, la v\u00e1lvula funcionar\u00e1 en posici\u00f3n autom\u00e1tica.<\/li>\n<li>Las v\u00e1lvulas de control realizan la funci\u00f3n de encendido y apagado con la presi\u00f3n del sistema. Si la presi\u00f3n del sistema es cercana a cero durante el llenado del tanque, la v\u00e1lvula no funcionar\u00e1. Compruebe el valor de la presi\u00f3n de entrada de la v\u00e1lvula.<\/li>\n<li>Para operar la v\u00e1lvula manualmente, use la v\u00e1lvula de bola de alivio, indicada por 3. Si la v\u00e1lvula operar\u00e1 en modo autom\u00e1tico, la v\u00e1lvula de bola debe estar en la posici\u00f3n cerrada.<\/li>\n<li>Para proteger la v\u00e1lvula de las heladas durante los meses de invierno, drene el agua del actuador de la v\u00e1lvula a la atm\u00f3sfera.<\/li>\n<\/ul>\n<p>&nbsp;<\/p>\n<p><img decoding=\"async\" class=\"alignnone size-medium wp-image-37713\" src=\"https:\/\/unox.com.tr\/wp-content\/themes\/woodmart\/images\/lazy.svg\" data-src=\"https:\/\/unox.com.tr\/wp-content\/uploads\/2021\/08\/flatorlu-300x175.png\" alt=\"\" width=\"300\" height=\"175\" title=\"\" srcset=\"\" data-srcset=\"https:\/\/unox.com.tr\/wp-content\/uploads\/2021\/08\/flatorlu-300x175.png 300w, https:\/\/unox.com.tr\/wp-content\/uploads\/2021\/08\/flatorlu-150x88.png 150w, https:\/\/unox.com.tr\/wp-content\/uploads\/2021\/08\/flatorlu-367x214.png 367w, https:\/\/unox.com.tr\/wp-content\/uploads\/2021\/08\/flatorlu.png 373w\" sizes=\"(max-width: 300px) 100vw, 300px\" \/><\/p>\n<ol>\n<li>V\u00e1lvula de control hidr\u00e1ulico<\/li>\n<li>Flotador<\/li>\n<li>V\u00e1lvula de aguja<\/li>\n<li>V\u00e1lvula de bola<\/li>\n<li>Colador<\/li>\n<\/ol>\n","protected":false},"excerpt":{"rendered":"<p><a href=\"https:\/\/unox.com.tr\/wp-content\/uploads\/2023\/01\/Flatorlu-Kontrol-Vanasi.pdf\" target=\"_blank\" rel=\"noopener\"><button style=\"background-color: #11224b; color: #ffffff; padding: 10px 15px; font-family: montserrat; font-weight: bold; font-size: 19px; border-radius: 10px;\"><img decoding=\"async\" style=\"width: 25px; height: 25px;\" src=\"https:\/\/unox.com.tr\/wp-content\/uploads\/2023\/02\/pdf-1.png\">CAT\u00c1LOGO DE PRODUCTO<\/button><\/a><\/p>\n<p><button style=\"background-color: #11224b; margin-top: 5px; color: white; padding: 0px 15px; width: 150px; height: 55px; border-radius: 10px; border: none; cursor: pointer;\"><br \/>\n<img decoding=\"async\" style=\"width: 120px; height: 30px;\" src=\"https:\/\/unox.com.tr\/wp-content\/uploads\/2023\/02\/4-1.svg\"><\/button><\/p>\n","protected":false},"featured_media":29608,"comment_status":"open","ping_status":"closed","template":"","meta":{"_joinchat":[]},"product_brand":[],"product_cat":[1099],"product_tag":[],"class_list":{"0":"post-36501","1":"product","2":"type-product","3":"status-publish","4":"has-post-thumbnail","6":"product_cat-valvulas-de-control-hidraulicas","8":"first","9":"instock","10":"shipping-taxable","11":"product-type-simple"},"_links":{"self":[{"href":"https:\/\/unox.com.tr\/es\/wp-json\/wp\/v2\/product\/36501","targetHints":{"allow":["GET"]}}],"collection":[{"href":"https:\/\/unox.com.tr\/es\/wp-json\/wp\/v2\/product"}],"about":[{"href":"https:\/\/unox.com.tr\/es\/wp-json\/wp\/v2\/types\/product"}],"replies":[{"embeddable":true,"href":"https:\/\/unox.com.tr\/es\/wp-json\/wp\/v2\/comments?post=36501"}],"version-history":[{"count":0,"href":"https:\/\/unox.com.tr\/es\/wp-json\/wp\/v2\/product\/36501\/revisions"}],"wp:featuredmedia":[{"embeddable":true,"href":"https:\/\/unox.com.tr\/es\/wp-json\/wp\/v2\/media\/29608"}],"wp:attachment":[{"href":"https:\/\/unox.com.tr\/es\/wp-json\/wp\/v2\/media?parent=36501"}],"wp:term":[{"taxonomy":"product_brand","embeddable":true,"href":"https:\/\/unox.com.tr\/es\/wp-json\/wp\/v2\/product_brand?post=36501"},{"taxonomy":"product_cat","embeddable":true,"href":"https:\/\/unox.com.tr\/es\/wp-json\/wp\/v2\/product_cat?post=36501"},{"taxonomy":"product_tag","embeddable":true,"href":"https:\/\/unox.com.tr\/es\/wp-json\/wp\/v2\/product_tag?post=36501"}],"curies":[{"name":"wp","href":"https:\/\/api.w.org\/{rel}","templated":true}]}}