{"id":36524,"date":"2020-11-11T13:10:01","date_gmt":"2020-11-11T10:10:01","guid":{"rendered":"https:\/\/www.unox.com.tr\/urun\/valvula-de-control-de-alivio-de-presion-de-alivio\/"},"modified":"2023-02-28T11:41:27","modified_gmt":"2023-02-28T08:41:27","slug":"valvula-de-control-de-alivio-de-presion","status":"publish","type":"product","link":"https:\/\/unox.com.tr\/es\/valvula-de-control-de-alivio-de-presion\/","title":{"rendered":"V\u00e1lvula de Control de Alivio de Presi\u00f3n de Alivio"},"content":{"rendered":"<div id=\"ez-toc-container\" class=\"ez-toc-v2_0_82_2 counter-hierarchy ez-toc-counter ez-toc-grey ez-toc-container-direction\">\n<div class=\"ez-toc-title-container\">\n<p class=\"ez-toc-title\" style=\"cursor:inherit\">Sayfa \u0130\u00e7eri\u011fi<\/p>\n<span class=\"ez-toc-title-toggle\"><a href=\"#\" class=\"ez-toc-pull-right ez-toc-btn ez-toc-btn-xs ez-toc-btn-default ez-toc-toggle\" aria-label=\"Alternar tabla de contenidos\"><span class=\"ez-toc-js-icon-con\"><span class=\"\"><span class=\"eztoc-hide\" style=\"display:none;\">Toggle<\/span><span class=\"ez-toc-icon-toggle-span\"><svg style=\"fill: #999;color:#999\" xmlns=\"http:\/\/www.w3.org\/2000\/svg\" class=\"list-377408\" width=\"20px\" height=\"20px\" viewBox=\"0 0 24 24\" fill=\"none\"><path d=\"M6 6H4v2h2V6zm14 0H8v2h12V6zM4 11h2v2H4v-2zm16 0H8v2h12v-2zM4 16h2v2H4v-2zm16 0H8v2h12v-2z\" fill=\"currentColor\"><\/path><\/svg><svg style=\"fill: #999;color:#999\" class=\"arrow-unsorted-368013\" xmlns=\"http:\/\/www.w3.org\/2000\/svg\" width=\"10px\" height=\"10px\" viewBox=\"0 0 24 24\" version=\"1.2\" baseProfile=\"tiny\"><path d=\"M18.2 9.3l-6.2-6.3-6.2 6.3c-.2.2-.3.4-.3.7s.1.5.3.7c.2.2.4.3.7.3h11c.3 0 .5-.1.7-.3.2-.2.3-.5.3-.7s-.1-.5-.3-.7zM5.8 14.7l6.2 6.3 6.2-6.3c.2-.2.3-.5.3-.7s-.1-.5-.3-.7c-.2-.2-.4-.3-.7-.3h-11c-.3 0-.5.1-.7.3-.2.2-.3.5-.3.7s.1.5.3.7z\"\/><\/svg><\/span><\/span><\/span><\/a><\/span><\/div>\n<nav><ul class='ez-toc-list ez-toc-list-level-1 ' ><li class='ez-toc-page-1 ez-toc-heading-level-2'><a class=\"ez-toc-link ez-toc-heading-1\" href=\"https:\/\/unox.com.tr\/es\/valvula-de-control-de-alivio-de-presion\/#%C2%BFQue_es_la_valvula_de_control_de_alivio_de_presion_de_alivio\" >\u00bfQu\u00e9 es la v\u00e1lvula de control de alivio de presi\u00f3n de alivio?<\/a><\/li><li class='ez-toc-page-1 ez-toc-heading-level-2'><a class=\"ez-toc-link ez-toc-heading-2\" href=\"https:\/\/unox.com.tr\/es\/valvula-de-control-de-alivio-de-presion\/#Caracteristicas_de_la_valvula_de_control_de_alivio_de_presion_de_alivio\" >Caracter\u00edsticas de la v\u00e1lvula de control de alivio de presi\u00f3n de alivio<\/a><\/li><\/ul><\/nav><\/div>\n<h2><span class=\"ez-toc-section\" id=\"%C2%BFQue_es_la_valvula_de_control_de_alivio_de_presion_de_alivio\"><\/span><span style=\"font-size: 22px;\">\u00bfQu\u00e9 es la v\u00e1lvula de control de alivio de presi\u00f3n de alivio?<\/span><span class=\"ez-toc-section-end\"><\/span><\/h2>\n<p>V\u00e1lvula de control de alivio de presi\u00f3n de alivio, v\u00e1lvulas de control de alivio de presi\u00f3n r\u00e1pida; Cuando la presi\u00f3n en el sistema supera un determinado valor l\u00edmite, se utiliza para aliviar el sistema abriendo el exceso de presi\u00f3n. Cuando la presi\u00f3n del sistema cae al valor l\u00edmite establecido por la v\u00e1lvula, la v\u00e1lvula se cierra de nuevo. El valor de presi\u00f3n de las v\u00e1lvulas de alivio se ajusta mediante la v\u00e1lvula piloto que se usa en ellas. El valor de ajuste de la v\u00e1lvula piloto no se ve afectado por la contrapresi\u00f3n en la salida.<\/p>\n<h2><span class=\"ez-toc-section\" id=\"Caracteristicas_de_la_valvula_de_control_de_alivio_de_presion_de_alivio\"><\/span><span style=\"font-size: 22px;\">Caracter\u00edsticas de la v\u00e1lvula de control de alivio de presi\u00f3n de alivio <\/span><span class=\"ez-toc-section-end\"><\/span><\/h2>\n<ul>\n<li>La v\u00e1lvula protege el sistema de tuber\u00edas y otros inducidos evacuando r\u00e1pidamente a la atm\u00f3sfera el exceso de presi\u00f3n que pueda producirse en la red.<\/li>\n<li>Las v\u00e1lvulas de control de alivio mantienen constante la presi\u00f3n en el sistema independientemente de los cambios en el caudal.<\/li>\n<li>El mecanismo de control de la v\u00e1lvula piloto de alivio se abre r\u00e1pidamente para mantener constante la presi\u00f3n del sistema cuando disminuye el flujo del sistema. Cuando la presi\u00f3n del sistema cae al valor establecido por la v\u00e1lvula, se cierra sin causar un choque.<\/li>\n<li>La v\u00e1lvula se abre r\u00e1pidamente y despu\u00e9s de completar el proceso de descarga, se cierra lentamente sin volver a crear una fluctuaci\u00f3n de presi\u00f3n en la red.<\/li>\n<li>La v\u00e1lvula funciona completamente hidr\u00e1ulicamente con presi\u00f3n de l\u00ednea sin requerir una fuente de energ\u00eda adicional.<\/li>\n<li>Dado que el dise\u00f1o de la v\u00e1lvula es de tipo globo, su mantenimiento es muy f\u00e1cil y econ\u00f3mico.<\/li>\n<li>La v\u00e1lvula funciona de forma fiable incluso en instalaciones horizontales y verticales.<\/li>\n<li>Las v\u00e1lvulas de control de alivio se instalan en la red como TEE.<\/li>\n<\/ul>\n<p>&nbsp;<\/p>\n<p><img decoding=\"async\" class=\"alignnone size-full wp-image-37704\" src=\"https:\/\/unox.com.tr\/wp-content\/themes\/woodmart\/images\/lazy.svg\" data-src=\"https:\/\/unox.com.tr\/wp-content\/uploads\/2020\/11\/relief.png\" alt=\"\" width=\"270\" height=\"203\" title=\"\" srcset=\"\" data-srcset=\"https:\/\/unox.com.tr\/wp-content\/uploads\/2020\/11\/relief.png 270w, https:\/\/unox.com.tr\/wp-content\/uploads\/2020\/11\/relief-150x113.png 150w, https:\/\/unox.com.tr\/wp-content\/uploads\/2020\/11\/relief-200x150.png 200w\" sizes=\"(max-width: 270px) 100vw, 270px\" \/><\/p>\n<ol>\n<li>V\u00e1lvula de control hidr\u00e1ulico<\/li>\n<li>V\u00e1lvula piloto<\/li>\n<li>Perno de ajuste de la v\u00e1lvula piloto<\/li>\n<li>V\u00e1lvula de bola<\/li>\n<li>Colador<\/li>\n<li>V\u00e1lvula de aguja<\/li>\n<li>Man\u00f3metro<\/li>\n<\/ol>\n","protected":false},"excerpt":{"rendered":"<p><a href=\"https:\/\/unox.com.tr\/wp-content\/uploads\/2023\/01\/Relief-Basinc-Tahliye-Kontrol-Vanasi.pdf\" target=\"_blank\" rel=\"noopener\"><button style=\"background-color: #11224b; color: #ffffff; padding: 10px 15px; font-family: montserrat; font-weight: bold; font-size: 19px; border-radius: 10px;\"><img decoding=\"async\" style=\"width: 25px; height: 25px;\" src=\"https:\/\/unox.com.tr\/wp-content\/uploads\/2023\/02\/pdf-1.png\">CAT\u00c1LOGO DE PRODUCTO<\/button><\/a><\/p>\n<p><button style=\"background-color: #11224b; margin-top: 5px; color: white; padding: 0px 15px; width: 150px; height: 55px; border-radius: 10px; border: none; cursor: pointer;\"><br \/>\n<img decoding=\"async\" style=\"width: 120px; height: 30px;\" src=\"https:\/\/unox.com.tr\/wp-content\/uploads\/2023\/02\/4-1.svg\"><\/button><\/p>\n","protected":false},"featured_media":30475,"comment_status":"open","ping_status":"closed","template":"","meta":{"_joinchat":[]},"product_brand":[],"product_cat":[1099],"product_tag":[],"class_list":{"0":"post-36524","1":"product","2":"type-product","3":"status-publish","4":"has-post-thumbnail","6":"product_cat-valvulas-de-control-hidraulicas","8":"first","9":"instock","10":"shipping-taxable","11":"product-type-simple"},"_links":{"self":[{"href":"https:\/\/unox.com.tr\/es\/wp-json\/wp\/v2\/product\/36524","targetHints":{"allow":["GET"]}}],"collection":[{"href":"https:\/\/unox.com.tr\/es\/wp-json\/wp\/v2\/product"}],"about":[{"href":"https:\/\/unox.com.tr\/es\/wp-json\/wp\/v2\/types\/product"}],"replies":[{"embeddable":true,"href":"https:\/\/unox.com.tr\/es\/wp-json\/wp\/v2\/comments?post=36524"}],"version-history":[{"count":0,"href":"https:\/\/unox.com.tr\/es\/wp-json\/wp\/v2\/product\/36524\/revisions"}],"wp:featuredmedia":[{"embeddable":true,"href":"https:\/\/unox.com.tr\/es\/wp-json\/wp\/v2\/media\/30475"}],"wp:attachment":[{"href":"https:\/\/unox.com.tr\/es\/wp-json\/wp\/v2\/media?parent=36524"}],"wp:term":[{"taxonomy":"product_brand","embeddable":true,"href":"https:\/\/unox.com.tr\/es\/wp-json\/wp\/v2\/product_brand?post=36524"},{"taxonomy":"product_cat","embeddable":true,"href":"https:\/\/unox.com.tr\/es\/wp-json\/wp\/v2\/product_cat?post=36524"},{"taxonomy":"product_tag","embeddable":true,"href":"https:\/\/unox.com.tr\/es\/wp-json\/wp\/v2\/product_tag?post=36524"}],"curies":[{"name":"wp","href":"https:\/\/api.w.org\/{rel}","templated":true}]}}