{"id":36530,"date":"2020-11-11T12:54:16","date_gmt":"2020-11-11T09:54:16","guid":{"rendered":"https:\/\/www.unox.com.tr\/urun\/valvula-de-control-reductora-de-presion\/"},"modified":"2023-02-28T11:48:21","modified_gmt":"2023-02-28T08:48:21","slug":"valvula-de-control-reductora-de-presion","status":"publish","type":"product","link":"https:\/\/unox.com.tr\/es\/valvula-de-control-reductora-de-presion\/","title":{"rendered":"V\u00e1lvula de Control Reductora de Presi\u00f3n"},"content":{"rendered":"<div id=\"ez-toc-container\" class=\"ez-toc-v2_0_82_2 counter-hierarchy ez-toc-counter ez-toc-grey ez-toc-container-direction\">\n<div class=\"ez-toc-title-container\">\n<p class=\"ez-toc-title\" style=\"cursor:inherit\">Sayfa \u0130\u00e7eri\u011fi<\/p>\n<span class=\"ez-toc-title-toggle\"><a href=\"#\" class=\"ez-toc-pull-right ez-toc-btn ez-toc-btn-xs ez-toc-btn-default ez-toc-toggle\" aria-label=\"Alternar tabla de contenidos\"><span class=\"ez-toc-js-icon-con\"><span class=\"\"><span class=\"eztoc-hide\" style=\"display:none;\">Toggle<\/span><span class=\"ez-toc-icon-toggle-span\"><svg style=\"fill: #999;color:#999\" xmlns=\"http:\/\/www.w3.org\/2000\/svg\" class=\"list-377408\" width=\"20px\" height=\"20px\" viewBox=\"0 0 24 24\" fill=\"none\"><path d=\"M6 6H4v2h2V6zm14 0H8v2h12V6zM4 11h2v2H4v-2zm16 0H8v2h12v-2zM4 16h2v2H4v-2zm16 0H8v2h12v-2z\" fill=\"currentColor\"><\/path><\/svg><svg style=\"fill: #999;color:#999\" class=\"arrow-unsorted-368013\" xmlns=\"http:\/\/www.w3.org\/2000\/svg\" width=\"10px\" height=\"10px\" viewBox=\"0 0 24 24\" version=\"1.2\" baseProfile=\"tiny\"><path d=\"M18.2 9.3l-6.2-6.3-6.2 6.3c-.2.2-.3.4-.3.7s.1.5.3.7c.2.2.4.3.7.3h11c.3 0 .5-.1.7-.3.2-.2.3-.5.3-.7s-.1-.5-.3-.7zM5.8 14.7l6.2 6.3 6.2-6.3c.2-.2.3-.5.3-.7s-.1-.5-.3-.7c-.2-.2-.4-.3-.7-.3h-11c-.3 0-.5.1-.7.3-.2.2-.3.5-.3.7s.1.5.3.7z\"\/><\/svg><\/span><\/span><\/span><\/a><\/span><\/div>\n<nav><ul class='ez-toc-list ez-toc-list-level-1 ' ><li class='ez-toc-page-1 ez-toc-heading-level-2'><a class=\"ez-toc-link ez-toc-heading-1\" href=\"https:\/\/unox.com.tr\/es\/valvula-de-control-reductora-de-presion\/#%C2%BFQue_es_la_valvula_de_control_reductora_de_presion\" >\u00bfQu\u00e9 es la v\u00e1lvula de control reductora de presi\u00f3n?<\/a><\/li><li class='ez-toc-page-1 ez-toc-heading-level-2'><a class=\"ez-toc-link ez-toc-heading-2\" href=\"https:\/\/unox.com.tr\/es\/valvula-de-control-reductora-de-presion\/#%C2%BFComo_funciona_una_valvula_de_control_reductora_de_presion\" >\u00bfC\u00f3mo funciona una v\u00e1lvula de control reductora de presi\u00f3n?<\/a><\/li><li class='ez-toc-page-1 ez-toc-heading-level-2'><a class=\"ez-toc-link ez-toc-heading-3\" href=\"https:\/\/unox.com.tr\/es\/valvula-de-control-reductora-de-presion\/#%C2%BFQue_es_una_valvula_de_control\" >\u00bfQu\u00e9 es una v\u00e1lvula de control?<\/a><\/li><li class='ez-toc-page-1 ez-toc-heading-level-2'><a class=\"ez-toc-link ez-toc-heading-4\" href=\"https:\/\/unox.com.tr\/es\/valvula-de-control-reductora-de-presion\/#Caracteristicas_Generales\" >Caracter\u00edsticas Generales<\/a><\/li><\/ul><\/nav><\/div>\n<h2><span class=\"ez-toc-section\" id=\"%C2%BFQue_es_la_valvula_de_control_reductora_de_presion\"><\/span><span style=\"font-size: 22px;\">\u00bfQu\u00e9 es la v\u00e1lvula de control reductora de presi\u00f3n?<\/span><span class=\"ez-toc-section-end\"><\/span><\/h2>\n<p>Una v\u00e1lvula de control reductora de presi\u00f3n es un tipo de v\u00e1lvula de control utilizada para regular la presi\u00f3n del fluido en un sistema. A menudo se usa en aplicaciones industriales y comerciales para mantener una presi\u00f3n constante en el sistema independientemente de las fluctuaciones en la demanda u otros factores externos. La v\u00e1lvula funciona ajustando autom\u00e1ticamente el caudal del fluido a trav\u00e9s de la v\u00e1lvula para mantener la presi\u00f3n deseada. Esto generalmente se hace usando un diafragma cargado por resorte o un pist\u00f3n deslizante que se mueve en respuesta a los cambios de presi\u00f3n. La v\u00e1lvula se puede controlar manualmente o mediante un sistema de control autom\u00e1tico, seg\u00fan la aplicaci\u00f3n espec\u00edfica.<\/p>\n<h2><span class=\"ez-toc-section\" id=\"%C2%BFComo_funciona_una_valvula_de_control_reductora_de_presion\"><\/span><span style=\"font-size: 22px;\">\u00bfC\u00f3mo funciona una v\u00e1lvula de control reductora de presi\u00f3n?<\/span><span class=\"ez-toc-section-end\"><\/span><\/h2>\n<p>Las v\u00e1lvulas de control hidr\u00e1ulicas reductoras de presi\u00f3n se utilizan para reducir el valor de alta presi\u00f3n en las l\u00edneas de la red de transmisi\u00f3n de agua a un valor deseado m\u00e1s bajo. Las v\u00e1lvulas de control reductoras de presi\u00f3n mantienen el valor de presi\u00f3n de salida ajustado sin verse afectadas por el caudal y los cambios de caudal en la red. El di\u00e1metro de la tuber\u00eda no se tiene en cuenta al elegir el di\u00e1metro de la v\u00e1lvula. El di\u00e1metro de la v\u00e1lvula se puede seleccionar como peque\u00f1o o uno m\u00e1s grande que el di\u00e1metro de la tuber\u00eda. Los valores de cavitaci\u00f3n deben tenerse en cuenta al elegir el di\u00e1metro de la v\u00e1lvula.<\/p>\n<h2><span class=\"ez-toc-section\" id=\"%C2%BFQue_es_una_valvula_de_control\"><\/span><span style=\"font-size: 22px;\">\u00bfQu\u00e9 es una v\u00e1lvula de control?<\/span><span class=\"ez-toc-section-end\"><\/span><\/h2>\n<p>V\u00e1lvula de control; Una v\u00e1lvula utilizada para controlar el fluido cambiando el tama\u00f1o del paso de flujo seg\u00fan lo indique una se\u00f1al de un controlador. Las v\u00e1lvulas de control proporcionan control de presi\u00f3n, temperatura, caudal y nivel en todos los procesos en los que hay l\u00edquido. Las v\u00e1lvulas de control se utilizan para agua fr\u00eda, agua caliente, vapor, agua sobrecalentada, vapor y gas, etc. producidos por el consumo de energ\u00eda en las empresas. Asegura que los fluidos puedan ser transportados y controlados sin p\u00e9rdida alguna. <\/p>\n<h2><span class=\"ez-toc-section\" id=\"Caracteristicas_Generales\"><\/span><span style=\"font-size: 22px;\">Caracter\u00edsticas Generales<\/span><span class=\"ez-toc-section-end\"><\/span><\/h2>\n<ul>\n<li>La v\u00e1lvula de control hidr\u00e1ulico reductora de presi\u00f3n funciona de forma totalmente autom\u00e1tica con la presi\u00f3n de la red sin necesidad de energ\u00eda externa.<\/li>\n<li>La v\u00e1lvula piloto reductora de presi\u00f3n de 2 v\u00edas utilizada en la v\u00e1lvula de control reduce la presi\u00f3n de salida al valor deseado sin verse afectada por los cambios de caudal en la red.<\/li>\n<li>Cuando el valor de la presi\u00f3n de entrada en la red cae por debajo del valor de presi\u00f3n de salida deseado, la v\u00e1lvula se abre completamente.<\/li>\n<li>En redes de transmisi\u00f3n de agua con caudal variable, se recomienda conectar a la red una v\u00e1lvula de control reductora de presi\u00f3n con un di\u00e1metro menor que la v\u00e1lvula de control reductor de presi\u00f3n existente como l\u00ednea de derivaci\u00f3n.<\/li>\n<li>Cuando no hay agua en la red, la v\u00e1lvula se cierra autom\u00e1ticamente.<\/li>\n<\/ul>\n<p><img decoding=\"async\" class=\"alignnone size-medium wp-image-37564\" src=\"https:\/\/unox.com.tr\/wp-content\/themes\/woodmart\/images\/lazy.svg\" data-src=\"https:\/\/unox.com.tr\/wp-content\/uploads\/2020\/11\/basinc-dusurucu-hidrolik-300x193.png\" alt=\"\" width=\"300\" height=\"193\" title=\"\" srcset=\"\" data-srcset=\"https:\/\/unox.com.tr\/wp-content\/uploads\/2020\/11\/basinc-dusurucu-hidrolik-300x193.png 300w, https:\/\/unox.com.tr\/wp-content\/uploads\/2020\/11\/basinc-dusurucu-hidrolik-150x96.png 150w, https:\/\/unox.com.tr\/wp-content\/uploads\/2020\/11\/basinc-dusurucu-hidrolik.png 328w\" sizes=\"(max-width: 300px) 100vw, 300px\" \/><\/p>\n<ol>\n<li>V\u00e1lvula de control hidr\u00e1ulico<\/li>\n<li>V\u00e1lvula piloto<\/li>\n<li>Perno de ajuste de la v\u00e1lvula piloto<\/li>\n<li>V\u00e1lvula de bola<\/li>\n<li>Colador<\/li>\n<li>V\u00e1lvula de aguja<\/li>\n<li>Man\u00f3metro<\/li>\n<\/ol>\n","protected":false},"excerpt":{"rendered":"<p><a href=\"https:\/\/unox.com.tr\/wp-content\/uploads\/2023\/01\/Basinc-Dusurucu-Kontrol-Vanasi.pdf\" target=\"_blank\" rel=\"noopener\"><button style=\"background-color: #11224b; color: #ffffff; padding: 10px 15px; font-family: montserrat; font-weight: bold; font-size: 19px; border-radius: 10px;\"><img decoding=\"async\" style=\"width: 25px; height: 25px;\" src=\"https:\/\/unox.com.tr\/wp-content\/uploads\/2023\/02\/pdf-1.png\">CAT\u00c1LOGO DE PRODUCTO<\/button><\/a><\/p>\n<p><button style=\"background-color: #11224b; margin-top: 5px; color: white; padding: 0px 15px; width: 150px; height: 55px; border-radius: 10px; border: none; cursor: pointer;\"><br \/>\n<img decoding=\"async\" style=\"width: 120px; height: 30px;\" src=\"https:\/\/unox.com.tr\/wp-content\/uploads\/2023\/02\/4-1.svg\"><\/button><\/p>\n","protected":false},"featured_media":28101,"comment_status":"open","ping_status":"closed","template":"","meta":{"_joinchat":[]},"product_brand":[],"product_cat":[1099],"product_tag":[],"class_list":{"0":"post-36530","1":"product","2":"type-product","3":"status-publish","4":"has-post-thumbnail","6":"product_cat-valvulas-de-control-hidraulicas","8":"first","9":"instock","10":"shipping-taxable","11":"product-type-simple"},"_links":{"self":[{"href":"https:\/\/unox.com.tr\/es\/wp-json\/wp\/v2\/product\/36530","targetHints":{"allow":["GET"]}}],"collection":[{"href":"https:\/\/unox.com.tr\/es\/wp-json\/wp\/v2\/product"}],"about":[{"href":"https:\/\/unox.com.tr\/es\/wp-json\/wp\/v2\/types\/product"}],"replies":[{"embeddable":true,"href":"https:\/\/unox.com.tr\/es\/wp-json\/wp\/v2\/comments?post=36530"}],"version-history":[{"count":0,"href":"https:\/\/unox.com.tr\/es\/wp-json\/wp\/v2\/product\/36530\/revisions"}],"wp:featuredmedia":[{"embeddable":true,"href":"https:\/\/unox.com.tr\/es\/wp-json\/wp\/v2\/media\/28101"}],"wp:attachment":[{"href":"https:\/\/unox.com.tr\/es\/wp-json\/wp\/v2\/media?parent=36530"}],"wp:term":[{"taxonomy":"product_brand","embeddable":true,"href":"https:\/\/unox.com.tr\/es\/wp-json\/wp\/v2\/product_brand?post=36530"},{"taxonomy":"product_cat","embeddable":true,"href":"https:\/\/unox.com.tr\/es\/wp-json\/wp\/v2\/product_cat?post=36530"},{"taxonomy":"product_tag","embeddable":true,"href":"https:\/\/unox.com.tr\/es\/wp-json\/wp\/v2\/product_tag?post=36530"}],"curies":[{"name":"wp","href":"https:\/\/api.w.org\/{rel}","templated":true}]}}