{"id":36549,"date":"2020-10-01T13:41:24","date_gmt":"2020-10-01T13:41:24","guid":{"rendered":"https:\/\/www.unox.com.tr\/urun\/valvula-solenoide-de-descarga-debajo-del-tanque\/"},"modified":"2023-02-28T17:27:28","modified_gmt":"2023-02-28T14:27:28","slug":"valvula-solenoide-de-drenaje-debajo-del-tanque","status":"publish","type":"product","link":"https:\/\/unox.com.tr\/es\/valvula-solenoide-de-drenaje-debajo-del-tanque\/","title":{"rendered":"V\u00e1lvula Solenoide de Descarga Debajo Del Tanque"},"content":{"rendered":"<div id=\"ez-toc-container\" class=\"ez-toc-v2_0_82_2 counter-hierarchy ez-toc-counter ez-toc-grey ez-toc-container-direction\">\n<div class=\"ez-toc-title-container\">\n<p class=\"ez-toc-title\" style=\"cursor:inherit\">Sayfa \u0130\u00e7eri\u011fi<\/p>\n<span class=\"ez-toc-title-toggle\"><a href=\"#\" class=\"ez-toc-pull-right ez-toc-btn ez-toc-btn-xs ez-toc-btn-default ez-toc-toggle\" aria-label=\"Alternar tabla de contenidos\"><span class=\"ez-toc-js-icon-con\"><span class=\"\"><span class=\"eztoc-hide\" style=\"display:none;\">Toggle<\/span><span class=\"ez-toc-icon-toggle-span\"><svg style=\"fill: #999;color:#999\" xmlns=\"http:\/\/www.w3.org\/2000\/svg\" class=\"list-377408\" width=\"20px\" height=\"20px\" viewBox=\"0 0 24 24\" fill=\"none\"><path d=\"M6 6H4v2h2V6zm14 0H8v2h12V6zM4 11h2v2H4v-2zm16 0H8v2h12v-2zM4 16h2v2H4v-2zm16 0H8v2h12v-2z\" fill=\"currentColor\"><\/path><\/svg><svg style=\"fill: #999;color:#999\" class=\"arrow-unsorted-368013\" xmlns=\"http:\/\/www.w3.org\/2000\/svg\" width=\"10px\" height=\"10px\" viewBox=\"0 0 24 24\" version=\"1.2\" baseProfile=\"tiny\"><path d=\"M18.2 9.3l-6.2-6.3-6.2 6.3c-.2.2-.3.4-.3.7s.1.5.3.7c.2.2.4.3.7.3h11c.3 0 .5-.1.7-.3.2-.2.3-.5.3-.7s-.1-.5-.3-.7zM5.8 14.7l6.2 6.3 6.2-6.3c.2-.2.3-.5.3-.7s-.1-.5-.3-.7c-.2-.2-.4-.3-.7-.3h-11c-.3 0-.5.1-.7.3-.2.2-.3.5-.3.7s.1.5.3.7z\"\/><\/svg><\/span><\/span><\/span><\/a><\/span><\/div>\n<nav><ul class='ez-toc-list ez-toc-list-level-1 ' ><li class='ez-toc-page-1 ez-toc-heading-level-2'><a class=\"ez-toc-link ez-toc-heading-1\" href=\"https:\/\/unox.com.tr\/es\/valvula-solenoide-de-drenaje-debajo-del-tanque\/#%C2%BFQue_es_la_valvula_solenoide_de_descarga_debajo_del_tanque\" >\u00bfQu\u00e9 es la v\u00e1lvula solenoide de descarga debajo del tanque?<\/a><ul class='ez-toc-list-level-3' ><li class='ez-toc-heading-level-3'><a class=\"ez-toc-link ez-toc-heading-2\" href=\"https:\/\/unox.com.tr\/es\/valvula-solenoide-de-drenaje-debajo-del-tanque\/#Caracteristicas_del_Producto\" >Caracter\u00edsticas del Producto<\/a><\/li><\/ul><\/li><li class='ez-toc-page-1 ez-toc-heading-level-2'><a class=\"ez-toc-link ez-toc-heading-3\" href=\"https:\/\/unox.com.tr\/es\/valvula-solenoide-de-drenaje-debajo-del-tanque\/#Donde_usar_la_valvula_solenoide_de_descarga_debajo_del_tanque\" >D\u00f3nde usar la v\u00e1lvula solenoide de descarga debajo del tanque<\/a><\/li><li class='ez-toc-page-1 ez-toc-heading-level-2'><a class=\"ez-toc-link ez-toc-heading-4\" href=\"https:\/\/unox.com.tr\/es\/valvula-solenoide-de-drenaje-debajo-del-tanque\/#Como_funciona_la_valvula_solenoide_de_purga_debajo_del_tanque\" >C\u00f3mo funciona la v\u00e1lvula solenoide de purga debajo del tanque<\/a><\/li><\/ul><\/nav><\/div>\n<h2><span class=\"ez-toc-section\" id=\"%C2%BFQue_es_la_valvula_solenoide_de_descarga_debajo_del_tanque\"><\/span><span style=\"font-size: 22px;\">\u00bfQu\u00e9 es la v\u00e1lvula solenoide de descarga debajo del tanque?<\/span><span class=\"ez-toc-section-end\"><\/span><\/h2>\n<p>La v\u00e1lvula de drenaje autom\u00e1tica econ\u00f3mica y confiable (v\u00e1lvula de alivio) elimina autom\u00e1ticamente el condensado de su sistema de aire. Tiene un filtro integrado para evitar obstrucciones y ahorra tiempo y dinero al eliminar la necesidad de drenaje manual. Con configuraciones ajustables de apertura de v\u00e1lvula y tiempo de ciclo, todas las v\u00e1lvulas de alivio de la serie U-728A se pueden ajustar a sus condiciones de operaci\u00f3n.<\/p>\n<p>El tiempo de apertura de la v\u00e1lvula es ajustable de 10 a 60 segundos y el tiempo de ciclo es ajustable de 1 a 60 minutos.<\/p>\n<p>Estas v\u00e1lvulas de alivio son las v\u00e1lvulas de alivio m\u00e1s econ\u00f3micas del mercado. Utilizan un solenoide para abrir y cerrar una v\u00e1lvula. La v\u00e1lvula solenoide temporizada de alivio UNOX ser\u00eda la soluci\u00f3n perfecta.<\/p>\n<h3><span class=\"ez-toc-section\" id=\"Caracteristicas_del_Producto\"><\/span><span style=\"font-size: 20px;\">Caracter\u00edsticas del Producto<\/span><span class=\"ez-toc-section-end\"><\/span><\/h3>\n<ul>\n<li><strong>Tama\u00f1o:<\/strong> 1\/2&#8243;<\/li>\n<li><strong>Modelo:<\/strong> U-728A<\/li>\n<\/ul>\n<h2><span class=\"ez-toc-section\" id=\"Donde_usar_la_valvula_solenoide_de_descarga_debajo_del_tanque\"><\/span><span style=\"font-size: 22px;\">D\u00f3nde usar la v\u00e1lvula solenoide de descarga debajo del tanque<\/span><span class=\"ez-toc-section-end\"><\/span><\/h2>\n<p>La v\u00e1lvula solenoide de purga debajo del tanque se usa principalmente en sistemas de bombeo de combustible que se encuentran en autom\u00f3viles y otros veh\u00edculos motorizados. Estas v\u00e1lvulas se abren mientras el motor est\u00e1 funcionando, lo que permite que se bombee combustible y se cierran cuando el motor se detiene, deteniendo el bombeo de combustible. Estas v\u00e1lvulas est\u00e1n gestionadas por un sistema de control electr\u00f3nico en el veh\u00edculo y normalmente est\u00e1n controladas por sensores y otros dispositivos electr\u00f3nicos en el veh\u00edculo. Las v\u00e1lvulas de solenoide de descarga debajo del tanque bombean el combustible necesario para el funcionamiento adecuado de los veh\u00edculos en el motor en la cantidad y el tiempo correctos. De esta forma, los veh\u00edculos funcionan sin problemas y ahorran combustible.<\/p>\n<h2><span class=\"ez-toc-section\" id=\"Como_funciona_la_valvula_solenoide_de_purga_debajo_del_tanque\"><\/span><span style=\"font-size: 22px;\">C\u00f3mo funciona la v\u00e1lvula solenoide de purga debajo del tanque<\/span><span class=\"ez-toc-section-end\"><\/span><\/h2>\n<p>La electrov\u00e1lvula de purga bajo tanque es una v\u00e1lvula electromec\u00e1nica utilizada para descargar un l\u00edquido dentro de un tubo o tanque. Esta v\u00e1lvula es operada por una bobina electromagn\u00e9tica llamada solenoide.<\/p>\n<p>Mientras opera la v\u00e1lvula solenoide, se introduce una corriente el\u00e9ctrica en la bobina electromagn\u00e9tica. Esto mueve una aleta o pist\u00f3n dentro de la v\u00e1lvula, aumentando el campo magn\u00e9tico dentro de la bobina. Esta acci\u00f3n hace que la v\u00e1lvula se abra y el fluido se drene.<\/p>\n<p>La electrov\u00e1lvula puede ser gestionada por un controlador ubicado dentro del tubo o tanque. Este dispositivo controla la apertura y el cierre de la v\u00e1lvula y determina con qu\u00e9 frecuencia y durante cu\u00e1nto tiempo se drena el fluido. De esta forma, la electrov\u00e1lvula de descarga bajo dep\u00f3sito permite descargar el l\u00edquido en un tubo o dep\u00f3sito en el momento deseado y en la cantidad deseada.<\/p>\n","protected":false},"excerpt":{"rendered":"<p><a href=\"https:\/\/unox.com.tr\/wp-content\/uploads\/2022\/12\/Tank-Alti-Kazan-Bosaltma-Valfi-1-2-.pdf\" target=\"_blank\" rel=\"noopener\"><button style=\"background-color: #11224b; color: #ffffff; padding: 10px 15px; font-family: montserrat; font-weight: bold; font-size: 19px; border-radius: 10px;\"><img decoding=\"async\" style=\"width: 25px; height: 25px;\" src=\"https:\/\/unox.com.tr\/wp-content\/uploads\/2023\/02\/pdf-1.png\">CAT\u00c1LOGO DE PRODUCTO<\/button><\/a><\/p>\n<p><button style=\"background-color: #11224b; margin-top: 5px; color: white; padding: 0px 15px; width: 150px; height: 55px; border-radius: 10px; border: none; cursor: pointer;\"><br \/>\n<img decoding=\"async\" style=\"width: 120px; height: 30px;\" src=\"https:\/\/unox.com.tr\/wp-content\/uploads\/2023\/02\/4-1.svg\"><\/button><\/p>\n","protected":false},"featured_media":68903,"comment_status":"closed","ping_status":"closed","template":"","meta":{"_joinchat":[]},"product_brand":[],"product_cat":[469,1372],"product_tag":[],"class_list":{"0":"post-36549","1":"product","2":"type-product","3":"status-publish","4":"has-post-thumbnail","6":"product_cat-valvulas-solenoides","7":"product_cat-valvulas-de-solenoide-de-purga","9":"first","10":"instock","11":"shipping-taxable","12":"product-type-simple"},"_links":{"self":[{"href":"https:\/\/unox.com.tr\/es\/wp-json\/wp\/v2\/product\/36549","targetHints":{"allow":["GET"]}}],"collection":[{"href":"https:\/\/unox.com.tr\/es\/wp-json\/wp\/v2\/product"}],"about":[{"href":"https:\/\/unox.com.tr\/es\/wp-json\/wp\/v2\/types\/product"}],"replies":[{"embeddable":true,"href":"https:\/\/unox.com.tr\/es\/wp-json\/wp\/v2\/comments?post=36549"}],"version-history":[{"count":0,"href":"https:\/\/unox.com.tr\/es\/wp-json\/wp\/v2\/product\/36549\/revisions"}],"wp:featuredmedia":[{"embeddable":true,"href":"https:\/\/unox.com.tr\/es\/wp-json\/wp\/v2\/media\/68903"}],"wp:attachment":[{"href":"https:\/\/unox.com.tr\/es\/wp-json\/wp\/v2\/media?parent=36549"}],"wp:term":[{"taxonomy":"product_brand","embeddable":true,"href":"https:\/\/unox.com.tr\/es\/wp-json\/wp\/v2\/product_brand?post=36549"},{"taxonomy":"product_cat","embeddable":true,"href":"https:\/\/unox.com.tr\/es\/wp-json\/wp\/v2\/product_cat?post=36549"},{"taxonomy":"product_tag","embeddable":true,"href":"https:\/\/unox.com.tr\/es\/wp-json\/wp\/v2\/product_tag?post=36549"}],"curies":[{"name":"wp","href":"https:\/\/api.w.org\/{rel}","templated":true}]}}