{"id":36658,"date":"2020-09-28T15:55:12","date_gmt":"2020-09-28T12:55:12","guid":{"rendered":"https:\/\/www.unox.com.tr\/urun\/trampa-termodinamica-inoxidable\/"},"modified":"2024-03-10T15:01:49","modified_gmt":"2024-03-10T12:01:49","slug":"trampa-termodinamica-inoxidable","status":"publish","type":"product","link":"https:\/\/unox.com.tr\/es\/trampa-termodinamica-inoxidable\/","title":{"rendered":"Trampa Termodin\u00e1mica Inoxidable"},"content":{"rendered":"<div id=\"ez-toc-container\" class=\"ez-toc-v2_0_83 counter-hierarchy ez-toc-counter ez-toc-grey ez-toc-container-direction\">\n<div class=\"ez-toc-title-container\">\n<p class=\"ez-toc-title\" style=\"cursor:inherit\">Sayfa \u0130\u00e7eri\u011fi<\/p>\n<span class=\"ez-toc-title-toggle\"><a href=\"#\" class=\"ez-toc-pull-right ez-toc-btn ez-toc-btn-xs ez-toc-btn-default ez-toc-toggle\" aria-label=\"Alternar tabla de contenidos\"><span class=\"ez-toc-js-icon-con\"><span class=\"\"><span class=\"eztoc-hide\" style=\"display:none;\">Toggle<\/span><span class=\"ez-toc-icon-toggle-span\"><svg style=\"fill: #999;color:#999\" xmlns=\"http:\/\/www.w3.org\/2000\/svg\" class=\"list-377408\" width=\"20px\" height=\"20px\" viewBox=\"0 0 24 24\" fill=\"none\"><path d=\"M6 6H4v2h2V6zm14 0H8v2h12V6zM4 11h2v2H4v-2zm16 0H8v2h12v-2zM4 16h2v2H4v-2zm16 0H8v2h12v-2z\" fill=\"currentColor\"><\/path><\/svg><svg style=\"fill: #999;color:#999\" class=\"arrow-unsorted-368013\" xmlns=\"http:\/\/www.w3.org\/2000\/svg\" width=\"10px\" height=\"10px\" viewBox=\"0 0 24 24\" version=\"1.2\" baseProfile=\"tiny\"><path d=\"M18.2 9.3l-6.2-6.3-6.2 6.3c-.2.2-.3.4-.3.7s.1.5.3.7c.2.2.4.3.7.3h11c.3 0 .5-.1.7-.3.2-.2.3-.5.3-.7s-.1-.5-.3-.7zM5.8 14.7l6.2 6.3 6.2-6.3c.2-.2.3-.5.3-.7s-.1-.5-.3-.7c-.2-.2-.4-.3-.7-.3h-11c-.3 0-.5.1-.7.3-.2.2-.3.5-.3.7s.1.5.3.7z\"\/><\/svg><\/span><\/span><\/span><\/a><\/span><\/div>\n<nav><ul class='ez-toc-list ez-toc-list-level-1 ' ><li class='ez-toc-page-1 ez-toc-heading-level-2'><a class=\"ez-toc-link ez-toc-heading-1\" href=\"https:\/\/unox.com.tr\/es\/trampa-termodinamica-inoxidable\/#%C2%BFQue_es_la_trampa_termodinamica_inoxidable\" >\u00bfQu\u00e9 es la trampa termodin\u00e1mica inoxidable?<\/a><\/li><li class='ez-toc-page-1 ez-toc-heading-level-2'><a class=\"ez-toc-link ez-toc-heading-2\" href=\"https:\/\/unox.com.tr\/es\/trampa-termodinamica-inoxidable\/#Areas_de_Uso\" >Areas de Uso<\/a><\/li><li class='ez-toc-page-1 ez-toc-heading-level-2'><a class=\"ez-toc-link ez-toc-heading-3\" href=\"https:\/\/unox.com.tr\/es\/trampa-termodinamica-inoxidable\/#Caracteristicas_del_Producto\" >Caracter\u00edsticas del Producto<\/a><\/li><li class='ez-toc-page-1 ez-toc-heading-level-2'><a class=\"ez-toc-link ez-toc-heading-4\" href=\"https:\/\/unox.com.tr\/es\/trampa-termodinamica-inoxidable\/#Ventajas_de_las_trampas_termodinamicas_inoxidables\" >Ventajas de las trampas termodin\u00e1micas inoxidables<\/a><\/li><\/ul><\/nav><\/div>\n<h2><span class=\"ez-toc-section\" id=\"%C2%BFQue_es_la_trampa_termodinamica_inoxidable\"><\/span><span style=\"font-size: 22px;\">\u00bfQu\u00e9 es la trampa termodin\u00e1mica inoxidable?<\/span><span class=\"ez-toc-section-end\"><\/span><\/h2>\n<p>Una trampa termodin\u00e1mica, tambi\u00e9n conocida como trampa de calor o trampa de vapor, es un dispositivo que se utiliza para eliminar el condensado, el vapor u otros gases de un sistema. Est\u00e1 dise\u00f1ado para permitir el paso de estas sustancias mientras evita la p\u00e9rdida de calor o vapor del sistema. Las trampas termodin\u00e1micas de acero inoxidable est\u00e1n hechas de acero inoxidable y se utilizan en aplicaciones donde la resistencia a la corrosi\u00f3n es importante, como en la industria de alimentos y bebidas o en entornos hostiles.<\/p>\n<p>Funciona utilizando los principios de la termodin\u00e1mica para separar la condensaci\u00f3n o el vapor en el sistema de otros gases. Trabajan seg\u00fan la diferencia de densidad y capacidad calor\u00edfica de las sustancias separadas. Mientras la trampa est\u00e1 funcionando, permite que pase el condensado o el vapor, mientras evita la p\u00e9rdida de calor o vapor del sistema.<\/p>\n<h2><span class=\"ez-toc-section\" id=\"Areas_de_Uso\"><\/span><span style=\"font-size: 22px;\">Areas de Uso<\/span><span class=\"ez-toc-section-end\"><\/span><\/h2>\n<p>Las trampas termodin\u00e1micas se usan ampliamente en una variedad de aplicaciones industriales y comerciales, incluidos los sistemas de calentamiento de vapor, las plantas de proceso y las plantas de energ\u00eda. Son un componente esencial en estos sistemas, ya que ayudan a mantener la eficiencia y eficacia del sistema al eliminar la condensaci\u00f3n y el vapor cuando es necesario.<\/p>\n<h2><span class=\"ez-toc-section\" id=\"Caracteristicas_del_Producto\"><\/span><span style=\"font-size: 22px;\">Caracter\u00edsticas del Producto<\/span><span class=\"ez-toc-section-end\"><\/span><\/h2>\n<ul>\n<li><strong>Modelo:<\/strong> UKT &#8211; 77 D<\/li>\n<li><strong>Tama\u00f1o:<\/strong> 1\/2\u2033 &#8211; 3\/4\u2033 &#8211; 1\u2033<\/li>\n<li><strong>Cuerpo:<\/strong> ASTM A743 GrCA40F<\/li>\n<li><strong>Asiento del disco colador:<\/strong> acero inoxidable 420<\/li>\n<li><strong>M\u00e1x. Presi\u00f3n operacional:<\/strong> 40 Bares<\/li>\n<li><strong>M\u00e1x. Temperatura de Funcionamiento: <\/strong>400 \u00b0C<\/li>\n<li><strong>M\u00edn. Presi\u00f3n Operacional:  <\/strong>0,3 Bares<\/li>\n<li><strong>Conexi\u00f3n:<\/strong> Rosca BSP o NPT opcional<\/li>\n<\/ul>\n<h2><span class=\"ez-toc-section\" id=\"Ventajas_de_las_trampas_termodinamicas_inoxidables\"><\/span><span style=\"font-size: 22px;\">Ventajas de las trampas termodin\u00e1micas inoxidables<\/span><span class=\"ez-toc-section-end\"><\/span><\/h2>\n<ul>\n<li>Puede funcionar en todos los rangos operativos sin ning\u00fan ajuste o modificaci\u00f3n interna.<\/li>\n<li>Son compactos, sencillos, ligeros y tienen una gran capacidad de condensaci\u00f3n para su tama\u00f1o.<\/li>\n<li>Puede usarse en alta presi\u00f3n y vapor sobrecalentado y no se ve afectado por golpes de ariete o vibraciones.<\/li>\n<\/ul>\n<p>&nbsp;<\/p>\n<p>Puede ver nuestro video para tener informaci\u00f3n m\u00e1s detallada sobre las trampas de vapor.<\/p>\n<p>&nbsp;<\/p>\n<p><iframe title=\"Kondenstop nedir? \u00c7al\u0131\u015fma Prensibi nedir? What is a steam trap? What is the Working Principle? #10\" width=\"500\" height=\"281\" src=\"https:\/\/www.youtube.com\/embed\/RYm9XG8YP_E?feature=oembed\" frameborder=\"0\" allow=\"accelerometer; autoplay; clipboard-write; encrypted-media; gyroscope; picture-in-picture; web-share\" referrerpolicy=\"strict-origin-when-cross-origin\" allowfullscreen><\/iframe><\/p>\n","protected":false},"excerpt":{"rendered":"<p><a href=\"https:\/\/unox.com.tr\/wp-content\/uploads\/2023\/01\/Paslanmaz-Termodinamik-Kondenstop.pdf\" target=\"_blank\" rel=\"noopener\"><button style=\"background-color: #11224b; color: #ffffff; padding: 10px 15px; font-family: montserrat; font-weight: bold; font-size: 19px; border-radius: 10px;\"><img decoding=\"async\" style=\"width: 25px; height: 25px;\" src=\"https:\/\/unox.com.tr\/wp-content\/uploads\/2023\/02\/pdf-1.png\">CAT\u00c1LOGO DE PRODUCTO<\/button><\/a><\/p>\n<p><button style=\"background-color: #11224b; margin-top: 5px; color: white; padding: 0px 15px; width: 150px; height: 55px; border-radius: 10px; border: none; cursor: pointer;\"><br \/>\n<img decoding=\"async\" style=\"width: 120px; height: 30px;\" src=\"https:\/\/unox.com.tr\/wp-content\/uploads\/2023\/02\/4-1.svg\"><\/button><\/p>\n","protected":false},"featured_media":30529,"comment_status":"open","ping_status":"closed","template":"","meta":[],"product_brand":[],"product_cat":[480,1097],"product_tag":[],"class_list":{"0":"post-36658","1":"product","2":"type-product","3":"status-publish","4":"has-post-thumbnail","6":"product_cat-trampa-de-vapor","7":"product_cat-trampas-de-vapor","9":"first","10":"instock","11":"shipping-taxable","12":"product-type-simple"},"_links":{"self":[{"href":"https:\/\/unox.com.tr\/es\/wp-json\/wp\/v2\/product\/36658","targetHints":{"allow":["GET"]}}],"collection":[{"href":"https:\/\/unox.com.tr\/es\/wp-json\/wp\/v2\/product"}],"about":[{"href":"https:\/\/unox.com.tr\/es\/wp-json\/wp\/v2\/types\/product"}],"replies":[{"embeddable":true,"href":"https:\/\/unox.com.tr\/es\/wp-json\/wp\/v2\/comments?post=36658"}],"version-history":[{"count":0,"href":"https:\/\/unox.com.tr\/es\/wp-json\/wp\/v2\/product\/36658\/revisions"}],"wp:featuredmedia":[{"embeddable":true,"href":"https:\/\/unox.com.tr\/es\/wp-json\/wp\/v2\/media\/30529"}],"wp:attachment":[{"href":"https:\/\/unox.com.tr\/es\/wp-json\/wp\/v2\/media?parent=36658"}],"wp:term":[{"taxonomy":"product_brand","embeddable":true,"href":"https:\/\/unox.com.tr\/es\/wp-json\/wp\/v2\/product_brand?post=36658"},{"taxonomy":"product_cat","embeddable":true,"href":"https:\/\/unox.com.tr\/es\/wp-json\/wp\/v2\/product_cat?post=36658"},{"taxonomy":"product_tag","embeddable":true,"href":"https:\/\/unox.com.tr\/es\/wp-json\/wp\/v2\/product_tag?post=36658"}],"curies":[{"name":"wp","href":"https:\/\/api.w.org\/{rel}","templated":true}]}}