{"id":39293,"date":"2022-12-05T10:31:25","date_gmt":"2022-12-05T07:31:25","guid":{"rendered":"https:\/\/www.unox.com.tr\/urun\/trampa-de-aire-expulsor-de-liquido-en-sistemas-de-aire\/"},"modified":"2023-02-27T13:53:23","modified_gmt":"2023-02-27T10:53:23","slug":"aire-trampa-aire-sistemas-liquido-atc","status":"publish","type":"product","link":"https:\/\/unox.com.tr\/es\/aire-trampa-aire-sistemas-liquido-atc\/","title":{"rendered":"Trampa de Aire \u00abExpulsor de L\u00edquido en Sistemas de Aire\u00bb"},"content":{"rendered":"<div id=\"ez-toc-container\" class=\"ez-toc-v2_0_82_2 counter-hierarchy ez-toc-counter ez-toc-grey ez-toc-container-direction\">\n<div class=\"ez-toc-title-container\">\n<p class=\"ez-toc-title\" style=\"cursor:inherit\">Sayfa \u0130\u00e7eri\u011fi<\/p>\n<span class=\"ez-toc-title-toggle\"><a href=\"#\" class=\"ez-toc-pull-right ez-toc-btn ez-toc-btn-xs ez-toc-btn-default ez-toc-toggle\" aria-label=\"Alternar tabla de contenidos\"><span class=\"ez-toc-js-icon-con\"><span class=\"\"><span class=\"eztoc-hide\" style=\"display:none;\">Toggle<\/span><span class=\"ez-toc-icon-toggle-span\"><svg style=\"fill: #999;color:#999\" xmlns=\"http:\/\/www.w3.org\/2000\/svg\" class=\"list-377408\" width=\"20px\" height=\"20px\" viewBox=\"0 0 24 24\" fill=\"none\"><path d=\"M6 6H4v2h2V6zm14 0H8v2h12V6zM4 11h2v2H4v-2zm16 0H8v2h12v-2zM4 16h2v2H4v-2zm16 0H8v2h12v-2z\" fill=\"currentColor\"><\/path><\/svg><svg style=\"fill: #999;color:#999\" class=\"arrow-unsorted-368013\" xmlns=\"http:\/\/www.w3.org\/2000\/svg\" width=\"10px\" height=\"10px\" viewBox=\"0 0 24 24\" version=\"1.2\" baseProfile=\"tiny\"><path d=\"M18.2 9.3l-6.2-6.3-6.2 6.3c-.2.2-.3.4-.3.7s.1.5.3.7c.2.2.4.3.7.3h11c.3 0 .5-.1.7-.3.2-.2.3-.5.3-.7s-.1-.5-.3-.7zM5.8 14.7l6.2 6.3 6.2-6.3c.2-.2.3-.5.3-.7s-.1-.5-.3-.7c-.2-.2-.4-.3-.7-.3h-11c-.3 0-.5.1-.7.3-.2.2-.3.5-.3.7s.1.5.3.7z\"\/><\/svg><\/span><\/span><\/span><\/a><\/span><\/div>\n<nav><ul class='ez-toc-list ez-toc-list-level-1 ' ><li class='ez-toc-page-1 ez-toc-heading-level-2'><a class=\"ez-toc-link ez-toc-heading-1\" href=\"https:\/\/unox.com.tr\/es\/aire-trampa-aire-sistemas-liquido-atc\/#%C2%BFQue_es_una_trampa_de_aire\" >\u00bfQu\u00e9 es una trampa de aire?<\/a><\/li><li class='ez-toc-page-1 ez-toc-heading-level-2'><a class=\"ez-toc-link ez-toc-heading-2\" href=\"https:\/\/unox.com.tr\/es\/aire-trampa-aire-sistemas-liquido-atc\/#%C2%BFCuales_son_los_tipos_de_trampas_de_aire\" >\u00bfCu\u00e1les son los tipos de trampas de aire?<\/a><\/li><li class='ez-toc-page-1 ez-toc-heading-level-2'><a class=\"ez-toc-link ez-toc-heading-3\" href=\"https:\/\/unox.com.tr\/es\/aire-trampa-aire-sistemas-liquido-atc\/#%C2%BFDonde_se_usa_la_trampa_de_aire\" >\u00bfD\u00f3nde se usa la trampa de aire?<\/a><\/li><li class='ez-toc-page-1 ez-toc-heading-level-2'><a class=\"ez-toc-link ez-toc-heading-4\" href=\"https:\/\/unox.com.tr\/es\/aire-trampa-aire-sistemas-liquido-atc\/#Caracteristicas_del_Producto\" >Caracter\u00edsticas del Producto<\/a><\/li><li class='ez-toc-page-1 ez-toc-heading-level-2'><a class=\"ez-toc-link ez-toc-heading-5\" href=\"https:\/\/unox.com.tr\/es\/aire-trampa-aire-sistemas-liquido-atc\/#Areas_de_uso_de_trampas_de_aire\" >\u00c1reas de uso de trampas de aire<\/a><\/li><\/ul><\/nav><\/div>\n<h2><span class=\"ez-toc-section\" id=\"%C2%BFQue_es_una_trampa_de_aire\"><\/span><span style=\"font-size: 22px;\">\u00bfQu\u00e9 es una trampa de aire?<\/span><span class=\"ez-toc-section-end\"><\/span><\/h2>\n<p>Una trampa de aire es un dispositivo o sistema utilizado para evitar que el aire entre o escape de un sistema. A menudo se usa para evitar que el aire entre o salga de tuber\u00edas o conductos en sistemas de plomer\u00eda o HVAC (calefacci\u00f3n, ventilaci\u00f3n y aire acondicionado). Las trampas de aire funcionan usando una c\u00e1mara u otro mecanismo para atrapar o separar el aire del flujo de agua u otros l\u00edquidos en el sistema.<\/p>\n<h2><span class=\"ez-toc-section\" id=\"%C2%BFCuales_son_los_tipos_de_trampas_de_aire\"><\/span><span style=\"font-size: 22px;\">\u00bfCu\u00e1les son los tipos de trampas de aire?<\/span><span class=\"ez-toc-section-end\"><\/span><\/h2>\n<p>Hay varios tipos de trampas de aire, incluidas las trampas de flotador, las trampas de cubeta invertida y las trampas termodin\u00e1micas. Las trampas de flotador usan un flotador para abrir y cerrar una v\u00e1lvula para permitir que el aire quede atrapado o liberado del sistema. Las trampas de cubeta invertida utilizan una cubeta invertida que flota sobre el l\u00edquido para atrapar el aire en el sistema. Las trampas termodin\u00e1micas utilizan un elemento sensible a la temperatura para abrir y cerrar una v\u00e1lvula y permitir que el aire quede atrapado o liberado del sistema.<\/p>\n<h2><span class=\"ez-toc-section\" id=\"%C2%BFDonde_se_usa_la_trampa_de_aire\"><\/span><span style=\"font-size: 22px;\">\u00bfD\u00f3nde se usa la trampa de aire?<\/span><span class=\"ez-toc-section-end\"><\/span><\/h2>\n<p>Se utiliza en una variedad de aplicaciones, incluidas trampas de aire, calderas, intercambiadores de calor y otros equipos que utilizan agua u otros fluidos para transferir calor o energ\u00eda. Tambi\u00e9n se utilizan en sistemas de refrigeraci\u00f3n para evitar que el aire entre o escape del sistema. Puede ayudar a aumentar la eficiencia del sistema al evitar que el aire entre o escape, lo que puede causar problemas como la reducci\u00f3n del flujo o la reducci\u00f3n de la transferencia de calor.<\/p>\n<h2><span class=\"ez-toc-section\" id=\"Caracteristicas_del_Producto\"><\/span><span style=\"font-size: 22px;\">Caracter\u00edsticas del Producto<\/span><span class=\"ez-toc-section-end\"><\/span><\/h2>\n<ul>\n<li><strong>Cuerpo<\/strong>: Hierro d\u00factil GGG 40.3<\/li>\n<li><strong>Cubierta:<\/strong> hierro d\u00factil GGG<\/li>\n<li><strong>M\u00e1x. Presi\u00f3n operacional :<\/strong> 16 Bar<\/li>\n<li><strong>M\u00e1x. Temperatura de funcionamiento<\/strong>: 250\u00b0C<\/li>\n<li><strong>\u25b2p: 4,5 &#8211; 10 &#8211; 14 bar<\/strong><\/li>\n<\/ul>\n<h2><span class=\"ez-toc-section\" id=\"Areas_de_uso_de_trampas_de_aire\"><\/span><span style=\"font-size: 22px;\">\u00c1reas de uso de trampas de aire<\/span><span class=\"ez-toc-section-end\"><\/span><\/h2>\n<ul>\n<li>Tanques<\/li>\n<li>intercambiador de calor<\/li>\n<li>Bater\u00edas de calefacci\u00f3n<\/li>\n<li>Hornos<\/li>\n<li>Llenado y vaciado de contenedores<\/li>\n<li>calderas de agua caliente<\/li>\n<li>circuitos de liquidos<\/li>\n<\/ul>\n<p>&nbsp;<\/p>\n<p>Puede ver nuestro video para tener informaci\u00f3n m\u00e1s detallada sobre las trampas de vapor.<\/p>\n<p><iframe title=\"Kondenstop nedir? \u00c7al\u0131\u015fma Prensibi nedir? What is a steam trap? What is the Working Principle? #10\" width=\"500\" height=\"281\" src=\"https:\/\/www.youtube.com\/embed\/RYm9XG8YP_E?feature=oembed\" frameborder=\"0\" allow=\"accelerometer; autoplay; clipboard-write; encrypted-media; gyroscope; picture-in-picture; web-share\" referrerpolicy=\"strict-origin-when-cross-origin\" allowfullscreen><\/iframe><\/p>\n","protected":false},"excerpt":{"rendered":"<p><a href=\"https:\/\/unox.com.tr\/wp-content\/uploads\/2023\/01\/Hava-Kondenstopu-Hava-Sistemlerinde-Sivi-Atici.pdf\" target=\"_blank\" rel=\"noopener\"><button style=\"background-color: #11224b; color: #ffffff; padding: 10px 15px; font-family: montserrat; font-weight: bold; font-size: 19px; border-radius: 10px;\"><img decoding=\"async\" style=\"width: 25px; height: 25px;\" src=\"https:\/\/unox.com.tr\/wp-content\/uploads\/2023\/02\/pdf-1.png\">CAT\u00c1LOGO DE PRODUCTO<\/button><\/a><\/p>\n<p><button style=\"background-color: #11224b; margin-top: 5px; color: white; padding: 0px 15px; width: 150px; height: 55px; border-radius: 10px; border: none; cursor: pointer;\"><br \/>\n<img decoding=\"async\" style=\"width: 120px; height: 30px;\" src=\"https:\/\/unox.com.tr\/wp-content\/uploads\/2023\/02\/4-1.svg\"><\/button><\/p>\n","protected":false},"featured_media":37434,"comment_status":"open","ping_status":"closed","template":"","meta":[],"product_brand":[],"product_cat":[1097,480],"product_tag":[],"class_list":{"0":"post-39293","1":"product","2":"type-product","3":"status-publish","4":"has-post-thumbnail","6":"product_cat-trampas-de-vapor","7":"product_cat-trampa-de-vapor","9":"first","10":"instock","11":"shipping-taxable","12":"product-type-simple"},"_links":{"self":[{"href":"https:\/\/unox.com.tr\/es\/wp-json\/wp\/v2\/product\/39293","targetHints":{"allow":["GET"]}}],"collection":[{"href":"https:\/\/unox.com.tr\/es\/wp-json\/wp\/v2\/product"}],"about":[{"href":"https:\/\/unox.com.tr\/es\/wp-json\/wp\/v2\/types\/product"}],"replies":[{"embeddable":true,"href":"https:\/\/unox.com.tr\/es\/wp-json\/wp\/v2\/comments?post=39293"}],"version-history":[{"count":0,"href":"https:\/\/unox.com.tr\/es\/wp-json\/wp\/v2\/product\/39293\/revisions"}],"wp:featuredmedia":[{"embeddable":true,"href":"https:\/\/unox.com.tr\/es\/wp-json\/wp\/v2\/media\/37434"}],"wp:attachment":[{"href":"https:\/\/unox.com.tr\/es\/wp-json\/wp\/v2\/media?parent=39293"}],"wp:term":[{"taxonomy":"product_brand","embeddable":true,"href":"https:\/\/unox.com.tr\/es\/wp-json\/wp\/v2\/product_brand?post=39293"},{"taxonomy":"product_cat","embeddable":true,"href":"https:\/\/unox.com.tr\/es\/wp-json\/wp\/v2\/product_cat?post=39293"},{"taxonomy":"product_tag","embeddable":true,"href":"https:\/\/unox.com.tr\/es\/wp-json\/wp\/v2\/product_tag?post=39293"}],"curies":[{"name":"wp","href":"https:\/\/api.w.org\/{rel}","templated":true}]}}