{"id":39297,"date":"2022-12-05T08:38:27","date_gmt":"2022-12-05T08:38:27","guid":{"rendered":"https:\/\/www.unox.com.tr\/urun\/trampa-termodinamica-brida\/"},"modified":"2023-02-27T13:55:17","modified_gmt":"2023-02-27T10:55:17","slug":"brida-trampa-termodinamica","status":"publish","type":"product","link":"https:\/\/unox.com.tr\/es\/brida-trampa-termodinamica\/","title":{"rendered":"Trampa de Vapor Termodin\u00e1mica &#8211; Brida"},"content":{"rendered":"<div id=\"ez-toc-container\" class=\"ez-toc-v2_0_83 counter-hierarchy ez-toc-counter ez-toc-grey ez-toc-container-direction\">\n<div class=\"ez-toc-title-container\">\n<p class=\"ez-toc-title\" style=\"cursor:inherit\">Sayfa \u0130\u00e7eri\u011fi<\/p>\n<span class=\"ez-toc-title-toggle\"><a href=\"#\" class=\"ez-toc-pull-right ez-toc-btn ez-toc-btn-xs ez-toc-btn-default ez-toc-toggle\" aria-label=\"Alternar tabla de contenidos\"><span class=\"ez-toc-js-icon-con\"><span class=\"\"><span class=\"eztoc-hide\" style=\"display:none;\">Toggle<\/span><span class=\"ez-toc-icon-toggle-span\"><svg style=\"fill: #999;color:#999\" xmlns=\"http:\/\/www.w3.org\/2000\/svg\" class=\"list-377408\" width=\"20px\" height=\"20px\" viewBox=\"0 0 24 24\" fill=\"none\"><path d=\"M6 6H4v2h2V6zm14 0H8v2h12V6zM4 11h2v2H4v-2zm16 0H8v2h12v-2zM4 16h2v2H4v-2zm16 0H8v2h12v-2z\" fill=\"currentColor\"><\/path><\/svg><svg style=\"fill: #999;color:#999\" class=\"arrow-unsorted-368013\" xmlns=\"http:\/\/www.w3.org\/2000\/svg\" width=\"10px\" height=\"10px\" viewBox=\"0 0 24 24\" version=\"1.2\" baseProfile=\"tiny\"><path d=\"M18.2 9.3l-6.2-6.3-6.2 6.3c-.2.2-.3.4-.3.7s.1.5.3.7c.2.2.4.3.7.3h11c.3 0 .5-.1.7-.3.2-.2.3-.5.3-.7s-.1-.5-.3-.7zM5.8 14.7l6.2 6.3 6.2-6.3c.2-.2.3-.5.3-.7s-.1-.5-.3-.7c-.2-.2-.4-.3-.7-.3h-11c-.3 0-.5.1-.7.3-.2.2-.3.5-.3.7s.1.5.3.7z\"\/><\/svg><\/span><\/span><\/span><\/a><\/span><\/div>\n<nav><ul class='ez-toc-list ez-toc-list-level-1 ' ><li class='ez-toc-page-1 ez-toc-heading-level-2'><a class=\"ez-toc-link ez-toc-heading-1\" href=\"https:\/\/unox.com.tr\/es\/brida-trampa-termodinamica\/#%C2%BFQue_es_la_trampa_de_vapor_termodinamica\" >\u00bfQu\u00e9 es la trampa de vapor termodin\u00e1mica?<\/a><\/li><li class='ez-toc-page-1 ez-toc-heading-level-2'><a class=\"ez-toc-link ez-toc-heading-2\" href=\"https:\/\/unox.com.tr\/es\/brida-trampa-termodinamica\/#Precios_Trampa_Termodinamica\" >Precios Trampa Termodin\u00e1mica<\/a><\/li><li class='ez-toc-page-1 ez-toc-heading-level-2'><a class=\"ez-toc-link ez-toc-heading-3\" href=\"https:\/\/unox.com.tr\/es\/brida-trampa-termodinamica\/#Principio_de_funcionamiento_de_la_trampa_termodinamica\" >Principio de funcionamiento de la trampa termodin\u00e1mica<\/a><\/li><li class='ez-toc-page-1 ez-toc-heading-level-2'><a class=\"ez-toc-link ez-toc-heading-4\" href=\"https:\/\/unox.com.tr\/es\/brida-trampa-termodinamica\/#Tipos_de_trampas_termodinamicas\" >Tipos de trampas termodin\u00e1micas<\/a><\/li><li class='ez-toc-page-1 ez-toc-heading-level-2'><a class=\"ez-toc-link ez-toc-heading-5\" href=\"https:\/\/unox.com.tr\/es\/brida-trampa-termodinamica\/#Caracteristicas_generales\" >Caracter\u00edsticas generales<\/a><\/li><li class='ez-toc-page-1 ez-toc-heading-level-2'><a class=\"ez-toc-link ez-toc-heading-6\" href=\"https:\/\/unox.com.tr\/es\/brida-trampa-termodinamica\/#Caracteristicas_del_Producto\" >Caracter\u00edsticas del Producto<\/a><\/li><li class='ez-toc-page-1 ez-toc-heading-level-2'><a class=\"ez-toc-link ez-toc-heading-7\" href=\"https:\/\/unox.com.tr\/es\/brida-trampa-termodinamica\/#Ventajas_de_la_Trampa_Termodinamica\" >Ventajas de la Trampa Termodin\u00e1mica<\/a><\/li><\/ul><\/nav><\/div>\n<h2><span class=\"ez-toc-section\" id=\"%C2%BFQue_es_la_trampa_de_vapor_termodinamica\"><\/span><span style=\"font-size: 22px;\">\u00bfQu\u00e9 es la trampa de vapor termodin\u00e1mica?<\/span><span class=\"ez-toc-section-end\"><\/span><\/h2>\n<p>Las trampas termodin\u00e1micas funcionan aprovechando la diferencia de energ\u00eda cin\u00e9tica entre el vapor de alta velocidad (un gas) y el condensado de movimiento m\u00e1s lento (un l\u00edquido).<\/p>\n<p>Debido a su dise\u00f1o compacto y rentabilidad, las trampas de vapor termodin\u00e1micas se utilizan ampliamente en aplicaciones donde el condensado debe eliminarse inmediatamente de las l\u00edneas y equipos de vapor. Descargan el condensado cerca de la temperatura de saturaci\u00f3n.<\/p>\n<p>Las trampas pueden operar hasta el 80% de la presi\u00f3n de entrada a la contrapresi\u00f3n, pero se recomienda que la contrapresi\u00f3n no exceda el 50% de la presi\u00f3n de entrada para una operaci\u00f3n sin problemas. Las trampas de vapor termodin\u00e1micas descargan el condensado de forma intermitente.<\/p>\n<h2><span class=\"ez-toc-section\" id=\"Precios_Trampa_Termodinamica\"><\/span><span style=\"font-size: 22px;\">Precios Trampa Termodin\u00e1mica<\/span><span class=\"ez-toc-section-end\"><\/span><\/h2>\n<p>Los precios de las trampas de vapor termodin\u00e1micas var\u00edan seg\u00fan modelos y marcas. El material utilizado, el rendimiento general de la trampa, el tipo de uso, los valores de presi\u00f3n y temperatura a utilizar son algunos de los factores que afectan los precios de las trampas de vapor. Varios factores, como las tarifas de los proveedores de trampas de vapor, el sector del mercado y las tasas de ganancias, tambi\u00e9n contin\u00faan afectando los precios.<\/p>\n<h2><span class=\"ez-toc-section\" id=\"Principio_de_funcionamiento_de_la_trampa_termodinamica\"><\/span><span style=\"font-size: 22px;\">Principio de funcionamiento de la trampa termodin\u00e1mica<\/span><span class=\"ez-toc-section-end\"><\/span><\/h2>\n<ol>\n<li>Inicialmente, la presi\u00f3n entrante empuja el disco hacia arriba desde la parte inferior y el condensado fr\u00edo y el aire se descargan r\u00e1pidamente.<\/li>\n<li>Despu\u00e9s de que el condensado caliente fluye hacia el sif\u00f3n, ingresa vapor.<\/li>\n<li>A medida que el condensado caliente fluye entre el disco y el lecho, el vapor llena la c\u00e1mara de presi\u00f3n. Entonces aumentar\u00e1 la presi\u00f3n de la c\u00e1mara de presi\u00f3n, la presi\u00f3n superior del disco. Adem\u00e1s, dado que el disco se cerrar\u00e1 despu\u00e9s del flujo de vapor a alta velocidad, la presi\u00f3n de la c\u00e1mara de presi\u00f3n, la presi\u00f3n de la parte superior del disco disminuir\u00e1 y la v\u00e1lvula se cerrar\u00e1.<\/li>\n<li>Cuando el condensado vuelve a entrar en la trampa, la v\u00e1lvula contin\u00faa cerr\u00e1ndose hasta que el vapor en la unidad de presi\u00f3n se condensa con p\u00e9rdida de calor.<br \/>\nEntonces el vapor se condensar\u00e1 y la presi\u00f3n caer\u00e1. Entonces la v\u00e1lvula se abrir\u00e1 ya que la presi\u00f3n inferior del disco es mayor que su presi\u00f3n superior. Durante el funcionamiento normal, (3) y (4) se repetir\u00e1n continuamente.<\/li>\n<\/ol>\n<h2><span class=\"ez-toc-section\" id=\"Tipos_de_trampas_termodinamicas\"><\/span><span style=\"font-size: 22px;\">Tipos de trampas termodin\u00e1micas<\/span><span class=\"ez-toc-section-end\"><\/span><\/h2>\n<p>Existen 3 tipos de trampas de vapor termodin\u00e1micas:<\/p>\n<p>Trampa termodin\u00e1mica de disco: En las trampas termodin\u00e1micas de disco, el disco permite que la v\u00e1lvula se abra y se cierre con la presi\u00f3n entrante. El l\u00edquido condensado y el aire del sistema se descargan. Cuando la temperatura del l\u00edquido alcanza la temperatura del vapor, se forma vapor fresco. El vapor fresco resultante cierra el disco y el sistema se repite as\u00ed.<\/p>\n<p>Trampa termodin\u00e1mica rec\u00edproca: el principio de funcionamiento de las trampas rec\u00edprocas es similar al de las trampas de disco. La \u00fanica diferencia es que el disco es reemplazado por el pist\u00f3n. Bajo la influencia de la presi\u00f3n, el pist\u00f3n cierra la v\u00e1lvula y cuando cae la presi\u00f3n, la v\u00e1lvula se abre de nuevo.<\/p>\n<p>Trampa termodin\u00e1mica de palanca: este tipo de trampa de vapor es similar al principio de funcionamiento de las trampas termodin\u00e1micas rec\u00edprocas. La apertura y cierre de la v\u00e1lvula es controlada por la palanca.<\/p>\n<h2><span class=\"ez-toc-section\" id=\"Caracteristicas_generales\"><\/span><span style=\"font-size: 22px;\">Caracter\u00edsticas generales<\/span><span class=\"ez-toc-section-end\"><\/span><\/h2>\n<ul>\n<li>Es simple, robusto y fiable.<\/li>\n<li>Pueden operar a temperaturas y presiones muy altas.<\/li>\n<li>Inicialmente, la presi\u00f3n entrante eleva el disco y el condensado fr\u00edo se descarga inmediatamente.<\/li>\n<li>El condensado caliente que fluye a trav\u00e9s del conducto de entrada a la c\u00e1mara debajo del disco reduce la presi\u00f3n y libera el vapor instant\u00e1neo que se mueve a alta velocidad. Esta alta velocidad crea un \u00e1rea de baja presi\u00f3n debajo del disco, jal\u00e1ndolo hacia su asiento.<\/li>\n<li>La velocidad de funcionamiento depende de la temperatura del vapor y de las condiciones ambientales.<\/li>\n<li>La mayor\u00eda de las trampas permanecer\u00e1n cerradas durante 20 a 40 segundos. Si la trampa se abre con demasiada frecuencia, quiz\u00e1s debido a un lugar fr\u00edo, h\u00famedo o ventoso, se puede reducir la velocidad de apertura instalando una cubierta aislante en la parte superior de la trampa.<\/li>\n<\/ul>\n<h2><span class=\"ez-toc-section\" id=\"Caracteristicas_del_Producto\"><\/span><span style=\"font-size: 22px;\">Caracter\u00edsticas del Producto<\/span><span class=\"ez-toc-section-end\"><\/span><\/h2>\n<ul>\n<li><strong>Modelo:<\/strong> UKT &#8211; 70 F<\/li>\n<li><strong>Tama\u00f1o:<\/strong> 1\/2&#8243;-3\/4&#8243;-1&#8243;<\/li>\n<li><strong>Cuerpo:<\/strong> Acero Forjado<\/li>\n<li><strong>Cubierta:<\/strong> Acero Inoxidable<\/li>\n<li><b>Asiento del disco colador:<\/b> Acero inoxidable<\/li>\n<li><strong>M\u00e1x. Presi\u00f3n operacional:<\/strong> 40 BAR<\/li>\n<li><strong>M\u00e1x. Temperatura de funcionamiento:<\/strong> 400\u00b0C<\/li>\n<li><strong>Min. Presi\u00f3n operacional<\/strong>: 0,3 BAR<\/li>\n<\/ul>\n<h2><span class=\"ez-toc-section\" id=\"Ventajas_de_la_Trampa_Termodinamica\"><\/span><span style=\"font-size: 22px;\">Ventajas de la Trampa Termodin\u00e1mica<\/span><span class=\"ez-toc-section-end\"><\/span><\/h2>\n<ul>\n<li>Tiene la caracter\u00edstica de trabajar durante todos los rangos de operaci\u00f3n. No necesitan ninguna configuraci\u00f3n o cambios internos.<\/li>\n<li>Es compacto, simple, liviano y tiene una gran capacidad de condensaci\u00f3n para su tama\u00f1o debido a las aberturas m\u00e1s grandes.<\/li>\n<li>Puede usarse en alta presi\u00f3n y vapor sobrecalentado y no se ve afectado por golpes de ariete o vibraciones.<\/li>\n<li>Disponible en una construcci\u00f3n completamente de acero inoxidable que ofrece un alto grado de resistencia al condensado corrosivo.<\/li>\n<li>El condensado no se da\u00f1a con la congelaci\u00f3n, y si el disco se instala en un plano vertical y se descarga libremente a la atm\u00f3sfera, es poco probable que se congele. Sin embargo, operar en esta posici\u00f3n puede causar que el borde del disco se desgaste.<\/li>\n<li>Dado que el disco es la \u00fanica parte m\u00f3vil, el mantenimiento se puede realizar f\u00e1cilmente sin quitar el sif\u00f3n de la l\u00ednea del sif\u00f3n quitando la cubierta superior atornillada o roscada.<\/li>\n<li>Hace un sonido de \u00abclic\u00bb audible cuando se abre y se cierra el grifo. Esto hace que la prueba de trampas sea muy f\u00e1cil y directa.<\/li>\n<\/ul>\n<p>&nbsp;<\/p>\n<p>Puede ver nuestro video para tener informaci\u00f3n m\u00e1s detallada sobre las trampas de vapor.<\/p>\n<p>&nbsp;<\/p>\n<p><iframe title=\"Kondenstop nedir? \u00c7al\u0131\u015fma Prensibi nedir? What is a steam trap? What is the Working Principle? #10\" width=\"500\" height=\"281\" src=\"https:\/\/www.youtube.com\/embed\/RYm9XG8YP_E?feature=oembed\" frameborder=\"0\" allow=\"accelerometer; autoplay; clipboard-write; encrypted-media; gyroscope; picture-in-picture; web-share\" referrerpolicy=\"strict-origin-when-cross-origin\" allowfullscreen><\/iframe><\/p>\n","protected":false},"excerpt":{"rendered":"<p><a href=\"https:\/\/unox.com.tr\/wp-content\/uploads\/2023\/01\/Termodinamik-Kondenstop-Flansli.pdf\" target=\"_blank\" rel=\"noopener\"><button style=\"background-color: #11224b; color: #ffffff; padding: 10px 15px; font-family: montserrat; font-weight: bold; font-size: 19px; border-radius: 10px;\"><img decoding=\"async\" style=\"width: 25px; height: 25px;\" src=\"https:\/\/unox.com.tr\/wp-content\/uploads\/2023\/02\/pdf-1.png\">CAT\u00c1LOGO DE PRODUCTO<\/button><\/a><\/p>\n<p><button style=\"background-color: #11224b; margin-top: 5px; color: white; padding: 0px 15px; width: 150px; height: 55px; border-radius: 10px; border: none; cursor: pointer;\"><br \/>\n<img decoding=\"async\" style=\"width: 120px; height: 30px;\" src=\"https:\/\/unox.com.tr\/wp-content\/uploads\/2023\/02\/4-1.svg\"><\/button><\/p>\n","protected":false},"featured_media":69573,"comment_status":"closed","ping_status":"closed","template":"","meta":[],"product_brand":[],"product_cat":[1097,480],"product_tag":[],"class_list":{"0":"post-39297","1":"product","2":"type-product","3":"status-publish","4":"has-post-thumbnail","6":"product_cat-trampas-de-vapor","7":"product_cat-trampa-de-vapor","9":"first","10":"instock","11":"shipping-taxable","12":"product-type-simple"},"_links":{"self":[{"href":"https:\/\/unox.com.tr\/es\/wp-json\/wp\/v2\/product\/39297","targetHints":{"allow":["GET"]}}],"collection":[{"href":"https:\/\/unox.com.tr\/es\/wp-json\/wp\/v2\/product"}],"about":[{"href":"https:\/\/unox.com.tr\/es\/wp-json\/wp\/v2\/types\/product"}],"replies":[{"embeddable":true,"href":"https:\/\/unox.com.tr\/es\/wp-json\/wp\/v2\/comments?post=39297"}],"version-history":[{"count":0,"href":"https:\/\/unox.com.tr\/es\/wp-json\/wp\/v2\/product\/39297\/revisions"}],"wp:featuredmedia":[{"embeddable":true,"href":"https:\/\/unox.com.tr\/es\/wp-json\/wp\/v2\/media\/69573"}],"wp:attachment":[{"href":"https:\/\/unox.com.tr\/es\/wp-json\/wp\/v2\/media?parent=39297"}],"wp:term":[{"taxonomy":"product_brand","embeddable":true,"href":"https:\/\/unox.com.tr\/es\/wp-json\/wp\/v2\/product_brand?post=39297"},{"taxonomy":"product_cat","embeddable":true,"href":"https:\/\/unox.com.tr\/es\/wp-json\/wp\/v2\/product_cat?post=39297"},{"taxonomy":"product_tag","embeddable":true,"href":"https:\/\/unox.com.tr\/es\/wp-json\/wp\/v2\/product_tag?post=39297"}],"curies":[{"name":"wp","href":"https:\/\/api.w.org\/{rel}","templated":true}]}}