{"id":39736,"date":"2022-12-12T05:54:05","date_gmt":"2022-12-12T02:54:05","guid":{"rendered":"https:\/\/www.unox.com.tr\/urun\/valvula-de-retencion-de-elevacion-con-brida\/"},"modified":"2023-02-27T13:37:00","modified_gmt":"2023-02-27T10:37:00","slug":"valvula-de-retencion-de-elevacion-con-bridas","status":"publish","type":"product","link":"https:\/\/unox.com.tr\/es\/valvula-de-retencion-de-elevacion-con-bridas\/","title":{"rendered":"V\u00e1lvula de Retenci\u00f3n de Elevaci\u00f3n Con Brida"},"content":{"rendered":"<div id=\"ez-toc-container\" class=\"ez-toc-v2_0_82_2 counter-hierarchy ez-toc-counter ez-toc-grey ez-toc-container-direction\">\n<div class=\"ez-toc-title-container\">\n<p class=\"ez-toc-title\" style=\"cursor:inherit\">Sayfa \u0130\u00e7eri\u011fi<\/p>\n<span class=\"ez-toc-title-toggle\"><a href=\"#\" class=\"ez-toc-pull-right ez-toc-btn ez-toc-btn-xs ez-toc-btn-default ez-toc-toggle\" aria-label=\"Alternar tabla de contenidos\"><span class=\"ez-toc-js-icon-con\"><span class=\"\"><span class=\"eztoc-hide\" style=\"display:none;\">Toggle<\/span><span class=\"ez-toc-icon-toggle-span\"><svg style=\"fill: #999;color:#999\" xmlns=\"http:\/\/www.w3.org\/2000\/svg\" class=\"list-377408\" width=\"20px\" height=\"20px\" viewBox=\"0 0 24 24\" fill=\"none\"><path d=\"M6 6H4v2h2V6zm14 0H8v2h12V6zM4 11h2v2H4v-2zm16 0H8v2h12v-2zM4 16h2v2H4v-2zm16 0H8v2h12v-2z\" fill=\"currentColor\"><\/path><\/svg><svg style=\"fill: #999;color:#999\" class=\"arrow-unsorted-368013\" xmlns=\"http:\/\/www.w3.org\/2000\/svg\" width=\"10px\" height=\"10px\" viewBox=\"0 0 24 24\" version=\"1.2\" baseProfile=\"tiny\"><path d=\"M18.2 9.3l-6.2-6.3-6.2 6.3c-.2.2-.3.4-.3.7s.1.5.3.7c.2.2.4.3.7.3h11c.3 0 .5-.1.7-.3.2-.2.3-.5.3-.7s-.1-.5-.3-.7zM5.8 14.7l6.2 6.3 6.2-6.3c.2-.2.3-.5.3-.7s-.1-.5-.3-.7c-.2-.2-.4-.3-.7-.3h-11c-.3 0-.5.1-.7.3-.2.2-.3.5-.3.7s.1.5.3.7z\"\/><\/svg><\/span><\/span><\/span><\/a><\/span><\/div>\n<nav><ul class='ez-toc-list ez-toc-list-level-1 ' ><li class='ez-toc-page-1 ez-toc-heading-level-2'><a class=\"ez-toc-link ez-toc-heading-1\" href=\"https:\/\/unox.com.tr\/es\/valvula-de-retencion-de-elevacion-con-bridas\/#%C2%BFQue_es_una_valvula_de_retencion_de_elevacion_con_brida\" >\u00bfQu\u00e9 es una v\u00e1lvula de retenci\u00f3n de elevaci\u00f3n con brida?<\/a><\/li><li class='ez-toc-page-1 ez-toc-heading-level-2'><a class=\"ez-toc-link ez-toc-heading-2\" href=\"https:\/\/unox.com.tr\/es\/valvula-de-retencion-de-elevacion-con-bridas\/#Principio_de_funcionamiento_de_la_valvula_de_retencion_de_elevacion_con_brida\" >Principio de funcionamiento de la v\u00e1lvula de retenci\u00f3n de elevaci\u00f3n con brida<\/a><\/li><\/ul><\/nav><\/div>\n<h2><span class=\"ez-toc-section\" id=\"%C2%BFQue_es_una_valvula_de_retencion_de_elevacion_con_brida\"><\/span><span style=\"font-size: 22px;\">\u00bfQu\u00e9 es una v\u00e1lvula de retenci\u00f3n de elevaci\u00f3n con brida?<\/span><span class=\"ez-toc-section-end\"><\/span><\/h2>\n<p>Las v\u00e1lvulas de retenci\u00f3n de elevaci\u00f3n con bridas son dispositivos que permiten el paso de l\u00edquidos en un solo sentido. Estos dispositivos, que tienen dos puntos de conexi\u00f3n, uno de los cuales da la entrada del fluido a la salida del fluido, tambi\u00e9n se denominan en el mercado \u00abv\u00e1lvulas unidireccionales\u00bb o \u00abv\u00e1lvulas antirretorno\u00bb, ya que permiten el paso del fluido en una direcci\u00f3n. Para que las v\u00e1lvulas de retenci\u00f3n funcionen, se requiere una diferencia de presi\u00f3n entre la entrada y la salida del fluido. Para que la v\u00e1lvula de retenci\u00f3n permita el flujo, la presi\u00f3n en la entrada debe ser mayor que en la salida. La v\u00e1lvula de retenci\u00f3n se cerrar\u00e1 cuando la presi\u00f3n en el lado de salida sea mayor que la presi\u00f3n de entrada. Las v\u00e1lvulas de retenci\u00f3n tienen diferentes mecanismos de cierre. A diferencia de otras v\u00e1lvulas, no necesitan energ\u00edas auxiliares (mando manual, actuadores el\u00e9ctricos o neum\u00e1ticos) para cerrar.<\/p>\n<p>Las v\u00e1lvulas de retenci\u00f3n se prefieren en aplicaciones donde el reflujo causar\u00e1 problemas (prevenci\u00f3n del retorno de aguas residuales, la posibilidad de da\u00f1ar un equipo, aplicaciones de \u00f3smosis inversa, etc.).<\/p>\n<p>Otra raz\u00f3n por la que se prefieren las v\u00e1lvulas de retenci\u00f3n es que son baratas y f\u00e1ciles de conseguir. Es un producto de estanter\u00eda y se puede encontrar en stock en general.<\/p>\n<h2><span class=\"ez-toc-section\" id=\"Principio_de_funcionamiento_de_la_valvula_de_retencion_de_elevacion_con_brida\"><\/span><span style=\"font-size: 22px;\">Principio de funcionamiento de la v\u00e1lvula de retenci\u00f3n de elevaci\u00f3n con brida<\/span><span class=\"ez-toc-section-end\"><\/span><\/h2>\n<p>Para que las v\u00e1lvulas de retenci\u00f3n se abran, la presi\u00f3n en el momento de la apertura se denomina \u00abPresi\u00f3n de separaci\u00f3n\u00bb o \u00abPresi\u00f3n de apertura\u00bb. Tan pronto como la presi\u00f3n en el lado de entrada de la v\u00e1lvula de retenci\u00f3n sea igual y mayor que la presi\u00f3n de flujo, la v\u00e1lvula de retenci\u00f3n comienza a abrirse y se permite el paso del fluido. Dependiendo del dise\u00f1o, cuando la presi\u00f3n en la entrada comienza a caer, una aleta, bola o diafragma, seg\u00fan el dise\u00f1o, se mueve en contra de la direcci\u00f3n del flujo, cerrando el orificio. Este cierre lo proporciona unas veces un resorte y otras aprovechando la gravedad.<\/p>\n<p>&nbsp;<\/p>\n","protected":false},"excerpt":{"rendered":"<p><a href=\"https:\/\/unox.com.tr\/wp-content\/uploads\/2022\/12\/PN16-FLAN-LIFT-CEK-VANA-PIK-DOKUM.pdf\" target=\"_blank\" rel=\"noopener\"><button style=\"background-color: #11224b; color: #ffffff; padding: 10px 15px; font-family: montserrat; font-weight: bold; font-size: 19px; border-radius: 10px;\"><img decoding=\"async\" style=\"width: 25px; height: 25px;\" src=\"https:\/\/unox.com.tr\/wp-content\/uploads\/2023\/02\/pdf-1.png\">CAT\u00c1LOGO DE PRODUCTO<\/button><\/a><\/p>\n<p><button style=\"background-color: #11224b; margin-top: 5px; color: white; padding: 0px 15px; width: 150px; height: 55px; border-radius: 10px; border: none; cursor: pointer;\"><br \/>\n<img decoding=\"async\" style=\"width: 120px; height: 30px;\" src=\"https:\/\/unox.com.tr\/wp-content\/uploads\/2023\/02\/4-1.svg\"><\/button><\/p>\n","protected":false},"featured_media":59280,"comment_status":"open","ping_status":"closed","template":"","meta":{"_joinchat":[]},"product_brand":[],"product_cat":[494,493],"product_tag":[],"class_list":{"0":"post-39736","1":"product","2":"type-product","3":"status-publish","4":"has-post-thumbnail","6":"product_cat-grupo-de-valvulas","7":"product_cat-revisar-valvulas","9":"first","10":"instock","11":"shipping-taxable","12":"product-type-simple"},"_links":{"self":[{"href":"https:\/\/unox.com.tr\/es\/wp-json\/wp\/v2\/product\/39736","targetHints":{"allow":["GET"]}}],"collection":[{"href":"https:\/\/unox.com.tr\/es\/wp-json\/wp\/v2\/product"}],"about":[{"href":"https:\/\/unox.com.tr\/es\/wp-json\/wp\/v2\/types\/product"}],"replies":[{"embeddable":true,"href":"https:\/\/unox.com.tr\/es\/wp-json\/wp\/v2\/comments?post=39736"}],"version-history":[{"count":0,"href":"https:\/\/unox.com.tr\/es\/wp-json\/wp\/v2\/product\/39736\/revisions"}],"wp:featuredmedia":[{"embeddable":true,"href":"https:\/\/unox.com.tr\/es\/wp-json\/wp\/v2\/media\/59280"}],"wp:attachment":[{"href":"https:\/\/unox.com.tr\/es\/wp-json\/wp\/v2\/media?parent=39736"}],"wp:term":[{"taxonomy":"product_brand","embeddable":true,"href":"https:\/\/unox.com.tr\/es\/wp-json\/wp\/v2\/product_brand?post=39736"},{"taxonomy":"product_cat","embeddable":true,"href":"https:\/\/unox.com.tr\/es\/wp-json\/wp\/v2\/product_cat?post=39736"},{"taxonomy":"product_tag","embeddable":true,"href":"https:\/\/unox.com.tr\/es\/wp-json\/wp\/v2\/product_tag?post=39736"}],"curies":[{"name":"wp","href":"https:\/\/api.w.org\/{rel}","templated":true}]}}