{"id":39739,"date":"2022-12-09T14:54:40","date_gmt":"2022-12-09T14:54:40","guid":{"rendered":"https:\/\/www.unox.com.tr\/urun\/colador-con-bridas\/"},"modified":"2023-02-27T13:39:52","modified_gmt":"2023-02-27T10:39:52","slug":"portafiltros-con-bridas","status":"publish","type":"product","link":"https:\/\/unox.com.tr\/es\/portafiltros-con-bridas\/","title":{"rendered":"Colador Con Bridas"},"content":{"rendered":"<div id=\"ez-toc-container\" class=\"ez-toc-v2_0_82_2 counter-hierarchy ez-toc-counter ez-toc-grey ez-toc-container-direction\">\n<div class=\"ez-toc-title-container\">\n<p class=\"ez-toc-title\" style=\"cursor:inherit\">Sayfa \u0130\u00e7eri\u011fi<\/p>\n<span class=\"ez-toc-title-toggle\"><a href=\"#\" class=\"ez-toc-pull-right ez-toc-btn ez-toc-btn-xs ez-toc-btn-default ez-toc-toggle\" aria-label=\"Alternar tabla de contenidos\"><span class=\"ez-toc-js-icon-con\"><span class=\"\"><span class=\"eztoc-hide\" style=\"display:none;\">Toggle<\/span><span class=\"ez-toc-icon-toggle-span\"><svg style=\"fill: #999;color:#999\" xmlns=\"http:\/\/www.w3.org\/2000\/svg\" class=\"list-377408\" width=\"20px\" height=\"20px\" viewBox=\"0 0 24 24\" fill=\"none\"><path d=\"M6 6H4v2h2V6zm14 0H8v2h12V6zM4 11h2v2H4v-2zm16 0H8v2h12v-2zM4 16h2v2H4v-2zm16 0H8v2h12v-2z\" fill=\"currentColor\"><\/path><\/svg><svg style=\"fill: #999;color:#999\" class=\"arrow-unsorted-368013\" xmlns=\"http:\/\/www.w3.org\/2000\/svg\" width=\"10px\" height=\"10px\" viewBox=\"0 0 24 24\" version=\"1.2\" baseProfile=\"tiny\"><path d=\"M18.2 9.3l-6.2-6.3-6.2 6.3c-.2.2-.3.4-.3.7s.1.5.3.7c.2.2.4.3.7.3h11c.3 0 .5-.1.7-.3.2-.2.3-.5.3-.7s-.1-.5-.3-.7zM5.8 14.7l6.2 6.3 6.2-6.3c.2-.2.3-.5.3-.7s-.1-.5-.3-.7c-.2-.2-.4-.3-.7-.3h-11c-.3 0-.5.1-.7.3-.2.2-.3.5-.3.7s.1.5.3.7z\"\/><\/svg><\/span><\/span><\/span><\/a><\/span><\/div>\n<nav><ul class='ez-toc-list ez-toc-list-level-1 ' ><li class='ez-toc-page-1 ez-toc-heading-level-2'><a class=\"ez-toc-link ez-toc-heading-1\" href=\"https:\/\/unox.com.tr\/es\/portafiltros-con-bridas\/#%C2%BFQue_es_un_colador_con_bridas\" >\u00bfQu\u00e9 es un colador con bridas?<\/a><\/li><li class='ez-toc-page-1 ez-toc-heading-level-2'><a class=\"ez-toc-link ez-toc-heading-2\" href=\"https:\/\/unox.com.tr\/es\/portafiltros-con-bridas\/#%C2%BFDonde_se_usa_el_colador\" >\u00bfD\u00f3nde se usa el colador?<\/a><\/li><li class='ez-toc-page-1 ez-toc-heading-level-2'><a class=\"ez-toc-link ez-toc-heading-3\" href=\"https:\/\/unox.com.tr\/es\/portafiltros-con-bridas\/#Ambito_de_Aplicacion\" >\u00c1mbito de Aplicaci\u00f3n<\/a><\/li><\/ul><\/nav><\/div>\n<h2><span class=\"ez-toc-section\" id=\"%C2%BFQue_es_un_colador_con_bridas\"><\/span><span style=\"font-size: 22px;\">\u00bfQu\u00e9 es un colador con bridas?<\/span><span class=\"ez-toc-section-end\"><\/span><\/h2>\n<p>Se puede definir como un accesorio de tuber\u00eda que act\u00faa como una pantalla o filtro que se usa para evitar que los s\u00f3lidos se mezclen en la corriente l\u00edquida. Captura residuos de tuber\u00edas como incrustaciones, \u00f3xido, compuestos para juntas y metal de soldadura dentro de las tuber\u00edas, protegiendo los equipos y procesos de sus efectos nocivos, reduciendo as\u00ed el tiempo de inactividad y el mantenimiento. Usando los filtros correctos en las ubicaciones correctas, bombas, medidores de flujo, trampas, v\u00e1lvulas de control, etc. Es imprescindible para equipos de flujo costosos y cr\u00edticos, como la salud y la operaci\u00f3n de larga duraci\u00f3n.  Estos equipos mec\u00e1nicos, que se pueden limpiar f\u00e1cilmente sin desmontarlos, tambi\u00e9n son muy f\u00e1ciles de mantener.<\/p>\n<h2><span class=\"ez-toc-section\" id=\"%C2%BFDonde_se_usa_el_colador\"><\/span><span style=\"font-size: 22px;\">\u00bfD\u00f3nde se usa el colador?<\/span><span class=\"ez-toc-section-end\"><\/span><\/h2>\n<p>Los filtros se utilizan en varios sistemas de plomer\u00eda. Estos sistemas de plomer\u00eda incluyen varios sistemas, como sistemas de plomer\u00eda, gas, ventilaci\u00f3n, calefacci\u00f3n y refrigeraci\u00f3n. Se utiliza para evitar el flujo de suciedad, suciedad y otros desechos en las v\u00e1lvulas, para que la operaci\u00f3n de los sistemas de instalaci\u00f3n contin\u00fae de manera regular. Es una parte importante para mantener el funcionamiento de los sistemas de plomer\u00eda de manera ordenada y, por lo tanto, se usa en varios lugares.<\/p>\n<h2><span class=\"ez-toc-section\" id=\"Ambito_de_Aplicacion\"><\/span><span style=\"font-size: 22px;\">\u00c1mbito de Aplicaci\u00f3n<\/span><span class=\"ez-toc-section-end\"><\/span><\/h2>\n<ul>\n<li>Agua<\/li>\n<li>Agua Tibia<\/li>\n<li>Agua Caliente<\/li>\n<li>Aire Comprimido<\/li>\n<li>Gases no Inflamables<\/li>\n<li>Aplicaciones Industriales<\/li>\n<\/ul>\n","protected":false},"excerpt":{"rendered":"<p><a href=\"https:\/\/unox.com.tr\/wp-content\/uploads\/2022\/12\/pislik-tutucu-1.pdf\" target=\"_blank\" rel=\"noopener\"><button style=\"background-color: #11224b; color: #ffffff; padding: 10px 15px; font-family: montserrat; font-weight: bold; font-size: 19px; border-radius: 10px;\"><img decoding=\"async\" style=\"width: 25px; height: 25px;\" src=\"https:\/\/unox.com.tr\/wp-content\/uploads\/2023\/02\/pdf-1.png\">CAT\u00c1LOGO DE PRODUCTO<\/button><\/a><\/p>\n<p><button style=\"background-color: #11224b; margin-top: 5px; color: white; padding: 0px 15px; width: 150px; height: 55px; border-radius: 10px; border: none; cursor: pointer;\"><br \/>\n<img decoding=\"async\" style=\"width: 120px; height: 30px;\" src=\"https:\/\/unox.com.tr\/wp-content\/uploads\/2023\/02\/4-1.svg\"><\/button><\/p>\n","protected":false},"featured_media":59304,"comment_status":"open","ping_status":"closed","template":"","meta":{"_joinchat":[]},"product_brand":[],"product_cat":[497,494],"product_tag":[],"class_list":{"0":"post-39739","1":"product","2":"type-product","3":"status-publish","4":"has-post-thumbnail","6":"product_cat-filtros-tipo-y","7":"product_cat-grupo-de-valvulas","9":"first","10":"instock","11":"shipping-taxable","12":"product-type-simple"},"_links":{"self":[{"href":"https:\/\/unox.com.tr\/es\/wp-json\/wp\/v2\/product\/39739","targetHints":{"allow":["GET"]}}],"collection":[{"href":"https:\/\/unox.com.tr\/es\/wp-json\/wp\/v2\/product"}],"about":[{"href":"https:\/\/unox.com.tr\/es\/wp-json\/wp\/v2\/types\/product"}],"replies":[{"embeddable":true,"href":"https:\/\/unox.com.tr\/es\/wp-json\/wp\/v2\/comments?post=39739"}],"version-history":[{"count":0,"href":"https:\/\/unox.com.tr\/es\/wp-json\/wp\/v2\/product\/39739\/revisions"}],"wp:featuredmedia":[{"embeddable":true,"href":"https:\/\/unox.com.tr\/es\/wp-json\/wp\/v2\/media\/59304"}],"wp:attachment":[{"href":"https:\/\/unox.com.tr\/es\/wp-json\/wp\/v2\/media?parent=39739"}],"wp:term":[{"taxonomy":"product_brand","embeddable":true,"href":"https:\/\/unox.com.tr\/es\/wp-json\/wp\/v2\/product_brand?post=39739"},{"taxonomy":"product_cat","embeddable":true,"href":"https:\/\/unox.com.tr\/es\/wp-json\/wp\/v2\/product_cat?post=39739"},{"taxonomy":"product_tag","embeddable":true,"href":"https:\/\/unox.com.tr\/es\/wp-json\/wp\/v2\/product_tag?post=39739"}],"curies":[{"name":"wp","href":"https:\/\/api.w.org\/{rel}","templated":true}]}}