{"id":39745,"date":"2022-12-09T14:21:33","date_gmt":"2022-12-09T11:21:33","guid":{"rendered":"https:\/\/www.unox.com.tr\/urun\/valvula-de-bola-con-brida-paso-total-2p\/"},"modified":"2025-02-14T11:18:59","modified_gmt":"2025-02-14T08:18:59","slug":"valvula-de-bola-brida-paso-total-2p","status":"publish","type":"product","link":"https:\/\/unox.com.tr\/es\/valvula-de-bola-brida-paso-total-2p\/","title":{"rendered":"V\u00e1lvula de Bola Con Brida &#8211; Paso Total \/ 2P"},"content":{"rendered":"<div id=\"ez-toc-container\" class=\"ez-toc-v2_0_82_2 counter-hierarchy ez-toc-counter ez-toc-grey ez-toc-container-direction\">\n<div class=\"ez-toc-title-container\">\n<p class=\"ez-toc-title\" style=\"cursor:inherit\">Sayfa \u0130\u00e7eri\u011fi<\/p>\n<span class=\"ez-toc-title-toggle\"><a href=\"#\" class=\"ez-toc-pull-right ez-toc-btn ez-toc-btn-xs ez-toc-btn-default ez-toc-toggle\" aria-label=\"Alternar tabla de contenidos\"><span class=\"ez-toc-js-icon-con\"><span class=\"\"><span class=\"eztoc-hide\" style=\"display:none;\">Toggle<\/span><span class=\"ez-toc-icon-toggle-span\"><svg style=\"fill: #999;color:#999\" xmlns=\"http:\/\/www.w3.org\/2000\/svg\" class=\"list-377408\" width=\"20px\" height=\"20px\" viewBox=\"0 0 24 24\" fill=\"none\"><path d=\"M6 6H4v2h2V6zm14 0H8v2h12V6zM4 11h2v2H4v-2zm16 0H8v2h12v-2zM4 16h2v2H4v-2zm16 0H8v2h12v-2z\" fill=\"currentColor\"><\/path><\/svg><svg style=\"fill: #999;color:#999\" class=\"arrow-unsorted-368013\" xmlns=\"http:\/\/www.w3.org\/2000\/svg\" width=\"10px\" height=\"10px\" viewBox=\"0 0 24 24\" version=\"1.2\" baseProfile=\"tiny\"><path d=\"M18.2 9.3l-6.2-6.3-6.2 6.3c-.2.2-.3.4-.3.7s.1.5.3.7c.2.2.4.3.7.3h11c.3 0 .5-.1.7-.3.2-.2.3-.5.3-.7s-.1-.5-.3-.7zM5.8 14.7l6.2 6.3 6.2-6.3c.2-.2.3-.5.3-.7s-.1-.5-.3-.7c-.2-.2-.4-.3-.7-.3h-11c-.3 0-.5.1-.7.3-.2.2-.3.5-.3.7s.1.5.3.7z\"\/><\/svg><\/span><\/span><\/span><\/a><\/span><\/div>\n<nav><ul class='ez-toc-list ez-toc-list-level-1 ' ><li class='ez-toc-page-1 ez-toc-heading-level-2'><a class=\"ez-toc-link ez-toc-heading-1\" href=\"https:\/\/unox.com.tr\/es\/valvula-de-bola-brida-paso-total-2p\/#%C2%BFQue_es_una_valvula_de_bola_con_brida\" >\u00bfQu\u00e9 es una v\u00e1lvula de bola con brida?<\/a><\/li><li class='ez-toc-page-1 ez-toc-heading-level-2'><a class=\"ez-toc-link ez-toc-heading-2\" href=\"https:\/\/unox.com.tr\/es\/valvula-de-bola-brida-paso-total-2p\/#%C2%BFQue_es_la_brida\" >\u00bfQu\u00e9 es la brida?<\/a><\/li><li class='ez-toc-page-1 ez-toc-heading-level-2'><a class=\"ez-toc-link ez-toc-heading-3\" href=\"https:\/\/unox.com.tr\/es\/valvula-de-bola-brida-paso-total-2p\/#Ambito_de_Aplicacion\" >\u00c1mbito de Aplicaci\u00f3n<\/a><\/li><li class='ez-toc-page-1 ez-toc-heading-level-2'><a class=\"ez-toc-link ez-toc-heading-4\" href=\"https:\/\/unox.com.tr\/es\/valvula-de-bola-brida-paso-total-2p\/#Ventajas_y_desventajas_de_las_valvulas_de_bola\" >Ventajas y desventajas de las v\u00e1lvulas de bola<\/a><ul class='ez-toc-list-level-3' ><li class='ez-toc-heading-level-3'><a class=\"ez-toc-link ez-toc-heading-5\" href=\"https:\/\/unox.com.tr\/es\/valvula-de-bola-brida-paso-total-2p\/#Ventajas\" >Ventajas<\/a><\/li><li class='ez-toc-page-1 ez-toc-heading-level-3'><a class=\"ez-toc-link ez-toc-heading-6\" href=\"https:\/\/unox.com.tr\/es\/valvula-de-bola-brida-paso-total-2p\/#Desventajas\" >Desventajas<\/a><\/li><\/ul><\/li><\/ul><\/nav><\/div>\n<h2><span class=\"ez-toc-section\" id=\"%C2%BFQue_es_una_valvula_de_bola_con_brida\"><\/span><span style=\"font-size: 22px;\">\u00bfQu\u00e9 es una v\u00e1lvula de bola con brida?<\/span><span class=\"ez-toc-section-end\"><\/span><\/h2>\n<p>v\u00e1lvula de bola con brida; Es una v\u00e1lvula rotativa de un cuarto de vuelta que utiliza un disco de forma esf\u00e9rica para detener o iniciar el flujo. Se define como un dispositivo mec\u00e1nico que dirige y modula el flujo de varios tipos de l\u00edquidos a trav\u00e9s de la apertura de una esfera con una abertura en el medio de la v\u00e1lvula. Al girar la manija de la v\u00e1lvula de bola, abre\/cierra manualmente el puerto que controla la presi\u00f3n del flujo de fluido. La durabilidad y el excelente cierre son caracter\u00edsticas que hacen que la v\u00e1lvula de bola sea una ventaja sobre otros tipos de v\u00e1lvulas.<\/p>\n<h2><span class=\"ez-toc-section\" id=\"%C2%BFQue_es_la_brida\"><\/span><span style=\"font-size: 22px;\">\u00bfQu\u00e9 es la brida?<\/span><span class=\"ez-toc-section-end\"><\/span><\/h2>\n<p>Las dimensiones de la brida de acero inoxidable pueden diferir para las v\u00e1lvulas de bola con brida. La caracter\u00edstica m\u00e1s importante de las v\u00e1lvulas fabricadas con brida inoxidable es su alta durabilidad. Las bridas de acero inoxidable tienen diferentes tipos y diferentes tama\u00f1os de brida dependiendo de d\u00f3nde se utilicen. Las bridas ciegas de acero inoxidable y las bridas normadas se producen en diferentes tama\u00f1os y se utilizan en v\u00e1lvulas de bola de acero inoxidable. Las caracter\u00edsticas a considerar para determinar la v\u00e1lvula adecuada ser\u00e1n la temperatura y la presi\u00f3n, la cantidad de puertos, el tama\u00f1o de la v\u00e1lvula, el tipo de material del cuerpo, las conexiones finales y las configuraciones.<\/p>\n<h2><span class=\"ez-toc-section\" id=\"Ambito_de_Aplicacion\"><\/span><span style=\"font-size: 22px;\">\u00c1mbito de Aplicaci\u00f3n<\/span><span class=\"ez-toc-section-end\"><\/span><\/h2>\n<ul>\n<li>Aplicaciones de aire, gas y l\u00edquido<\/li>\n<li>Drenajes y venteos en servicios de l\u00edquidos, gas y otros l\u00edquidos<\/li>\n<li>Servicio de vapor<\/li>\n<li>Instalaciones de alimentos<\/li>\n<li>Industria qu\u00edmica<\/li>\n<li>Mascota de papel vs. \u00e1reas de reciclaje<\/li>\n<\/ul>\n<h2><span class=\"ez-toc-section\" id=\"Ventajas_y_desventajas_de_las_valvulas_de_bola\"><\/span><span style=\"font-size: 22px;\">Ventajas y desventajas de las v\u00e1lvulas de bola<\/span><span class=\"ez-toc-section-end\"><\/span><\/h2>\n<h3><span class=\"ez-toc-section\" id=\"Ventajas\"><\/span><span style=\"font-size: 20px;\">Ventajas<\/span><span class=\"ez-toc-section-end\"><\/span><\/h3>\n<ul>\n<li>Operaci\u00f3n r\u00e1pida de encendido y apagado<\/li>\n<li>Sellado herm\u00e9tico de par bajo<\/li>\n<li>De tama\u00f1o m\u00e1s peque\u00f1o que la mayor\u00eda de las otras v\u00e1lvulas<\/li>\n<\/ul>\n<h3><span class=\"ez-toc-section\" id=\"Desventajas\"><\/span><span style=\"font-size: 20px;\">Desventajas<\/span><span class=\"ez-toc-section-end\"><\/span><\/h3>\n<ul>\n<li>Las v\u00e1lvulas de bola convencionales tienen malas propiedades de estrangulaci\u00f3n.<\/li>\n<li>En lodo u otras aplicaciones, las part\u00edculas suspendidas pueden asentarse, quedar atrapadas en las cavidades del cuerpo y causar desgaste, fugas o fallas en las v\u00e1lvulas.<\/li>\n<\/ul>\n<p>&nbsp;<\/p>\n","protected":false},"excerpt":{"rendered":"<p><a href=\"https:\/\/unox.com.tr\/wp-content\/uploads\/2022\/12\/FLANSLI-KURESEL-VANA.pdf\" target=\"_blank\" rel=\"noopener\"><button style=\"background-color: #11224b; color: #ffffff; padding: 10px 15px; font-family: montserrat; font-weight: bold; font-size: 19px; border-radius: 10px;\"><img decoding=\"async\" style=\"width: 25px; height: 25px;\" src=\"https:\/\/unox.com.tr\/wp-content\/uploads\/2023\/02\/pdf-1.png\">CAT\u00c1LOGO DE PRODUCTO<\/button><\/a><\/p>\n<p><button style=\"background-color: #11224b; margin-top: 5px; color: white; padding: 0px 15px; width: 150px; height: 55px; border-radius: 10px; border: none; cursor: pointer;\"><br \/>\n<img decoding=\"async\" style=\"width: 120px; height: 30px;\" src=\"https:\/\/unox.com.tr\/wp-content\/uploads\/2023\/02\/4-1.svg\"><\/button><\/p>\n","protected":false},"featured_media":59381,"comment_status":"open","ping_status":"closed","template":"","meta":{"_joinchat":[]},"product_brand":[],"product_cat":[494,496],"product_tag":[],"class_list":{"0":"post-39745","1":"product","2":"type-product","3":"status-publish","4":"has-post-thumbnail","6":"product_cat-grupo-de-valvulas","7":"product_cat-valvulas-de-bola","9":"first","10":"instock","11":"shipping-taxable","12":"product-type-simple"},"_links":{"self":[{"href":"https:\/\/unox.com.tr\/es\/wp-json\/wp\/v2\/product\/39745","targetHints":{"allow":["GET"]}}],"collection":[{"href":"https:\/\/unox.com.tr\/es\/wp-json\/wp\/v2\/product"}],"about":[{"href":"https:\/\/unox.com.tr\/es\/wp-json\/wp\/v2\/types\/product"}],"replies":[{"embeddable":true,"href":"https:\/\/unox.com.tr\/es\/wp-json\/wp\/v2\/comments?post=39745"}],"version-history":[{"count":0,"href":"https:\/\/unox.com.tr\/es\/wp-json\/wp\/v2\/product\/39745\/revisions"}],"wp:featuredmedia":[{"embeddable":true,"href":"https:\/\/unox.com.tr\/es\/wp-json\/wp\/v2\/media\/59381"}],"wp:attachment":[{"href":"https:\/\/unox.com.tr\/es\/wp-json\/wp\/v2\/media?parent=39745"}],"wp:term":[{"taxonomy":"product_brand","embeddable":true,"href":"https:\/\/unox.com.tr\/es\/wp-json\/wp\/v2\/product_brand?post=39745"},{"taxonomy":"product_cat","embeddable":true,"href":"https:\/\/unox.com.tr\/es\/wp-json\/wp\/v2\/product_cat?post=39745"},{"taxonomy":"product_tag","embeddable":true,"href":"https:\/\/unox.com.tr\/es\/wp-json\/wp\/v2\/product_tag?post=39745"}],"curies":[{"name":"wp","href":"https:\/\/api.w.org\/{rel}","templated":true}]}}