{"id":40009,"date":"2020-09-18T07:03:16","date_gmt":"2020-09-18T04:03:16","guid":{"rendered":"https:\/\/www.unox.com.tr\/urun\/valvula-de-bola-de-acero-inoxidable-de-2-piezas-roscada\/"},"modified":"2024-03-26T09:19:29","modified_gmt":"2024-03-26T06:19:29","slug":"valvula-de-bola-de-acero-inoxidable-de-2-piezas-roscada","status":"publish","type":"product","link":"https:\/\/unox.com.tr\/es\/valvula-de-bola-de-acero-inoxidable-de-2-piezas-roscada\/","title":{"rendered":"V\u00e1lvula de Bola de Acero Inoxidable de 2 Piezas &#8211; Roscada"},"content":{"rendered":"<p><strong><span style=\"font-size: 22px;\">\u00bfQu\u00e9 es una v\u00e1lvula de bola de acero inoxidable de 2 piezas?<\/span><\/strong><\/p>\n<p>V\u00e1lvula de bola de acero inoxidable de 2 piezas; Es una v\u00e1lvula rotativa de un cuarto de vuelta que utiliza un disco de forma esf\u00e9rica para detener o iniciar el flujo. Se define como un dispositivo mec\u00e1nico que dirige y modula el flujo de varios tipos de l\u00edquidos a trav\u00e9s de la apertura de una esfera con una abertura en el medio de la v\u00e1lvula.<\/p>\n<p>Al girar la manija de la v\u00e1lvula, abre\/cierra manualmente el puerto que controla la presi\u00f3n del flujo de fluido. La durabilidad y el excelente cierre son caracter\u00edsticas que hacen que la v\u00e1lvula de bola sea una ventaja sobre otros tipos de v\u00e1lvulas.<\/p>\n<p><strong><span style=\"font-size: 22px;\">\u00bfC\u00f3mo funciona una v\u00e1lvula de bola de 2 piezas?<\/span><\/strong><\/p>\n<p>Los sistemas de control m\u00e1s complejos que usan v\u00e1lvulas que necesitan regular el flujo a trav\u00e9s de una tuber\u00eda necesitar\u00e1n un actuador. El actuador controla la v\u00e1lvula de forma neum\u00e1tica o el\u00e9ctrica y asegura que el flujo del fluido se posicione correctamente para ser sensible a las presiones y niveles de flujo variables.<\/p>\n<p>Las caracter\u00edsticas a considerar para determinar la v\u00e1lvula adecuada ser\u00e1n la temperatura y la presi\u00f3n, la cantidad de puertos, el tama\u00f1o de la v\u00e1lvula, el tipo de material del cuerpo, las conexiones finales y las configuraciones.<\/p>\n<p><strong><span style=\"font-size: 22px;\">Caracter\u00edsticas Generales<\/span><\/strong><\/p>\n<ul>\n<li><strong>Cuerpo:<\/strong> Acero Inoxidable AISI304<\/li>\n<li><strong>Esfera:<\/strong> Acero Inoxidable AISI304<\/li>\n<li><strong>Conexiones:<\/strong> Roscada BSP<\/li>\n<li><strong>Di\u00e1metro Nominal:<\/strong> DN15 (1\/2\u201d) &#8211; DN100 (4\u201d)<\/li>\n<li><strong>Valores de presi\u00f3n:<\/strong> M\u00e1x. 63 bar <\/li>\n<li><strong>Temperatura :<\/strong> -10\u00baC&#8217;\/+180\u00baC seg\u00fan estructura del material<\/li>\n<\/ul>\n<p><strong><span style=\"font-size: 22px;\">\u00c1mbito de Aplicaci\u00f3n<\/span><\/strong><\/p>\n<ul>\n<li>Aplicaciones de aire, gas y l\u00edquido<\/li>\n<li>Drenajes y venteos en servicios de l\u00edquidos, gas y otros l\u00edquidos<\/li>\n<li>Servicio de vapor<\/li>\n<li>Instalaciones de alimentos<\/li>\n<li>Industria qu\u00edmica<\/li>\n<li>Mascota de papel vs. \u00e1reas de reciclaje<\/li>\n<\/ul>\n<p><strong><span style=\"font-size: 22px;\">\u00bfCu\u00e1les son las ventajas y desventajas de las v\u00e1lvulas de bola?<\/span><\/strong><\/p>\n<p><strong><span style=\"font-size: 20px;\">Ventajas<\/span><\/strong><\/p>\n<ul>\n<li>Operaci\u00f3n r\u00e1pida de encendido y apagado<\/li>\n<li>Sellado herm\u00e9tico de par bajo<\/li>\n<li>De tama\u00f1o m\u00e1s peque\u00f1o que la mayor\u00eda de las otras v\u00e1lvulas<\/li>\n<\/ul>\n<p><strong><span style=\"font-size: 20px;\">Desventajas<\/span><\/strong><\/p>\n<ul>\n<li>Las v\u00e1lvulas de bola convencionales tienen malas propiedades de estrangulaci\u00f3n.<\/li>\n<li>En lodo u otras aplicaciones, las part\u00edculas suspendidas pueden asentarse, quedar atrapadas en las cavidades del cuerpo y causar desgaste, fugas o fallas en las v\u00e1lvulas.<\/li>\n<\/ul>\n","protected":false},"excerpt":{"rendered":"<p><a href=\"https:\/\/unox.com.tr\/wp-content\/uploads\/2023\/01\/2-PARCALI-DISLI-PASLANMAZ-KURESEL-VANA.pdf\" target=\"_blank\" rel=\"noopener\"><button style=\"background-color: #11224b; color: #ffffff; padding: 10px 15px; font-family: montserrat; font-weight: bold; font-size: 19px; border-radius: 10px;\"><img decoding=\"async\" style=\"width: 25px; height: 25px;\" src=\"https:\/\/unox.com.tr\/wp-content\/uploads\/2023\/02\/pdf-1.png\">CAT\u00c1LOGO DE PRODUCTO<\/button><\/a><\/p>\n<p><button style=\"background-color: #11224b; margin-top: 5px; color: white; padding: 0px 15px; width: 150px; height: 55px; border-radius: 10px; border: none; cursor: pointer;\"><br \/>\n<img decoding=\"async\" style=\"width: 120px; height: 30px;\" src=\"https:\/\/unox.com.tr\/wp-content\/uploads\/2023\/02\/4-1.svg\"><\/button><\/p>\n","protected":false},"featured_media":30211,"comment_status":"open","ping_status":"closed","template":"","meta":[],"product_brand":[],"product_cat":[496,494,1628],"product_tag":[],"class_list":{"0":"post-40009","1":"product","2":"type-product","3":"status-publish","4":"has-post-thumbnail","6":"product_cat-valvulas-de-bola","7":"product_cat-grupo-de-valvulas","8":"product_cat-valvula-de-acero-inoxidable","10":"first","11":"instock","12":"shipping-taxable","13":"product-type-simple"},"_links":{"self":[{"href":"https:\/\/unox.com.tr\/es\/wp-json\/wp\/v2\/product\/40009","targetHints":{"allow":["GET"]}}],"collection":[{"href":"https:\/\/unox.com.tr\/es\/wp-json\/wp\/v2\/product"}],"about":[{"href":"https:\/\/unox.com.tr\/es\/wp-json\/wp\/v2\/types\/product"}],"replies":[{"embeddable":true,"href":"https:\/\/unox.com.tr\/es\/wp-json\/wp\/v2\/comments?post=40009"}],"version-history":[{"count":0,"href":"https:\/\/unox.com.tr\/es\/wp-json\/wp\/v2\/product\/40009\/revisions"}],"wp:featuredmedia":[{"embeddable":true,"href":"https:\/\/unox.com.tr\/es\/wp-json\/wp\/v2\/media\/30211"}],"wp:attachment":[{"href":"https:\/\/unox.com.tr\/es\/wp-json\/wp\/v2\/media?parent=40009"}],"wp:term":[{"taxonomy":"product_brand","embeddable":true,"href":"https:\/\/unox.com.tr\/es\/wp-json\/wp\/v2\/product_brand?post=40009"},{"taxonomy":"product_cat","embeddable":true,"href":"https:\/\/unox.com.tr\/es\/wp-json\/wp\/v2\/product_cat?post=40009"},{"taxonomy":"product_tag","embeddable":true,"href":"https:\/\/unox.com.tr\/es\/wp-json\/wp\/v2\/product_tag?post=40009"}],"curies":[{"name":"wp","href":"https:\/\/api.w.org\/{rel}","templated":true}]}}