{"id":40067,"date":"2020-09-18T06:51:47","date_gmt":"2020-09-18T03:51:47","guid":{"rendered":"https:\/\/www.unox.com.tr\/urun\/valvula-de-compuerta-manual-de-cuchillo\/"},"modified":"2023-03-01T13:02:45","modified_gmt":"2023-03-01T10:02:45","slug":"valvula-de-compuerta-manual-de-cuchillo","status":"publish","type":"product","link":"https:\/\/unox.com.tr\/es\/valvula-de-compuerta-manual-de-cuchillo\/","title":{"rendered":"V\u00e1lvula de Compuerta Manual de Cuchillo"},"content":{"rendered":"<div id=\"ez-toc-container\" class=\"ez-toc-v2_0_82_2 counter-hierarchy ez-toc-counter ez-toc-grey ez-toc-container-direction\">\n<div class=\"ez-toc-title-container\">\n<p class=\"ez-toc-title\" style=\"cursor:inherit\">Sayfa \u0130\u00e7eri\u011fi<\/p>\n<span class=\"ez-toc-title-toggle\"><a href=\"#\" class=\"ez-toc-pull-right ez-toc-btn ez-toc-btn-xs ez-toc-btn-default ez-toc-toggle\" aria-label=\"Alternar tabla de contenidos\"><span class=\"ez-toc-js-icon-con\"><span class=\"\"><span class=\"eztoc-hide\" style=\"display:none;\">Toggle<\/span><span class=\"ez-toc-icon-toggle-span\"><svg style=\"fill: #999;color:#999\" xmlns=\"http:\/\/www.w3.org\/2000\/svg\" class=\"list-377408\" width=\"20px\" height=\"20px\" viewBox=\"0 0 24 24\" fill=\"none\"><path d=\"M6 6H4v2h2V6zm14 0H8v2h12V6zM4 11h2v2H4v-2zm16 0H8v2h12v-2zM4 16h2v2H4v-2zm16 0H8v2h12v-2z\" fill=\"currentColor\"><\/path><\/svg><svg style=\"fill: #999;color:#999\" class=\"arrow-unsorted-368013\" xmlns=\"http:\/\/www.w3.org\/2000\/svg\" width=\"10px\" height=\"10px\" viewBox=\"0 0 24 24\" version=\"1.2\" baseProfile=\"tiny\"><path d=\"M18.2 9.3l-6.2-6.3-6.2 6.3c-.2.2-.3.4-.3.7s.1.5.3.7c.2.2.4.3.7.3h11c.3 0 .5-.1.7-.3.2-.2.3-.5.3-.7s-.1-.5-.3-.7zM5.8 14.7l6.2 6.3 6.2-6.3c.2-.2.3-.5.3-.7s-.1-.5-.3-.7c-.2-.2-.4-.3-.7-.3h-11c-.3 0-.5.1-.7.3-.2.2-.3.5-.3.7s.1.5.3.7z\"\/><\/svg><\/span><\/span><\/span><\/a><\/span><\/div>\n<nav><ul class='ez-toc-list ez-toc-list-level-1 ' ><li class='ez-toc-page-1 ez-toc-heading-level-2'><a class=\"ez-toc-link ez-toc-heading-1\" href=\"https:\/\/unox.com.tr\/es\/valvula-de-compuerta-manual-de-cuchillo\/#%C2%BFQue_es_la_valvula_de_compuerta_de_cuchilla_manual\" >\u00bfQu\u00e9 es la v\u00e1lvula de compuerta de cuchilla manual?<\/a><\/li><li class='ez-toc-page-1 ez-toc-heading-level-2'><a class=\"ez-toc-link ez-toc-heading-2\" href=\"https:\/\/unox.com.tr\/es\/valvula-de-compuerta-manual-de-cuchillo\/#Informacion_tecnica_de_la_valvula_de_guillotina_manual\" >Informaci\u00f3n t\u00e9cnica de la v\u00e1lvula de guillotina manual<\/a><\/li><li class='ez-toc-page-1 ez-toc-heading-level-2'><a class=\"ez-toc-link ez-toc-heading-3\" href=\"https:\/\/unox.com.tr\/es\/valvula-de-compuerta-manual-de-cuchillo\/#Caracteristicas_Generales\" >Caracter\u00edsticas Generales<\/a><\/li><li class='ez-toc-page-1 ez-toc-heading-level-2'><a class=\"ez-toc-link ez-toc-heading-4\" href=\"https:\/\/unox.com.tr\/es\/valvula-de-compuerta-manual-de-cuchillo\/#Ambito_de_Aplicacion\" >\u00c1mbito de Aplicaci\u00f3n<\/a><\/li><\/ul><\/nav><\/div>\n<h2><span class=\"ez-toc-section\" id=\"%C2%BFQue_es_la_valvula_de_compuerta_de_cuchilla_manual\"><\/span><span style=\"font-size: 22px;\">\u00bfQu\u00e9 es la v\u00e1lvula de compuerta de cuchilla manual?<\/span><span class=\"ez-toc-section-end\"><\/span><\/h2>\n<p>Una v\u00e1lvula de compuerta de hoja manual es un tipo de v\u00e1lvula que utiliza una compuerta o un disco en forma de cu\u00f1a para controlar el flujo de fluido a trav\u00e9s de una tuber\u00eda. La compuerta se opera manualmente girando una palanca o rueda, que sube o baja la compuerta para abrir o cerrar la v\u00e1lvula. La puerta tiene un borde afilado, de ah\u00ed la llamada \u00abpuerta de cuchillo\u00bb que le permite cortar los s\u00f3lidos que pueden estar presentes en el l\u00edquido. Este tipo de v\u00e1lvula se usa com\u00fanmente en aplicaciones donde se requiere un cierre r\u00e1pido, como sistemas de riego, plantas de tratamiento de aguas residuales y l\u00edneas de procesos industriales. Tambi\u00e9n se usa a menudo en aplicaciones donde se espera que haya s\u00f3lidos en el l\u00edquido, ya que el borde afilado de la puerta le permite cortar y cerrar el flujo de s\u00f3lidos de manera efectiva.<\/p>\n<h2><span class=\"ez-toc-section\" id=\"Informacion_tecnica_de_la_valvula_de_guillotina_manual\"><\/span><span style=\"font-size: 22px;\">Informaci\u00f3n t\u00e9cnica de la v\u00e1lvula de guillotina manual<\/span><span class=\"ez-toc-section-end\"><\/span><\/h2>\n<ul>\n<li><strong>Cuerpo:<\/strong> GGG-40<\/li>\n<li><strong>Hoja:<\/strong> AISI 304 , AISI 316<\/li>\n<li><strong>Anillo de asiento:<\/strong> EPDM, NBR, Viton, Tefl\u00f3n<\/li>\n<li><strong>Temperatura de funcionamiento:<\/strong> -10 \u00baC \/ +110 \u00baC<\/li>\n<li><strong>Presi\u00f3n de trabajo:<\/strong> 16 bares<\/li>\n<li><strong>Clase de presi\u00f3n:<\/strong> PN16<\/li>\n<\/ul>\n<h2><span class=\"ez-toc-section\" id=\"Caracteristicas_Generales\"><\/span><span style=\"font-size: 22px;\">Caracter\u00edsticas Generales<\/span><span class=\"ez-toc-section-end\"><\/span><\/h2>\n<ul>\n<li>Existe un sellado unidireccional, se debe prestar atenci\u00f3n a la direcci\u00f3n de la instalaci\u00f3n.<\/li>\n<li>Puede instalarse entre dos bridas en el extremo de una tuber\u00eda o utilizando una brida opuesta. Est\u00e1 disponible la brida PN10.<\/li>\n<li>La junta de estanqueidad Klepe se puede sustituir en l\u00ednea.<\/li>\n<li>Adecuado para el montaje de actuadores gracias a la brida superior.<\/li>\n<li>El asiento de la junta de caucho EPDM se coloca dentro del cuerpo.<\/li>\n<li>Existen modelos de volante manual, pist\u00f3n neum\u00e1tico, actuador el\u00e9ctrico y caja de cambios.<\/li>\n<\/ul>\n<h2><span class=\"ez-toc-section\" id=\"Ambito_de_Aplicacion\"><\/span><span style=\"font-size: 22px;\">\u00c1mbito de Aplicaci\u00f3n<\/span><span class=\"ez-toc-section-end\"><\/span><\/h2>\n<ul>\n<li>L\u00edquidos de lodo<\/li>\n<li>Residuos, agua caliente y fr\u00eda<\/li>\n<li>Instalaci\u00f3n de la planta<\/li>\n<li>Plantas de tratamiento de agua<\/li>\n<li>Estaciones de bombeo<\/li>\n<li>Tanques<\/li>\n<li>Aplicaciones de agua de mar<\/li>\n<li>Centrales el\u00e9ctricas<\/li>\n<li>Aplicaciones industriales<\/li>\n<\/ul>\n","protected":false},"excerpt":{"rendered":"<p><a href=\"https:\/\/unox.com.tr\/wp-content\/uploads\/2023\/01\/Manuel-Bicak-Surgulu-Vana.pdf\" target=\"_blank\" rel=\"noopener\"><button style=\"background-color: #11224b; color: #ffffff; padding: 10px 15px; font-family: montserrat; font-weight: bold; font-size: 19px; border-radius: 10px;\"><img decoding=\"async\" style=\"width: 25px; height: 25px;\" src=\"https:\/\/unox.com.tr\/wp-content\/uploads\/2023\/02\/pdf-1.png\">CAT\u00c1LOGO DE PRODUCTO<\/button><\/a><\/p>\n<p><button style=\"background-color: #11224b; margin-top: 5px; color: white; padding: 0px 15px; width: 150px; height: 55px; border-radius: 10px; border: none; cursor: pointer;\"><br \/>\n<img decoding=\"async\" style=\"width: 120px; height: 30px;\" src=\"https:\/\/unox.com.tr\/wp-content\/uploads\/2023\/02\/4-1.svg\"><\/button><\/p>\n","protected":false},"featured_media":34248,"comment_status":"open","ping_status":"closed","template":"","meta":{"_joinchat":[]},"product_brand":[],"product_cat":[1136,494],"product_tag":[],"class_list":{"0":"post-40067","1":"product","2":"type-product","3":"status-publish","4":"has-post-thumbnail","6":"product_cat-valvulas-de-cuchilla","7":"product_cat-grupo-de-valvulas","9":"first","10":"instock","11":"shipping-taxable","12":"product-type-simple"},"_links":{"self":[{"href":"https:\/\/unox.com.tr\/es\/wp-json\/wp\/v2\/product\/40067","targetHints":{"allow":["GET"]}}],"collection":[{"href":"https:\/\/unox.com.tr\/es\/wp-json\/wp\/v2\/product"}],"about":[{"href":"https:\/\/unox.com.tr\/es\/wp-json\/wp\/v2\/types\/product"}],"replies":[{"embeddable":true,"href":"https:\/\/unox.com.tr\/es\/wp-json\/wp\/v2\/comments?post=40067"}],"version-history":[{"count":0,"href":"https:\/\/unox.com.tr\/es\/wp-json\/wp\/v2\/product\/40067\/revisions"}],"wp:featuredmedia":[{"embeddable":true,"href":"https:\/\/unox.com.tr\/es\/wp-json\/wp\/v2\/media\/34248"}],"wp:attachment":[{"href":"https:\/\/unox.com.tr\/es\/wp-json\/wp\/v2\/media?parent=40067"}],"wp:term":[{"taxonomy":"product_brand","embeddable":true,"href":"https:\/\/unox.com.tr\/es\/wp-json\/wp\/v2\/product_brand?post=40067"},{"taxonomy":"product_cat","embeddable":true,"href":"https:\/\/unox.com.tr\/es\/wp-json\/wp\/v2\/product_cat?post=40067"},{"taxonomy":"product_tag","embeddable":true,"href":"https:\/\/unox.com.tr\/es\/wp-json\/wp\/v2\/product_tag?post=40067"}],"curies":[{"name":"wp","href":"https:\/\/api.w.org\/{rel}","templated":true}]}}