{"id":40084,"date":"2020-09-18T06:26:04","date_gmt":"2020-09-18T03:26:04","guid":{"rendered":"https:\/\/www.unox.com.tr\/urun\/mini-interruptor-de-nivel-de-acero-inoxidable\/"},"modified":"2024-03-01T12:12:03","modified_gmt":"2024-03-01T09:12:03","slug":"mini-interruptor-de-nivel-de-acero-inoxidable","status":"publish","type":"product","link":"https:\/\/unox.com.tr\/es\/mini-interruptor-de-nivel-de-acero-inoxidable\/","title":{"rendered":"Mini Interruptor de Nivel de Acero Inoxidable"},"content":{"rendered":"<div id=\"ez-toc-container\" class=\"ez-toc-v2_0_82_2 counter-hierarchy ez-toc-counter ez-toc-grey ez-toc-container-direction\">\n<div class=\"ez-toc-title-container\">\n<p class=\"ez-toc-title\" style=\"cursor:inherit\">Sayfa \u0130\u00e7eri\u011fi<\/p>\n<span class=\"ez-toc-title-toggle\"><a href=\"#\" class=\"ez-toc-pull-right ez-toc-btn ez-toc-btn-xs ez-toc-btn-default ez-toc-toggle\" aria-label=\"Alternar tabla de contenidos\"><span class=\"ez-toc-js-icon-con\"><span class=\"\"><span class=\"eztoc-hide\" style=\"display:none;\">Toggle<\/span><span class=\"ez-toc-icon-toggle-span\"><svg style=\"fill: #999;color:#999\" xmlns=\"http:\/\/www.w3.org\/2000\/svg\" class=\"list-377408\" width=\"20px\" height=\"20px\" viewBox=\"0 0 24 24\" fill=\"none\"><path d=\"M6 6H4v2h2V6zm14 0H8v2h12V6zM4 11h2v2H4v-2zm16 0H8v2h12v-2zM4 16h2v2H4v-2zm16 0H8v2h12v-2z\" fill=\"currentColor\"><\/path><\/svg><svg style=\"fill: #999;color:#999\" class=\"arrow-unsorted-368013\" xmlns=\"http:\/\/www.w3.org\/2000\/svg\" width=\"10px\" height=\"10px\" viewBox=\"0 0 24 24\" version=\"1.2\" baseProfile=\"tiny\"><path d=\"M18.2 9.3l-6.2-6.3-6.2 6.3c-.2.2-.3.4-.3.7s.1.5.3.7c.2.2.4.3.7.3h11c.3 0 .5-.1.7-.3.2-.2.3-.5.3-.7s-.1-.5-.3-.7zM5.8 14.7l6.2 6.3 6.2-6.3c.2-.2.3-.5.3-.7s-.1-.5-.3-.7c-.2-.2-.4-.3-.7-.3h-11c-.3 0-.5.1-.7.3-.2.2-.3.5-.3.7s.1.5.3.7z\"\/><\/svg><\/span><\/span><\/span><\/a><\/span><\/div>\n<nav><ul class='ez-toc-list ez-toc-list-level-1 ' ><li class='ez-toc-page-1 ez-toc-heading-level-2'><a class=\"ez-toc-link ez-toc-heading-1\" href=\"https:\/\/unox.com.tr\/es\/mini-interruptor-de-nivel-de-acero-inoxidable\/#%C2%BFQue_es_un_mini_interruptor_de_nivel\" >\u00bfQu\u00e9 es un mini interruptor de nivel?<\/a><\/li><li class='ez-toc-page-1 ez-toc-heading-level-2'><a class=\"ez-toc-link ez-toc-heading-2\" href=\"https:\/\/unox.com.tr\/es\/mini-interruptor-de-nivel-de-acero-inoxidable\/#%C2%BFDonde_se_usa_el_interruptor_de_nivel\" >\u00bfD\u00f3nde se usa el interruptor de nivel?<\/a><\/li><li class='ez-toc-page-1 ez-toc-heading-level-2'><a class=\"ez-toc-link ez-toc-heading-3\" href=\"https:\/\/unox.com.tr\/es\/mini-interruptor-de-nivel-de-acero-inoxidable\/#Caracteristicas_del_Producto\" >Caracter\u00edsticas del Producto<\/a><\/li><li class='ez-toc-page-1 ez-toc-heading-level-2'><a class=\"ez-toc-link ez-toc-heading-4\" href=\"https:\/\/unox.com.tr\/es\/mini-interruptor-de-nivel-de-acero-inoxidable\/#Principio_de_Funcionamiento\" >Principio de Funcionamiento<\/a><\/li><li class='ez-toc-page-1 ez-toc-heading-level-2'><a class=\"ez-toc-link ez-toc-heading-5\" href=\"https:\/\/unox.com.tr\/es\/mini-interruptor-de-nivel-de-acero-inoxidable\/#Ambito_de_Aplicacion\" >\u00c1mbito de Aplicaci\u00f3n<\/a><\/li><li class='ez-toc-page-1 ez-toc-heading-level-2'><a class=\"ez-toc-link ez-toc-heading-6\" href=\"https:\/\/unox.com.tr\/es\/mini-interruptor-de-nivel-de-acero-inoxidable\/#Ventajas\" >Ventajas<\/a><\/li><\/ul><\/nav><\/div>\n<h2><span class=\"ez-toc-section\" id=\"%C2%BFQue_es_un_mini_interruptor_de_nivel\"><\/span><span style=\"font-size: 22px;\">\u00bfQu\u00e9 es un mini interruptor de nivel?<\/span><span class=\"ez-toc-section-end\"><\/span><\/h2>\n<p>Mini interruptor de nivel; Se utiliza en operaciones de control de nivel de tanques. Adem\u00e1s de su facilidad de uso, tambi\u00e9n es econ\u00f3mico, por lo que es el preferido por los fabricantes de m\u00e1quinas.<\/p>\n<h2><span class=\"ez-toc-section\" id=\"%C2%BFDonde_se_usa_el_interruptor_de_nivel\"><\/span><span style=\"font-size: 22px;\">\u00bfD\u00f3nde se usa el interruptor de nivel?<\/span><span class=\"ez-toc-section-end\"><\/span><\/h2>\n<p>Los interruptores de nivel se pueden utilizar en una amplia variedad de industrias, incluido el procesamiento qu\u00edmico, petr\u00f3leo y gas, alimentos y bebidas y tratamiento de agua. Son una parte esencial de muchos sistemas de control de procesos, ya que brindan una forma confiable de monitorear y controlar el nivel de una sustancia en un recipiente o recipiente.<\/p>\n<h2><span class=\"ez-toc-section\" id=\"Caracteristicas_del_Producto\"><\/span><span style=\"font-size: 22px;\">Caracter\u00edsticas del Producto<\/span><span class=\"ez-toc-section-end\"><\/span><\/h2>\n<ul>\n<li>Tubo y Flotador: Acero Inoxidable AISI 304<\/li>\n<li>Presi\u00f3n de trabajo: 5 bares<\/li>\n<li>Temperatura de funcionamiento: -10&#8230;+150 \u00b0C<\/li>\n<li>Voltaje de suministro: 220 V CA<\/li>\n<li>Conexi\u00f3n 1\/2&#8243; Rosca Externa<\/li>\n<li>Min. Densidad: 0,7 GR\/CM3<\/li>\n<li>Tipo de montaje: Vertical<\/li>\n<li>Conexi\u00f3n el\u00e9ctrica: enchufe<\/li>\n<\/ul>\n<h2><span class=\"ez-toc-section\" id=\"Principio_de_Funcionamiento\"><\/span><span style=\"font-size: 22px;\">Principio de Funcionamiento<\/span><span class=\"ez-toc-section-end\"><\/span><\/h2>\n<p>Cuando el campo magn\u00e9tico del im\u00e1n en el flotador llega al nivel del sensor colocado en el tubo, hace que se abra el circuito el\u00e9ctrico. La informaci\u00f3n de nivel se eval\u00faa con este circuito de rel\u00e9.<\/p>\n<h2><span class=\"ez-toc-section\" id=\"Ambito_de_Aplicacion\"><\/span><span style=\"font-size: 22px;\">\u00c1mbito de Aplicaci\u00f3n<\/span><span class=\"ez-toc-section-end\"><\/span><\/h2>\n<ul>\n<li>m\u00e1quinas<\/li>\n<li>Tanques de aceite hidr\u00e1ulico<\/li>\n<li>Aplicaciones para almacenes peque\u00f1os<\/li>\n<\/ul>\n<h2><span class=\"ez-toc-section\" id=\"Ventajas\"><\/span><span style=\"font-size: 22px;\">Ventajas<\/span><span class=\"ez-toc-section-end\"><\/span><\/h2>\n<ul>\n<li>es economico<\/li>\n<li>Pr\u00e1ctico y f\u00e1cil de instalar.<\/li>\n<li>Tiempo de entrega r\u00e1pido<\/li>\n<li>Es completamente de acero inoxidable.<\/li>\n<\/ul>\n<p>&nbsp;<\/p>\n<p><img decoding=\"async\" class=\"alignnone wp-image-39097\" src=\"https:\/\/unox.com.tr\/wp-content\/themes\/woodmart\/images\/lazy.svg\" data-src=\"https:\/\/unox.com.tr\/wp-content\/uploads\/2020\/09\/seviye-salteri-300x262.png\" alt=\"\" width=\"405\" height=\"354\" title=\"\" srcset=\"\" data-srcset=\"https:\/\/unox.com.tr\/wp-content\/uploads\/2020\/09\/seviye-salteri-300x262.png 300w, https:\/\/unox.com.tr\/wp-content\/uploads\/2020\/09\/seviye-salteri-150x131.png 150w, https:\/\/unox.com.tr\/wp-content\/uploads\/2020\/09\/seviye-salteri-367x320.png 367w, https:\/\/unox.com.tr\/wp-content\/uploads\/2020\/09\/seviye-salteri.png 377w\" sizes=\"(max-width: 405px) 100vw, 405px\" \/><\/p>\n<p>&nbsp;<\/p>\n<p>&nbsp;<\/p>\n","protected":false},"excerpt":{"rendered":"<p><a href=\"https:\/\/unox.com.tr\/wp-content\/uploads\/2023\/01\/Paslanmaz-Mini-Seviye-Salteri.pdf\" target=\"_blank\" rel=\"noopener\"><button style=\"background-color: #11224b; color: #ffffff; padding: 10px 15px; font-family: montserrat; font-weight: bold; font-size: 19px; border-radius: 10px;\"><img decoding=\"async\" style=\"width: 25px; height: 25px;\" src=\"https:\/\/unox.com.tr\/wp-content\/uploads\/2023\/02\/pdf-1.png\">CAT\u00c1LOGO DE PRODUCTO<\/button><\/a><\/p>\n<p><button style=\"background-color: #11224b; margin-top: 5px; color: white; padding: 0px 15px; width: 150px; height: 55px; border-radius: 10px; border: none; cursor: pointer;\"><br \/>\n<img decoding=\"async\" style=\"width: 120px; height: 30px;\" src=\"https:\/\/unox.com.tr\/wp-content\/uploads\/2023\/02\/4-1.svg\"><\/button><\/p>\n","protected":false},"featured_media":27039,"comment_status":"open","ping_status":"closed","template":"","meta":{"_joinchat":[]},"product_brand":[],"product_cat":[490,486],"product_tag":[],"class_list":{"0":"post-40084","1":"product","2":"type-product","3":"status-publish","4":"has-post-thumbnail","6":"product_cat-interruptores-de-nivel","7":"product_cat-nivel-y-flujo","9":"first","10":"instock","11":"shipping-taxable","12":"product-type-simple"},"_links":{"self":[{"href":"https:\/\/unox.com.tr\/es\/wp-json\/wp\/v2\/product\/40084","targetHints":{"allow":["GET"]}}],"collection":[{"href":"https:\/\/unox.com.tr\/es\/wp-json\/wp\/v2\/product"}],"about":[{"href":"https:\/\/unox.com.tr\/es\/wp-json\/wp\/v2\/types\/product"}],"replies":[{"embeddable":true,"href":"https:\/\/unox.com.tr\/es\/wp-json\/wp\/v2\/comments?post=40084"}],"version-history":[{"count":0,"href":"https:\/\/unox.com.tr\/es\/wp-json\/wp\/v2\/product\/40084\/revisions"}],"wp:featuredmedia":[{"embeddable":true,"href":"https:\/\/unox.com.tr\/es\/wp-json\/wp\/v2\/media\/27039"}],"wp:attachment":[{"href":"https:\/\/unox.com.tr\/es\/wp-json\/wp\/v2\/media?parent=40084"}],"wp:term":[{"taxonomy":"product_brand","embeddable":true,"href":"https:\/\/unox.com.tr\/es\/wp-json\/wp\/v2\/product_brand?post=40084"},{"taxonomy":"product_cat","embeddable":true,"href":"https:\/\/unox.com.tr\/es\/wp-json\/wp\/v2\/product_cat?post=40084"},{"taxonomy":"product_tag","embeddable":true,"href":"https:\/\/unox.com.tr\/es\/wp-json\/wp\/v2\/product_tag?post=40084"}],"curies":[{"name":"wp","href":"https:\/\/api.w.org\/{rel}","templated":true}]}}