{"id":40091,"date":"2020-09-18T06:21:35","date_gmt":"2020-09-18T03:21:35","guid":{"rendered":"https:\/\/www.unox.com.tr\/urun\/flotador-de-tanque-de-nivel\/"},"modified":"2023-03-01T13:29:49","modified_gmt":"2023-03-01T10:29:49","slug":"nivel-tanque-flotador","status":"publish","type":"product","link":"https:\/\/unox.com.tr\/es\/nivel-tanque-flotador\/","title":{"rendered":"Flotador de Tanque de Nivel"},"content":{"rendered":"<div id=\"ez-toc-container\" class=\"ez-toc-v2_0_82_2 counter-hierarchy ez-toc-counter ez-toc-grey ez-toc-container-direction\">\n<div class=\"ez-toc-title-container\">\n<p class=\"ez-toc-title\" style=\"cursor:inherit\">Sayfa \u0130\u00e7eri\u011fi<\/p>\n<span class=\"ez-toc-title-toggle\"><a href=\"#\" class=\"ez-toc-pull-right ez-toc-btn ez-toc-btn-xs ez-toc-btn-default ez-toc-toggle\" aria-label=\"Alternar tabla de contenidos\"><span class=\"ez-toc-js-icon-con\"><span class=\"\"><span class=\"eztoc-hide\" style=\"display:none;\">Toggle<\/span><span class=\"ez-toc-icon-toggle-span\"><svg style=\"fill: #999;color:#999\" xmlns=\"http:\/\/www.w3.org\/2000\/svg\" class=\"list-377408\" width=\"20px\" height=\"20px\" viewBox=\"0 0 24 24\" fill=\"none\"><path d=\"M6 6H4v2h2V6zm14 0H8v2h12V6zM4 11h2v2H4v-2zm16 0H8v2h12v-2zM4 16h2v2H4v-2zm16 0H8v2h12v-2z\" fill=\"currentColor\"><\/path><\/svg><svg style=\"fill: #999;color:#999\" class=\"arrow-unsorted-368013\" xmlns=\"http:\/\/www.w3.org\/2000\/svg\" width=\"10px\" height=\"10px\" viewBox=\"0 0 24 24\" version=\"1.2\" baseProfile=\"tiny\"><path d=\"M18.2 9.3l-6.2-6.3-6.2 6.3c-.2.2-.3.4-.3.7s.1.5.3.7c.2.2.4.3.7.3h11c.3 0 .5-.1.7-.3.2-.2.3-.5.3-.7s-.1-.5-.3-.7zM5.8 14.7l6.2 6.3 6.2-6.3c.2-.2.3-.5.3-.7s-.1-.5-.3-.7c-.2-.2-.4-.3-.7-.3h-11c-.3 0-.5.1-.7.3-.2.2-.3.5-.3.7s.1.5.3.7z\"\/><\/svg><\/span><\/span><\/span><\/a><\/span><\/div>\n<nav><ul class='ez-toc-list ez-toc-list-level-1 ' ><li class='ez-toc-page-1 ez-toc-heading-level-2'><a class=\"ez-toc-link ez-toc-heading-1\" href=\"https:\/\/unox.com.tr\/es\/nivel-tanque-flotador\/#%C2%BFQue_es_un_flotador_de_tanque_de_nivel\" >\u00bfQu\u00e9 es un flotador de tanque de nivel?<\/a><\/li><li class='ez-toc-page-1 ez-toc-heading-level-2'><a class=\"ez-toc-link ez-toc-heading-2\" href=\"https:\/\/unox.com.tr\/es\/nivel-tanque-flotador\/#%C2%BFDonde_se_utiliza_el_flotador_del_tanque_de_nivel\" >\u00bfD\u00f3nde se utiliza el flotador del tanque de nivel?<\/a><\/li><li class='ez-toc-page-1 ez-toc-heading-level-2'><a class=\"ez-toc-link ez-toc-heading-3\" href=\"https:\/\/unox.com.tr\/es\/nivel-tanque-flotador\/#Caracteristicas_del_Producto\" >Caracter\u00edsticas del Producto<\/a><\/li><\/ul><\/nav><\/div>\n<h2><span class=\"ez-toc-section\" id=\"%C2%BFQue_es_un_flotador_de_tanque_de_nivel\"><\/span><span style=\"font-size: 22px;\">\u00bfQu\u00e9 es un flotador de tanque de nivel?<\/span><span class=\"ez-toc-section-end\"><\/span><\/h2>\n<p>Un flotador de tanque de nivel es un dispositivo que se usa para controlar el nivel de agua en el sistema de plomer\u00eda. Este dispositivo mide el nivel del agua en el tanque, dirige el agua al sistema de drenaje cuando el nivel del agua sube por encima de cierto nivel o permite que el agua se llene en el tanque cuando el nivel del agua cae por debajo de cierto nivel. De esta forma, el nivel del agua se mantiene constante entre los niveles determinados y se evitan subidas y bajadas excesivas de agua en el sistema de la instalaci\u00f3n. El flotador del tanque de nivel mide el nivel del agua mediante un panel de instrumentos o un flotador y estos datos son procesados \u200b\u200bpor un sistema de control.<\/p>\n<h2><span class=\"ez-toc-section\" id=\"%C2%BFDonde_se_utiliza_el_flotador_del_tanque_de_nivel\"><\/span><span style=\"font-size: 22px;\">\u00bfD\u00f3nde se utiliza el flotador del tanque de nivel?<\/span><span class=\"ez-toc-section-end\"><\/span><\/h2>\n<p>El flotador del tanque de nivel se usa para controlar el nivel del agua en varios sistemas de plomer\u00eda. Por ejemplo:<\/p>\n<ol>\n<li>Se utiliza para el control del nivel de agua en sistemas de plomer\u00eda en edificios y lugares de trabajo. De esta forma, se asegura el consumo regular de agua en los edificios y el ahorro de agua.<\/li>\n<li>Se utiliza para el control del nivel de agua en plantas de tratamiento de agua. De esta forma, el nivel de agua en las plantas de tratamiento de agua se mantiene constante entre los niveles determinados y los procesos de tratamiento de agua se realizan regularmente.<\/li>\n<li>Se utiliza para el control del nivel de agua en instalaciones industriales. Por ejemplo, el control del nivel del agua es importante en plantas industriales como las de productos qu\u00edmicos, alimentos y textiles. De esta forma se ahorra agua en las instalaciones y se evitan subidas y bajadas excesivas de agua.<\/li>\n<li>Se utiliza para el control del nivel del agua en campos agr\u00edcolas. Por ejemplo, el control del nivel del agua es importante en los sistemas de goteo y tuber\u00edas de agua. De esta forma, se ahorra agua en las zonas agr\u00edcolas y se proporciona regularmente la cantidad de agua necesaria para el cultivo de productos agr\u00edcolas.<\/li>\n<\/ol>\n<h2><span class=\"ez-toc-section\" id=\"Caracteristicas_del_Producto\"><\/span><span style=\"font-size: 22px;\">Caracter\u00edsticas del Producto<\/span><span class=\"ez-toc-section-end\"><\/span><\/h2>\n<ul>\n<li><strong>Material Estructura:<\/strong> Acero Inoxidable AISI 304 Completo Con Superficie De Contacto<\/li>\n<li><strong>Conexi\u00f3n:<\/strong> Roscada (3\/4\u201d)<\/li>\n<li><strong>Presi\u00f3n m\u00e1xima de trabajo:<\/strong> est\u00e1ndar: 6 bar, tama\u00f1o grande: 8 bar<\/li>\n<li><strong>M\u00e1x. Temperatura de Funcionamiento: <\/strong> 90 \u00baC<\/li>\n<li><strong>Aplicaciones:<\/strong> Agua y l\u00edquidos neutros<\/li>\n<li><strong>Flotador:<\/strong> Acero Inoxidable AISI 316<\/li>\n<li><strong>Di\u00e1metro del flotador:<\/strong> 220 mm (Opcional 150 mm)<\/li>\n<li><strong>Montaje:<\/strong> Se puede montar vertical u horizontalmente.<\/li>\n<\/ul>\n<p>&nbsp;<\/p>\n<p><img decoding=\"async\" class=\"size-medium wp-image-41932 aligncenter\" src=\"https:\/\/unox.com.tr\/wp-content\/themes\/woodmart\/images\/lazy.svg\" data-src=\"https:\/\/unox.com.tr\/wp-content\/uploads\/2020\/09\/Seviye-Tank-Samandirasi-300x253.jpg\" alt=\"Flotador de tanque de nivel\" width=\"300\" height=\"253\" title=\"\" srcset=\"\" data-srcset=\"https:\/\/unox.com.tr\/wp-content\/uploads\/2020\/09\/Seviye-Tank-Samandirasi-300x253.jpg 300w, https:\/\/unox.com.tr\/wp-content\/uploads\/2020\/09\/Seviye-Tank-Samandirasi-150x127.jpg 150w, https:\/\/unox.com.tr\/wp-content\/uploads\/2020\/09\/Seviye-Tank-Samandirasi-367x310.jpg 367w, https:\/\/unox.com.tr\/wp-content\/uploads\/2020\/09\/Seviye-Tank-Samandirasi.jpg 399w\" sizes=\"(max-width: 300px) 100vw, 300px\" \/><\/p>\n","protected":false},"excerpt":{"rendered":"<p><a href=\"https:\/\/unox.com.tr\/wp-content\/uploads\/2023\/01\/Seviye-Tank-Samandirasi.pdf\" target=\"_blank\" rel=\"noopener\"><button style=\"background-color: #11224b; color: #ffffff; padding: 10px 15px; font-family: montserrat; font-weight: bold; font-size: 19px; border-radius: 10px;\"><img decoding=\"async\" style=\"width: 25px; height: 25px;\" src=\"https:\/\/unox.com.tr\/wp-content\/uploads\/2023\/02\/pdf-1.png\">CAT\u00c1LOGO DE PRODUCTO<\/button><\/a><\/p>\n<p><button style=\"background-color: #11224b; margin-top: 5px; color: white; padding: 0px 15px; width: 150px; height: 55px; border-radius: 10px; border: none; cursor: pointer;\"><br \/>\n<img decoding=\"async\" style=\"width: 120px; height: 30px;\" src=\"https:\/\/unox.com.tr\/wp-content\/uploads\/2023\/02\/4-1.svg\"><\/button><\/p>\n","protected":false},"featured_media":30277,"comment_status":"open","ping_status":"closed","template":"","meta":[],"product_brand":[],"product_cat":[489,486],"product_tag":[],"class_list":{"0":"post-40091","1":"product","2":"type-product","3":"status-publish","4":"has-post-thumbnail","6":"product_cat-indicadores-de-nivel","7":"product_cat-nivel-y-flujo","9":"first","10":"instock","11":"shipping-taxable","12":"product-type-simple"},"_links":{"self":[{"href":"https:\/\/unox.com.tr\/es\/wp-json\/wp\/v2\/product\/40091","targetHints":{"allow":["GET"]}}],"collection":[{"href":"https:\/\/unox.com.tr\/es\/wp-json\/wp\/v2\/product"}],"about":[{"href":"https:\/\/unox.com.tr\/es\/wp-json\/wp\/v2\/types\/product"}],"replies":[{"embeddable":true,"href":"https:\/\/unox.com.tr\/es\/wp-json\/wp\/v2\/comments?post=40091"}],"version-history":[{"count":0,"href":"https:\/\/unox.com.tr\/es\/wp-json\/wp\/v2\/product\/40091\/revisions"}],"wp:featuredmedia":[{"embeddable":true,"href":"https:\/\/unox.com.tr\/es\/wp-json\/wp\/v2\/media\/30277"}],"wp:attachment":[{"href":"https:\/\/unox.com.tr\/es\/wp-json\/wp\/v2\/media?parent=40091"}],"wp:term":[{"taxonomy":"product_brand","embeddable":true,"href":"https:\/\/unox.com.tr\/es\/wp-json\/wp\/v2\/product_brand?post=40091"},{"taxonomy":"product_cat","embeddable":true,"href":"https:\/\/unox.com.tr\/es\/wp-json\/wp\/v2\/product_cat?post=40091"},{"taxonomy":"product_tag","embeddable":true,"href":"https:\/\/unox.com.tr\/es\/wp-json\/wp\/v2\/product_tag?post=40091"}],"curies":[{"name":"wp","href":"https:\/\/api.w.org\/{rel}","templated":true}]}}