{"id":40164,"date":"2020-09-17T11:10:38","date_gmt":"2020-09-17T11:10:38","guid":{"rendered":"https:\/\/www.unox.com.tr\/urun\/reloj-de-tiempo-de-enchufe-2\/"},"modified":"2024-03-10T02:44:50","modified_gmt":"2024-03-09T23:44:50","slug":"enchufe-tiempo-reloj","status":"publish","type":"product","link":"https:\/\/unox.com.tr\/es\/enchufe-tiempo-reloj\/","title":{"rendered":"Reloj de Tiempo de Enchufe"},"content":{"rendered":"<h2><span style=\"font-size: 22px;\">\u00bfQu\u00e9 es el reloj de tiempo de enchufe?<\/span><\/h2>\n<p>Un reloj de tiempo es un material el\u00e9ctrico que sale de sus contactos dentro del intervalo de tiempo establecido. Hay 2 tipos de relojes de tiempo, anal\u00f3gico (reloj de tiempo mec\u00e1nico) y digital (reloj de tiempo electr\u00f3nico). Los relojes registradores se pueden utilizar f\u00e1cilmente en muchas aplicaciones. Por ejemplo, existen \u00e1reas de uso com\u00fan como carteles publicitarios, alumbrado p\u00fablico y riego de jardines.<br \/>\nCon el uso de relojes de tiempo, se ahorra electricidad al no hacer funcionar los dispositivos que operamos durante el d\u00eda innecesariamente, y tambi\u00e9n brinda comodidad a los usuarios.<\/p>\n","protected":false},"excerpt":{"rendered":"<p><button style=\"background-color: #11224b; color: #ffffff; padding: 10px 15px; font-family: montserrat; font-weight: bold; font-size: 19px; border-radius: 10px;\"><img decoding=\"async\" style=\"width: 25px; height: 25px;\" src=\"https:\/\/unox.com.tr\/wp-content\/uploads\/2023\/02\/pdf-1.png\">CAT\u00c1LOGO DE PRODUCTO<\/button><\/p>\n<p><button style=\"background-color: #11224b; margin-top: 5px; color: white; padding: 0px 15px; width: 150px; height: 55px; border-radius: 10px; border: none; cursor: pointer;\"><br \/>\n<img decoding=\"async\" style=\"width: 120px; height: 30px;\" src=\"https:\/\/unox.com.tr\/wp-content\/uploads\/2023\/02\/4-1.svg\"><\/button><\/p>\n","protected":false},"featured_media":70225,"comment_status":"closed","ping_status":"closed","template":"","meta":[],"product_brand":[],"product_cat":[1415],"product_tag":[],"class_list":{"0":"post-40164","1":"product","2":"type-product","3":"status-publish","4":"has-post-thumbnail","6":"product_cat-repuestos-y-accesorios","8":"first","9":"instock","10":"shipping-taxable","11":"product-type-simple"},"_links":{"self":[{"href":"https:\/\/unox.com.tr\/es\/wp-json\/wp\/v2\/product\/40164","targetHints":{"allow":["GET"]}}],"collection":[{"href":"https:\/\/unox.com.tr\/es\/wp-json\/wp\/v2\/product"}],"about":[{"href":"https:\/\/unox.com.tr\/es\/wp-json\/wp\/v2\/types\/product"}],"replies":[{"embeddable":true,"href":"https:\/\/unox.com.tr\/es\/wp-json\/wp\/v2\/comments?post=40164"}],"version-history":[{"count":0,"href":"https:\/\/unox.com.tr\/es\/wp-json\/wp\/v2\/product\/40164\/revisions"}],"wp:featuredmedia":[{"embeddable":true,"href":"https:\/\/unox.com.tr\/es\/wp-json\/wp\/v2\/media\/70225"}],"wp:attachment":[{"href":"https:\/\/unox.com.tr\/es\/wp-json\/wp\/v2\/media?parent=40164"}],"wp:term":[{"taxonomy":"product_brand","embeddable":true,"href":"https:\/\/unox.com.tr\/es\/wp-json\/wp\/v2\/product_brand?post=40164"},{"taxonomy":"product_cat","embeddable":true,"href":"https:\/\/unox.com.tr\/es\/wp-json\/wp\/v2\/product_cat?post=40164"},{"taxonomy":"product_tag","embeddable":true,"href":"https:\/\/unox.com.tr\/es\/wp-json\/wp\/v2\/product_tag?post=40164"}],"curies":[{"name":"wp","href":"https:\/\/api.w.org\/{rel}","templated":true}]}}