{"id":40177,"date":"2020-09-17T11:07:50","date_gmt":"2020-09-17T11:07:50","guid":{"rendered":"https:\/\/www.unox.com.tr\/urun\/valvula-solenoide-namur\/"},"modified":"2023-03-01T14:54:09","modified_gmt":"2023-03-01T11:54:09","slug":"valvula-solenoide-namur","status":"publish","type":"product","link":"https:\/\/unox.com.tr\/es\/valvula-solenoide-namur\/","title":{"rendered":"V\u00e1lvula Solenoide Namur"},"content":{"rendered":"<div id=\"ez-toc-container\" class=\"ez-toc-v2_0_82_2 counter-hierarchy ez-toc-counter ez-toc-grey ez-toc-container-direction\">\n<div class=\"ez-toc-title-container\">\n<p class=\"ez-toc-title\" style=\"cursor:inherit\">Sayfa \u0130\u00e7eri\u011fi<\/p>\n<span class=\"ez-toc-title-toggle\"><a href=\"#\" class=\"ez-toc-pull-right ez-toc-btn ez-toc-btn-xs ez-toc-btn-default ez-toc-toggle\" aria-label=\"Alternar tabla de contenidos\"><span class=\"ez-toc-js-icon-con\"><span class=\"\"><span class=\"eztoc-hide\" style=\"display:none;\">Toggle<\/span><span class=\"ez-toc-icon-toggle-span\"><svg style=\"fill: #999;color:#999\" xmlns=\"http:\/\/www.w3.org\/2000\/svg\" class=\"list-377408\" width=\"20px\" height=\"20px\" viewBox=\"0 0 24 24\" fill=\"none\"><path d=\"M6 6H4v2h2V6zm14 0H8v2h12V6zM4 11h2v2H4v-2zm16 0H8v2h12v-2zM4 16h2v2H4v-2zm16 0H8v2h12v-2z\" fill=\"currentColor\"><\/path><\/svg><svg style=\"fill: #999;color:#999\" class=\"arrow-unsorted-368013\" xmlns=\"http:\/\/www.w3.org\/2000\/svg\" width=\"10px\" height=\"10px\" viewBox=\"0 0 24 24\" version=\"1.2\" baseProfile=\"tiny\"><path d=\"M18.2 9.3l-6.2-6.3-6.2 6.3c-.2.2-.3.4-.3.7s.1.5.3.7c.2.2.4.3.7.3h11c.3 0 .5-.1.7-.3.2-.2.3-.5.3-.7s-.1-.5-.3-.7zM5.8 14.7l6.2 6.3 6.2-6.3c.2-.2.3-.5.3-.7s-.1-.5-.3-.7c-.2-.2-.4-.3-.7-.3h-11c-.3 0-.5.1-.7.3-.2.2-.3.5-.3.7s.1.5.3.7z\"\/><\/svg><\/span><\/span><\/span><\/a><\/span><\/div>\n<nav><ul class='ez-toc-list ez-toc-list-level-1 ' ><li class='ez-toc-page-1 ez-toc-heading-level-2'><a class=\"ez-toc-link ez-toc-heading-1\" href=\"https:\/\/unox.com.tr\/es\/valvula-solenoide-namur\/#%C2%BFQue_es_la_valvula_solenoide_Namur\" >\u00bfQu\u00e9 es la v\u00e1lvula solenoide Namur?<\/a><\/li><li class='ez-toc-page-1 ez-toc-heading-level-2'><a class=\"ez-toc-link ez-toc-heading-2\" href=\"https:\/\/unox.com.tr\/es\/valvula-solenoide-namur\/#%C2%BFDonde_se_usa_la_valvula_solenoide_Namur\" >\u00bfD\u00f3nde se usa la v\u00e1lvula solenoide Namur?<\/a><\/li><li class='ez-toc-page-1 ez-toc-heading-level-2'><a class=\"ez-toc-link ez-toc-heading-3\" href=\"https:\/\/unox.com.tr\/es\/valvula-solenoide-namur\/#Caracteristicas_del_Producto\" >Caracter\u00edsticas del Producto<\/a><\/li><\/ul><\/nav><\/div>\n<h2><span class=\"ez-toc-section\" id=\"%C2%BFQue_es_la_valvula_solenoide_Namur\"><\/span><span style=\"font-size: 22px;\">\u00bfQu\u00e9 es la v\u00e1lvula solenoide Namur?<\/span><span class=\"ez-toc-section-end\"><\/span><\/h2>\n<p>V\u00e1lvulas de solenoide de Namur; Realiza la funci\u00f3n de dirigir el aire comprimido proveniente de la operaci\u00f3n a las secciones internas del actuador (on-off). Son v\u00e1lvulas utilizadas en sistemas neum\u00e1ticos que se pueden utilizar de forma vers\u00e1til. Estas v\u00e1lvulas se utilizan en varios sistemas de ingenier\u00eda para administrar y controlar el flujo de aire. Estas v\u00e1lvulas abren o cierran el flujo de aire usando un actuador electromagn\u00e9tico llamado solenoide. Estas v\u00e1lvulas se utilizan a menudo en \u00e1reas como compresores de aire neum\u00e1ticos, sistemas de control autom\u00e1tico y aplicaciones de automatizaci\u00f3n industrial.<\/p>\n<h2><span class=\"ez-toc-section\" id=\"%C2%BFDonde_se_usa_la_valvula_solenoide_Namur\"><\/span><span style=\"font-size: 22px;\">\u00bfD\u00f3nde se usa la v\u00e1lvula solenoide Namur?<\/span><span class=\"ez-toc-section-end\"><\/span><\/h2>\n<p>Las electrov\u00e1lvulas Namur se utilizan en diversas aplicaciones industriales como parte de sistemas neum\u00e1ticos. Por ejemplo:<\/p>\n<ol>\n<li>Se utiliza para gestionar el flujo de aire en los sistemas de control autom\u00e1tico. Por ejemplo, en un sistema de control autom\u00e1tico, un sensor puede enviar una se\u00f1al a la v\u00e1lvula solenoide Namur para que encienda y apague el flujo de aire.<\/li>\n<li>Se utiliza para controlar el flujo de aire en aplicaciones de automatizaci\u00f3n industrial. Se puede utilizar en las f\u00e1bricas para encender y apagar una m\u00e1quina.<\/li>\n<li>Se utiliza para gestionar el flujo de aire en compresores de aire neum\u00e1ticos. Por ejemplo, se puede usar para encender y apagar el flujo de aire en un compresor de aire neum\u00e1tico.<\/li>\n<li>Se utiliza para gestionar el flujo de aire en procesos industriales. Por ejemplo, se puede utilizar para activar y desactivar el flujo de aire en un proceso industrial.<\/li>\n<\/ol>\n<p>Las \u00e1reas de uso de estas v\u00e1lvulas no se limitan a estos ejemplos y se pueden utilizar en una amplia gama.<\/p>\n<h2><span class=\"ez-toc-section\" id=\"Caracteristicas_del_Producto\"><\/span><span style=\"font-size: 22px;\">Caracter\u00edsticas del Producto<\/span><span class=\"ez-toc-section-end\"><\/span><\/h2>\n<ul>\n<li><strong>Modelo :<\/strong> SV210<\/li>\n<li><strong>Cuerpo<\/strong>: Aluminio<\/li>\n<li><strong>Protecci\u00f3n<\/strong>: IP65<\/li>\n<li><strong>Medio :<\/strong> Aire<\/li>\n<li><strong>Uso:<\/strong> uso interno<\/li>\n<li><strong>Tipo de v\u00e1lvula:<\/strong> 5 puertos 2 posiciones<\/li>\n<li><strong>Tama\u00f1o del orificio:<\/strong> 14 mm2<\/li>\n<li><strong>Puerto de entrada y salida de conexi\u00f3n:<\/strong> PF \/4<\/li>\n<li><strong>Lubricaci\u00f3n :<\/strong> No requerida<\/li>\n<li><strong>Presi\u00f3n :<\/strong> 12 bares<\/li>\n<li><strong>Temperatura:<\/strong> _5 \u2103 ~ +70 \u2103<\/li>\n<li><strong>Rango de voltaje:<\/strong> \u00b1 10%<\/li>\n<li><strong>Frecuencia m\u00e1xima:<\/strong> 5 ciclos\/segundo<\/li>\n<li><strong>Consumo de energ\u00eda:<\/strong> CA = 2,0-3,5 VA, CC = 2,5 W<\/li>\n<li><strong>Protecci\u00f3n<\/strong>: IP65 (DIN40050)<\/li>\n<\/ul>\n","protected":false},"excerpt":{"rendered":"<p><a href=\"https:\/\/unox.com.tr\/wp-content\/uploads\/2022\/12\/Namur-Solenoid-Valfi.pdf\" target=\"_blank\" rel=\"noopener\"><button style=\"background-color: #11224b; color: #ffffff; padding: 10px 15px; font-family: montserrat; font-weight: bold; font-size: 19px; border-radius: 10px;\"><img decoding=\"async\" style=\"width: 25px; height: 25px;\" src=\"https:\/\/unox.com.tr\/wp-content\/uploads\/2023\/02\/pdf-1.png\">CAT\u00c1LOGO DE PRODUCTO<\/button><\/a><\/p>\n<p><button style=\"background-color: #11224b; margin-top: 5px; color: white; padding: 0px 15px; width: 150px; height: 55px; border-radius: 10px; border: none; cursor: pointer;\"><br \/>\n<img decoding=\"async\" style=\"width: 120px; height: 30px;\" src=\"https:\/\/unox.com.tr\/wp-content\/uploads\/2023\/02\/4-1.svg\"><\/button><\/p>\n","protected":false},"featured_media":28757,"comment_status":"open","ping_status":"closed","template":"","meta":{"_joinchat":[]},"product_brand":[],"product_cat":[483],"product_tag":[],"class_list":{"0":"post-40177","1":"product","2":"type-product","3":"status-publish","4":"has-post-thumbnail","6":"product_cat-accesorios-actuadores-neumaticos","8":"first","9":"instock","10":"shipping-taxable","11":"product-type-simple"},"_links":{"self":[{"href":"https:\/\/unox.com.tr\/es\/wp-json\/wp\/v2\/product\/40177","targetHints":{"allow":["GET"]}}],"collection":[{"href":"https:\/\/unox.com.tr\/es\/wp-json\/wp\/v2\/product"}],"about":[{"href":"https:\/\/unox.com.tr\/es\/wp-json\/wp\/v2\/types\/product"}],"replies":[{"embeddable":true,"href":"https:\/\/unox.com.tr\/es\/wp-json\/wp\/v2\/comments?post=40177"}],"version-history":[{"count":0,"href":"https:\/\/unox.com.tr\/es\/wp-json\/wp\/v2\/product\/40177\/revisions"}],"wp:featuredmedia":[{"embeddable":true,"href":"https:\/\/unox.com.tr\/es\/wp-json\/wp\/v2\/media\/28757"}],"wp:attachment":[{"href":"https:\/\/unox.com.tr\/es\/wp-json\/wp\/v2\/media?parent=40177"}],"wp:term":[{"taxonomy":"product_brand","embeddable":true,"href":"https:\/\/unox.com.tr\/es\/wp-json\/wp\/v2\/product_brand?post=40177"},{"taxonomy":"product_cat","embeddable":true,"href":"https:\/\/unox.com.tr\/es\/wp-json\/wp\/v2\/product_cat?post=40177"},{"taxonomy":"product_tag","embeddable":true,"href":"https:\/\/unox.com.tr\/es\/wp-json\/wp\/v2\/product_tag?post=40177"}],"curies":[{"name":"wp","href":"https:\/\/api.w.org\/{rel}","templated":true}]}}