{"id":40336,"date":"2020-09-17T08:04:04","date_gmt":"2020-09-17T08:04:04","guid":{"rendered":"https:\/\/www.unox.com.tr\/urun\/trampa-de-flotador-roscada-termostatica\/"},"modified":"2023-03-23T08:25:51","modified_gmt":"2023-03-23T05:25:51","slug":"flotador-trampa-de-vapor-engranaje-termostatico","status":"publish","type":"product","link":"https:\/\/unox.com.tr\/es\/flotador-trampa-de-vapor-engranaje-termostatico\/","title":{"rendered":"Trampa de Flotador &#8211; Roscada (Termost\u00e1tica)"},"content":{"rendered":"<div id=\"ez-toc-container\" class=\"ez-toc-v2_0_82_2 counter-hierarchy ez-toc-counter ez-toc-grey ez-toc-container-direction\">\n<div class=\"ez-toc-title-container\">\n<p class=\"ez-toc-title\" style=\"cursor:inherit\">Sayfa \u0130\u00e7eri\u011fi<\/p>\n<span class=\"ez-toc-title-toggle\"><a href=\"#\" class=\"ez-toc-pull-right ez-toc-btn ez-toc-btn-xs ez-toc-btn-default ez-toc-toggle\" aria-label=\"Alternar tabla de contenidos\"><span class=\"ez-toc-js-icon-con\"><span class=\"\"><span class=\"eztoc-hide\" style=\"display:none;\">Toggle<\/span><span class=\"ez-toc-icon-toggle-span\"><svg style=\"fill: #999;color:#999\" xmlns=\"http:\/\/www.w3.org\/2000\/svg\" class=\"list-377408\" width=\"20px\" height=\"20px\" viewBox=\"0 0 24 24\" fill=\"none\"><path d=\"M6 6H4v2h2V6zm14 0H8v2h12V6zM4 11h2v2H4v-2zm16 0H8v2h12v-2zM4 16h2v2H4v-2zm16 0H8v2h12v-2z\" fill=\"currentColor\"><\/path><\/svg><svg style=\"fill: #999;color:#999\" class=\"arrow-unsorted-368013\" xmlns=\"http:\/\/www.w3.org\/2000\/svg\" width=\"10px\" height=\"10px\" viewBox=\"0 0 24 24\" version=\"1.2\" baseProfile=\"tiny\"><path d=\"M18.2 9.3l-6.2-6.3-6.2 6.3c-.2.2-.3.4-.3.7s.1.5.3.7c.2.2.4.3.7.3h11c.3 0 .5-.1.7-.3.2-.2.3-.5.3-.7s-.1-.5-.3-.7zM5.8 14.7l6.2 6.3 6.2-6.3c.2-.2.3-.5.3-.7s-.1-.5-.3-.7c-.2-.2-.4-.3-.7-.3h-11c-.3 0-.5.1-.7.3-.2.2-.3.5-.3.7s.1.5.3.7z\"\/><\/svg><\/span><\/span><\/span><\/a><\/span><\/div>\n<nav><ul class='ez-toc-list ez-toc-list-level-1 ' ><li class='ez-toc-page-1 ez-toc-heading-level-2'><a class=\"ez-toc-link ez-toc-heading-1\" href=\"https:\/\/unox.com.tr\/es\/flotador-trampa-de-vapor-engranaje-termostatico\/#%C2%BFQue_es_trampa_de_flotador\" >\u00bfQu\u00e9 es trampa de flotador?<\/a><\/li><li class='ez-toc-page-1 ez-toc-heading-level-2'><a class=\"ez-toc-link ez-toc-heading-2\" href=\"https:\/\/unox.com.tr\/es\/flotador-trampa-de-vapor-engranaje-termostatico\/#%C2%BFDonde_se_usa_la_trampa_flotante\" >\u00bfD\u00f3nde se usa la trampa flotante?<\/a><\/li><li class='ez-toc-page-1 ez-toc-heading-level-2'><a class=\"ez-toc-link ez-toc-heading-3\" href=\"https:\/\/unox.com.tr\/es\/flotador-trampa-de-vapor-engranaje-termostatico\/#Principio_de_Funcionamiento\" >Principio de Funcionamiento<\/a><ul class='ez-toc-list-level-3' ><li class='ez-toc-heading-level-3'><a class=\"ez-toc-link ez-toc-heading-4\" href=\"https:\/\/unox.com.tr\/es\/flotador-trampa-de-vapor-engranaje-termostatico\/#Las_trampas_de_vapor_tienen_tres_funciones_principales\" >Las trampas de vapor tienen tres funciones principales;<\/a><\/li><\/ul><\/li><li class='ez-toc-page-1 ez-toc-heading-level-2'><a class=\"ez-toc-link ez-toc-heading-5\" href=\"https:\/\/unox.com.tr\/es\/flotador-trampa-de-vapor-engranaje-termostatico\/#Caracteristicas_del_Producto\" >Caracter\u00edsticas del Producto<\/a><\/li><\/ul><\/nav><\/div>\n<h2><span class=\"ez-toc-section\" id=\"%C2%BFQue_es_trampa_de_flotador\"><\/span><span style=\"font-size: 22px;\">\u00bfQu\u00e9 es trampa de flotador?<\/span><span class=\"ez-toc-section-end\"><\/span><\/h2>\n<p>Una trampa de flotador es un tipo de v\u00e1lvula que se utiliza para controlar el flujo de l\u00edquidos como agua o vapor en un sistema de tuber\u00edas. Consiste en un cuerpo de v\u00e1lvula con una c\u00e1mara hueca, llamada c\u00e1mara de flotaci\u00f3n, llena de l\u00edquido. El cuerpo de la v\u00e1lvula tambi\u00e9n tiene una entrada y una salida, as\u00ed como un elemento de control como una bola o disco unido al flotador.<\/p>\n<p>Cuando el fluido ingresa a la c\u00e1mara del flotador a trav\u00e9s del puerto de entrada, levanta el flotador, lo que eleva el elemento de control y permite que el fluido fluya a trav\u00e9s del puerto de salida. Cuando el flujo de l\u00edquido disminuye, el flotador y el elemento de control bajan, cerrando la abertura de salida e impidiendo que el l\u00edquido fluya.<\/p>\n<h2><span class=\"ez-toc-section\" id=\"%C2%BFDonde_se_usa_la_trampa_flotante\"><\/span><span style=\"font-size: 22px;\">\u00bfD\u00f3nde se usa la trampa flotante?<\/span><span class=\"ez-toc-section-end\"><\/span><\/h2>\n<p>Las trampas de flotador se usan com\u00fanmente para regular el flujo de vapor o agua en los sistemas de calefacci\u00f3n y refrigeraci\u00f3n y se pueden usar para mantener un nivel de l\u00edquido constante en un tanque o para evitar una presi\u00f3n excesiva en un sistema. Son simples, fiables y f\u00e1ciles de mantener y se pueden ajustar para controlar el caudal del fluido.<\/p>\n<ul>\n<li>Estaciones de Calor<\/li>\n<li>Sistemas de calefacci\u00f3n<\/li>\n<li>Caldera de Vapor<\/li>\n<li>Hornos de Secado<\/li>\n<li>Separadores de Vapor<\/li>\n<li>Tanque de Vapor Flash<\/li>\n<li>Hornos<\/li>\n<li>Tanques<\/li>\n<\/ul>\n<h2><span class=\"ez-toc-section\" id=\"Principio_de_Funcionamiento\"><\/span><span style=\"font-size: 22px;\">Principio de Funcionamiento<\/span><span class=\"ez-toc-section-end\"><\/span><\/h2>\n<p>La trampa de flotador UKS-70D con unidad de evacuaci\u00f3n de aire ofrece posibilidades de montaje para flujo de derecha a izquierda y flujo de izquierda a derecha en posici\u00f3n horizontal. Tambi\u00e9n es posible la conexi\u00f3n para flujo vertical. La direcci\u00f3n del flujo de condensado debe especificarse en la etapa de pedido. La configuraci\u00f3n est\u00e1ndar de f\u00e1brica es flujo de derecha a izquierda.<\/p>\n<p>UKS-70D descarga condensado continuamente y se prefiere cuando la descarga de condensado debe ser r\u00e1pida. Cuando el sistema comienza a funcionar, el purificador de aire termost\u00e1tico se activa y evacua el aire del sistema. El siguiente vapor cierra el venteo de aire, pero tan pronto como el condensado llega a la trampa, el flotador sube y abre la v\u00e1lvula principal y el condensado se descarga. Cuando el vapor llega nuevamente a la trampa, el flotador baja y cierra la v\u00e1lvula principal.<\/p>\n<h3><span class=\"ez-toc-section\" id=\"Las_trampas_de_vapor_tienen_tres_funciones_principales\"><\/span><span style=\"font-size: 20px;\">Las trampas de vapor tienen tres funciones principales;<\/span><span class=\"ez-toc-section-end\"><\/span><\/h3>\n<ol>\n<li>Para drenar el condensado formado,<\/li>\n<li>Para evitar que el vapor se escape durante la evacuaci\u00f3n, atrapar el vapor (aqu\u00ed significa),<\/li>\n<li>Para evacuar aire y gases no condensables.<\/li>\n<\/ol>\n<h2><span class=\"ez-toc-section\" id=\"Caracteristicas_del_Producto\"><\/span><span style=\"font-size: 22px;\">Caracter\u00edsticas del Producto<\/span><span class=\"ez-toc-section-end\"><\/span><\/h2>\n<ul>\n<li><strong>Cuerpo<\/strong>: Hierro d\u00factil GG40.3<\/li>\n<li><strong>Cubierta:<\/strong> Hierro d\u00factil GGG<\/li>\n<li><strong>M\u00e1x. Presi\u00f3n Operacional<\/strong> : 16 Bar<\/li>\n<li><strong>M\u00e1x. Temperatura de Funcionamiento<\/strong>: 250\u00b0C<\/li>\n<li><strong>\u25b2p:<\/strong> 4,5 &#8211; 10 &#8211; 14 Bar<\/li>\n<\/ul>\n<p>&nbsp;<\/p>\n<p>Puede ver nuestro video para tener informaci\u00f3n m\u00e1s detallada sobre las trampas de vapor.<\/p>\n<p>&nbsp;<\/p>\n<p><iframe title=\"Kondenstop nedir? \u00c7al\u0131\u015fma Prensibi nedir? What is a steam trap? What is the Working Principle? #10\" width=\"500\" height=\"281\" src=\"https:\/\/www.youtube.com\/embed\/RYm9XG8YP_E?feature=oembed\" frameborder=\"0\" allow=\"accelerometer; autoplay; clipboard-write; encrypted-media; gyroscope; picture-in-picture; web-share\" referrerpolicy=\"strict-origin-when-cross-origin\" allowfullscreen><\/iframe><\/p>\n","protected":false},"excerpt":{"rendered":"<p><a href=\"https:\/\/unox.com.tr\/wp-content\/uploads\/2023\/03\/samandirali-kondenstop-disli.pdf\" target=\"_blank\" rel=\"noopener\"><button style=\"background-color: #11224b; color: #ffffff; padding: 10px 15px; font-family: montserrat; font-weight: bold; font-size: 19px; border-radius: 10px;\"><img decoding=\"async\" style=\"width: 25px; height: 25px;\" src=\"https:\/\/unox.com.tr\/wp-content\/uploads\/2023\/02\/pdf-1.png\">CAT\u00c1LOGO DE PRODUCTO<\/button><\/a><\/p>\n<p><a href=\"https:\/\/unox.com.tr\/wp-content\/uploads\/2022\/07\/uks-70d.pdf\" target=\"_blank\" rel=\"noopener\"><button style=\"background-color: #11224b; margin-top: 5px; color: #ffffff; padding: 10px 15px; font-family: montserrat; font-weight: bold; font-size: 16px; border-radius: 10px;\"><img decoding=\"async\" style=\"width: 25px; height: 25px;\" src=\"https:\/\/unox.com.tr\/wp-content\/uploads\/2023\/02\/pdf-1.png\">INSTRUCCIONES DE OPERACI\u00d3N<\/button><\/a><\/p>\n<p><button style=\"background-color: #11224b; margin-top: 5px; color: white; padding: 0px 15px; width: 150px; height: 55px; border-radius: 10px; border: none; cursor: pointer;\"><br \/>\n<img decoding=\"async\" style=\"width: 120px; height: 30px;\" src=\"https:\/\/unox.com.tr\/wp-content\/uploads\/2023\/02\/4-1.svg\"><\/button><\/p>\n","protected":false},"featured_media":69629,"comment_status":"closed","ping_status":"closed","template":"","meta":[],"product_brand":[],"product_cat":[1097,480],"product_tag":[],"class_list":{"0":"post-40336","1":"product","2":"type-product","3":"status-publish","4":"has-post-thumbnail","6":"product_cat-trampas-de-vapor","7":"product_cat-trampa-de-vapor","9":"first","10":"instock","11":"shipping-taxable","12":"product-type-simple"},"_links":{"self":[{"href":"https:\/\/unox.com.tr\/es\/wp-json\/wp\/v2\/product\/40336","targetHints":{"allow":["GET"]}}],"collection":[{"href":"https:\/\/unox.com.tr\/es\/wp-json\/wp\/v2\/product"}],"about":[{"href":"https:\/\/unox.com.tr\/es\/wp-json\/wp\/v2\/types\/product"}],"replies":[{"embeddable":true,"href":"https:\/\/unox.com.tr\/es\/wp-json\/wp\/v2\/comments?post=40336"}],"version-history":[{"count":0,"href":"https:\/\/unox.com.tr\/es\/wp-json\/wp\/v2\/product\/40336\/revisions"}],"wp:featuredmedia":[{"embeddable":true,"href":"https:\/\/unox.com.tr\/es\/wp-json\/wp\/v2\/media\/69629"}],"wp:attachment":[{"href":"https:\/\/unox.com.tr\/es\/wp-json\/wp\/v2\/media?parent=40336"}],"wp:term":[{"taxonomy":"product_brand","embeddable":true,"href":"https:\/\/unox.com.tr\/es\/wp-json\/wp\/v2\/product_brand?post=40336"},{"taxonomy":"product_cat","embeddable":true,"href":"https:\/\/unox.com.tr\/es\/wp-json\/wp\/v2\/product_cat?post=40336"},{"taxonomy":"product_tag","embeddable":true,"href":"https:\/\/unox.com.tr\/es\/wp-json\/wp\/v2\/product_tag?post=40336"}],"curies":[{"name":"wp","href":"https:\/\/api.w.org\/{rel}","templated":true}]}}