{"id":40349,"date":"2020-09-17T07:50:29","date_gmt":"2020-09-17T07:50:29","guid":{"rendered":"https:\/\/www.unox.com.tr\/urun\/junta-de-expansion-de-fuelle-metalico-varilla-limitadora-brida\/"},"modified":"2023-03-02T08:53:51","modified_gmt":"2023-03-02T05:53:51","slug":"compensador-de-fuelle-metalico","status":"publish","type":"product","link":"https:\/\/unox.com.tr\/es\/compensador-de-fuelle-metalico\/","title":{"rendered":"Junta de Expansi\u00f3n de Fuelle de Metal (L\u00edmite de Pudrici\u00f3n, Con Brida)"},"content":{"rendered":"<div class=\"d-md-block d-none\">\n<div id=\"ez-toc-container\" class=\"ez-toc-v2_0_82_2 counter-hierarchy ez-toc-counter ez-toc-grey ez-toc-container-direction\">\n<div class=\"ez-toc-title-container\">\n<p class=\"ez-toc-title\" style=\"cursor:inherit\">Sayfa \u0130\u00e7eri\u011fi<\/p>\n<span class=\"ez-toc-title-toggle\"><a href=\"#\" class=\"ez-toc-pull-right ez-toc-btn ez-toc-btn-xs ez-toc-btn-default ez-toc-toggle\" aria-label=\"Alternar tabla de contenidos\"><span class=\"ez-toc-js-icon-con\"><span class=\"\"><span class=\"eztoc-hide\" style=\"display:none;\">Toggle<\/span><span class=\"ez-toc-icon-toggle-span\"><svg style=\"fill: #999;color:#999\" xmlns=\"http:\/\/www.w3.org\/2000\/svg\" class=\"list-377408\" width=\"20px\" height=\"20px\" viewBox=\"0 0 24 24\" fill=\"none\"><path d=\"M6 6H4v2h2V6zm14 0H8v2h12V6zM4 11h2v2H4v-2zm16 0H8v2h12v-2zM4 16h2v2H4v-2zm16 0H8v2h12v-2z\" fill=\"currentColor\"><\/path><\/svg><svg style=\"fill: #999;color:#999\" class=\"arrow-unsorted-368013\" xmlns=\"http:\/\/www.w3.org\/2000\/svg\" width=\"10px\" height=\"10px\" viewBox=\"0 0 24 24\" version=\"1.2\" baseProfile=\"tiny\"><path d=\"M18.2 9.3l-6.2-6.3-6.2 6.3c-.2.2-.3.4-.3.7s.1.5.3.7c.2.2.4.3.7.3h11c.3 0 .5-.1.7-.3.2-.2.3-.5.3-.7s-.1-.5-.3-.7zM5.8 14.7l6.2 6.3 6.2-6.3c.2-.2.3-.5.3-.7s-.1-.5-.3-.7c-.2-.2-.4-.3-.7-.3h-11c-.3 0-.5.1-.7.3-.2.2-.3.5-.3.7s.1.5.3.7z\"\/><\/svg><\/span><\/span><\/span><\/a><\/span><\/div>\n<nav><ul class='ez-toc-list ez-toc-list-level-1 ' ><li class='ez-toc-page-1 ez-toc-heading-level-2'><a class=\"ez-toc-link ez-toc-heading-1\" href=\"https:\/\/unox.com.tr\/es\/compensador-de-fuelle-metalico\/#%C2%BFQue_es_la_Junta_de_Expansion_de_Fuelle_de_Metal\" >\u00bfQu\u00e9 es la Junta de Expansi\u00f3n de Fuelle de Metal?<\/a><\/li><li class='ez-toc-page-1 ez-toc-heading-level-2'><a class=\"ez-toc-link ez-toc-heading-2\" href=\"https:\/\/unox.com.tr\/es\/compensador-de-fuelle-metalico\/#Caracteristicas_del_Producto\" >Caracter\u00edsticas del Producto<\/a><\/li><li class='ez-toc-page-1 ez-toc-heading-level-2'><a class=\"ez-toc-link ez-toc-heading-3\" href=\"https:\/\/unox.com.tr\/es\/compensador-de-fuelle-metalico\/#Caracteristicas_Generales\" >Caracter\u00edsticas Generales<\/a><\/li><li class='ez-toc-page-1 ez-toc-heading-level-2'><a class=\"ez-toc-link ez-toc-heading-4\" href=\"https:\/\/unox.com.tr\/es\/compensador-de-fuelle-metalico\/#Ambito_de_Aplicacion\" >\u00c1mbito de Aplicaci\u00f3n<\/a><\/li><\/ul><\/nav><\/div>\n<h2><span class=\"ez-toc-section\" id=\"%C2%BFQue_es_la_Junta_de_Expansion_de_Fuelle_de_Metal\"><\/span><span style=\"font-size: 22px;\">\u00bfQu\u00e9 es la Junta de Expansi\u00f3n de Fuelle de Metal?<\/span><span class=\"ez-toc-section-end\"><\/span><\/h2>\n<p>El junta de expansi\u00f3n de fuelle de metal es un conector flexible utilizado para absorber la expansi\u00f3n t\u00e9rmica o la contracci\u00f3n en sistemas de tuber\u00edas, canales u otros sistemas mec\u00e1nicos. Consiste en una serie de fuelles de metal o tuber\u00edas de paredes delgadas unidas a los fits finales. Los fuelles est\u00e1n dise\u00f1ados para expandirse y encogerse en respuesta a los cambios de temperatura o presi\u00f3n al permitir el movimiento y la flexibilidad dentro del sistema.<\/p>\n<p>El junta de expansi\u00f3n de fuelle de metal se usa ampliamente en diversas industrias, incluida la producci\u00f3n de energ\u00eda, el procesamiento qu\u00edmico, la petroqu\u00edmica y los medicamentos. En general, se utilizan en sistemas de tuber\u00edas que transportan fluidos de alta temperatura o alta presi\u00f3n, donde la capacidad de expandir y contracci\u00f3n para proteger la integridad y la seguridad del sistema es fundamental.<\/p>\n<h2><span class=\"ez-toc-section\" id=\"Caracteristicas_del_Producto\"><\/span><span style=\"font-size: 22px;\">Caracter\u00edsticas del Producto<\/span><span class=\"ez-toc-section-end\"><\/span><\/h2>\n<ul>\n<li><strong>Fuelle:<\/strong> Acero Inoxidable AISI 304<\/li>\n<li><strong>Conexi\u00f3n:<\/strong> Bridada<\/li>\n<li><strong>Brida:<\/strong> acero al carbono ST37.2<\/li>\n<li><strong>Tipo de brida:<\/strong> brida fija<\/li>\n<li><strong>Varillas de l\u00edmite:<\/strong> acero al carbono ST37.2<\/li>\n<li><strong>Revestimiento:<\/strong> Acero inoxidable AISI 304<\/li>\n<li><strong>M\u00e1x. Presi\u00f3n Operacional:<\/strong> 16 Bar<\/li>\n<li><strong>M\u00e1x. Temperatura de Funcionamiento: <\/strong> -80 \/ +425 \u00b0C<\/li>\n<\/ul>\n<h2><span class=\"ez-toc-section\" id=\"Caracteristicas_Generales\"><\/span><span style=\"font-size: 22px;\">Caracter\u00edsticas Generales<\/span><span class=\"ez-toc-section-end\"><\/span><\/h2>\n<ul>\n<li>Equilibran el estado de elongaci\u00f3n-acortamiento resultante del cambio de temperatura, equilibrando as\u00ed el movimiento lateral y angular.<\/li>\n<li>Absorben el golpe de ariete y previenen el golpe de ariete.<\/li>\n<li>Tiene una estructura de tipo rotativo con bridas, por lo que son de f\u00e1cil montaje.<\/li>\n<li>No se requiere empaque o empaque.<\/li>\n<li>Hay dos opciones de producto diferentes, con liner y sin liner.<\/li>\n<\/ul>\n<h2><span class=\"ez-toc-section\" id=\"Ambito_de_Aplicacion\"><\/span><span style=\"font-size: 22px;\">\u00c1mbito de Aplicaci\u00f3n<\/span><span class=\"ez-toc-section-end\"><\/span><\/h2>\n<ul>\n<li>Se utiliza en todos los puntos de dilataci\u00f3n en las transiciones de edificios.<\/li>\n<li>En sistemas de agua<\/li>\n<li>En maquinaria, bombas y motores<\/li>\n<li>En aplicaciones de escape<\/li>\n<li>En lineas de gas<\/li>\n<\/ul>\n<\/div>\n<div class=\"clearfix\"><\/div>\n<div class=\"tab-content\">\n<div id=\"genel-ozellikler\" class=\"tab-pane in active\" role=\"tabpanel\">\n<div class=\"panelContent\">\n<div class=\"cnt\" data-prop=\"text\">\n<div class=\"table-responsive\"><\/div>\n<\/div>\n<\/div>\n<\/div>\n<\/div>\n","protected":false},"excerpt":{"rendered":"<p><button style=\"background-color: #11224b; color: #ffffff; padding: 10px 15px; font-family: montserrat; font-weight: bold; font-size: 19px; border-radius: 10px;\"><img decoding=\"async\" style=\"width: 25px; height: 25px;\" src=\"https:\/\/unox.com.tr\/wp-content\/uploads\/2023\/02\/pdf-1.png\">CAT\u00c1LOGO DE PRODUCTO<\/button><\/p>\n<p><button style=\"background-color: #11224b; margin-top: 5px; color: white; padding: 0px 15px; width: 150px; height: 55px; border-radius: 10px; border: none; cursor: pointer;\"><br \/>\n<img decoding=\"async\" style=\"width: 120px; height: 30px;\" src=\"https:\/\/unox.com.tr\/wp-content\/uploads\/2023\/02\/4-1.svg\"><\/button><\/p>\n","protected":false},"featured_media":69276,"comment_status":"closed","ping_status":"closed","template":"","meta":{"_joinchat":[]},"product_brand":[],"product_cat":[1045,476],"product_tag":[],"class_list":{"0":"post-40349","1":"product","2":"type-product","3":"status-publish","4":"has-post-thumbnail","6":"product_cat-juntas-de-expansion","7":"product_cat-juntas-de-expansion-y-mangueras","9":"first","10":"instock","11":"shipping-taxable","12":"product-type-simple"},"_links":{"self":[{"href":"https:\/\/unox.com.tr\/es\/wp-json\/wp\/v2\/product\/40349","targetHints":{"allow":["GET"]}}],"collection":[{"href":"https:\/\/unox.com.tr\/es\/wp-json\/wp\/v2\/product"}],"about":[{"href":"https:\/\/unox.com.tr\/es\/wp-json\/wp\/v2\/types\/product"}],"replies":[{"embeddable":true,"href":"https:\/\/unox.com.tr\/es\/wp-json\/wp\/v2\/comments?post=40349"}],"version-history":[{"count":0,"href":"https:\/\/unox.com.tr\/es\/wp-json\/wp\/v2\/product\/40349\/revisions"}],"wp:featuredmedia":[{"embeddable":true,"href":"https:\/\/unox.com.tr\/es\/wp-json\/wp\/v2\/media\/69276"}],"wp:attachment":[{"href":"https:\/\/unox.com.tr\/es\/wp-json\/wp\/v2\/media?parent=40349"}],"wp:term":[{"taxonomy":"product_brand","embeddable":true,"href":"https:\/\/unox.com.tr\/es\/wp-json\/wp\/v2\/product_brand?post=40349"},{"taxonomy":"product_cat","embeddable":true,"href":"https:\/\/unox.com.tr\/es\/wp-json\/wp\/v2\/product_cat?post=40349"},{"taxonomy":"product_tag","embeddable":true,"href":"https:\/\/unox.com.tr\/es\/wp-json\/wp\/v2\/product_tag?post=40349"}],"curies":[{"name":"wp","href":"https:\/\/api.w.org\/{rel}","templated":true}]}}