{"id":40355,"date":"2020-09-17T07:43:53","date_gmt":"2020-09-17T07:43:53","guid":{"rendered":"https:\/\/www.unox.com.tr\/urun\/compensador-de-caucho-de-engranajes-2\/"},"modified":"2023-03-02T09:20:01","modified_gmt":"2023-03-02T06:20:01","slug":"engranaje-caucho-compensador","status":"publish","type":"product","link":"https:\/\/unox.com.tr\/es\/engranaje-caucho-compensador\/","title":{"rendered":"Junta de Expansi\u00f3n de Caucho Con Engranajes"},"content":{"rendered":"<div id=\"ez-toc-container\" class=\"ez-toc-v2_0_82_2 counter-hierarchy ez-toc-counter ez-toc-grey ez-toc-container-direction\">\n<div class=\"ez-toc-title-container\">\n<p class=\"ez-toc-title\" style=\"cursor:inherit\">Sayfa \u0130\u00e7eri\u011fi<\/p>\n<span class=\"ez-toc-title-toggle\"><a href=\"#\" class=\"ez-toc-pull-right ez-toc-btn ez-toc-btn-xs ez-toc-btn-default ez-toc-toggle\" aria-label=\"Alternar tabla de contenidos\"><span class=\"ez-toc-js-icon-con\"><span class=\"\"><span class=\"eztoc-hide\" style=\"display:none;\">Toggle<\/span><span class=\"ez-toc-icon-toggle-span\"><svg style=\"fill: #999;color:#999\" xmlns=\"http:\/\/www.w3.org\/2000\/svg\" class=\"list-377408\" width=\"20px\" height=\"20px\" viewBox=\"0 0 24 24\" fill=\"none\"><path d=\"M6 6H4v2h2V6zm14 0H8v2h12V6zM4 11h2v2H4v-2zm16 0H8v2h12v-2zM4 16h2v2H4v-2zm16 0H8v2h12v-2z\" fill=\"currentColor\"><\/path><\/svg><svg style=\"fill: #999;color:#999\" class=\"arrow-unsorted-368013\" xmlns=\"http:\/\/www.w3.org\/2000\/svg\" width=\"10px\" height=\"10px\" viewBox=\"0 0 24 24\" version=\"1.2\" baseProfile=\"tiny\"><path d=\"M18.2 9.3l-6.2-6.3-6.2 6.3c-.2.2-.3.4-.3.7s.1.5.3.7c.2.2.4.3.7.3h11c.3 0 .5-.1.7-.3.2-.2.3-.5.3-.7s-.1-.5-.3-.7zM5.8 14.7l6.2 6.3 6.2-6.3c.2-.2.3-.5.3-.7s-.1-.5-.3-.7c-.2-.2-.4-.3-.7-.3h-11c-.3 0-.5.1-.7.3-.2.2-.3.5-.3.7s.1.5.3.7z\"\/><\/svg><\/span><\/span><\/span><\/a><\/span><\/div>\n<nav><ul class='ez-toc-list ez-toc-list-level-1 ' ><li class='ez-toc-page-1 ez-toc-heading-level-2'><a class=\"ez-toc-link ez-toc-heading-1\" href=\"https:\/\/unox.com.tr\/es\/engranaje-caucho-compensador\/#%C2%BFCual_es_el_junta_de_expansion_de_caucho_con_engranajes\" >\u00bfCu\u00e1l es el junta de expansi\u00f3n de caucho con engranajes?<\/a><\/li><li class='ez-toc-page-1 ez-toc-heading-level-2'><a class=\"ez-toc-link ez-toc-heading-2\" href=\"https:\/\/unox.com.tr\/es\/engranaje-caucho-compensador\/#%C2%BFDonde_se_usa_el_junta_de_expansion_de_caucho_con_engranajes\" >\u00bfD\u00f3nde se usa el junta de expansi\u00f3n de caucho con engranajes?<\/a><\/li><li class='ez-toc-page-1 ez-toc-heading-level-2'><a class=\"ez-toc-link ez-toc-heading-3\" href=\"https:\/\/unox.com.tr\/es\/engranaje-caucho-compensador\/#Caracteristicas_del_Producto\" >Caracter\u00edsticas del Producto<\/a><\/li><li class='ez-toc-page-1 ez-toc-heading-level-2'><a class=\"ez-toc-link ez-toc-heading-4\" href=\"https:\/\/unox.com.tr\/es\/engranaje-caucho-compensador\/#Caracteristicas_Generales\" >Caracter\u00edsticas Generales<\/a><\/li><li class='ez-toc-page-1 ez-toc-heading-level-2'><a class=\"ez-toc-link ez-toc-heading-5\" href=\"https:\/\/unox.com.tr\/es\/engranaje-caucho-compensador\/#Ambito_de_Aplicacion\" >\u00c1mbito de Aplicaci\u00f3n<\/a><\/li><\/ul><\/nav><\/div>\n<h2><span class=\"ez-toc-section\" id=\"%C2%BFCual_es_el_junta_de_expansion_de_caucho_con_engranajes\"><\/span><span style=\"font-size: 22px;\">\u00bfCu\u00e1l es el junta de expansi\u00f3n de caucho con engranajes?<\/span><span class=\"ez-toc-section-end\"><\/span><\/h2>\n<p><strong>Junta de expansi\u00f3n de caucho con engranajes;<\/strong> La vibraci\u00f3n, el ruido y el eje Feeus causados \u200b\u200bpor la vibraci\u00f3n, el ruido y varios factores, que son los principales problemas en la instalaci\u00f3n. Ofrecemos a nuestros clientes nuestros compensadores, que hemos desarrollado como la soluci\u00f3n m\u00e1s habitual a este tipo de problemas.<\/p>\n<p>Absorbe la vibraci\u00f3n y el ruido en el nivel m\u00e1ximo y elimina las disputas del eje. Debido a su estructura, pueden utilizarse a presiones de rotura superiores a 40 kg\/cm2 ya presiones internas normales de 10 kg\/cm2. Gracias a su capacidad para soportar un vac\u00edo de 700 mm Hg, definitivamente se utiliza en sistemas de bombas de succi\u00f3n y descarga. Tambi\u00e9n producen resultados de primera calidad en cuanto a la resistencia al calor.<\/p>\n<h2><span class=\"ez-toc-section\" id=\"%C2%BFDonde_se_usa_el_junta_de_expansion_de_caucho_con_engranajes\"><\/span><span style=\"font-size: 22px;\">\u00bfD\u00f3nde se usa el junta de expansi\u00f3n de caucho con engranajes?<\/span><span class=\"ez-toc-section-end\"><\/span><\/h2>\n<p>Los junta de expansi\u00f3n de caucho con engranajes a menudo se usan para controlar los movimientos del aire, el agua y otros fluidos. Dado que est\u00e1n dise\u00f1ados para reducir y absorber los movimientos entre los dos ejes que se mueven paralelos entre s\u00ed, generalmente se usa en sistemas de instalaci\u00f3n de agua y aire, sistemas hidr\u00e1ulicos y veh\u00edculos de barco y mar.<\/p>\n<p>Tambi\u00e9n se utiliza en procesos industriales para controlar los movimientos de l\u00edquidos y gas. Por ejemplo, estos compansadores se pueden usar en sistemas de gas y l\u00ednea l\u00edquida, industria petroqu\u00edmica e industria alimentaria para controlar el flujo de gas y l\u00edquido.<\/p>\n<p>Se usa en barcos y veh\u00edculos marinos para reducir y absorber movimientos. Esto se utiliza para reducir las conmociones cerebrales debido a los movimientos de los veh\u00edculos de barco y mar y regular los movimientos de fluidos.<\/p>\n<h2><span class=\"ez-toc-section\" id=\"Caracteristicas_del_Producto\"><\/span><span style=\"font-size: 22px;\">Caracter\u00edsticas del Producto<\/span><span class=\"ez-toc-section-end\"><\/span><\/h2>\n<ul>\n<li><strong>Tama\u00f1o<\/strong>: DN15 (3\/4 \u00ab) &#8211; DN80 (3\u00bb)<\/li>\n<li><strong>Presi\u00f3n Nominal:<\/strong> PN16<\/li>\n<li><strong>Rango de Presi\u00f3n de Trabajo:<\/strong> M\u00e1x. 10 Bares <\/li>\n<li><strong>Rango de Temperatura de Trabajo:<\/strong> -10 \u00b0 C \/ +90 \u00b0 C<\/li>\n<\/ul>\n<h2><span class=\"ez-toc-section\" id=\"Caracteristicas_Generales\"><\/span><span style=\"font-size: 22px;\">Caracter\u00edsticas Generales<\/span><span class=\"ez-toc-section-end\"><\/span><\/h2>\n<ul>\n<li>Equilibran el estado de elongaci\u00f3n-acortamiento resultante del cambio de temperatura, equilibrando as\u00ed el movimiento lateral y angular.<\/li>\n<li>Absorben el golpe de ariete y previenen el golpe de ariete.<\/li>\n<li>Tiene una estructura de tipo rotativo con bridas, por lo que son de f\u00e1cil montaje.<\/li>\n<li>No se requieren juntas ni empaquetaduras<\/li>\n<\/ul>\n<h2><span class=\"ez-toc-section\" id=\"Ambito_de_Aplicacion\"><\/span><span style=\"font-size: 22px;\">\u00c1mbito de Aplicaci\u00f3n<\/span><span class=\"ez-toc-section-end\"><\/span><\/h2>\n<ul>\n<li>Enfriadores<\/li>\n<li>Zapatillas<\/li>\n<li>Compresores de aire<\/li>\n<li>Sistema de ventilaci\u00f3n<\/li>\n<li>Ventiladores<\/li>\n<li>Torres de enfriamiento<\/li>\n<li>Las centrales t\u00e9rmicas<\/li>\n<li>Sistemas de presas<\/li>\n<li>Plantas de energ\u00eda<\/li>\n<li>Campos de hierro y acero<\/li>\n<li>Astilleros<\/li>\n<li>Mascota de papel vs. \u00e1reas de reciclaje<\/li>\n<\/ul>\n<p>&nbsp;<\/p>\n<p><img decoding=\"async\" class=\"size-medium wp-image-41945 aligncenter\" src=\"https:\/\/unox.com.tr\/wp-content\/themes\/woodmart\/images\/lazy.svg\" data-src=\"https:\/\/unox.com.tr\/wp-content\/uploads\/2020\/09\/Disli-Kaucuk-Kompansator-1-300x195.jpg\" alt=\"Compensador de caucho de engranajes\" width=\"300\" height=\"195\" title=\"\" srcset=\"\" data-srcset=\"https:\/\/unox.com.tr\/wp-content\/uploads\/2020\/09\/Disli-Kaucuk-Kompansator-1-300x195.jpg 300w, https:\/\/unox.com.tr\/wp-content\/uploads\/2020\/09\/Disli-Kaucuk-Kompansator-1-150x97.jpg 150w, https:\/\/unox.com.tr\/wp-content\/uploads\/2020\/09\/Disli-Kaucuk-Kompansator-1-600x389.jpg 600w, https:\/\/unox.com.tr\/wp-content\/uploads\/2020\/09\/Disli-Kaucuk-Kompansator-1-400x259.jpg 400w, https:\/\/unox.com.tr\/wp-content\/uploads\/2020\/09\/Disli-Kaucuk-Kompansator-1-367x238.jpg 367w, https:\/\/unox.com.tr\/wp-content\/uploads\/2020\/09\/Disli-Kaucuk-Kompansator-1.jpg 632w\" sizes=\"(max-width: 300px) 100vw, 300px\" \/><\/p>\n","protected":false},"excerpt":{"rendered":"<p><a href=\"https:\/\/unox.com.tr\/wp-content\/uploads\/2023\/01\/Disli-Kaucuk-Kompansator.pdf\" target=\"_blank\" rel=\"noopener\"><button style=\"background-color: #11224b; color: #ffffff; padding: 10px 15px; font-family: montserrat; font-weight: bold; font-size: 19px; border-radius: 10px;\"><img decoding=\"async\" style=\"width: 25px; height: 25px;\" src=\"https:\/\/unox.com.tr\/wp-content\/uploads\/2023\/02\/pdf-1.png\">CAT\u00c1LOGO DE PRODUCTO<\/button><\/a><\/p>\n<p><button style=\"background-color: #11224b; margin-top: 5px; color: white; padding: 0px 15px; width: 150px; height: 55px; border-radius: 10px; border: none; cursor: pointer;\"><br \/>\n<img decoding=\"async\" style=\"width: 120px; height: 30px;\" src=\"https:\/\/unox.com.tr\/wp-content\/uploads\/2023\/02\/4-1.svg\"><\/button><\/p>\n","protected":false},"featured_media":69241,"comment_status":"closed","ping_status":"closed","template":"","meta":{"_joinchat":[]},"product_brand":[],"product_cat":[1045,476],"product_tag":[],"class_list":{"0":"post-40355","1":"product","2":"type-product","3":"status-publish","4":"has-post-thumbnail","6":"product_cat-juntas-de-expansion","7":"product_cat-juntas-de-expansion-y-mangueras","9":"first","10":"instock","11":"shipping-taxable","12":"product-type-simple"},"_links":{"self":[{"href":"https:\/\/unox.com.tr\/es\/wp-json\/wp\/v2\/product\/40355","targetHints":{"allow":["GET"]}}],"collection":[{"href":"https:\/\/unox.com.tr\/es\/wp-json\/wp\/v2\/product"}],"about":[{"href":"https:\/\/unox.com.tr\/es\/wp-json\/wp\/v2\/types\/product"}],"replies":[{"embeddable":true,"href":"https:\/\/unox.com.tr\/es\/wp-json\/wp\/v2\/comments?post=40355"}],"version-history":[{"count":0,"href":"https:\/\/unox.com.tr\/es\/wp-json\/wp\/v2\/product\/40355\/revisions"}],"wp:featuredmedia":[{"embeddable":true,"href":"https:\/\/unox.com.tr\/es\/wp-json\/wp\/v2\/media\/69241"}],"wp:attachment":[{"href":"https:\/\/unox.com.tr\/es\/wp-json\/wp\/v2\/media?parent=40355"}],"wp:term":[{"taxonomy":"product_brand","embeddable":true,"href":"https:\/\/unox.com.tr\/es\/wp-json\/wp\/v2\/product_brand?post=40355"},{"taxonomy":"product_cat","embeddable":true,"href":"https:\/\/unox.com.tr\/es\/wp-json\/wp\/v2\/product_cat?post=40355"},{"taxonomy":"product_tag","embeddable":true,"href":"https:\/\/unox.com.tr\/es\/wp-json\/wp\/v2\/product_tag?post=40355"}],"curies":[{"name":"wp","href":"https:\/\/api.w.org\/{rel}","templated":true}]}}