{"id":40397,"date":"2020-09-17T07:22:47","date_gmt":"2020-09-17T07:22:47","guid":{"rendered":"https:\/\/www.unox.com.tr\/urun\/b01a-0-7-3-bar-prosestat\/"},"modified":"2023-03-02T10:02:37","modified_gmt":"2023-03-02T07:02:37","slug":"07-3-bar-prosestat","status":"publish","type":"product","link":"https:\/\/unox.com.tr\/es\/07-3-bar-prosestat\/","title":{"rendered":"B01A 0.7-3 Bar Interruptor de Presi\u00f3n"},"content":{"rendered":"<div id=\"ez-toc-container\" class=\"ez-toc-v2_0_82_2 counter-hierarchy ez-toc-counter ez-toc-grey ez-toc-container-direction\">\n<div class=\"ez-toc-title-container\">\n<p class=\"ez-toc-title\" style=\"cursor:inherit\">Sayfa \u0130\u00e7eri\u011fi<\/p>\n<span class=\"ez-toc-title-toggle\"><a href=\"#\" class=\"ez-toc-pull-right ez-toc-btn ez-toc-btn-xs ez-toc-btn-default ez-toc-toggle\" aria-label=\"Alternar tabla de contenidos\"><span class=\"ez-toc-js-icon-con\"><span class=\"\"><span class=\"eztoc-hide\" style=\"display:none;\">Toggle<\/span><span class=\"ez-toc-icon-toggle-span\"><svg style=\"fill: #999;color:#999\" xmlns=\"http:\/\/www.w3.org\/2000\/svg\" class=\"list-377408\" width=\"20px\" height=\"20px\" viewBox=\"0 0 24 24\" fill=\"none\"><path d=\"M6 6H4v2h2V6zm14 0H8v2h12V6zM4 11h2v2H4v-2zm16 0H8v2h12v-2zM4 16h2v2H4v-2zm16 0H8v2h12v-2z\" fill=\"currentColor\"><\/path><\/svg><svg style=\"fill: #999;color:#999\" class=\"arrow-unsorted-368013\" xmlns=\"http:\/\/www.w3.org\/2000\/svg\" width=\"10px\" height=\"10px\" viewBox=\"0 0 24 24\" version=\"1.2\" baseProfile=\"tiny\"><path d=\"M18.2 9.3l-6.2-6.3-6.2 6.3c-.2.2-.3.4-.3.7s.1.5.3.7c.2.2.4.3.7.3h11c.3 0 .5-.1.7-.3.2-.2.3-.5.3-.7s-.1-.5-.3-.7zM5.8 14.7l6.2 6.3 6.2-6.3c.2-.2.3-.5.3-.7s-.1-.5-.3-.7c-.2-.2-.4-.3-.7-.3h-11c-.3 0-.5.1-.7.3-.2.2-.3.5-.3.7s.1.5.3.7z\"\/><\/svg><\/span><\/span><\/span><\/a><\/span><\/div>\n<nav><ul class='ez-toc-list ez-toc-list-level-1 ' ><li class='ez-toc-page-1 ez-toc-heading-level-2'><a class=\"ez-toc-link ez-toc-heading-1\" href=\"https:\/\/unox.com.tr\/es\/07-3-bar-prosestat\/#%C2%BFQue_es_Interruptor_de_Presion\" >\u00bfQu\u00e9 es Interruptor de Presi\u00f3n?<\/a><\/li><li class='ez-toc-page-1 ez-toc-heading-level-2'><a class=\"ez-toc-link ez-toc-heading-2\" href=\"https:\/\/unox.com.tr\/es\/07-3-bar-prosestat\/#Caracteristicas_Generales\" >Caracter\u00edsticas Generales<\/a><\/li><li class='ez-toc-page-1 ez-toc-heading-level-2'><a class=\"ez-toc-link ez-toc-heading-3\" href=\"https:\/\/unox.com.tr\/es\/07-3-bar-prosestat\/#Caracteristicas_electricas\" >Caracter\u00edsticas electricas<\/a><ul class='ez-toc-list-level-3' ><li class='ez-toc-heading-level-3'><a class=\"ez-toc-link ez-toc-heading-4\" href=\"https:\/\/unox.com.tr\/es\/07-3-bar-prosestat\/#Accesorios\" >Accesorios<\/a><\/li><\/ul><\/li><\/ul><\/nav><\/div>\n<h2><span class=\"ez-toc-section\" id=\"%C2%BFQue_es_Interruptor_de_Presion\"><\/span><span style=\"font-size: 22px;\">\u00bfQu\u00e9 es Interruptor de Presi\u00f3n?<\/span><span class=\"ez-toc-section-end\"><\/span><\/h2>\n<p>Los Interruptores de presi\u00f3n utilizados para fluidos y gases inertes. Compresores, autoclaves, circuitos de lubricaci\u00f3n, calderas de vapor, sistemas de riego, etc. Adecuado para el control. <\/p>\n<h2><span class=\"ez-toc-section\" id=\"Caracteristicas_Generales\"><\/span><span class=\"subTitle\" style=\"font-size: 22px;\">Caracter\u00edsticas Generales<\/span><span class=\"ez-toc-section-end\"><\/span><\/h2>\n<div class=\"prod-text-cnt\">\n<div class=\"twoCol\">\n<ul>\n<li>Los elementos en contacto con el fluido son de acero inoxidable soldados con l\u00e1ser.<\/li>\n<li>Base, tapa y pomo fabricados en material termopl\u00e1stico autoextinguible V0 resistente a impactos.<\/li>\n<li>Conexiones de salida con prensaestopas de PVC.<\/li>\n<li><strong>Temperatura M\u00e1xima de Fluido Controlado:<\/strong> 120 \u00b0C.<\/li>\n<li><strong>Temperatura admisible del cuerpo del presostato:<\/strong> -35 \u00f7 80\u00b0C.<\/li>\n<li><strong>Temperatura de Almacenamiento y Transporte:<\/strong> -35 \u00f7 80\u00b0C.<\/li>\n<li><strong>Peso Unitario:<\/strong> 0,15 Kg.<\/li>\n<\/ul>\n<h2><span class=\"ez-toc-section\" id=\"Caracteristicas_electricas\"><\/span><span class=\"subsubTitle\" style=\"font-size: 22px;\">Caracter\u00edsticas electricas<\/span><span class=\"ez-toc-section-end\"><\/span><\/h2>\n<ul>\n<li><strong>Tensi\u00f3n nominal de aislamiento:<\/strong> Ui 380V~<\/li>\n<li><strong>Corriente nominal de trabajo continuo:<\/strong> Ith 15A<\/li>\n<\/ul>\n<h3><span class=\"ez-toc-section\" id=\"Accesorios\"><\/span><span style=\"font-size: 20px;\">Accesorios<\/span><span class=\"ez-toc-section-end\"><\/span><\/h3>\n<ul>\n<li>Prensaestopas G1\/2 V0 con salida autom\u00e1tica, c\u00f3digo: 303298L<\/li>\n<\/ul>\n<\/div>\n<div><\/div>\n<\/div>\n","protected":false},"excerpt":{"rendered":"<p><a href=\"https:\/\/unox.com.tr\/wp-content\/uploads\/2022\/07\/copia7_b01-2.pdf\" target=\"_blank\" rel=\"noopener\"><button style=\"background-color: #11224b; color: #ffffff; padding: 10px 15px; font-family: montserrat; font-weight: bold; font-size: 19px; border-radius: 10px;\"><img decoding=\"async\" style=\"width: 25px; height: 25px;\" src=\"https:\/\/unox.com.tr\/wp-content\/uploads\/2023\/02\/pdf-1.png\">CAT\u00c1LOGO DE PRODUCTO<\/button><\/a><\/p>\n<p><button style=\"background-color: #11224b; margin-top: 5px; color: white; padding: 0px 15px; width: 150px; height: 55px; border-radius: 10px; border: none; cursor: pointer;\"><br \/>\n<img decoding=\"async\" style=\"width: 120px; height: 30px;\" src=\"https:\/\/unox.com.tr\/wp-content\/uploads\/2023\/02\/4-1.svg\"><\/button><\/p>\n","protected":false},"featured_media":51016,"comment_status":"open","ping_status":"closed","template":"","meta":{"_joinchat":[]},"product_brand":[],"product_cat":[1557],"product_tag":[],"class_list":{"0":"post-40397","1":"product","2":"type-product","3":"status-publish","4":"has-post-thumbnail","6":"product_cat-fantini-cosmi-es","8":"first","9":"instock","10":"shipping-taxable","11":"product-type-simple"},"_links":{"self":[{"href":"https:\/\/unox.com.tr\/es\/wp-json\/wp\/v2\/product\/40397","targetHints":{"allow":["GET"]}}],"collection":[{"href":"https:\/\/unox.com.tr\/es\/wp-json\/wp\/v2\/product"}],"about":[{"href":"https:\/\/unox.com.tr\/es\/wp-json\/wp\/v2\/types\/product"}],"replies":[{"embeddable":true,"href":"https:\/\/unox.com.tr\/es\/wp-json\/wp\/v2\/comments?post=40397"}],"version-history":[{"count":0,"href":"https:\/\/unox.com.tr\/es\/wp-json\/wp\/v2\/product\/40397\/revisions"}],"wp:featuredmedia":[{"embeddable":true,"href":"https:\/\/unox.com.tr\/es\/wp-json\/wp\/v2\/media\/51016"}],"wp:attachment":[{"href":"https:\/\/unox.com.tr\/es\/wp-json\/wp\/v2\/media?parent=40397"}],"wp:term":[{"taxonomy":"product_brand","embeddable":true,"href":"https:\/\/unox.com.tr\/es\/wp-json\/wp\/v2\/product_brand?post=40397"},{"taxonomy":"product_cat","embeddable":true,"href":"https:\/\/unox.com.tr\/es\/wp-json\/wp\/v2\/product_cat?post=40397"},{"taxonomy":"product_tag","embeddable":true,"href":"https:\/\/unox.com.tr\/es\/wp-json\/wp\/v2\/product_tag?post=40397"}],"curies":[{"name":"wp","href":"https:\/\/api.w.org\/{rel}","templated":true}]}}