{"id":52814,"date":"2023-01-02T11:49:40","date_gmt":"2023-01-02T11:49:40","guid":{"rendered":"https:\/\/unox.com.tr\/urun\/higrostato-de-ambiente-d40\/"},"modified":"2023-01-02T11:49:40","modified_gmt":"2023-01-02T08:49:40","slug":"higrostato-de-ambiente-d40","status":"publish","type":"product","link":"https:\/\/unox.com.tr\/es\/higrostato-de-ambiente-d40\/","title":{"rendered":"Higrostato de Ambiente D40"},"content":{"rendered":"<div id=\"ez-toc-container\" class=\"ez-toc-v2_0_82_2 counter-hierarchy ez-toc-counter ez-toc-grey ez-toc-container-direction\">\n<div class=\"ez-toc-title-container\">\n<p class=\"ez-toc-title\" style=\"cursor:inherit\">Sayfa \u0130\u00e7eri\u011fi<\/p>\n<span class=\"ez-toc-title-toggle\"><a href=\"#\" class=\"ez-toc-pull-right ez-toc-btn ez-toc-btn-xs ez-toc-btn-default ez-toc-toggle\" aria-label=\"Alternar tabla de contenidos\"><span class=\"ez-toc-js-icon-con\"><span class=\"\"><span class=\"eztoc-hide\" style=\"display:none;\">Toggle<\/span><span class=\"ez-toc-icon-toggle-span\"><svg style=\"fill: #999;color:#999\" xmlns=\"http:\/\/www.w3.org\/2000\/svg\" class=\"list-377408\" width=\"20px\" height=\"20px\" viewBox=\"0 0 24 24\" fill=\"none\"><path d=\"M6 6H4v2h2V6zm14 0H8v2h12V6zM4 11h2v2H4v-2zm16 0H8v2h12v-2zM4 16h2v2H4v-2zm16 0H8v2h12v-2z\" fill=\"currentColor\"><\/path><\/svg><svg style=\"fill: #999;color:#999\" class=\"arrow-unsorted-368013\" xmlns=\"http:\/\/www.w3.org\/2000\/svg\" width=\"10px\" height=\"10px\" viewBox=\"0 0 24 24\" version=\"1.2\" baseProfile=\"tiny\"><path d=\"M18.2 9.3l-6.2-6.3-6.2 6.3c-.2.2-.3.4-.3.7s.1.5.3.7c.2.2.4.3.7.3h11c.3 0 .5-.1.7-.3.2-.2.3-.5.3-.7s-.1-.5-.3-.7zM5.8 14.7l6.2 6.3 6.2-6.3c.2-.2.3-.5.3-.7s-.1-.5-.3-.7c-.2-.2-.4-.3-.7-.3h-11c-.3 0-.5.1-.7.3-.2.2-.3.5-.3.7s.1.5.3.7z\"\/><\/svg><\/span><\/span><\/span><\/a><\/span><\/div>\n<nav><ul class='ez-toc-list ez-toc-list-level-1 ' ><li class='ez-toc-page-1 ez-toc-heading-level-2'><a class=\"ez-toc-link ez-toc-heading-1\" href=\"https:\/\/unox.com.tr\/es\/higrostato-de-ambiente-d40\/#%C2%BFQue_es_un_Higrostato_de_Habitacion\" >\u00bfQu\u00e9 es un Higrostato de Habitaci\u00f3n?<\/a><\/li><li class='ez-toc-page-1 ez-toc-heading-level-2'><a class=\"ez-toc-link ez-toc-heading-2\" href=\"https:\/\/unox.com.tr\/es\/higrostato-de-ambiente-d40\/#Caracteristicas_generales\" >Caracter\u00edsticas generales<\/a><\/li><li class='ez-toc-page-1 ez-toc-heading-level-2'><a class=\"ez-toc-link ez-toc-heading-3\" href=\"https:\/\/unox.com.tr\/es\/higrostato-de-ambiente-d40\/#Caracteristicas_electricas\" >Caracter\u00edsticas electricas<\/a><\/li><\/ul><\/nav><\/div>\n<h2><span class=\"ez-toc-section\" id=\"%C2%BFQue_es_un_Higrostato_de_Habitacion\"><\/span><span style=\"font-size: 22px;\">\u00bfQu\u00e9 es un Higrostato de Habitaci\u00f3n?<\/span><span class=\"ez-toc-section-end\"><\/span><\/h2>\n<p>Un higrostato ambiental es un dispositivo que mide la humedad de una habitaci\u00f3n y la mantiene en el nivel deseado. El higrostato mide la humedad en la habitaci\u00f3n mediante sensores de humedad y utiliza estos datos para tomar las medidas adecuadas para mantener la humedad en el nivel deseado. Por ejemplo, si el nivel de humedad es demasiado alto, el higrostato har\u00e1 funcionar un enfriador como un refrigerador o har\u00e1 funcionar el evaporador para reducir la humedad. Si la humedad del higrostato es demasiado baja, el humidificador har\u00e1 funcionar el dispositivo, aumentando la humedad. La humedad baja o alta puede causar molestias o problemas de salud, por lo que el uso de higrostatos es muy \u00fatil.<\/p>\n<h2><span class=\"ez-toc-section\" id=\"Caracteristicas_generales\"><\/span><span class=\"subTitle\" style=\"font-size: 22px;\">Caracter\u00edsticas generales<\/span><span class=\"ez-toc-section-end\"><\/span><\/h2>\n<div class=\"prod-text-cnt\">\n<div class=\"twoCol\">\n<ul>\n<li>Indicador LED: \u201cEncendido\u201d cuando la humedad ambiental es superior al valor establecido.<\/li>\n<li>Caja fabricada en material termopl\u00e1stico antichoque autoextinguible VO.<\/li>\n<li>Peso Unitario: 0,16 Kg.<\/li>\n<\/ul>\n<\/div>\n<div>\n<h2><span class=\"ez-toc-section\" id=\"Caracteristicas_electricas\"><\/span><span class=\"subsubTitle\" style=\"font-size: 22px;\">Caracter\u00edsticas electricas<\/span><span class=\"ez-toc-section-end\"><\/span><\/h2>\n<ul>\n<li>Alimentaci\u00f3n: 230Vac 50Hz.<\/li>\n<li>La m\u00e1xima potencia disipada es de 2VA.<\/li>\n<li>Contacto: 6(3)A 250Vac.<\/li>\n<li>Tipo de movimiento: 1B (sin Micro link)<\/li>\n<li>Contactos de conmutaci\u00f3n libres de tensi\u00f3n.<\/li>\n<\/ul>\n<\/div>\n<\/div>\n","protected":false},"excerpt":{"rendered":"<p><a href=\"https:\/\/unox.com.tr\/wp-content\/uploads\/2022\/07\/d40-en-technical-data-sheet.pdf\" target=\"_blank\" rel=\"noopener\"><button style=\"background-color: #11224b; color: #ffffff; padding: 10px 15px; font-family: montserrat; font-weight: bold; font-size: 19px; border-radius: 10px;\"><img decoding=\"async\" style=\"width: 25px; height: 25px;\" src=\"https:\/\/unox.com.tr\/wp-content\/uploads\/2023\/02\/pdf-1.png\">CAT\u00c1LOGO DE PRODUCTO<\/button><\/a><\/p>\n<p><button style=\"background-color: #11224b; margin-top: 5px; color: white; padding: 0px 15px; width: 150px; height: 55px; border-radius: 10px; border: none; cursor: pointer;\"><br \/>\n<img decoding=\"async\" style=\"width: 120px; height: 30px;\" src=\"https:\/\/unox.com.tr\/wp-content\/uploads\/2023\/02\/4-1.svg\"><\/button><\/p>\n","protected":false},"featured_media":42262,"comment_status":"open","ping_status":"closed","template":"","meta":[],"product_brand":[],"product_cat":[1557],"product_tag":[],"class_list":{"0":"post-52814","1":"product","2":"type-product","3":"status-publish","4":"has-post-thumbnail","6":"product_cat-fantini-cosmi-es","8":"first","9":"instock","10":"shipping-taxable","11":"product-type-simple"},"_links":{"self":[{"href":"https:\/\/unox.com.tr\/es\/wp-json\/wp\/v2\/product\/52814","targetHints":{"allow":["GET"]}}],"collection":[{"href":"https:\/\/unox.com.tr\/es\/wp-json\/wp\/v2\/product"}],"about":[{"href":"https:\/\/unox.com.tr\/es\/wp-json\/wp\/v2\/types\/product"}],"replies":[{"embeddable":true,"href":"https:\/\/unox.com.tr\/es\/wp-json\/wp\/v2\/comments?post=52814"}],"version-history":[{"count":0,"href":"https:\/\/unox.com.tr\/es\/wp-json\/wp\/v2\/product\/52814\/revisions"}],"wp:featuredmedia":[{"embeddable":true,"href":"https:\/\/unox.com.tr\/es\/wp-json\/wp\/v2\/media\/42262"}],"wp:attachment":[{"href":"https:\/\/unox.com.tr\/es\/wp-json\/wp\/v2\/media?parent=52814"}],"wp:term":[{"taxonomy":"product_brand","embeddable":true,"href":"https:\/\/unox.com.tr\/es\/wp-json\/wp\/v2\/product_brand?post=52814"},{"taxonomy":"product_cat","embeddable":true,"href":"https:\/\/unox.com.tr\/es\/wp-json\/wp\/v2\/product_cat?post=52814"},{"taxonomy":"product_tag","embeddable":true,"href":"https:\/\/unox.com.tr\/es\/wp-json\/wp\/v2\/product_tag?post=52814"}],"curies":[{"name":"wp","href":"https:\/\/api.w.org\/{rel}","templated":true}]}}