{"id":52815,"date":"2023-01-02T07:11:44","date_gmt":"2023-01-02T04:11:44","guid":{"rendered":"https:\/\/unox.com.tr\/urun\/valvula-de-mariposa-accionada-neumaticamente-con-manguito-roscado-de-separacion\/"},"modified":"2023-01-02T07:11:44","modified_gmt":"2023-01-02T04:11:44","slug":"valvula-de-mariposa-accionada-neumaticamente-con-manguito-roscado-de-separacion","status":"publish","type":"product","link":"https:\/\/unox.com.tr\/es\/valvula-de-mariposa-accionada-neumaticamente-con-manguito-roscado-de-separacion\/","title":{"rendered":"V\u00e1lvula de Mariposa Accionada Neum\u00e1ticamente Con Manguito Roscado de Separaci\u00f3n"},"content":{"rendered":"<div id=\"ez-toc-container\" class=\"ez-toc-v2_0_82_2 counter-hierarchy ez-toc-counter ez-toc-grey ez-toc-container-direction\">\n<div class=\"ez-toc-title-container\">\n<p class=\"ez-toc-title\" style=\"cursor:inherit\">Sayfa \u0130\u00e7eri\u011fi<\/p>\n<span class=\"ez-toc-title-toggle\"><a href=\"#\" class=\"ez-toc-pull-right ez-toc-btn ez-toc-btn-xs ez-toc-btn-default ez-toc-toggle\" aria-label=\"Alternar tabla de contenidos\"><span class=\"ez-toc-js-icon-con\"><span class=\"\"><span class=\"eztoc-hide\" style=\"display:none;\">Toggle<\/span><span class=\"ez-toc-icon-toggle-span\"><svg style=\"fill: #999;color:#999\" xmlns=\"http:\/\/www.w3.org\/2000\/svg\" class=\"list-377408\" width=\"20px\" height=\"20px\" viewBox=\"0 0 24 24\" fill=\"none\"><path d=\"M6 6H4v2h2V6zm14 0H8v2h12V6zM4 11h2v2H4v-2zm16 0H8v2h12v-2zM4 16h2v2H4v-2zm16 0H8v2h12v-2z\" fill=\"currentColor\"><\/path><\/svg><svg style=\"fill: #999;color:#999\" class=\"arrow-unsorted-368013\" xmlns=\"http:\/\/www.w3.org\/2000\/svg\" width=\"10px\" height=\"10px\" viewBox=\"0 0 24 24\" version=\"1.2\" baseProfile=\"tiny\"><path d=\"M18.2 9.3l-6.2-6.3-6.2 6.3c-.2.2-.3.4-.3.7s.1.5.3.7c.2.2.4.3.7.3h11c.3 0 .5-.1.7-.3.2-.2.3-.5.3-.7s-.1-.5-.3-.7zM5.8 14.7l6.2 6.3 6.2-6.3c.2-.2.3-.5.3-.7s-.1-.5-.3-.7c-.2-.2-.4-.3-.7-.3h-11c-.3 0-.5.1-.7.3-.2.2-.3.5-.3.7s.1.5.3.7z\"\/><\/svg><\/span><\/span><\/span><\/a><\/span><\/div>\n<nav><ul class='ez-toc-list ez-toc-list-level-1 ' ><li class='ez-toc-page-1 ez-toc-heading-level-2'><a class=\"ez-toc-link ez-toc-heading-1\" href=\"https:\/\/unox.com.tr\/es\/valvula-de-mariposa-accionada-neumaticamente-con-manguito-roscado-de-separacion\/#%C2%BFQue_es_la_valvula_de_mariposa_accionada_neumaticamente_con_manguito_roscado_desviador\" >\u00bfQu\u00e9 es la v\u00e1lvula de mariposa accionada neum\u00e1ticamente con manguito roscado desviador?<\/a><ul class='ez-toc-list-level-3' ><li class='ez-toc-heading-level-3'><a class=\"ez-toc-link ez-toc-heading-2\" href=\"https:\/\/unox.com.tr\/es\/valvula-de-mariposa-accionada-neumaticamente-con-manguito-roscado-de-separacion\/#Se_comprueba_de_dos_formas\" >Se comprueba de dos formas:<\/a><\/li><li class='ez-toc-page-1 ez-toc-heading-level-3'><a class=\"ez-toc-link ez-toc-heading-3\" href=\"https:\/\/unox.com.tr\/es\/valvula-de-mariposa-accionada-neumaticamente-con-manguito-roscado-de-separacion\/#Construccion\" >Construcci\u00f3n<\/a><\/li><\/ul><\/li><\/ul><\/nav><\/div>\n<h2><span class=\"ez-toc-section\" id=\"%C2%BFQue_es_la_valvula_de_mariposa_accionada_neumaticamente_con_manguito_roscado_desviador\"><\/span><span style=\"font-size: 22px;\">\u00bfQu\u00e9 es la v\u00e1lvula de mariposa accionada neum\u00e1ticamente con manguito roscado desviador?<\/span><span class=\"ez-toc-section-end\"><\/span><\/h2>\n<p>La v\u00e1lvula de mariposa se utiliza para controlar el flujo de l\u00edquidos o gases como gas, agua o aire. Consiste en un par de tapas y estas tapas giran alrededor de un eje. Cuando una aleta est\u00e1 abierta, la otra est\u00e1 cerrada para que pueda controlar el flujo. Las v\u00e1lvulas de mariposa se utilizan generalmente para tuber\u00edas o mangueras de gran di\u00e1metro y se utilizan a menudo en plantas, f\u00e1bricas y plantas industriales para controlar el flujo de sustancias como agua, gas o aire.<\/p>\n<p>Como elementos auxiliares opcionales se utilizan actuadores con fuerzas que van desde 9 nm hasta 400 nm dependiendo de los di\u00e1metros de conexi\u00f3n y <strong>cajas de interruptores<\/strong> y <strong>v\u00e1lvulas direccionales.<\/strong><\/p>\n<p><strong>Seg\u00fan sus c\u00f3digos, nuestros actuadores neum\u00e1ticos, informaci\u00f3n de fuerza y \u200b\u200baplicaciones de v\u00e1lvulas son los siguientes:<\/strong><\/p>\n<ul>\n<li><strong>UDA 040 =<\/strong> 9 nm<\/li>\n<li><strong>UDA 052 = <\/strong>25 nm<\/li>\n<li><strong>UDA 063 = <\/strong>50 nm<\/li>\n<li><strong>UDA 083 =<\/strong> 94 nm<\/li>\n<li><strong>UDA 092 =<\/strong> 135 nm<\/li>\n<li><strong>UDA 105 =<\/strong> 270 nm<\/li>\n<li><strong>UDA 125 =<\/strong> 400 nm<\/li>\n<\/ul>\n<h3><span class=\"ez-toc-section\" id=\"Se_comprueba_de_dos_formas\"><\/span><span style=\"font-size: 20px;\">Se comprueba de dos formas:<\/span><span class=\"ez-toc-section-end\"><\/span><\/h3>\n<ol>\n<li>Control de encendido y apagado<\/li>\n<li>Control proporcional.<\/li>\n<\/ol>\n<h3><span class=\"ez-toc-section\" id=\"Construccion\"><\/span><span style=\"font-size: 20px;\">Construcci\u00f3n<\/span><span class=\"ez-toc-section-end\"><\/span><\/h3>\n<ul>\n<li>Extrusi\u00f3n de aluminio, resistente a la corrosi\u00f3n interna y externa, larga vida \u00fatil y superficie cil\u00edndrica obtenida con una t\u00e9cnica de proceso muy sensible para un bajo coeficiente de fricci\u00f3n.<\/li>\n<li> Posici\u00f3n de montaje sim\u00e9trica y f\u00e1cil; pistones compactos fabricados en una aleaci\u00f3n especial de aluminio, lo que proporciona un funcionamiento r\u00e1pido y al mismo tiempo permite que los pistones trabajen en sentido contrario simplemente reemplaz\u00e1ndolos.<\/li>\n<li> Un pi\u00f1\u00f3n de acero de alta calidad resistente a la corrosi\u00f3n y sim\u00e9trico que permite el montaje en \u00e1ngulos de 45\u00b0 a 90\u00b0 si se desea y tambi\u00e9n funciona en armon\u00eda con la carrera del pist\u00f3n en cada \u00e1ngulo de montaje.<\/li>\n<li>Elementos de rodamiento fabricados en pl\u00e1stico duro industrial, que permiten abrir y cerrar en el menor tiempo, bajo coeficiente de fricci\u00f3n, minimizando el desgaste de las superficies de fricci\u00f3n.<\/li>\n<li> Engranajes de m\u00f3dulo abiertos en maquinaria de precisi\u00f3n con una t\u00e9cnica de proceso especial que har\u00e1 trabajar silenciosa, arm\u00f3nicamente, con la m\u00e1xima eficiencia al pist\u00f3n y al pi\u00f1\u00f3n.<\/li>\n<li> Sujetadores de acero inoxidable resistentes a la corrosi\u00f3n a largo plazo.<\/li>\n<li>Pleno cumplimiento de las \u00faltimas especificaciones. Para montar y desmontar f\u00e1cilmente solenoides, finales de carrera y otros accesorios y para intercambiar productos entre s\u00ed; Cumple con los est\u00e1ndares y normas ISI 5211, DIN 3337 y VDI\/VDE 3845NAMUR.<\/li>\n<\/ul>\n","protected":false},"excerpt":{"rendered":"<p><button style=\"background-color: #11224b; color: #ffffff; padding: 10px 15px; font-family: montserrat; font-weight: bold; font-size: 19px; border-radius: 10px;\"><img decoding=\"async\" style=\"width: 25px; height: 25px;\" src=\"https:\/\/unox.com.tr\/wp-content\/uploads\/2023\/02\/pdf-1.png\">CAT\u00c1LOGO DE PRODUCTO<\/button><\/p>\n<p><button style=\"background-color: #11224b; margin-top: 5px; color: white; padding: 0px 15px; width: 150px; height: 55px; border-radius: 10px; border: none; cursor: pointer;\"><br \/>\n<img decoding=\"async\" style=\"width: 120px; height: 30px;\" src=\"https:\/\/unox.com.tr\/wp-content\/uploads\/2023\/02\/4-1.svg\"><\/button><\/p>\n","protected":false},"featured_media":42095,"comment_status":"open","ping_status":"closed","template":"","meta":{"_joinchat":[]},"product_brand":[],"product_cat":[467,1122,468],"product_tag":[],"class_list":{"0":"post-52815","1":"product","2":"type-product","3":"status-publish","4":"has-post-thumbnail","6":"product_cat-valvulas-accionadas-neumaticamente","7":"product_cat-valvulas-actuadas","8":"product_cat-valvulas-neumaticas","10":"first","11":"instock","12":"shipping-taxable","13":"product-type-simple"},"_links":{"self":[{"href":"https:\/\/unox.com.tr\/es\/wp-json\/wp\/v2\/product\/52815","targetHints":{"allow":["GET"]}}],"collection":[{"href":"https:\/\/unox.com.tr\/es\/wp-json\/wp\/v2\/product"}],"about":[{"href":"https:\/\/unox.com.tr\/es\/wp-json\/wp\/v2\/types\/product"}],"replies":[{"embeddable":true,"href":"https:\/\/unox.com.tr\/es\/wp-json\/wp\/v2\/comments?post=52815"}],"version-history":[{"count":0,"href":"https:\/\/unox.com.tr\/es\/wp-json\/wp\/v2\/product\/52815\/revisions"}],"wp:featuredmedia":[{"embeddable":true,"href":"https:\/\/unox.com.tr\/es\/wp-json\/wp\/v2\/media\/42095"}],"wp:attachment":[{"href":"https:\/\/unox.com.tr\/es\/wp-json\/wp\/v2\/media?parent=52815"}],"wp:term":[{"taxonomy":"product_brand","embeddable":true,"href":"https:\/\/unox.com.tr\/es\/wp-json\/wp\/v2\/product_brand?post=52815"},{"taxonomy":"product_cat","embeddable":true,"href":"https:\/\/unox.com.tr\/es\/wp-json\/wp\/v2\/product_cat?post=52815"},{"taxonomy":"product_tag","embeddable":true,"href":"https:\/\/unox.com.tr\/es\/wp-json\/wp\/v2\/product_tag?post=52815"}],"curies":[{"name":"wp","href":"https:\/\/api.w.org\/{rel}","templated":true}]}}