{"id":52816,"date":"2022-12-27T11:44:00","date_gmt":"2022-12-27T08:44:00","guid":{"rendered":"https:\/\/unox.com.tr\/urun\/valvula-de-seguridad-de-arranque-total\/"},"modified":"2023-05-08T17:46:58","modified_gmt":"2023-05-08T14:46:58","slug":"valvula-de-seguridad-de-arranque-total","status":"publish","type":"product","link":"https:\/\/unox.com.tr\/es\/valvula-de-seguridad-de-arranque-total\/","title":{"rendered":"V\u00e1lvula de Seguridad de Arranque Total"},"content":{"rendered":"<div id=\"ez-toc-container\" class=\"ez-toc-v2_0_82_2 counter-hierarchy ez-toc-counter ez-toc-grey ez-toc-container-direction\">\n<div class=\"ez-toc-title-container\">\n<p class=\"ez-toc-title\" style=\"cursor:inherit\">Sayfa \u0130\u00e7eri\u011fi<\/p>\n<span class=\"ez-toc-title-toggle\"><a href=\"#\" class=\"ez-toc-pull-right ez-toc-btn ez-toc-btn-xs ez-toc-btn-default ez-toc-toggle\" aria-label=\"Alternar tabla de contenidos\"><span class=\"ez-toc-js-icon-con\"><span class=\"\"><span class=\"eztoc-hide\" style=\"display:none;\">Toggle<\/span><span class=\"ez-toc-icon-toggle-span\"><svg style=\"fill: #999;color:#999\" xmlns=\"http:\/\/www.w3.org\/2000\/svg\" class=\"list-377408\" width=\"20px\" height=\"20px\" viewBox=\"0 0 24 24\" fill=\"none\"><path d=\"M6 6H4v2h2V6zm14 0H8v2h12V6zM4 11h2v2H4v-2zm16 0H8v2h12v-2zM4 16h2v2H4v-2zm16 0H8v2h12v-2z\" fill=\"currentColor\"><\/path><\/svg><svg style=\"fill: #999;color:#999\" class=\"arrow-unsorted-368013\" xmlns=\"http:\/\/www.w3.org\/2000\/svg\" width=\"10px\" height=\"10px\" viewBox=\"0 0 24 24\" version=\"1.2\" baseProfile=\"tiny\"><path d=\"M18.2 9.3l-6.2-6.3-6.2 6.3c-.2.2-.3.4-.3.7s.1.5.3.7c.2.2.4.3.7.3h11c.3 0 .5-.1.7-.3.2-.2.3-.5.3-.7s-.1-.5-.3-.7zM5.8 14.7l6.2 6.3 6.2-6.3c.2-.2.3-.5.3-.7s-.1-.5-.3-.7c-.2-.2-.4-.3-.7-.3h-11c-.3 0-.5.1-.7.3-.2.2-.3.5-.3.7s.1.5.3.7z\"\/><\/svg><\/span><\/span><\/span><\/a><\/span><\/div>\n<nav><ul class='ez-toc-list ez-toc-list-level-1 ' ><li class='ez-toc-page-1 ez-toc-heading-level-2'><a class=\"ez-toc-link ez-toc-heading-1\" href=\"https:\/\/unox.com.tr\/es\/valvula-de-seguridad-de-arranque-total\/#%C2%BFQue_es_una_valvula_de_seguridad_de_arranque_completo\" >\u00bfQu\u00e9 es una v\u00e1lvula de seguridad de arranque completo?<\/a><\/li><li class='ez-toc-page-1 ez-toc-heading-level-2'><a class=\"ez-toc-link ez-toc-heading-2\" href=\"https:\/\/unox.com.tr\/es\/valvula-de-seguridad-de-arranque-total\/#%C2%BFDonde_se_usa_la_valvula_de_seguridad_de_arranque_completo\" >\u00bfD\u00f3nde se usa la v\u00e1lvula de seguridad de arranque completo?<\/a><\/li><li class='ez-toc-page-1 ez-toc-heading-level-2'><a class=\"ez-toc-link ez-toc-heading-3\" href=\"https:\/\/unox.com.tr\/es\/valvula-de-seguridad-de-arranque-total\/#Caracteristicas_Generales\" >Caracter\u00edsticas Generales<\/a><\/li><\/ul><\/nav><\/div>\n<h2><span class=\"ez-toc-section\" id=\"%C2%BFQue_es_una_valvula_de_seguridad_de_arranque_completo\"><\/span><span style=\"font-size: 22px;\">\u00bfQu\u00e9 es una v\u00e1lvula de seguridad de arranque completo?<\/span><span class=\"ez-toc-section-end\"><\/span><\/h2>\n<p>La v\u00e1lvula de seguridad de apertura total es un tipo de v\u00e1lvula de alivio de presi\u00f3n dise\u00f1ada para abrirse completamente y liberar el exceso de presi\u00f3n cuando se alcanza la presi\u00f3n establecida. Normalmente se utiliza en sistemas industriales y de procesos donde es importante aliviar r\u00e1pida y eficazmente el exceso de presi\u00f3n para proteger el equipo y evitar accidentes.<\/p>\n<p>Las v\u00e1lvulas de seguridad de apertura total funcionan mediante el uso de un resorte para mantener la v\u00e1lvula cerrada a una presi\u00f3n predeterminada. Cuando la presi\u00f3n en el sistema excede el punto de referencia, el resorte se comprime y la v\u00e1lvula comienza a abrirse. Cuando se abre la v\u00e1lvula, permite aliviar la presi\u00f3n hasta que alcanza la posici\u00f3n completamente abierta.<\/p>\n<h2><span class=\"ez-toc-section\" id=\"%C2%BFDonde_se_usa_la_valvula_de_seguridad_de_arranque_completo\"><\/span><span style=\"font-size: 22px;\">\u00bfD\u00f3nde se usa la v\u00e1lvula de seguridad de arranque completo?<\/span><span class=\"ez-toc-section-end\"><\/span><\/h2>\n<p>Las v\u00e1lvulas de seguridad de elevaci\u00f3n completa se utilizan en una variedad de entornos industriales y comerciales para proporcionar protecci\u00f3n contra sobrepresi\u00f3n para recipientes a presi\u00f3n, calderas y otros tipos de equipos de proceso. Estas v\u00e1lvulas est\u00e1n dise\u00f1adas para abrir y aliviar el exceso de presi\u00f3n en el sistema de manera controlada cuando la presi\u00f3n excede un nivel predeterminado.<\/p>\n<p>Las v\u00e1lvulas de seguridad de elevaci\u00f3n completa se utilizan ampliamente en las industrias qu\u00edmica, petroqu\u00edmica, de petr\u00f3leo y gas, de generaci\u00f3n de energ\u00eda y otras industrias donde la operaci\u00f3n segura de los equipos a presi\u00f3n es fundamental.<\/p>\n<p>Las v\u00e1lvulas de seguridad de elevaci\u00f3n completa est\u00e1n dise\u00f1adas para abrirse y cerrarse r\u00e1pidamente, lo que las hace efectivas para aliviar r\u00e1pidamente el exceso de presi\u00f3n. Adem\u00e1s, su capacidad para soportar condiciones de alta presi\u00f3n y temperatura los hace adecuados para su uso en una amplia variedad de sistemas industriales y de procesos.<\/p>\n<h2><span class=\"ez-toc-section\" id=\"Caracteristicas_Generales\"><\/span><span style=\"font-size: 22px;\">Caracter\u00edsticas Generales<\/span><span class=\"ez-toc-section-end\"><\/span><\/h2>\n<ul>\n<li><strong>Cuerpo:<\/strong> GGG-40<\/li>\n<li><strong>Cubierta<\/strong>: GGG-40<\/li>\n<li><strong>Muelle<\/strong>: AISI 302<\/li>\n<li><strong>Sentarse:<\/strong> AISI 304<\/li>\n<li><strong>Disco:<\/strong> AISI 304<\/li>\n<li><strong>Eje:<\/strong> AISI 304<\/li>\n<\/ul>\n","protected":false},"excerpt":{"rendered":"<p><a href=\"https:\/\/unox.com.tr\/wp-content\/uploads\/2023\/04\/Tam-Kalkisli-Emniyet-Ventili.pdf\" target=\"_blank\" rel=\"noopener\"><button style=\"background-color: #11224b; color: #ffffff; padding: 10px 15px; font-family: montserrat; font-weight: bold; font-size: 19px; border-radius: 10px;\"><img decoding=\"async\" style=\"width: 25px; height: 25px;\" src=\"https:\/\/unox.com.tr\/wp-content\/uploads\/2023\/02\/pdf-1.png\">CAT\u00c1LOGO DE PRODUCTO<\/button><\/a><\/p>\n<p><button style=\"background-color: #11224b; margin-top: 5px; color: white; padding: 0px 15px; width: 150px; height: 55px; border-radius: 10px; border: none; cursor: pointer;\"><br \/>\n<img decoding=\"async\" style=\"width: 120px; height: 30px;\" src=\"https:\/\/unox.com.tr\/wp-content\/uploads\/2023\/02\/4-1.svg\"><\/button><\/p>\n","protected":false},"featured_media":41711,"comment_status":"open","ping_status":"closed","template":"","meta":[],"product_brand":[],"product_cat":[1556,494],"product_tag":[],"class_list":{"0":"post-52816","1":"product","2":"type-product","3":"status-publish","4":"has-post-thumbnail","6":"product_cat-valvulas-de-seguridad","7":"product_cat-grupo-de-valvulas","9":"first","10":"instock","11":"shipping-taxable","12":"product-type-simple"},"_links":{"self":[{"href":"https:\/\/unox.com.tr\/es\/wp-json\/wp\/v2\/product\/52816","targetHints":{"allow":["GET"]}}],"collection":[{"href":"https:\/\/unox.com.tr\/es\/wp-json\/wp\/v2\/product"}],"about":[{"href":"https:\/\/unox.com.tr\/es\/wp-json\/wp\/v2\/types\/product"}],"replies":[{"embeddable":true,"href":"https:\/\/unox.com.tr\/es\/wp-json\/wp\/v2\/comments?post=52816"}],"version-history":[{"count":0,"href":"https:\/\/unox.com.tr\/es\/wp-json\/wp\/v2\/product\/52816\/revisions"}],"wp:featuredmedia":[{"embeddable":true,"href":"https:\/\/unox.com.tr\/es\/wp-json\/wp\/v2\/media\/41711"}],"wp:attachment":[{"href":"https:\/\/unox.com.tr\/es\/wp-json\/wp\/v2\/media?parent=52816"}],"wp:term":[{"taxonomy":"product_brand","embeddable":true,"href":"https:\/\/unox.com.tr\/es\/wp-json\/wp\/v2\/product_brand?post=52816"},{"taxonomy":"product_cat","embeddable":true,"href":"https:\/\/unox.com.tr\/es\/wp-json\/wp\/v2\/product_cat?post=52816"},{"taxonomy":"product_tag","embeddable":true,"href":"https:\/\/unox.com.tr\/es\/wp-json\/wp\/v2\/product_tag?post=52816"}],"curies":[{"name":"wp","href":"https:\/\/api.w.org\/{rel}","templated":true}]}}