{"id":52817,"date":"2022-12-27T11:23:37","date_gmt":"2022-12-27T08:23:37","guid":{"rendered":"https:\/\/unox.com.tr\/urun\/valvula-de-seguridad-de-arranque-proporcional\/"},"modified":"2023-04-24T16:04:32","modified_gmt":"2023-04-24T13:04:32","slug":"valvula-de-seguridad-de-arranque-proporcional","status":"publish","type":"product","link":"https:\/\/unox.com.tr\/es\/valvula-de-seguridad-de-arranque-proporcional\/","title":{"rendered":"V\u00e1lvula de Seguridad de Elevaci\u00f3n Proporcional"},"content":{"rendered":"<div id=\"ez-toc-container\" class=\"ez-toc-v2_0_82_2 counter-hierarchy ez-toc-counter ez-toc-grey ez-toc-container-direction\">\n<div class=\"ez-toc-title-container\">\n<p class=\"ez-toc-title\" style=\"cursor:inherit\">Sayfa \u0130\u00e7eri\u011fi<\/p>\n<span class=\"ez-toc-title-toggle\"><a href=\"#\" class=\"ez-toc-pull-right ez-toc-btn ez-toc-btn-xs ez-toc-btn-default ez-toc-toggle\" aria-label=\"Alternar tabla de contenidos\"><span class=\"ez-toc-js-icon-con\"><span class=\"\"><span class=\"eztoc-hide\" style=\"display:none;\">Toggle<\/span><span class=\"ez-toc-icon-toggle-span\"><svg style=\"fill: #999;color:#999\" xmlns=\"http:\/\/www.w3.org\/2000\/svg\" class=\"list-377408\" width=\"20px\" height=\"20px\" viewBox=\"0 0 24 24\" fill=\"none\"><path d=\"M6 6H4v2h2V6zm14 0H8v2h12V6zM4 11h2v2H4v-2zm16 0H8v2h12v-2zM4 16h2v2H4v-2zm16 0H8v2h12v-2z\" fill=\"currentColor\"><\/path><\/svg><svg style=\"fill: #999;color:#999\" class=\"arrow-unsorted-368013\" xmlns=\"http:\/\/www.w3.org\/2000\/svg\" width=\"10px\" height=\"10px\" viewBox=\"0 0 24 24\" version=\"1.2\" baseProfile=\"tiny\"><path d=\"M18.2 9.3l-6.2-6.3-6.2 6.3c-.2.2-.3.4-.3.7s.1.5.3.7c.2.2.4.3.7.3h11c.3 0 .5-.1.7-.3.2-.2.3-.5.3-.7s-.1-.5-.3-.7zM5.8 14.7l6.2 6.3 6.2-6.3c.2-.2.3-.5.3-.7s-.1-.5-.3-.7c-.2-.2-.4-.3-.7-.3h-11c-.3 0-.5.1-.7.3-.2.2-.3.5-.3.7s.1.5.3.7z\"\/><\/svg><\/span><\/span><\/span><\/a><\/span><\/div>\n<nav><ul class='ez-toc-list ez-toc-list-level-1 ' ><li class='ez-toc-page-1 ez-toc-heading-level-2'><a class=\"ez-toc-link ez-toc-heading-1\" href=\"https:\/\/unox.com.tr\/es\/valvula-de-seguridad-de-arranque-proporcional\/#%C2%BFQue_es_la_Valvula_de_Seguridad_de_Elevacion_Proporcional\" >\u00bfQu\u00e9 es la V\u00e1lvula de Seguridad de Elevaci\u00f3n Proporcional?<\/a><\/li><li class='ez-toc-page-1 ez-toc-heading-level-2'><a class=\"ez-toc-link ez-toc-heading-2\" href=\"https:\/\/unox.com.tr\/es\/valvula-de-seguridad-de-arranque-proporcional\/#%C2%BFDonde_se_utiliza_la_valvula_de_seguridad_de_arranque_proporcional\" >\u00bfD\u00f3nde se utiliza la v\u00e1lvula de seguridad de arranque proporcional?<\/a><\/li><li class='ez-toc-page-1 ez-toc-heading-level-2'><a class=\"ez-toc-link ez-toc-heading-3\" href=\"https:\/\/unox.com.tr\/es\/valvula-de-seguridad-de-arranque-proporcional\/#Caracteristicas_Generales\" >Caracter\u00edsticas Generales<\/a><\/li><\/ul><\/nav><\/div>\n<h2><span class=\"ez-toc-section\" id=\"%C2%BFQue_es_la_Valvula_de_Seguridad_de_Elevacion_Proporcional\"><\/span><span style=\"font-size: 22px;\">\u00bfQu\u00e9 es la V\u00e1lvula de Seguridad de Elevaci\u00f3n Proporcional?<\/span><span class=\"ez-toc-section-end\"><\/span><\/h2>\n<p>Una v\u00e1lvula de seguridad de elevaci\u00f3n proporcional es un tipo de v\u00e1lvula de alivio de presi\u00f3n dise\u00f1ada para abrir y liberar presi\u00f3n cuando la presi\u00f3n en un sistema excede un punto de ajuste predeterminado. Esto se denomina v\u00e1lvula de \u00abelevaci\u00f3n proporcional\u00bb porque la cantidad de apertura de la v\u00e1lvula o \u00abelevaci\u00f3n\u00bb es proporcional a la cantidad de presi\u00f3n por encima del punto de ajuste.<\/p>\n<p>La v\u00e1lvula consta de un disco cargado por resorte que se mantiene cerrado por un resorte. Cuando la presi\u00f3n en el sistema excede el punto establecido, la fuerza de presi\u00f3n que act\u00faa sobre el disco supera la fuerza del resorte, lo que hace que el disco se levante de su asiento y permita que se libere la presi\u00f3n. La cantidad que levanta el disco es proporcional a la presi\u00f3n por encima del punto de ajuste y permite un alivio de presi\u00f3n controlado y constante.<\/p>\n<p>La v\u00e1lvula de seguridad de arranque proporcional se usa en una variedad de aplicaciones que incluyen industrias de proceso, centrales el\u00e9ctricas y otros sistemas donde es importante mantener una presi\u00f3n de trabajo segura y estable.<\/p>\n<h2><span class=\"ez-toc-section\" id=\"%C2%BFDonde_se_utiliza_la_valvula_de_seguridad_de_arranque_proporcional\"><\/span><span style=\"font-size: 22px;\">\u00bfD\u00f3nde se utiliza la v\u00e1lvula de seguridad de arranque proporcional?<\/span><span class=\"ez-toc-section-end\"><\/span><\/h2>\n<p>Las v\u00e1lvulas de seguridad de elevaci\u00f3n proporcional se utilizan en una variedad de entornos industriales y comerciales para proporcionar protecci\u00f3n contra sobrepresi\u00f3n para recipientes a presi\u00f3n, calderas y otros tipos de equipos de proceso. Estas v\u00e1lvulas est\u00e1n dise\u00f1adas para abrir y aliviar el exceso de presi\u00f3n en el sistema de manera controlada cuando la presi\u00f3n excede un nivel predeterminado.<\/p>\n<p>Las v\u00e1lvulas de seguridad de salida proporcional se utilizan ampliamente en las industrias qu\u00edmica, petroqu\u00edmica, de petr\u00f3leo y gas, de generaci\u00f3n de energ\u00eda y otras industrias donde la operaci\u00f3n segura de los equipos a presi\u00f3n es fundamental. Tambi\u00e9n se utilizan en sistemas de calefacci\u00f3n y refrigeraci\u00f3n residenciales y comerciales, as\u00ed como en muchos otros equipos y sistemas en los que el control de la presi\u00f3n es importante. Es una caracter\u00edstica de seguridad importante que ayuda a prevenir da\u00f1os en el equipo y protege al personal de los peligros de sobrepresi\u00f3n.<\/p>\n<h2><span class=\"ez-toc-section\" id=\"Caracteristicas_Generales\"><\/span><span style=\"font-size: 22px;\">Caracter\u00edsticas Generales<\/span><span class=\"ez-toc-section-end\"><\/span><\/h2>\n<ul>\n<li><strong>Cuerpo:<\/strong> GG-25 \/ GGG-40<\/li>\n<li><strong>Tapa:<\/strong> GG-25 \/ GGG-40<\/li>\n<li><strong>Muelle<\/strong>: AISI 302<\/li>\n<li><strong>Sentarse:<\/strong> AISI 304<\/li>\n<li><strong>Disco:<\/strong> AISI 304<\/li>\n<li><strong>Eje:<\/strong> AISI 304<\/li>\n<\/ul>\n","protected":false},"excerpt":{"rendered":"<p><a href=\"https:\/\/unox.com.tr\/wp-content\/uploads\/2023\/04\/Oransal-Kalkisli-Emniyet-Ventili.pdf\" target=\"_blank\" rel=\"noopener\"><button style=\"background-color: #11224b; color: #ffffff; padding: 10px 15px; font-family: montserrat; font-weight: bold; font-size: 19px; border-radius: 10px;\"><img decoding=\"async\" style=\"width: 25px; height: 25px;\" src=\"https:\/\/unox.com.tr\/wp-content\/uploads\/2023\/02\/pdf-1.png\">CAT\u00c1LOGO DE PRODUCTO<\/button><\/a><\/p>\n<p><button style=\"background-color: #11224b; margin-top: 5px; color: white; padding: 0px 15px; width: 150px; height: 55px; border-radius: 10px; border: none; cursor: pointer;\"><br \/>\n<img decoding=\"async\" style=\"width: 120px; height: 30px;\" src=\"https:\/\/unox.com.tr\/wp-content\/uploads\/2023\/02\/4-1.svg\"><\/button><\/p>\n","protected":false},"featured_media":62216,"comment_status":"open","ping_status":"closed","template":"","meta":[],"product_brand":[],"product_cat":[1556,494],"product_tag":[],"class_list":{"0":"post-52817","1":"product","2":"type-product","3":"status-publish","4":"has-post-thumbnail","6":"product_cat-valvulas-de-seguridad","7":"product_cat-grupo-de-valvulas","9":"first","10":"instock","11":"shipping-taxable","12":"product-type-simple"},"_links":{"self":[{"href":"https:\/\/unox.com.tr\/es\/wp-json\/wp\/v2\/product\/52817","targetHints":{"allow":["GET"]}}],"collection":[{"href":"https:\/\/unox.com.tr\/es\/wp-json\/wp\/v2\/product"}],"about":[{"href":"https:\/\/unox.com.tr\/es\/wp-json\/wp\/v2\/types\/product"}],"replies":[{"embeddable":true,"href":"https:\/\/unox.com.tr\/es\/wp-json\/wp\/v2\/comments?post=52817"}],"version-history":[{"count":0,"href":"https:\/\/unox.com.tr\/es\/wp-json\/wp\/v2\/product\/52817\/revisions"}],"wp:featuredmedia":[{"embeddable":true,"href":"https:\/\/unox.com.tr\/es\/wp-json\/wp\/v2\/media\/62216"}],"wp:attachment":[{"href":"https:\/\/unox.com.tr\/es\/wp-json\/wp\/v2\/media?parent=52817"}],"wp:term":[{"taxonomy":"product_brand","embeddable":true,"href":"https:\/\/unox.com.tr\/es\/wp-json\/wp\/v2\/product_brand?post=52817"},{"taxonomy":"product_cat","embeddable":true,"href":"https:\/\/unox.com.tr\/es\/wp-json\/wp\/v2\/product_cat?post=52817"},{"taxonomy":"product_tag","embeddable":true,"href":"https:\/\/unox.com.tr\/es\/wp-json\/wp\/v2\/product_tag?post=52817"}],"curies":[{"name":"wp","href":"https:\/\/api.w.org\/{rel}","templated":true}]}}