{"id":52844,"date":"2022-10-19T13:53:53","date_gmt":"2022-10-19T10:53:53","guid":{"rendered":"https:\/\/unox.com.tr\/urun\/valvula-de-mariposa-para-la-produccion-de-alimentos\/"},"modified":"2023-03-08T13:29:55","modified_gmt":"2023-03-08T10:29:55","slug":"valvula-de-mariposa-para-la-produccion-de-alimentos","status":"publish","type":"product","link":"https:\/\/unox.com.tr\/es\/valvula-de-mariposa-para-la-produccion-de-alimentos\/","title":{"rendered":"V\u00e1lvula de Mariposa de Acero Inoxidable"},"content":{"rendered":"<div id=\"ez-toc-container\" class=\"ez-toc-v2_0_83 counter-hierarchy ez-toc-counter ez-toc-grey ez-toc-container-direction\">\n<div class=\"ez-toc-title-container\">\n<p class=\"ez-toc-title\" style=\"cursor:inherit\">Sayfa \u0130\u00e7eri\u011fi<\/p>\n<span class=\"ez-toc-title-toggle\"><a href=\"#\" class=\"ez-toc-pull-right ez-toc-btn ez-toc-btn-xs ez-toc-btn-default ez-toc-toggle\" aria-label=\"Alternar tabla de contenidos\"><span class=\"ez-toc-js-icon-con\"><span class=\"\"><span class=\"eztoc-hide\" style=\"display:none;\">Toggle<\/span><span class=\"ez-toc-icon-toggle-span\"><svg style=\"fill: #999;color:#999\" xmlns=\"http:\/\/www.w3.org\/2000\/svg\" class=\"list-377408\" width=\"20px\" height=\"20px\" viewBox=\"0 0 24 24\" fill=\"none\"><path d=\"M6 6H4v2h2V6zm14 0H8v2h12V6zM4 11h2v2H4v-2zm16 0H8v2h12v-2zM4 16h2v2H4v-2zm16 0H8v2h12v-2z\" fill=\"currentColor\"><\/path><\/svg><svg style=\"fill: #999;color:#999\" class=\"arrow-unsorted-368013\" xmlns=\"http:\/\/www.w3.org\/2000\/svg\" width=\"10px\" height=\"10px\" viewBox=\"0 0 24 24\" version=\"1.2\" baseProfile=\"tiny\"><path d=\"M18.2 9.3l-6.2-6.3-6.2 6.3c-.2.2-.3.4-.3.7s.1.5.3.7c.2.2.4.3.7.3h11c.3 0 .5-.1.7-.3.2-.2.3-.5.3-.7s-.1-.5-.3-.7zM5.8 14.7l6.2 6.3 6.2-6.3c.2-.2.3-.5.3-.7s-.1-.5-.3-.7c-.2-.2-.4-.3-.7-.3h-11c-.3 0-.5.1-.7.3-.2.2-.3.5-.3.7s.1.5.3.7z\"\/><\/svg><\/span><\/span><\/span><\/a><\/span><\/div>\n<nav><ul class='ez-toc-list ez-toc-list-level-1 ' ><li class='ez-toc-page-1 ez-toc-heading-level-2'><a class=\"ez-toc-link ez-toc-heading-1\" href=\"https:\/\/unox.com.tr\/es\/valvula-de-mariposa-para-la-produccion-de-alimentos\/#%C2%BFQue_es_una_valvula_de_mariposa_de_acero_inoxidable\" >\u00bfQu\u00e9 es una v\u00e1lvula de mariposa de acero inoxidable?<\/a><\/li><li class='ez-toc-page-1 ez-toc-heading-level-2'><a class=\"ez-toc-link ez-toc-heading-2\" href=\"https:\/\/unox.com.tr\/es\/valvula-de-mariposa-para-la-produccion-de-alimentos\/#%C2%BFDonde_se_utiliza_la_valvula_de_mariposa_de_acero_inoxidable\" >\u00bfD\u00f3nde se utiliza la v\u00e1lvula de mariposa de acero inoxidable?<\/a><\/li><li class='ez-toc-page-1 ez-toc-heading-level-2'><a class=\"ez-toc-link ez-toc-heading-3\" href=\"https:\/\/unox.com.tr\/es\/valvula-de-mariposa-para-la-produccion-de-alimentos\/#Caracteristicas_Generales\" >Caracter\u00edsticas Generales<\/a><\/li><li class='ez-toc-page-1 ez-toc-heading-level-2'><a class=\"ez-toc-link ez-toc-heading-4\" href=\"https:\/\/unox.com.tr\/es\/valvula-de-mariposa-para-la-produccion-de-alimentos\/#Ambito_de_Aplicacion\" >\u00c1mbito de Aplicaci\u00f3n<\/a><\/li><\/ul><\/nav><\/div>\n<h2><span class=\"ez-toc-section\" id=\"%C2%BFQue_es_una_valvula_de_mariposa_de_acero_inoxidable\"><\/span><span style=\"font-size: 22px;\">\u00bfQu\u00e9 es una v\u00e1lvula de mariposa de acero inoxidable?<\/span><span class=\"ez-toc-section-end\"><\/span><\/h2>\n<p>Una v\u00e1lvula de mariposa de acero inoxidable es un tipo de v\u00e1lvula dise\u00f1ada para su uso en aplicaciones de procesamiento y transporte de alimentos. Est\u00e1 fabricado en acero inoxidable, un material resistente a la corrosi\u00f3n y sanitario apto para su uso en la industria alimentaria.<\/p>\n<p>La v\u00e1lvula de mariposa consta de un disco circular que gira en una tuber\u00eda o canal para controlar el flujo de material. El disco se conecta a un v\u00e1stago operado por una manija o actuador y permite al usuario abrir y cerrar la v\u00e1lvula seg\u00fan sea necesario.<\/p>\n<h2><span class=\"ez-toc-section\" id=\"%C2%BFDonde_se_utiliza_la_valvula_de_mariposa_de_acero_inoxidable\"><\/span><span style=\"font-size: 22px;\">\u00bfD\u00f3nde se utiliza la v\u00e1lvula de mariposa de acero inoxidable?<\/span><span class=\"ez-toc-section-end\"><\/span><\/h2>\n<p>Las v\u00e1lvulas de mariposa de acero inoxidable se usan com\u00fanmente en plantas de procesamiento de alimentos, cervecer\u00edas, bodegas y otras instalaciones similares. Se utilizan para controlar el flujo de l\u00edquidos, gases y otros materiales y est\u00e1n dise\u00f1ados para ser f\u00e1ciles de limpiar y mantener.<\/p>\n<p>Adem\u00e1s de estar fabricadas en acero inoxidable, estas v\u00e1lvulas pueden tener otros elementos de dise\u00f1o que las hagan id\u00f3neas para su uso en aplicaciones de procesamiento de alimentos. Por ejemplo, pueden tener superficies lisas y sin grietas para evitar la acumulaci\u00f3n de bacterias y otros contaminantes, y pueden estar equipados con juntas o juntas resistentes a los \u00e1cidos alimentarios y otras sustancias corrosivas.<\/p>\n<h2><span class=\"ez-toc-section\" id=\"Caracteristicas_Generales\"><\/span><span style=\"font-size: 22px;\">Caracter\u00edsticas Generales<\/span><span class=\"ez-toc-section-end\"><\/span><\/h2>\n<ul>\n<li><strong>Junta:<\/strong> EPDM, Viton, Tefl\u00f3n, Silicona<\/li>\n<li><strong>Cuerpo:<\/strong> AISI 304 \/ AISI 316<\/li>\n<li><strong>Disco:<\/strong> AISI 304 \/ AISI 316<\/li>\n<li><strong>Tipo de Conexi\u00f3n:<\/strong> Soldada, Roscada, Sujeta<\/li>\n<li><strong>Clase de presi\u00f3n:<\/strong> PN6 \/ PN10<\/li>\n<\/ul>\n<h2><span class=\"ez-toc-section\" id=\"Ambito_de_Aplicacion\"><\/span><span style=\"font-size: 22px;\">\u00c1mbito de Aplicaci\u00f3n<\/span><span class=\"ez-toc-section-end\"><\/span><\/h2>\n<ul>\n<li>Sistemas de calefacci\u00f3n, ventilaci\u00f3n y aire acondicionado<\/li>\n<li>Sistemas de tratamiento y distribuci\u00f3n de agua<\/li>\n<li>Agua caliente, agua fr\u00eda, aguas residuales<\/li>\n<li>Aplicaciones industriales<\/li>\n<li>Alimentos y fluidos qu\u00edmicos<\/li>\n<li>Petr\u00f3leo y gas<\/li>\n<li>Sistemas de extinci\u00f3n de incendios<\/li>\n<\/ul>\n","protected":false},"excerpt":{"rendered":"<p><button style=\"background-color: #11224b; color: #ffffff; padding: 10px 15px; font-family: montserrat; font-weight: bold; font-size: 19px; border-radius: 10px;\"><img decoding=\"async\" style=\"width: 25px; height: 25px;\" src=\"https:\/\/unox.com.tr\/wp-content\/uploads\/2023\/02\/pdf-1.png\">CAT\u00c1LOGO DE PRODUCTO<\/button><\/p>\n<p><button style=\"background-color: #11224b; margin-top: 5px; color: white; padding: 0px 15px; width: 150px; height: 55px; border-radius: 10px; border: none; cursor: pointer;\"><br \/>\n<img decoding=\"async\" style=\"width: 120px; height: 30px;\" src=\"https:\/\/unox.com.tr\/wp-content\/uploads\/2023\/02\/4-1.svg\"><\/button><\/p>\n","protected":false},"featured_media":34348,"comment_status":"open","ping_status":"closed","template":"","meta":[],"product_brand":[],"product_cat":[494,1628,495],"product_tag":[],"class_list":{"0":"post-52844","1":"product","2":"type-product","3":"status-publish","4":"has-post-thumbnail","6":"product_cat-grupo-de-valvulas","7":"product_cat-valvula-de-acero-inoxidable","8":"product_cat-valvulas-de-mariposa","10":"first","11":"instock","12":"shipping-taxable","13":"product-type-simple"},"_links":{"self":[{"href":"https:\/\/unox.com.tr\/es\/wp-json\/wp\/v2\/product\/52844","targetHints":{"allow":["GET"]}}],"collection":[{"href":"https:\/\/unox.com.tr\/es\/wp-json\/wp\/v2\/product"}],"about":[{"href":"https:\/\/unox.com.tr\/es\/wp-json\/wp\/v2\/types\/product"}],"replies":[{"embeddable":true,"href":"https:\/\/unox.com.tr\/es\/wp-json\/wp\/v2\/comments?post=52844"}],"version-history":[{"count":0,"href":"https:\/\/unox.com.tr\/es\/wp-json\/wp\/v2\/product\/52844\/revisions"}],"wp:featuredmedia":[{"embeddable":true,"href":"https:\/\/unox.com.tr\/es\/wp-json\/wp\/v2\/media\/34348"}],"wp:attachment":[{"href":"https:\/\/unox.com.tr\/es\/wp-json\/wp\/v2\/media?parent=52844"}],"wp:term":[{"taxonomy":"product_brand","embeddable":true,"href":"https:\/\/unox.com.tr\/es\/wp-json\/wp\/v2\/product_brand?post=52844"},{"taxonomy":"product_cat","embeddable":true,"href":"https:\/\/unox.com.tr\/es\/wp-json\/wp\/v2\/product_cat?post=52844"},{"taxonomy":"product_tag","embeddable":true,"href":"https:\/\/unox.com.tr\/es\/wp-json\/wp\/v2\/product_tag?post=52844"}],"curies":[{"name":"wp","href":"https:\/\/api.w.org\/{rel}","templated":true}]}}