{"id":54316,"date":"2023-03-14T16:47:09","date_gmt":"2023-03-14T13:47:09","guid":{"rendered":"https:\/\/unox.com.tr\/urun\/junta-expansion-dilatacion-cuello-soldada-con-barra-de-limite\/"},"modified":"2024-03-10T14:59:07","modified_gmt":"2024-03-10T11:59:07","slug":"junta-expansion-dilatacion-cuello-soldada-con-barra-de-limite","status":"publish","type":"product","link":"https:\/\/unox.com.tr\/es\/junta-expansion-dilatacion-cuello-soldada-con-barra-de-limite\/","title":{"rendered":"Junta Expansi\u00f3n Dilataci\u00f3n Cuello Soldada con Barra de L\u00edmite"},"content":{"rendered":"<h2>Junta Expansi\u00f3n Dilataci\u00f3n Cuello Soldada con Barra de L\u00edmite<\/h2>\n","protected":false},"excerpt":{"rendered":"<p><a href=\"https:\/\/unox.com.tr\/wp-content\/uploads\/2023\/04\/Limit-Rotlu-Dilatasyon-Kompansatoru.pdf\" target=\"_blank\" rel=\"noopener\"><button style=\"background-color: #11224b; color: #ffffff; padding: 10px 15px; font-family: montserrat; font-weight: bold; font-size: 19px; border-radius: 10px;\"><img decoding=\"async\" style=\"width: 25px; height: 25px;\" src=\"https:\/\/unox.com.tr\/wp-content\/uploads\/2023\/02\/pdf-1.png\">CAT\u00c1LOGO DE PRODUCTO<\/button><\/a><\/p>\n<p><button style=\"background-color: #11224b; margin-top: 5px; color: white; padding: 0px 15px; width: 150px; height: 55px; border-radius: 10px; border: none; cursor: default;\"><br \/>\n<img decoding=\"async\" style=\"width: 120px; height: 30px;\" src=\"https:\/\/unox.com.tr\/wp-content\/uploads\/2023\/02\/4-1.svg\"><\/button><\/p>\n","protected":false},"featured_media":53674,"comment_status":"open","ping_status":"closed","template":"","meta":{"_joinchat":[]},"product_brand":[],"product_cat":[1045,476],"product_tag":[],"class_list":{"0":"post-54316","1":"product","2":"type-product","3":"status-publish","4":"has-post-thumbnail","6":"product_cat-juntas-de-expansion","7":"product_cat-juntas-de-expansion-y-mangueras","9":"first","10":"instock","11":"shipping-taxable","12":"product-type-simple"},"_links":{"self":[{"href":"https:\/\/unox.com.tr\/es\/wp-json\/wp\/v2\/product\/54316","targetHints":{"allow":["GET"]}}],"collection":[{"href":"https:\/\/unox.com.tr\/es\/wp-json\/wp\/v2\/product"}],"about":[{"href":"https:\/\/unox.com.tr\/es\/wp-json\/wp\/v2\/types\/product"}],"replies":[{"embeddable":true,"href":"https:\/\/unox.com.tr\/es\/wp-json\/wp\/v2\/comments?post=54316"}],"version-history":[{"count":0,"href":"https:\/\/unox.com.tr\/es\/wp-json\/wp\/v2\/product\/54316\/revisions"}],"wp:featuredmedia":[{"embeddable":true,"href":"https:\/\/unox.com.tr\/es\/wp-json\/wp\/v2\/media\/53674"}],"wp:attachment":[{"href":"https:\/\/unox.com.tr\/es\/wp-json\/wp\/v2\/media?parent=54316"}],"wp:term":[{"taxonomy":"product_brand","embeddable":true,"href":"https:\/\/unox.com.tr\/es\/wp-json\/wp\/v2\/product_brand?post=54316"},{"taxonomy":"product_cat","embeddable":true,"href":"https:\/\/unox.com.tr\/es\/wp-json\/wp\/v2\/product_cat?post=54316"},{"taxonomy":"product_tag","embeddable":true,"href":"https:\/\/unox.com.tr\/es\/wp-json\/wp\/v2\/product_tag?post=54316"}],"curies":[{"name":"wp","href":"https:\/\/api.w.org\/{rel}","templated":true}]}}