{"id":57474,"date":"2023-08-09T14:50:47","date_gmt":"2023-08-09T11:50:47","guid":{"rendered":"https:\/\/unox.com.tr\/brida-ciega-inoxidable\/"},"modified":"2023-08-09T14:50:47","modified_gmt":"2023-08-09T11:50:47","slug":"brida-ciega-inoxidable","status":"publish","type":"product","link":"https:\/\/unox.com.tr\/es\/brida-ciega-inoxidable\/","title":{"rendered":"Brida Ciega Inoxidable"},"content":{"rendered":"<div id=\"ez-toc-container\" class=\"ez-toc-v2_0_82_2 counter-hierarchy ez-toc-counter ez-toc-grey ez-toc-container-direction\">\n<div class=\"ez-toc-title-container\">\n<p class=\"ez-toc-title\" style=\"cursor:inherit\">Sayfa \u0130\u00e7eri\u011fi<\/p>\n<span class=\"ez-toc-title-toggle\"><a href=\"#\" class=\"ez-toc-pull-right ez-toc-btn ez-toc-btn-xs ez-toc-btn-default ez-toc-toggle\" aria-label=\"Alternar tabla de contenidos\"><span class=\"ez-toc-js-icon-con\"><span class=\"\"><span class=\"eztoc-hide\" style=\"display:none;\">Toggle<\/span><span class=\"ez-toc-icon-toggle-span\"><svg style=\"fill: #999;color:#999\" xmlns=\"http:\/\/www.w3.org\/2000\/svg\" class=\"list-377408\" width=\"20px\" height=\"20px\" viewBox=\"0 0 24 24\" fill=\"none\"><path d=\"M6 6H4v2h2V6zm14 0H8v2h12V6zM4 11h2v2H4v-2zm16 0H8v2h12v-2zM4 16h2v2H4v-2zm16 0H8v2h12v-2z\" fill=\"currentColor\"><\/path><\/svg><svg style=\"fill: #999;color:#999\" class=\"arrow-unsorted-368013\" xmlns=\"http:\/\/www.w3.org\/2000\/svg\" width=\"10px\" height=\"10px\" viewBox=\"0 0 24 24\" version=\"1.2\" baseProfile=\"tiny\"><path d=\"M18.2 9.3l-6.2-6.3-6.2 6.3c-.2.2-.3.4-.3.7s.1.5.3.7c.2.2.4.3.7.3h11c.3 0 .5-.1.7-.3.2-.2.3-.5.3-.7s-.1-.5-.3-.7zM5.8 14.7l6.2 6.3 6.2-6.3c.2-.2.3-.5.3-.7s-.1-.5-.3-.7c-.2-.2-.4-.3-.7-.3h-11c-.3 0-.5.1-.7.3-.2.2-.3.5-.3.7s.1.5.3.7z\"\/><\/svg><\/span><\/span><\/span><\/a><\/span><\/div>\n<nav><ul class='ez-toc-list ez-toc-list-level-1 ' ><li class='ez-toc-page-1 ez-toc-heading-level-2'><a class=\"ez-toc-link ez-toc-heading-1\" href=\"https:\/\/unox.com.tr\/es\/brida-ciega-inoxidable\/#%C2%BFQue_es_una_brida_ciega_inoxidable\" >\u00bfQu\u00e9 es una brida ciega inoxidable?<\/a><\/li><li class='ez-toc-page-1 ez-toc-heading-level-2'><a class=\"ez-toc-link ez-toc-heading-2\" href=\"https:\/\/unox.com.tr\/es\/brida-ciega-inoxidable\/#%C2%BFQue_debe_tenerse_en_cuenta_en_la_produccion_de_bridas_ciegas_inoxidables\" >\u00bfQu\u00e9 debe tenerse en cuenta en la producci\u00f3n de bridas ciegas inoxidables?<\/a><\/li><li class='ez-toc-page-1 ez-toc-heading-level-2'><a class=\"ez-toc-link ez-toc-heading-3\" href=\"https:\/\/unox.com.tr\/es\/brida-ciega-inoxidable\/#Caracteristicas_del_Producto\" >Caracter\u00edsticas del Producto<\/a><\/li><li class='ez-toc-page-1 ez-toc-heading-level-2'><a class=\"ez-toc-link ez-toc-heading-4\" href=\"https:\/\/unox.com.tr\/es\/brida-ciega-inoxidable\/#Areas_de_Uso\" >Areas de Uso<\/a><\/li><\/ul><\/nav><\/div>\n<h2><span class=\"ez-toc-section\" id=\"%C2%BFQue_es_una_brida_ciega_inoxidable\"><\/span><span style=\"font-size: 20px;\">\u00bfQu\u00e9 es una brida ciega inoxidable?<\/span><span class=\"ez-toc-section-end\"><\/span><\/h2>\n<p>La brida ciega inoxidable es un tipo de junta mec\u00e1nica utilizada para conectar tuber\u00edas, v\u00e1lvulas, bombas y otros equipos para formar un sistema de tuber\u00edas. Consiste en un anillo circular soldado o atornillado en el extremo del tubo y tiene una cara elevada en un lado para permitir la uni\u00f3n de otra brida o tubo. El otro lado de la brida puede tener una variedad de diferentes acabados superficiales, como cara plana, cara realzada o cara machihembrada, seg\u00fan la aplicaci\u00f3n particular y el tipo de brida utilizada. Las bridas de acero inoxidable generalmente se usan en entornos que requieren resistencia a la corrosi\u00f3n, como las industrias qu\u00edmica, farmac\u00e9utica y de procesamiento de alimentos. Tambi\u00e9n se utilizan a menudo en aplicaciones de alta temperatura y alta presi\u00f3n.<\/p>\n<h2><span class=\"ez-toc-section\" id=\"%C2%BFQue_debe_tenerse_en_cuenta_en_la_produccion_de_bridas_ciegas_inoxidables\"><\/span><span style=\"font-size: 20px;\">\u00bfQu\u00e9 debe tenerse en cuenta en la producci\u00f3n de bridas ciegas inoxidables?<\/span><span class=\"ez-toc-section-end\"><\/span><\/h2>\n<p>Las caracter\u00edsticas a considerar al decidir las dimensiones de las bridas durante su producci\u00f3n se pueden enumerar a continuaci\u00f3n:<\/p>\n<ul>\n<li>Cu\u00e1l es el material a utilizar en la producci\u00f3n.<\/li>\n<li>El valor m\u00e1s alto de temperatura y presi\u00f3n al que estar\u00e1 expuesto el sistema que utiliza el flash.<\/li>\n<li>Severidad de la corrosi\u00f3n a la que estar\u00e1 expuesta la l\u00ednea utilizada.<\/li>\n<li>\u00c1rea de uso de bridas.<\/li>\n<\/ul>\n<p>Las bridas son una parte indispensable en muchos proyectos de ingenier\u00eda y plomer\u00eda. En muchas aplicaciones, los ingenieros deben cerrar de forma segura un recipiente, un cilindro o una tuber\u00eda. De esta forma, el elemento m\u00e1s adecuado para las posiciones es la brida. Gracias a las bridas de acero inoxidable, se elimina el problema de fugas.<\/p>\n<h2><span class=\"ez-toc-section\" id=\"Caracteristicas_del_Producto\"><\/span><span style=\"font-size: 20px;\">Caracter\u00edsticas del Producto<\/span><span class=\"ez-toc-section-end\"><\/span><\/h2>\n<ul>\n<li><strong>Rango de medici\u00f3n:<\/strong> DN 15 \u2013 DN 200<\/li>\n<li><strong>Clase de presi\u00f3n:<\/strong> PN 10\/16<\/li>\n<li><strong>Material:<\/strong>Acero inoxidable AISI 304\/304L\/316<\/li>\n<\/ul>\n<p>P\u00f3ngase en contacto con nosotros para obtener informaci\u00f3n detallada sobre el producto y el circuito de control electr\u00f3nico utilizado con \u00e9l.<\/p>\n<h2><span class=\"ez-toc-section\" id=\"Areas_de_Uso\"><\/span><span style=\"font-size: 20px;\">Areas de Uso<\/span><span class=\"ez-toc-section-end\"><\/span><\/h2>\n<ul>\n<li>V\u00e1lvulas y bombas<\/li>\n<li>Plomer\u00eda<\/li>\n<li>Varias maquinas<\/li>\n<\/ul>\n","protected":false},"excerpt":{"rendered":"<p><a href=\"https:\/\/unox.com.tr\/wp-content\/uploads\/2023\/01\/Paslanmaz-Flans.pdf\" target=\"_blank\" rel=\"noopener\"><button style=\"background-color: #11224b; color: #ffffff; padding: 10px 15px; font-family: montserrat; font-weight: bold; font-size: 19px; border-radius: 10px;\"><img decoding=\"async\" style=\"width: 25px; height: 25px;\" src=\"https:\/\/unox.com.tr\/wp-content\/uploads\/2023\/02\/pdf-1.png\">CAT\u00c1LOGO DE PRODUCTO<\/button><\/a><\/p>\n<p><button style=\"background-color: #11224b; margin-top: 5px; color: white; padding: 0px 15px; width: 150px; height: 55px; border-radius: 10px; border: none; cursor: pointer;\"><br \/>\n<img decoding=\"async\" style=\"width: 120px; height: 30px;\" src=\"https:\/\/unox.com.tr\/wp-content\/uploads\/2023\/02\/4-1.svg\"><\/button><\/p>\n","protected":false},"featured_media":27860,"comment_status":"open","ping_status":"closed","template":"","meta":{"_joinchat":[]},"product_brand":[],"product_cat":[1096,476],"product_tag":[],"class_list":{"0":"post-57474","1":"product","2":"type-product","3":"status-publish","4":"has-post-thumbnail","6":"product_cat-bridas-de-acero-inoxidable","7":"product_cat-juntas-de-expansion-y-mangueras","9":"first","10":"instock","11":"shipping-taxable","12":"product-type-simple"},"_links":{"self":[{"href":"https:\/\/unox.com.tr\/es\/wp-json\/wp\/v2\/product\/57474","targetHints":{"allow":["GET"]}}],"collection":[{"href":"https:\/\/unox.com.tr\/es\/wp-json\/wp\/v2\/product"}],"about":[{"href":"https:\/\/unox.com.tr\/es\/wp-json\/wp\/v2\/types\/product"}],"replies":[{"embeddable":true,"href":"https:\/\/unox.com.tr\/es\/wp-json\/wp\/v2\/comments?post=57474"}],"version-history":[{"count":0,"href":"https:\/\/unox.com.tr\/es\/wp-json\/wp\/v2\/product\/57474\/revisions"}],"wp:featuredmedia":[{"embeddable":true,"href":"https:\/\/unox.com.tr\/es\/wp-json\/wp\/v2\/media\/27860"}],"wp:attachment":[{"href":"https:\/\/unox.com.tr\/es\/wp-json\/wp\/v2\/media?parent=57474"}],"wp:term":[{"taxonomy":"product_brand","embeddable":true,"href":"https:\/\/unox.com.tr\/es\/wp-json\/wp\/v2\/product_brand?post=57474"},{"taxonomy":"product_cat","embeddable":true,"href":"https:\/\/unox.com.tr\/es\/wp-json\/wp\/v2\/product_cat?post=57474"},{"taxonomy":"product_tag","embeddable":true,"href":"https:\/\/unox.com.tr\/es\/wp-json\/wp\/v2\/product_tag?post=57474"}],"curies":[{"name":"wp","href":"https:\/\/api.w.org\/{rel}","templated":true}]}}