{"id":61972,"date":"2024-09-04T16:59:14","date_gmt":"2024-09-04T13:59:14","guid":{"rendered":"https:\/\/unox.com.tr\/?post_type=product&#038;p=61972"},"modified":"2025-07-10T16:46:02","modified_gmt":"2025-07-10T13:46:02","slug":"lineer-elektro-pnomatik-pozisyoner-ts600l","status":"publish","type":"product","link":"https:\/\/unox.com.tr\/es\/lineer-elektro-pnomatik-pozisyoner-ts600l\/","title":{"rendered":"Lineer Elektro Pn\u00f6matik Pozisyoner &#8211; TS600L"},"content":{"rendered":"<p class=\"p1\">Lineer Elektro Pn\u00f6matik Pozisyoner &#8211; TS600L, do\u011frusal hareketli akt\u00fcat\u00f6rlerde vana konumunu hassas \u015fekilde kontrol eder. Bu cihaz, elektrik sinyallerini pn\u00f6matik harekete d\u00f6n\u00fc\u015ft\u00fcrerek vanan\u0131n a\u00e7\u0131lma oran\u0131n\u0131 do\u011frudan belirler. <a href=\"https:\/\/unox.com.tr\/\">Unox<\/a> taraf\u0131ndan geli\u015ftirilen TS600L, \u00f6zellikle proses kontrol uygulamalar\u0131nda kararl\u0131 \u00e7al\u0131\u015fma avantaj\u0131 sa\u011flar. Ayr\u0131ca sinyal-g\u00fcr\u00fclt\u00fc oran\u0131n\u0131 azaltan i\u00e7 devresi sayesinde daha net komut al\u0131m\u0131 m\u00fcmk\u00fcn olur. Ancak do\u011fru montaj yap\u0131lmad\u0131\u011f\u0131nda sistem performans\u0131 ciddi \u015fekilde d\u00fc\u015f\u00fcrmektedir. <a href=\"https:\/\/unox.com.tr\/ayirma-disli-kollu-pnomatik-aktuatorlu-kelebek-vana\">Unox Ay\u0131rma Di\u015fli Kollu Pn\u00f6matik Akt\u00fcat\u00f6rl\u00fc Kelebek Vana<\/a> gibi \u00fcr\u00fcnlerle mekanik uyum kusursuz \u015fekilde sa\u011flanmaktad\u0131r.<\/p>\n<div id=\"ez-toc-container\" class=\"ez-toc-v2_0_82_2 counter-hierarchy ez-toc-counter ez-toc-grey ez-toc-container-direction\">\n<div class=\"ez-toc-title-container\">\n<p class=\"ez-toc-title\" style=\"cursor:inherit\">Sayfa \u0130\u00e7eri\u011fi<\/p>\n<span class=\"ez-toc-title-toggle\"><a href=\"#\" class=\"ez-toc-pull-right ez-toc-btn ez-toc-btn-xs ez-toc-btn-default ez-toc-toggle\" aria-label=\"Alternar tabla de contenidos\"><span class=\"ez-toc-js-icon-con\"><span class=\"\"><span class=\"eztoc-hide\" style=\"display:none;\">Toggle<\/span><span class=\"ez-toc-icon-toggle-span\"><svg style=\"fill: #999;color:#999\" xmlns=\"http:\/\/www.w3.org\/2000\/svg\" class=\"list-377408\" width=\"20px\" height=\"20px\" viewBox=\"0 0 24 24\" fill=\"none\"><path d=\"M6 6H4v2h2V6zm14 0H8v2h12V6zM4 11h2v2H4v-2zm16 0H8v2h12v-2zM4 16h2v2H4v-2zm16 0H8v2h12v-2z\" fill=\"currentColor\"><\/path><\/svg><svg style=\"fill: #999;color:#999\" class=\"arrow-unsorted-368013\" xmlns=\"http:\/\/www.w3.org\/2000\/svg\" width=\"10px\" height=\"10px\" viewBox=\"0 0 24 24\" version=\"1.2\" baseProfile=\"tiny\"><path d=\"M18.2 9.3l-6.2-6.3-6.2 6.3c-.2.2-.3.4-.3.7s.1.5.3.7c.2.2.4.3.7.3h11c.3 0 .5-.1.7-.3.2-.2.3-.5.3-.7s-.1-.5-.3-.7zM5.8 14.7l6.2 6.3 6.2-6.3c.2-.2.3-.5.3-.7s-.1-.5-.3-.7c-.2-.2-.4-.3-.7-.3h-11c-.3 0-.5.1-.7.3-.2.2-.3.5-.3.7s.1.5.3.7z\"\/><\/svg><\/span><\/span><\/span><\/a><\/span><\/div>\n<nav><ul class='ez-toc-list ez-toc-list-level-1 ' ><li class='ez-toc-page-1 ez-toc-heading-level-3'><a class=\"ez-toc-link ez-toc-heading-1\" href=\"https:\/\/unox.com.tr\/es\/lineer-elektro-pnomatik-pozisyoner-ts600l\/#Gelismis_Kontrol_Hassasiyeti_ve_Geri_Bildirim\" >Geli\u015fmi\u015f Kontrol Hassasiyeti ve Geri Bildirim<\/a><\/li><li class='ez-toc-page-1 ez-toc-heading-level-3'><a class=\"ez-toc-link ez-toc-heading-2\" href=\"https:\/\/unox.com.tr\/es\/lineer-elektro-pnomatik-pozisyoner-ts600l\/#Kurulum_Kolayligi_ve_Kalibrasyon_Esnekligi\" >Kurulum Kolayl\u0131\u011f\u0131 ve Kalibrasyon Esnekli\u011fi<\/a><\/li><li class='ez-toc-page-1 ez-toc-heading-level-3'><a class=\"ez-toc-link ez-toc-heading-3\" href=\"https:\/\/unox.com.tr\/es\/lineer-elektro-pnomatik-pozisyoner-ts600l\/#Dayaniklilik_ve_Endustriyel_Uygulama_Alanlari\" >Dayan\u0131kl\u0131l\u0131k ve End\u00fcstriyel Uygulama Alanlar\u0131<\/a><\/li><\/ul><\/nav><\/div>\n<h3><span class=\"ez-toc-section\" id=\"Gelismis_Kontrol_Hassasiyeti_ve_Geri_Bildirim\"><\/span><b>Geli\u015fmi\u015f Kontrol Hassasiyeti ve Geri Bildirim<\/b><span class=\"ez-toc-section-end\"><\/span><\/h3>\n<p class=\"p1\">TS600L modeli, 4-20 mA kontrol sinyaline g\u00f6re vanan\u0131n pozisyonunu h\u0131zl\u0131 \u015fekilde ayarlamaktad\u0131r. Bu yap\u0131, \u00f6zellikle s\u00fcrekli de\u011fi\u015fen debi de\u011ferlerinde kararl\u0131 ak\u0131\u015f kontrol\u00fc sunar. <a href=\"https:\/\/unox.com.tr\/cok-turlu-oransal-elektrik-aktuatorlu-vana\">Unox \u00c7ok Turlu Oransal Elektrik Akt\u00fcat\u00f6rl\u00fc Vana<\/a> benzer mant\u0131kla \u00e7al\u0131\u015fan sistemler i\u00e7in uygun bir referanst\u0131r. Fakat sinyal do\u011frulu\u011fu kadar, konum geri bildiriminin tutarl\u0131 olmas\u0131 da \u00f6nemlidir. <a href=\"https:\/\/unox.com.tr\/es\/?attachment_id=40804\">Unox Elektrik Akt\u00fcat\u00f6rl\u00fc Flan\u015fl\u0131 K\u00fcresel Vana<\/a> ile birlikte kullan\u0131ld\u0131\u011f\u0131nda ileri d\u00fczey kontrol sistemleri olu\u015fturulabilir.<\/p>\n<h3><span class=\"ez-toc-section\" id=\"Kurulum_Kolayligi_ve_Kalibrasyon_Esnekligi\"><\/span><b>Kurulum Kolayl\u0131\u011f\u0131 ve Kalibrasyon Esnekli\u011fi<\/b><span class=\"ez-toc-section-end\"><\/span><\/h3>\n<p class=\"p1\">TS600L, lineer akt\u00fcat\u00f6rlerle kolayca entegre edilebilen ISO ve NAMUR montaj \u00f6zelliklerine sahiptir. Kompakt yap\u0131s\u0131 sayesinde s\u0131n\u0131rl\u0131 alanlarda da g\u00fcvenle monte edilebilir. Kalibrasyon i\u015flemi kullan\u0131c\u0131 dostu aray\u00fcz\u00fcyle k\u0131sa s\u00fcrede tamamlamaktad\u0131r. Ayr\u0131ca dijital g\u00f6sterge ekran\u0131 ile anl\u0131k pozisyon verisi okunabilmektedir. <a href=\"https:\/\/unox.com.tr\/elektrik-aktuatorlu-2-parcali-disli-kuresel-vana\">Unox Elektrik Akt\u00fcat\u00f6rl\u00fc 2 Par\u00e7al\u0131 Di\u015fli K\u00fcresel Vana<\/a> gibi \u00fcr\u00fcnlerle kullan\u0131m senaryosu geni\u015fletilebilir. <a href=\"https:\/\/www.unoxonline.com.tr\/\" rel=\"nofollow noopener\" target=\"_blank\">Unox Online<\/a> platformundan teknik belgeler ve uyumlu \u00fcr\u00fcn listesini inceleyebilirsiniz.<\/p>\n<h3><span class=\"ez-toc-section\" id=\"Dayaniklilik_ve_Endustriyel_Uygulama_Alanlari\"><\/span><b>Dayan\u0131kl\u0131l\u0131k ve End\u00fcstriyel Uygulama Alanlar\u0131<\/b><span class=\"ez-toc-section-end\"><\/span><\/h3>\n<p class=\"p1\">Zorlu saha \u015fartlar\u0131nda \u00e7al\u0131\u015fmak \u00fczere geli\u015ftirilen TS600L, toz, nem ve titre\u015fime kar\u015f\u0131 y\u00fcksek diren\u00e7 g\u00f6stermektedir. Bu nedenle enerji santralleri, kimya tesisleri, ar\u0131tma sistemleri ve g\u0131da end\u00fcstrisi gibi alanlarda g\u00fcvenle tercih edilmektedir. Ayr\u0131ca bak\u0131m gereksinimi d\u00fc\u015f\u00fckt\u00fcr, bu da i\u015fletme verimlili\u011fini artt\u0131rmaktad\u0131r. <a href=\"https:\/\/unox.com.tr\/es\/?attachment_id=25338\">Unox Elektrik Akt\u00fcat\u00f6rl\u00fc 3 Yollu K\u00fcresel Vana<\/a> ve <a href=\"https:\/\/unox.com.tr\/es\/?attachment_id=40788\">Unox Elektrik Akt\u00fcat\u00f6rl\u00fc U-PVC K\u00fcresel Vana<\/a> ile sistem mod\u00fclerli\u011fi artt\u0131r\u0131lmaktad\u0131r. Daha fazla bilgi i\u00e7in <a href=\"https:\/\/unox.com.tr\/\">Unox<\/a> ile ileti\u015fime ge\u00e7ebilirsiniz.<\/p>\n<div id=\"attachment_62016\" style=\"width: 310px\" class=\"wp-caption alignnone\"><img decoding=\"async\" aria-describedby=\"caption-attachment-62016\" class=\"size-medium wp-image-62016\" src=\"https:\/\/unox.com.tr\/wp-content\/themes\/woodmart\/images\/lazy.svg\" data-src=\"https:\/\/unox.com.tr\/wp-content\/uploads\/2024\/09\/lineer-pozisyoner-2-300x300.jpg\" alt=\"Lineer Elektro Pn\u00f6matik Pozisyoner\" width=\"300\" height=\"300\" title=\"\" srcset=\"\" data-srcset=\"https:\/\/unox.com.tr\/wp-content\/uploads\/2024\/09\/lineer-pozisyoner-2-300x300.jpg 300w, https:\/\/unox.com.tr\/wp-content\/uploads\/2024\/09\/lineer-pozisyoner-2-150x150.jpg 150w, https:\/\/unox.com.tr\/wp-content\/uploads\/2024\/09\/lineer-pozisyoner-2-600x600.jpg 600w, https:\/\/unox.com.tr\/wp-content\/uploads\/2024\/09\/lineer-pozisyoner-2-768x768.jpg 768w, https:\/\/unox.com.tr\/wp-content\/uploads\/2024\/09\/lineer-pozisyoner-2.jpg 1000w\" sizes=\"(max-width: 300px) 100vw, 300px\" \/><p id=\"caption-attachment-62016\" class=\"wp-caption-text\">Lineer Elektro Pn\u00f6matik Pozisyoner &#8211; TS600L<\/p><\/div>\n","protected":false},"excerpt":{"rendered":"<p><a href=\"https:\/\/unox.com.tr\/wp-content\/uploads\/2024\/09\/TS600L-Lineer-Pozisyoner.pdf\" target=\"_blank\" rel=\"noopener\"><button style=\"background-color: #11224b; color: #ffffff; padding: 10px 15px; font-family: montserrat; font-weight: bold; font-size: 19px; border-radius: 10px;\"><img decoding=\"async\" style=\"width: 25px; height: 25px;\" src=\"https:\/\/unox.com.tr\/wp-content\/uploads\/2023\/02\/pdf-1.png\" \/>\u00dcR\u00dcN KATALO\u011eU<\/button><\/a><\/p>\n<p><button style=\"background-color: #11224b; margin-top: 5px; color: white; padding: 0px 15px; width: 150px; height: 55px; border-radius: 10px; border: none; cursor: pointer;\"><br \/>\n<img decoding=\"async\" style=\"width: 120px; height: 30px;\" src=\"https:\/\/unox.com.tr\/wp-content\/uploads\/2023\/02\/4-1.svg\" \/><\/button><\/p>\n<p><a href=\"https:\/\/www.unoxonline.com.tr\/urun\/linear-elektro-pnomatik-pozisyoner\/\" target=\"_blank\" rel=\"noopener\"><button style=\"background-color: #11224b; color: #ffffff; padding: 10px 15px; font-family: montserrat; font-weight: bold; font-size: 19px; border-radius: 10px;\">Online Sipari\u015f Ver<\/button><\/a><\/p>\n","protected":false},"featured_media":62009,"comment_status":"open","ping_status":"closed","template":"","meta":[],"product_brand":[],"product_cat":[61,1101,26],"product_tag":[],"class_list":{"0":"post-61972","1":"product","2":"type-product","3":"status-publish","4":"has-post-thumbnail","6":"product_cat-pnomatik-aktuator-aksesuar","7":"product_cat-aktuatorlu-vana","8":"product_cat-pnomatik-vana","10":"first","11":"instock","12":"shipping-taxable","13":"product-type-simple"},"_links":{"self":[{"href":"https:\/\/unox.com.tr\/es\/wp-json\/wp\/v2\/product\/61972","targetHints":{"allow":["GET"]}}],"collection":[{"href":"https:\/\/unox.com.tr\/es\/wp-json\/wp\/v2\/product"}],"about":[{"href":"https:\/\/unox.com.tr\/es\/wp-json\/wp\/v2\/types\/product"}],"replies":[{"embeddable":true,"href":"https:\/\/unox.com.tr\/es\/wp-json\/wp\/v2\/comments?post=61972"}],"version-history":[{"count":2,"href":"https:\/\/unox.com.tr\/es\/wp-json\/wp\/v2\/product\/61972\/revisions"}],"predecessor-version":[{"id":68480,"href":"https:\/\/unox.com.tr\/es\/wp-json\/wp\/v2\/product\/61972\/revisions\/68480"}],"wp:featuredmedia":[{"embeddable":true,"href":"https:\/\/unox.com.tr\/es\/wp-json\/wp\/v2\/media\/62009"}],"wp:attachment":[{"href":"https:\/\/unox.com.tr\/es\/wp-json\/wp\/v2\/media?parent=61972"}],"wp:term":[{"taxonomy":"product_brand","embeddable":true,"href":"https:\/\/unox.com.tr\/es\/wp-json\/wp\/v2\/product_brand?post=61972"},{"taxonomy":"product_cat","embeddable":true,"href":"https:\/\/unox.com.tr\/es\/wp-json\/wp\/v2\/product_cat?post=61972"},{"taxonomy":"product_tag","embeddable":true,"href":"https:\/\/unox.com.tr\/es\/wp-json\/wp\/v2\/product_tag?post=61972"}],"curies":[{"name":"wp","href":"https:\/\/api.w.org\/{rel}","templated":true}]}}