{"id":65891,"date":"2025-05-30T10:35:19","date_gmt":"2025-05-30T07:35:19","guid":{"rendered":"https:\/\/unox.com.tr\/?post_type=product&#038;p=65891"},"modified":"2025-05-30T10:46:22","modified_gmt":"2025-05-30T07:46:22","slug":"sicaklik-transmitteri-pt100","status":"publish","type":"product","link":"https:\/\/unox.com.tr\/es\/sicaklik-transmitteri-pt100\/","title":{"rendered":"S\u0131cakl\u0131k Transmitteri (PT100)"},"content":{"rendered":"<h2>S\u0131cakl\u0131k Transmitteri<\/h2>\n<ul>\n<li>Mekanik Ba\u011flant\u0131: R 1\/2&#8243;<\/li>\n<li>Malzeme: SS316 Paslanmaz \u00e7elik<\/li>\n<li>\u00c7ap: 6mm, 8mm, 10mm, 12mm<\/li>\n<li>Element: Class A<\/li>\n<li>Muhafaza: Al\u00fcminyum<\/li>\n<li>S\u0131cakl\u0131k: 260\u00b0C&#8217;ye kadar<\/li>\n<li>Koruma S\u0131n\u0131f\u0131: IP65<\/li>\n<\/ul>\n","protected":false},"excerpt":{"rendered":"<p><button style=\"background-color: #11224b; color: #ffffff; padding: 10px 15px; font-family: montserrat; font-weight: bold; font-size: 19px; border-radius: 10px;\"><img decoding=\"async\" style=\"width: 25px; height: 25px;\" src=\"https:\/\/unox.com.tr\/wp-content\/uploads\/2023\/02\/pdf-1.png\" \/>\u00dcR\u00dcN KATALO\u011eU<\/button><\/p>\n<p><button style=\"background-color: #11224b; margin-top: 5px; color: white; padding: 0px 15px; width: 150px; height: 55px; border-radius: 10px; border: none; cursor: pointer;\"><br \/>\n<img decoding=\"async\" style=\"width: 120px; height: 30px;\" src=\"https:\/\/unox.com.tr\/wp-content\/uploads\/2023\/02\/4-1.svg\" \/><\/button><\/p>\n","protected":false},"featured_media":65892,"comment_status":"open","ping_status":"closed","template":"","meta":[],"product_brand":[],"product_cat":[1678,27],"product_tag":[],"class_list":{"0":"post-65891","1":"product","2":"type-product","3":"status-publish","4":"has-post-thumbnail","6":"product_cat-transmitter","7":"product_cat-seviye-ve-akis","9":"first","10":"instock","11":"shipping-taxable","12":"product-type-simple"},"_links":{"self":[{"href":"https:\/\/unox.com.tr\/es\/wp-json\/wp\/v2\/product\/65891","targetHints":{"allow":["GET"]}}],"collection":[{"href":"https:\/\/unox.com.tr\/es\/wp-json\/wp\/v2\/product"}],"about":[{"href":"https:\/\/unox.com.tr\/es\/wp-json\/wp\/v2\/types\/product"}],"replies":[{"embeddable":true,"href":"https:\/\/unox.com.tr\/es\/wp-json\/wp\/v2\/comments?post=65891"}],"version-history":[{"count":3,"href":"https:\/\/unox.com.tr\/es\/wp-json\/wp\/v2\/product\/65891\/revisions"}],"predecessor-version":[{"id":65901,"href":"https:\/\/unox.com.tr\/es\/wp-json\/wp\/v2\/product\/65891\/revisions\/65901"}],"wp:featuredmedia":[{"embeddable":true,"href":"https:\/\/unox.com.tr\/es\/wp-json\/wp\/v2\/media\/65892"}],"wp:attachment":[{"href":"https:\/\/unox.com.tr\/es\/wp-json\/wp\/v2\/media?parent=65891"}],"wp:term":[{"taxonomy":"product_brand","embeddable":true,"href":"https:\/\/unox.com.tr\/es\/wp-json\/wp\/v2\/product_brand?post=65891"},{"taxonomy":"product_cat","embeddable":true,"href":"https:\/\/unox.com.tr\/es\/wp-json\/wp\/v2\/product_cat?post=65891"},{"taxonomy":"product_tag","embeddable":true,"href":"https:\/\/unox.com.tr\/es\/wp-json\/wp\/v2\/product_tag?post=65891"}],"curies":[{"name":"wp","href":"https:\/\/api.w.org\/{rel}","templated":true}]}}