{"id":65955,"date":"2025-05-30T14:22:30","date_gmt":"2025-05-30T11:22:30","guid":{"rendered":"https:\/\/unox.com.tr\/?post_type=product&#038;p=65955"},"modified":"2025-05-30T14:22:32","modified_gmt":"2025-05-30T11:22:32","slug":"basinc-transmitteri","status":"publish","type":"product","link":"https:\/\/unox.com.tr\/es\/basinc-transmitteri\/","title":{"rendered":"Bas\u0131n\u00e7 Transmitteri"},"content":{"rendered":"<h2>Bas\u0131n\u00e7 Transmitteri<\/h2>\n<ul>\n<li>\u00d6l\u00e7\u00fcm Aral\u0131\u011f\u0131: -1&#8230;0 bar &#8230;. 0-1000 bar a kadar<\/li>\n<li>Mekanik Ba\u011flant\u0131: R1\/4&#8243; std. Ops. R1\/2&#8243; , R1&#8243;&#8230;<\/li>\n<li>\u00c7\u0131k\u0131\u015f: 4-20mA\/2-telli sdt. Ops. 0-10V<\/li>\n<li>G\u00f6vde Malzemesi: 304 Paslanmaz \u00c7elik<\/li>\n<li>Diyafram Malzemesi: 316 L Paslanmaz \u00c7elik<\/li>\n<li>Besleme: 12-30VDC<\/li>\n<li>Hassasiyet: %0,5<\/li>\n<li>Elektrik Ba\u011flant\u0131s\u0131: ISO 4400 Soket<\/li>\n<li>Koruma S\u0131n\u0131f\u0131: IP65<\/li>\n<\/ul>\n","protected":false},"excerpt":{"rendered":"<p><button style=\"background-color: #11224b; color: #ffffff; padding: 10px 15px; font-family: montserrat; font-weight: bold; font-size: 19px; border-radius: 10px;\"><img decoding=\"async\" style=\"width: 25px; height: 25px;\" src=\"https:\/\/unox.com.tr\/wp-content\/uploads\/2023\/02\/pdf-1.png\" \/>\u00dcR\u00dcN KATALO\u011eU<\/button><\/p>\n<p><button style=\"background-color: #11224b; margin-top: 5px; color: white; padding: 0px 15px; width: 150px; height: 55px; border-radius: 10px; border: none; cursor: pointer;\"><br \/>\n<img decoding=\"async\" style=\"width: 120px; height: 30px;\" src=\"https:\/\/unox.com.tr\/wp-content\/uploads\/2023\/02\/4-1.svg\" \/><\/button><\/p>\n","protected":false},"featured_media":65956,"comment_status":"open","ping_status":"closed","template":"","meta":[],"product_brand":[],"product_cat":[1678,27],"product_tag":[],"class_list":{"0":"post-65955","1":"product","2":"type-product","3":"status-publish","4":"has-post-thumbnail","6":"product_cat-transmitter","7":"product_cat-seviye-ve-akis","9":"first","10":"instock","11":"shipping-taxable","12":"product-type-simple"},"_links":{"self":[{"href":"https:\/\/unox.com.tr\/es\/wp-json\/wp\/v2\/product\/65955","targetHints":{"allow":["GET"]}}],"collection":[{"href":"https:\/\/unox.com.tr\/es\/wp-json\/wp\/v2\/product"}],"about":[{"href":"https:\/\/unox.com.tr\/es\/wp-json\/wp\/v2\/types\/product"}],"replies":[{"embeddable":true,"href":"https:\/\/unox.com.tr\/es\/wp-json\/wp\/v2\/comments?post=65955"}],"version-history":[{"count":1,"href":"https:\/\/unox.com.tr\/es\/wp-json\/wp\/v2\/product\/65955\/revisions"}],"predecessor-version":[{"id":65963,"href":"https:\/\/unox.com.tr\/es\/wp-json\/wp\/v2\/product\/65955\/revisions\/65963"}],"wp:featuredmedia":[{"embeddable":true,"href":"https:\/\/unox.com.tr\/es\/wp-json\/wp\/v2\/media\/65956"}],"wp:attachment":[{"href":"https:\/\/unox.com.tr\/es\/wp-json\/wp\/v2\/media?parent=65955"}],"wp:term":[{"taxonomy":"product_brand","embeddable":true,"href":"https:\/\/unox.com.tr\/es\/wp-json\/wp\/v2\/product_brand?post=65955"},{"taxonomy":"product_cat","embeddable":true,"href":"https:\/\/unox.com.tr\/es\/wp-json\/wp\/v2\/product_cat?post=65955"},{"taxonomy":"product_tag","embeddable":true,"href":"https:\/\/unox.com.tr\/es\/wp-json\/wp\/v2\/product_tag?post=65955"}],"curies":[{"name":"wp","href":"https:\/\/api.w.org\/{rel}","templated":true}]}}