{"id":35425,"date":"2022-07-04T13:53:25","date_gmt":"2022-07-04T13:53:25","guid":{"rendered":"https:\/\/www.unox.com.tr\/institutionnel\/"},"modified":"2023-04-03T17:00:51","modified_gmt":"2023-04-03T14:00:51","slug":"institutionnel","status":"publish","type":"page","link":"https:\/\/unox.com.tr\/fr\/institutionnel\/","title":{"rendered":"Institutionnel"},"content":{"rendered":"\n<p>Nous nous engageons \u00e0 am\u00e9liorer notre marque et nos produits sans nous arr\u00eater un instant. Nous avons une organisation innovante qui vise toujours vers l&rsquo;avant avec notre strat\u00e9gie orient\u00e9e client qui vise \u00e0 \u00e9tendre notre position concurrentielle avec nos concurrents. Nous pr\u00e9voyons d&rsquo;augmenter continuellement la valeur que nous ajoutons \u00e0 nos parties prenantes en concevant des produits de haute qualit\u00e9, innovants et diff\u00e9rents et de continuer \u00e0 avoir notre mot \u00e0 dire dans le secteur. Avec nos fournisseurs, que nous consid\u00e9rons comme des partenaires commerciaux de long terme, nos clients utilisateurs finaux, voire nos amis de la production, nous r\u00eavons d&rsquo;une organisation o\u00f9 tous les acteurs de cette organisation sont en confiance mutuelle dans le cadre de r\u00e8gles \u00e9thiques, et chacun est satisfait, et nous travaillons pour cela. En tant que marque UNOX, nous accordons de l&rsquo;importance aux \u00e9tudes marketing et allouons des budgets \u00e9lev\u00e9s, afin d&rsquo;atteindre le client rapidement et efficacement dans tous les domaines. Nous pouvons obtenir une r\u00e9action instantan\u00e9e aux probl\u00e8mes et fournir toutes sortes de support avant et apr\u00e8s la vente de notre produit. En tant que marque UNOX, nous avons adopt\u00e9 une marque orient\u00e9e client. Notre strat\u00e9gie principale est donc de gagner l&rsquo;appr\u00e9ciation de nos clients et de continuer \u00e0 marcher avec confiance sans compromettre notre qualit\u00e9 de quelque mani\u00e8re que ce soit.<\/p>\n","protected":false},"excerpt":{"rendered":"<p>Nous nous engageons \u00e0 am\u00e9liorer notre marque et nos produits sans nous arr\u00eater un instant. Nous avons une organisation innovante<\/p>\n","protected":false},"author":1,"featured_media":0,"parent":0,"menu_order":0,"comment_status":"closed","ping_status":"closed","template":"","meta":{"_joinchat":[],"footnotes":""},"class_list":["post-35425","page","type-page","status-publish","hentry"],"_links":{"self":[{"href":"https:\/\/unox.com.tr\/fr\/wp-json\/wp\/v2\/pages\/35425","targetHints":{"allow":["GET"]}}],"collection":[{"href":"https:\/\/unox.com.tr\/fr\/wp-json\/wp\/v2\/pages"}],"about":[{"href":"https:\/\/unox.com.tr\/fr\/wp-json\/wp\/v2\/types\/page"}],"author":[{"embeddable":true,"href":"https:\/\/unox.com.tr\/fr\/wp-json\/wp\/v2\/users\/1"}],"replies":[{"embeddable":true,"href":"https:\/\/unox.com.tr\/fr\/wp-json\/wp\/v2\/comments?post=35425"}],"version-history":[{"count":0,"href":"https:\/\/unox.com.tr\/fr\/wp-json\/wp\/v2\/pages\/35425\/revisions"}],"wp:attachment":[{"href":"https:\/\/unox.com.tr\/fr\/wp-json\/wp\/v2\/media?parent=35425"}],"curies":[{"name":"wp","href":"https:\/\/api.w.org\/{rel}","templated":true}]}}