{"id":54360,"date":"2022-02-10T12:37:42","date_gmt":"2022-02-10T09:37:42","guid":{"rendered":"https:\/\/unox.com.tr\/salon-isk-sodex-2021\/"},"modified":"2023-05-29T08:38:19","modified_gmt":"2023-05-29T05:38:19","slug":"salon-isk-sodex-2021","status":"publish","type":"page","link":"https:\/\/unox.com.tr\/fr\/foires\/salon-isk-sodex-2021\/","title":{"rendered":"FOIRE ISK-SODEX 2021"},"content":{"rendered":"\t\t<div data-elementor-type=\"wp-page\" data-elementor-id=\"54360\" class=\"elementor elementor-54360 elementor-9195\">\n\t\t\t\t\t\t<section class=\"wd-negative-gap elementor-section elementor-top-section elementor-element elementor-element-12846a3 elementor-section-boxed elementor-section-height-default elementor-section-height-default\" data-id=\"12846a3\" data-element_type=\"section\" data-e-type=\"section\">\n\t\t\t\t\t\t<div class=\"elementor-container elementor-column-gap-default\">\n\t\t\t\t\t<div class=\"elementor-column elementor-col-100 elementor-top-column elementor-element elementor-element-74bfa99\" data-id=\"74bfa99\" data-element_type=\"column\" data-e-type=\"column\">\n\t\t\t<div class=\"elementor-widget-wrap elementor-element-populated\">\n\t\t\t\t\t\t<div class=\"elementor-element elementor-element-e4af770 elementor-widget elementor-widget-heading\" data-id=\"e4af770\" data-element_type=\"widget\" data-e-type=\"widget\" data-widget_type=\"heading.default\">\n\t\t\t\t<div class=\"elementor-widget-container\">\n\t\t\t\t\t<h2 class=\"elementor-heading-title elementor-size-default\">UNOX VALVE EST AU FOIRE ISK-SODEX 2021 !<\/h2>\t\t\t\t<\/div>\n\t\t\t\t<\/div>\n\t\t\t\t\t<\/div>\n\t\t<\/div>\n\t\t\t\t\t<\/div>\n\t\t<\/section>\n\t\t\t\t<section class=\"wd-negative-gap elementor-section elementor-top-section elementor-element elementor-element-8dc88eb elementor-section-boxed elementor-section-height-default elementor-section-height-default\" data-id=\"8dc88eb\" data-element_type=\"section\" data-e-type=\"section\">\n\t\t\t\t\t\t<div class=\"elementor-container elementor-column-gap-default\">\n\t\t\t\t\t<div class=\"elementor-column elementor-col-100 elementor-top-column elementor-element elementor-element-4f081be\" data-id=\"4f081be\" data-element_type=\"column\" data-e-type=\"column\">\n\t\t\t<div class=\"elementor-widget-wrap elementor-element-populated\">\n\t\t\t\t\t\t<div class=\"elementor-element elementor-element-cfa0a61 color-scheme-inherit text-left elementor-widget elementor-widget-text-editor\" data-id=\"cfa0a61\" data-element_type=\"widget\" data-e-type=\"widget\" data-widget_type=\"text-editor.default\">\n\t\t\t\t<div class=\"elementor-widget-container\">\n\t\t\t\t\t\t\t\t\t<p><strong>Nous avons \u00e9galement particip\u00e9 au foire ISK-SODEX cette ann\u00e9e. Avec les solutions que nous avons produites dans le domaine industriel, nous avons pris place sur notre stand.<\/strong><\/p>\n<p>Le foire ISK-SODEX est un \u00e9v\u00e9nement organis\u00e9 sur les syst\u00e8mes de CVC&amp;R, d&rsquo;isolation, de pompe, de vanne, de plomberie, de traitement de l&rsquo;eau, d&rsquo;incendie, de piscine et d&rsquo;\u00e9nergie solaire. Le foire ISK-SODEX, l&rsquo;un des principaux salons de son secteur, s&rsquo;est tenu en 2021 avec la participation de nombreuses entreprises au T\u00dcYAP CONGRESS et EXHIBITION CENTER.<\/p>\n<p>UNOX VALF a pris place sur ses stands avec ses solutions industrielles et ses ing\u00e9nieurs bien \u00e9quip\u00e9s. La pr\u00e9cieuse \u00e9quipe d&rsquo;ing\u00e9nieurs et de vente du stand UNOX VALF, qui se compose de nombreux groupes de produits, a accueilli avec grand int\u00e9r\u00eat les clients qui ont visit\u00e9 le stand.<\/p>\n\t\t\t\t\t\t\t\t<\/div>\n\t\t\t\t<\/div>\n\t\t\t\t\t<\/div>\n\t\t<\/div>\n\t\t\t\t\t<\/div>\n\t\t<\/section>\n\t\t\t\t<section class=\"wd-negative-gap elementor-section elementor-top-section elementor-element elementor-element-6ce44f6 elementor-section-boxed elementor-section-height-default elementor-section-height-default\" data-id=\"6ce44f6\" data-element_type=\"section\" data-e-type=\"section\">\n\t\t\t\t\t\t<div class=\"elementor-container elementor-column-gap-default\">\n\t\t\t\t\t<div class=\"elementor-column elementor-col-100 elementor-top-column elementor-element elementor-element-3b73000\" data-id=\"3b73000\" data-element_type=\"column\" data-e-type=\"column\">\n\t\t\t<div class=\"elementor-widget-wrap elementor-element-populated\">\n\t\t\t\t\t\t<div class=\"elementor-element elementor-element-45f37c2 elementor-widget elementor-widget-image\" data-id=\"45f37c2\" data-element_type=\"widget\" data-e-type=\"widget\" data-widget_type=\"image.default\">\n\t\t\t\t<div class=\"elementor-widget-container\">\n\t\t\t\t\t\t\t\t\t\t\t\t\t\t\t<img decoding=\"async\" width=\"1024\" height=\"678\" src=\"https:\/\/unox.com.tr\/wp-content\/themes\/woodmart\/images\/lazy.svg\" data-src=\"https:\/\/unox.com.tr\/wp-content\/uploads\/2022\/02\/DSC_0606-1024x678.jpg\" class=\"attachment-large size-large wp-image-29926\" alt=\"\" srcset=\"\" data-srcset=\"https:\/\/unox.com.tr\/wp-content\/uploads\/2022\/02\/DSC_0606-1024x678.jpg 1024w, https:\/\/unox.com.tr\/wp-content\/uploads\/2022\/02\/DSC_0606-scaled-150x99.jpg 150w, https:\/\/unox.com.tr\/wp-content\/uploads\/2022\/02\/DSC_0606-600x397.jpg 600w, https:\/\/unox.com.tr\/wp-content\/uploads\/2022\/02\/DSC_0606-300x199.jpg 300w, https:\/\/unox.com.tr\/wp-content\/uploads\/2022\/02\/DSC_0606-768x509.jpg 768w, https:\/\/unox.com.tr\/wp-content\/uploads\/2022\/02\/DSC_0606-1536x1017.jpg 1536w, https:\/\/unox.com.tr\/wp-content\/uploads\/2022\/02\/DSC_0606-2048x1356.jpg 2048w, https:\/\/unox.com.tr\/wp-content\/uploads\/2022\/02\/DSC_0606-640x424.jpg 640w, https:\/\/unox.com.tr\/wp-content\/uploads\/2022\/02\/DSC_0606-400x265.jpg 400w, https:\/\/unox.com.tr\/wp-content\/uploads\/2022\/02\/DSC_0606-367x243.jpg 367w\" sizes=\"(max-width: 1024px) 100vw, 1024px\" title=\"\">\t\t\t\t\t\t\t\t\t\t\t\t\t\t\t<\/div>\n\t\t\t\t<\/div>\n\t\t\t\t\t<\/div>\n\t\t<\/div>\n\t\t\t\t\t<\/div>\n\t\t<\/section>\n\t\t\t\t<section class=\"wd-negative-gap elementor-section elementor-top-section elementor-element elementor-element-630d52b elementor-section-boxed elementor-section-height-default elementor-section-height-default\" data-id=\"630d52b\" data-element_type=\"section\" data-e-type=\"section\">\n\t\t\t\t\t\t<div class=\"elementor-container elementor-column-gap-default\">\n\t\t\t\t\t<div class=\"elementor-column elementor-col-100 elementor-top-column elementor-element elementor-element-ec40ef0\" data-id=\"ec40ef0\" data-element_type=\"column\" data-e-type=\"column\">\n\t\t\t<div class=\"elementor-widget-wrap elementor-element-populated\">\n\t\t\t\t\t\t<div class=\"elementor-element elementor-element-cb3f4e8 color-scheme-inherit text-left elementor-widget elementor-widget-text-editor\" data-id=\"cb3f4e8\" data-element_type=\"widget\" data-e-type=\"widget\" data-widget_type=\"text-editor.default\">\n\t\t\t\t<div class=\"elementor-widget-container\">\n\t\t\t\t\t\t\t\t\t<p style=\"letter-spacing: normal;\">Visit\u00e9 par de nombreux clients de Turquie et de l&rsquo;\u00e9tranger, le stand a suscit\u00e9 un grand int\u00e9r\u00eat pour trouver des solutions aux besoins et aux probl\u00e8mes des clients. Les vannes de r\u00e9gulation, les purgeurs de vapeur, les actionneurs et les \u00e9lectrovannes des principaux groupes de produits ont jou\u00e9 un r\u00f4le majeur en devenant un partenaire de solution aux probl\u00e8mes des clients.<\/p>\n<p style=\"letter-spacing: normal;\">Pendant le salon, le film promotionnel UNOX VALF a \u00e9t\u00e9 projet\u00e9 sur son stand, afin que les invit\u00e9s visitant le stand puissent mieux voir leur travail. <span style=\"color: var( --e-global-color-text ); font-family: var( --e-global-typography-text-font-family ), Open Sans; font-weight: var( --e-global-typography-text-font-weight ); letter-spacing: 0px;\">catalogue de produits et brochure promotionnelle. Le stand UNOX VALF a accueilli ses visiteurs de la meilleure fa\u00e7on avec l&rsquo;int\u00e9r\u00eat sinc\u00e8re et les friandises qu&rsquo;il a montr\u00e9 aux invit\u00e9s. <\/span><\/p>\n<p style=\"letter-spacing: normal;\">\n<p style=\"letter-spacing: normal;\"><span style=\"font-weight: bold;\">UNOX VALVE &#8211; UN MERCI AMICAL<\/span><\/p>\n<p style=\"letter-spacing: normal;\">Nous \u00e9tions tr\u00e8s fiers et heureux d&rsquo;\u00eatre avec vous au foire ISK-SOX, l&rsquo;une des plus grandes organisations du secteur industriel.<\/p>\n<p style=\"letter-spacing: normal;\">Nous tenons \u00e0 vous remercier, chers visiteurs, qui nous ont rendu visite sur notre stand, se sont int\u00e9ress\u00e9s \u00e0 nos produits, ont \u00e9cout\u00e9 nos activit\u00e9s sectorielles et ont partag\u00e9 notre enthousiasme avec nous.<\/p>\n<p style=\"letter-spacing: normal;\">Au plaisir de se revoir au prochain foire ISK-SODEX&#8230;<\/p>\n\t\t\t\t\t\t\t\t<\/div>\n\t\t\t\t<\/div>\n\t\t\t\t\t<\/div>\n\t\t<\/div>\n\t\t\t\t\t<\/div>\n\t\t<\/section>\n\t\t\t\t<\/div>\n\t\t","protected":false},"excerpt":{"rendered":"<p>UNOX VALVE EST AU FOIRE ISK-SODEX 2021 ! Nous avons \u00e9galement particip\u00e9 au foire ISK-SODEX cette ann\u00e9e. Avec les solutions<\/p>\n","protected":false},"author":1,"featured_media":0,"parent":54374,"menu_order":0,"comment_status":"closed","ping_status":"closed","template":"","meta":{"_joinchat":[],"footnotes":""},"class_list":["post-54360","page","type-page","status-publish","hentry"],"_links":{"self":[{"href":"https:\/\/unox.com.tr\/fr\/wp-json\/wp\/v2\/pages\/54360","targetHints":{"allow":["GET"]}}],"collection":[{"href":"https:\/\/unox.com.tr\/fr\/wp-json\/wp\/v2\/pages"}],"about":[{"href":"https:\/\/unox.com.tr\/fr\/wp-json\/wp\/v2\/types\/page"}],"author":[{"embeddable":true,"href":"https:\/\/unox.com.tr\/fr\/wp-json\/wp\/v2\/users\/1"}],"replies":[{"embeddable":true,"href":"https:\/\/unox.com.tr\/fr\/wp-json\/wp\/v2\/comments?post=54360"}],"version-history":[{"count":0,"href":"https:\/\/unox.com.tr\/fr\/wp-json\/wp\/v2\/pages\/54360\/revisions"}],"up":[{"embeddable":true,"href":"https:\/\/unox.com.tr\/fr\/wp-json\/wp\/v2\/pages\/54374"}],"wp:attachment":[{"href":"https:\/\/unox.com.tr\/fr\/wp-json\/wp\/v2\/media?parent=54360"}],"curies":[{"name":"wp","href":"https:\/\/api.w.org\/{rel}","templated":true}]}}