{"id":33702,"date":"2022-10-18T06:18:00","date_gmt":"2022-10-18T06:18:00","guid":{"rendered":"https:\/\/www.unox.com.tr\/urun\/vanne-a-piston-pneumatique-a-bride-type-y\/"},"modified":"2023-05-11T13:01:36","modified_gmt":"2023-05-11T10:01:36","slug":"vanne-a-piston-pneumatique","status":"publish","type":"product","link":"https:\/\/unox.com.tr\/fr\/vanne-a-piston-pneumatique\/","title":{"rendered":"Vanne \u00e0 Piston Pneumatique (\u00e0 bride, type Y)"},"content":{"rendered":"<div id=\"ez-toc-container\" class=\"ez-toc-v2_0_82_2 counter-hierarchy ez-toc-counter ez-toc-grey ez-toc-container-direction\">\n<div class=\"ez-toc-title-container\">\n<p class=\"ez-toc-title\" style=\"cursor:inherit\">Sayfa \u0130\u00e7eri\u011fi<\/p>\n<span class=\"ez-toc-title-toggle\"><a href=\"#\" class=\"ez-toc-pull-right ez-toc-btn ez-toc-btn-xs ez-toc-btn-default ez-toc-toggle\" aria-label=\"Toggle Table of Content\"><span class=\"ez-toc-js-icon-con\"><span class=\"\"><span class=\"eztoc-hide\" style=\"display:none;\">Toggle<\/span><span class=\"ez-toc-icon-toggle-span\"><svg style=\"fill: #999;color:#999\" xmlns=\"http:\/\/www.w3.org\/2000\/svg\" class=\"list-377408\" width=\"20px\" height=\"20px\" viewBox=\"0 0 24 24\" fill=\"none\"><path d=\"M6 6H4v2h2V6zm14 0H8v2h12V6zM4 11h2v2H4v-2zm16 0H8v2h12v-2zM4 16h2v2H4v-2zm16 0H8v2h12v-2z\" fill=\"currentColor\"><\/path><\/svg><svg style=\"fill: #999;color:#999\" class=\"arrow-unsorted-368013\" xmlns=\"http:\/\/www.w3.org\/2000\/svg\" width=\"10px\" height=\"10px\" viewBox=\"0 0 24 24\" version=\"1.2\" baseProfile=\"tiny\"><path d=\"M18.2 9.3l-6.2-6.3-6.2 6.3c-.2.2-.3.4-.3.7s.1.5.3.7c.2.2.4.3.7.3h11c.3 0 .5-.1.7-.3.2-.2.3-.5.3-.7s-.1-.5-.3-.7zM5.8 14.7l6.2 6.3 6.2-6.3c.2-.2.3-.5.3-.7s-.1-.5-.3-.7c-.2-.2-.4-.3-.7-.3h-11c-.3 0-.5.1-.7.3-.2.2-.3.5-.3.7s.1.5.3.7z\"\/><\/svg><\/span><\/span><\/span><\/a><\/span><\/div>\n<nav><ul class='ez-toc-list ez-toc-list-level-1 ' ><li class='ez-toc-page-1 ez-toc-heading-level-2'><a class=\"ez-toc-link ez-toc-heading-1\" href=\"https:\/\/unox.com.tr\/fr\/vanne-a-piston-pneumatique\/#Quest-ce_quune_vanne_a_piston_pneumatique\" >Qu&rsquo;est-ce qu&rsquo;une vanne \u00e0 piston pneumatique ?<\/a><\/li><li class='ez-toc-page-1 ez-toc-heading-level-2'><a class=\"ez-toc-link ez-toc-heading-2\" href=\"https:\/\/unox.com.tr\/fr\/vanne-a-piston-pneumatique\/#Principe_de_fonctionnement\" >Principe de fonctionnement<\/a><\/li><li class='ez-toc-page-1 ez-toc-heading-level-2'><a class=\"ez-toc-link ez-toc-heading-3\" href=\"https:\/\/unox.com.tr\/fr\/vanne-a-piston-pneumatique\/#Caracteristiques_du_Produit\" >Caract\u00e9ristiques du Produit<\/a><\/li><li class='ez-toc-page-1 ez-toc-heading-level-2'><a class=\"ez-toc-link ez-toc-heading-4\" href=\"https:\/\/unox.com.tr\/fr\/vanne-a-piston-pneumatique\/#Champ_dapplication\" >Champ d&rsquo;application<\/a><\/li><li class='ez-toc-page-1 ez-toc-heading-level-2'><a class=\"ez-toc-link ez-toc-heading-5\" href=\"https:\/\/unox.com.tr\/fr\/vanne-a-piston-pneumatique\/#Avantages\" >Avantages<\/a><\/li><\/ul><\/nav><\/div>\n<h2><span class=\"ez-toc-section\" id=\"Quest-ce_quune_vanne_a_piston_pneumatique\"><\/span><span style=\"font-size: 22px;\">Qu&rsquo;est-ce qu&rsquo;une vanne \u00e0 piston pneumatique ?<\/span><span class=\"ez-toc-section-end\"><\/span><\/h2>\n<p>Les vannes pneumatiques \u00e0 piston sont un type de vanne qui utilise de l&rsquo;air comprim\u00e9 ou d&rsquo;autres gaz pour actionner un piston ou un diaphragme qui ouvre ou ferme une vanne. Ces vannes sont couramment utilis\u00e9es dans les applications industrielles et de fabrication pour contr\u00f4ler le d\u00e9bit de liquides, de gaz et d&rsquo;autres mat\u00e9riaux. Il peut \u00eatre \u00e0 2 ou 3 voies selon le nombre de ports dont ils disposent. Les vannes \u00e0 2 voies ont deux orifices tandis que les vannes \u00e0 3 voies ont trois orifices. Les ports sont utilis\u00e9s pour connecter la vanne \u00e0 la tuyauterie ou \u00e0 d&rsquo;autres \u00e9quipements du syst\u00e8me. Ils sont connus pour leurs temps de r\u00e9ponse rapides et leurs capacit\u00e9s de d\u00e9bit \u00e9lev\u00e9es, ce qui les rend bien adapt\u00e9s aux applications qui n\u00e9cessitent un contr\u00f4le pr\u00e9cis et une commutation rapide. Ils sont \u00e9galement relativement simples et faciles \u00e0 entretenir, ce qui en fait un choix populaire dans de nombreux environnements industriels.<\/p>\n<h2><span class=\"ez-toc-section\" id=\"Principe_de_fonctionnement\"><\/span><span style=\"font-size: 22px;\">Principe de fonctionnement<\/span><span class=\"ez-toc-section-end\"><\/span><\/h2>\n<p>La vanne reste ferm\u00e9e (ouverte) par la force du ressort dans des conditions normales. Lorsque le piston est entra\u00een\u00e9 par de l&rsquo;air comprim\u00e9, la soupape s&rsquo;ouvre (se ferme). Pour le type \u00e0 double effet, la vanne est ouverte et l&rsquo;air comprim\u00e9 est ferm\u00e9.<\/p>\n<p>Vannes pneumatiques \u00e0 piston, corps en acier inoxydable 316, actionneur en acier inoxydable 304, vannes de type Y \u00e0 des fins de contr\u00f4le pneumatique. Il est fabriqu\u00e9 en tant que type \u00e0 simple effet et normalement ferm\u00e9. La fabrication d&rsquo;engrenages standard est un engrenage BSP.<\/p>\n<h2><span class=\"ez-toc-section\" id=\"Caracteristiques_du_Produit\"><\/span><span style=\"font-size: 22px;\">Caract\u00e9ristiques du Produit<\/span><span class=\"ez-toc-section-end\"><\/span><\/h2>\n<ul>\n<li><strong>Corps<\/strong> : Acier Inoxydable<\/li>\n<li><strong>Temp\u00e9rature de Fonctionnement<\/strong> : 180 \u00baC<\/li>\n<li><strong>Pression de Travail<\/strong> : PN16<\/li>\n<li><strong>Pression d&rsquo;alimentation<\/strong> : 3 &#8211; 8 bars<\/li>\n<li><strong>Connexion : Bride<\/strong><\/li>\n<\/ul>\n<h2><span class=\"ez-toc-section\" id=\"Champ_dapplication\"><\/span><span style=\"font-size: 22px;\">Champ d&rsquo;application<\/span><span class=\"ez-toc-section-end\"><\/span><\/h2>\n<ul>\n<li>Machines d&#8217;embouteillage de boissons<\/li>\n<li>Industrie du gaz<\/li>\n<li>D\u00e9sinfection \u00e0 haute temp\u00e9rature<\/li>\n<li>Traitement de l&rsquo;eau \/ des eaux us\u00e9es<\/li>\n<li>Impression et teinture textile<\/li>\n<li>Industrie Chimique<\/li>\n<li>\u00c9quipement moussant<\/li>\n<\/ul>\n<h2><span class=\"ez-toc-section\" id=\"Avantages\"><\/span><span style=\"font-size: 22px;\">Avantages<\/span><span class=\"ez-toc-section-end\"><\/span><\/h2>\n<ul>\n<li>Un grand d\u00e9bit n&rsquo;est pas affect\u00e9 par les coups de b\u00e9lier \u00e0 faible r\u00e9sistance.<\/li>\n<li>Il offre un d\u00e9bit fluide de 30 % gr\u00e2ce \u00e0 sa forme en Y et sa zone de d\u00e9bit \u00e9tendue.<\/li>\n<li>Capacit\u00e9 \u00e0 travailler pendant de nombreuses ann\u00e9es.<\/li>\n<li>Le corps s&rsquo;ajuste et se lubrifie automatiquement. Il minimise vos co\u00fbts de maintenance.<\/li>\n<li>Le cylindre peut pivoter \u00e0 360 degr\u00e9s et est enti\u00e8rement en acier inoxydable. Cela vous donne une tr\u00e8s haute performance.<\/li>\n<\/ul>\n","protected":false},"excerpt":{"rendered":"<p><a href=\"https:\/\/unox.com.tr\/wp-content\/uploads\/2023\/05\/PNOMATIK-PISTONLU-FLANSLI-VANA.pdf\" target=\"_blank\" rel=\"noopener\"><button style=\"background-color: #11224b; color: #ffffff; padding: 10px 15px; font-family: montserrat; font-weight: bold; font-size: 19px; border-radius: 10px;\"><img decoding=\"async\" style=\"width: 25px; height: 25px;\" src=\"https:\/\/unox.com.tr\/wp-content\/uploads\/2023\/02\/pdf-1.png\">CATALOGUE DES PRODUITS<\/button><\/a><\/p>\n<p><button style=\"background-color: #11224b; margin-top: 5px; color: white; padding: 0px 15px; width: 150px; height: 55px; border-radius: 10px; border: none; cursor: pointer;\"><br \/>\n<img decoding=\"async\" style=\"width: 120px; height: 30px;\" src=\"https:\/\/unox.com.tr\/wp-content\/uploads\/2023\/02\/4-1.svg\"><\/button><\/p>\n","protected":false},"featured_media":70194,"comment_status":"closed","ping_status":"closed","template":"","meta":{"_joinchat":[]},"product_brand":[],"product_cat":[1107,1106],"product_tag":[],"class_list":{"0":"post-33702","1":"product","2":"type-product","3":"status-publish","4":"has-post-thumbnail","6":"product_cat-vannes-pneumatiques-a-piston","7":"product_cat-vannes-pneumatiques","9":"first","10":"instock","11":"shipping-taxable","12":"product-type-simple"},"_links":{"self":[{"href":"https:\/\/unox.com.tr\/fr\/wp-json\/wp\/v2\/product\/33702","targetHints":{"allow":["GET"]}}],"collection":[{"href":"https:\/\/unox.com.tr\/fr\/wp-json\/wp\/v2\/product"}],"about":[{"href":"https:\/\/unox.com.tr\/fr\/wp-json\/wp\/v2\/types\/product"}],"replies":[{"embeddable":true,"href":"https:\/\/unox.com.tr\/fr\/wp-json\/wp\/v2\/comments?post=33702"}],"version-history":[{"count":0,"href":"https:\/\/unox.com.tr\/fr\/wp-json\/wp\/v2\/product\/33702\/revisions"}],"wp:featuredmedia":[{"embeddable":true,"href":"https:\/\/unox.com.tr\/fr\/wp-json\/wp\/v2\/media\/70194"}],"wp:attachment":[{"href":"https:\/\/unox.com.tr\/fr\/wp-json\/wp\/v2\/media?parent=33702"}],"wp:term":[{"taxonomy":"product_brand","embeddable":true,"href":"https:\/\/unox.com.tr\/fr\/wp-json\/wp\/v2\/product_brand?post=33702"},{"taxonomy":"product_cat","embeddable":true,"href":"https:\/\/unox.com.tr\/fr\/wp-json\/wp\/v2\/product_cat?post=33702"},{"taxonomy":"product_tag","embeddable":true,"href":"https:\/\/unox.com.tr\/fr\/wp-json\/wp\/v2\/product_tag?post=33702"}],"curies":[{"name":"wp","href":"https:\/\/api.w.org\/{rel}","templated":true}]}}