{"id":34386,"date":"2022-10-19T11:52:52","date_gmt":"2022-10-19T08:52:52","guid":{"rendered":"https:\/\/www.unox.com.tr\/urun\/vanne-a-guillotine-a-piston-pneumatique\/"},"modified":"2023-05-24T16:14:04","modified_gmt":"2023-05-24T13:14:04","slug":"vanne-pneumatique-a-piston-et-a-couteaux","status":"publish","type":"product","link":"https:\/\/unox.com.tr\/fr\/vanne-pneumatique-a-piston-et-a-couteaux\/","title":{"rendered":"Vanne \u00e0 Guillotine \u00e0 Piston Pneumatique"},"content":{"rendered":"<div id=\"ez-toc-container\" class=\"ez-toc-v2_0_82_2 counter-hierarchy ez-toc-counter ez-toc-grey ez-toc-container-direction\">\n<div class=\"ez-toc-title-container\">\n<p class=\"ez-toc-title\" style=\"cursor:inherit\">Sayfa \u0130\u00e7eri\u011fi<\/p>\n<span class=\"ez-toc-title-toggle\"><a href=\"#\" class=\"ez-toc-pull-right ez-toc-btn ez-toc-btn-xs ez-toc-btn-default ez-toc-toggle\" aria-label=\"Toggle Table of Content\"><span class=\"ez-toc-js-icon-con\"><span class=\"\"><span class=\"eztoc-hide\" style=\"display:none;\">Toggle<\/span><span class=\"ez-toc-icon-toggle-span\"><svg style=\"fill: #999;color:#999\" xmlns=\"http:\/\/www.w3.org\/2000\/svg\" class=\"list-377408\" width=\"20px\" height=\"20px\" viewBox=\"0 0 24 24\" fill=\"none\"><path d=\"M6 6H4v2h2V6zm14 0H8v2h12V6zM4 11h2v2H4v-2zm16 0H8v2h12v-2zM4 16h2v2H4v-2zm16 0H8v2h12v-2z\" fill=\"currentColor\"><\/path><\/svg><svg style=\"fill: #999;color:#999\" class=\"arrow-unsorted-368013\" xmlns=\"http:\/\/www.w3.org\/2000\/svg\" width=\"10px\" height=\"10px\" viewBox=\"0 0 24 24\" version=\"1.2\" baseProfile=\"tiny\"><path d=\"M18.2 9.3l-6.2-6.3-6.2 6.3c-.2.2-.3.4-.3.7s.1.5.3.7c.2.2.4.3.7.3h11c.3 0 .5-.1.7-.3.2-.2.3-.5.3-.7s-.1-.5-.3-.7zM5.8 14.7l6.2 6.3 6.2-6.3c.2-.2.3-.5.3-.7s-.1-.5-.3-.7c-.2-.2-.4-.3-.7-.3h-11c-.3 0-.5.1-.7.3-.2.2-.3.5-.3.7s.1.5.3.7z\"\/><\/svg><\/span><\/span><\/span><\/a><\/span><\/div>\n<nav><ul class='ez-toc-list ez-toc-list-level-1 ' ><li class='ez-toc-page-1 ez-toc-heading-level-2'><a class=\"ez-toc-link ez-toc-heading-1\" href=\"https:\/\/unox.com.tr\/fr\/vanne-pneumatique-a-piston-et-a-couteaux\/#Quest-ce_quune_vanne_a_guillotine_a_piston_pneumatique\" >Qu&rsquo;est-ce qu&rsquo;une vanne \u00e0 guillotine \u00e0 piston pneumatique ?<\/a><\/li><li class='ez-toc-page-1 ez-toc-heading-level-2'><a class=\"ez-toc-link ez-toc-heading-2\" href=\"https:\/\/unox.com.tr\/fr\/vanne-pneumatique-a-piston-et-a-couteaux\/#Ou_la_vanne_a_guillotine_a_piston_pneumatique_est-elle_utilisee\" >O\u00f9 la vanne \u00e0 guillotine \u00e0 piston pneumatique est-elle utilis\u00e9e ?<\/a><\/li><li class='ez-toc-page-1 ez-toc-heading-level-2'><a class=\"ez-toc-link ez-toc-heading-3\" href=\"https:\/\/unox.com.tr\/fr\/vanne-pneumatique-a-piston-et-a-couteaux\/#Specifications_techniques\" >Sp\u00e9cifications techniques<\/a><\/li><li class='ez-toc-page-1 ez-toc-heading-level-2'><a class=\"ez-toc-link ez-toc-heading-4\" href=\"https:\/\/unox.com.tr\/fr\/vanne-pneumatique-a-piston-et-a-couteaux\/#Caracteristiques_Generales\" >Caract\u00e9ristiques G\u00e9n\u00e9rales<\/a><\/li><li class='ez-toc-page-1 ez-toc-heading-level-2'><a class=\"ez-toc-link ez-toc-heading-5\" href=\"https:\/\/unox.com.tr\/fr\/vanne-pneumatique-a-piston-et-a-couteaux\/#Champ_dapplication\" >Champ d&rsquo;application<\/a><\/li><\/ul><\/nav><\/div>\n<h2><span class=\"ez-toc-section\" id=\"Quest-ce_quune_vanne_a_guillotine_a_piston_pneumatique\"><\/span><span style=\"font-size: 22px;\">Qu&rsquo;est-ce qu&rsquo;une vanne \u00e0 guillotine \u00e0 piston pneumatique ?<\/span><span class=\"ez-toc-section-end\"><\/span><\/h2>\n<p>Une vanne \u00e0 guillotine \u00e0 piston pneumatique est un type de vanne qui utilise une porte ou un disque en forme de coin pour contr\u00f4ler le d\u00e9bit de fluide \u00e0 travers une canalisation. La porte est actionn\u00e9e par un actionneur pneumatique, un dispositif qui convertit l&rsquo;air comprim\u00e9 en mouvement m\u00e9canique. L&rsquo;actionneur est reli\u00e9 \u00e0 la porte via un piston qui d\u00e9place la porte de haut en bas pour ouvrir et fermer la vanne. Les actionneurs pneumatiques sont g\u00e9n\u00e9ralement pr\u00e9f\u00e9r\u00e9s aux actionneurs manuels car ils peuvent \u00eatre contr\u00f4l\u00e9s \u00e0 distance et permettent un contr\u00f4le plus rapide et plus pr\u00e9cis de la vanne.<\/p>\n<h2><span class=\"ez-toc-section\" id=\"Ou_la_vanne_a_guillotine_a_piston_pneumatique_est-elle_utilisee\"><\/span><span style=\"font-size: 22px;\">O\u00f9 la vanne \u00e0 guillotine \u00e0 piston pneumatique est-elle utilis\u00e9e ?<\/span><span class=\"ez-toc-section-end\"><\/span><\/h2>\n<p>Comme les vannes \u00e0 guillotine manuelles, les vannes \u00e0 guillotine \u00e0 piston pneumatique sont souvent utilis\u00e9es dans des applications o\u00f9 une fermeture rapide est requise ou o\u00f9 des solides dans le liquide sont attendus. Ils sont largement utilis\u00e9s dans les lignes de processus industriels, les syst\u00e8mes d&rsquo;irrigation et les usines de traitement des eaux us\u00e9es. Les vannes \u00e0 guillotine pneumatiques sont \u00e9galement souvent utilis\u00e9es dans les syst\u00e8mes de contr\u00f4le automatique car elles peuvent \u00eatre facilement int\u00e9gr\u00e9es \u00e0 d&rsquo;autres dispositifs de contr\u00f4le et activ\u00e9es par un signal de contr\u00f4le provenant d&rsquo;un contr\u00f4leur logique programmable (PLC) ou d&rsquo;un autre syst\u00e8me de contr\u00f4le.<\/p>\n<h2><span class=\"ez-toc-section\" id=\"Specifications_techniques\"><\/span><span style=\"font-size: 22px;\">Sp\u00e9cifications techniques<\/span><span class=\"ez-toc-section-end\"><\/span><\/h2>\n<ul>\n<li><strong>Piston Pneumatique<\/strong> : Double Effet \/ Magn\u00e9tique<\/li>\n<li><strong>Corps<\/strong> : GGG-40<\/li>\n<li><strong>Lame<\/strong> : AISI 304, AISI 316<\/li>\n<li><strong>Anneau de si\u00e8ge<\/strong> : EPDM, NBR, Viton, T\u00e9flon<\/li>\n<li><strong>Temp\u00e9rature de Fonctionnement<\/strong> : -10 \u00baC \/ +110 \u00baC<\/li>\n<li><strong>Pression de Travail<\/strong> : 16 Bars<\/li>\n<li><strong>Classe de Pression<\/strong> : PN16<\/li>\n<li><strong>Taille<\/strong> : DN50 &#8211; DN400<\/li>\n<\/ul>\n<h2><span class=\"ez-toc-section\" id=\"Caracteristiques_Generales\"><\/span><span style=\"font-size: 22px;\">Caract\u00e9ristiques G\u00e9n\u00e9rales<\/span><span class=\"ez-toc-section-end\"><\/span><\/h2>\n<ul>\n<li>Un scellement unidirectionnel est disponible, il convient de pr\u00eater attention au sens de l&rsquo;installation.<\/li>\n<li>Il peut \u00eatre install\u00e9 entre deux brides \u00e0 l&rsquo;extr\u00e9mit\u00e9 d&rsquo;une canalisation ou en utilisant une bride oppos\u00e9e. Une bride PN10 est disponible.<\/li>\n<li>Le joint d&rsquo;\u00e9tanch\u00e9it\u00e9 Klepe peut \u00eatre remplac\u00e9 en ligne.<\/li>\n<li>Convient pour le montage d&rsquo;un actionneur gr\u00e2ce \u00e0 la bride sup\u00e9rieure.<\/li>\n<li>Un si\u00e8ge d&rsquo;\u00e9tanch\u00e9it\u00e9 en caoutchouc EPDM est plac\u00e9 \u00e0 l&rsquo;int\u00e9rieur du corps.<\/li>\n<li>Des mod\u00e8les \u00e0 volant d&rsquo;inertie manuel, \u00e0 piston pneumatique, \u00e0 actionneur \u00e9lectrique et \u00e0 bo\u00eete de vitesses sont disponibles.<\/li>\n<\/ul>\n<h2><span class=\"ez-toc-section\" id=\"Champ_dapplication\"><\/span><span style=\"font-size: 22px;\">Champ d&rsquo;application<\/span><span class=\"ez-toc-section-end\"><\/span><\/h2>\n<ul>\n<li>Liquides de boue<\/li>\n<li>D\u00e9chets, eau chaude, eau froide<\/li>\n<li>Installation de l&rsquo;usine<\/li>\n<li>Installations de traitement des eaux<\/li>\n<li>Stations de pompage<\/li>\n<li>R\u00e9servoirs<\/li>\n<li>Applications pour l&rsquo;eau de mer<\/li>\n<li>Centrales \u00e9lectriques<\/li>\n<li>Applications industrielles<\/li>\n<\/ul>\n","protected":false},"excerpt":{"rendered":"<p><a href=\"https:\/\/unox.com.tr\/wp-content\/uploads\/2023\/01\/Pnomatik-Pistonlu-Bicak-Surgulu-Vana.pdf\" target=\"_blank\" rel=\"noopener\"><button style=\"background-color: #11224b; color: #ffffff; padding: 10px 15px; font-family: montserrat; font-weight: bold; font-size: 19px; border-radius: 10px;\"><img decoding=\"async\" style=\"width: 25px; height: 25px;\" src=\"https:\/\/unox.com.tr\/wp-content\/uploads\/2023\/02\/pdf-1.png\">CATALOGUE DES PRODUITS<\/button><\/a><\/p>\n<p><button style=\"background-color: #11224b; margin-top: 5px; color: white; padding: 0px 15px; width: 150px; height: 55px; border-radius: 10px; border: none; cursor: pointer;\"><br \/>\n<img decoding=\"async\" style=\"width: 120px; height: 30px;\" src=\"https:\/\/unox.com.tr\/wp-content\/uploads\/2023\/02\/4-1.svg\"><\/button><\/p>\n","protected":false},"featured_media":34231,"comment_status":"open","ping_status":"closed","template":"","meta":{"_joinchat":[]},"product_brand":[],"product_cat":[1140,1138],"product_tag":[],"class_list":{"0":"post-34386","1":"product","2":"type-product","3":"status-publish","4":"has-post-thumbnail","6":"product_cat-vannes-a-guillotine","7":"product_cat-groupe-de-vanne","9":"first","10":"instock","11":"shipping-taxable","12":"product-type-simple"},"_links":{"self":[{"href":"https:\/\/unox.com.tr\/fr\/wp-json\/wp\/v2\/product\/34386","targetHints":{"allow":["GET"]}}],"collection":[{"href":"https:\/\/unox.com.tr\/fr\/wp-json\/wp\/v2\/product"}],"about":[{"href":"https:\/\/unox.com.tr\/fr\/wp-json\/wp\/v2\/types\/product"}],"replies":[{"embeddable":true,"href":"https:\/\/unox.com.tr\/fr\/wp-json\/wp\/v2\/comments?post=34386"}],"version-history":[{"count":0,"href":"https:\/\/unox.com.tr\/fr\/wp-json\/wp\/v2\/product\/34386\/revisions"}],"wp:featuredmedia":[{"embeddable":true,"href":"https:\/\/unox.com.tr\/fr\/wp-json\/wp\/v2\/media\/34231"}],"wp:attachment":[{"href":"https:\/\/unox.com.tr\/fr\/wp-json\/wp\/v2\/media?parent=34386"}],"wp:term":[{"taxonomy":"product_brand","embeddable":true,"href":"https:\/\/unox.com.tr\/fr\/wp-json\/wp\/v2\/product_brand?post=34386"},{"taxonomy":"product_cat","embeddable":true,"href":"https:\/\/unox.com.tr\/fr\/wp-json\/wp\/v2\/product_cat?post=34386"},{"taxonomy":"product_tag","embeddable":true,"href":"https:\/\/unox.com.tr\/fr\/wp-json\/wp\/v2\/product_tag?post=34386"}],"curies":[{"name":"wp","href":"https:\/\/api.w.org\/{rel}","templated":true}]}}