{"id":34441,"date":"2022-05-06T13:30:19","date_gmt":"2022-05-06T10:30:19","guid":{"rendered":"https:\/\/www.unox.com.tr\/urun\/reducteur-de-bras-de-separation\/"},"modified":"2023-05-11T14:54:46","modified_gmt":"2023-05-11T11:54:46","slug":"reducteur-de-bras-de-separation","status":"publish","type":"product","link":"https:\/\/unox.com.tr\/fr\/reducteur-de-bras-de-separation\/","title":{"rendered":"R\u00e9ducteur de Bras de S\u00e9paration"},"content":{"rendered":"<div id=\"ez-toc-container\" class=\"ez-toc-v2_0_82_2 counter-hierarchy ez-toc-counter ez-toc-grey ez-toc-container-direction\">\n<div class=\"ez-toc-title-container\">\n<p class=\"ez-toc-title\" style=\"cursor:inherit\">Sayfa \u0130\u00e7eri\u011fi<\/p>\n<span class=\"ez-toc-title-toggle\"><a href=\"#\" class=\"ez-toc-pull-right ez-toc-btn ez-toc-btn-xs ez-toc-btn-default ez-toc-toggle\" aria-label=\"Toggle Table of Content\"><span class=\"ez-toc-js-icon-con\"><span class=\"\"><span class=\"eztoc-hide\" style=\"display:none;\">Toggle<\/span><span class=\"ez-toc-icon-toggle-span\"><svg style=\"fill: #999;color:#999\" xmlns=\"http:\/\/www.w3.org\/2000\/svg\" class=\"list-377408\" width=\"20px\" height=\"20px\" viewBox=\"0 0 24 24\" fill=\"none\"><path d=\"M6 6H4v2h2V6zm14 0H8v2h12V6zM4 11h2v2H4v-2zm16 0H8v2h12v-2zM4 16h2v2H4v-2zm16 0H8v2h12v-2z\" fill=\"currentColor\"><\/path><\/svg><svg style=\"fill: #999;color:#999\" class=\"arrow-unsorted-368013\" xmlns=\"http:\/\/www.w3.org\/2000\/svg\" width=\"10px\" height=\"10px\" viewBox=\"0 0 24 24\" version=\"1.2\" baseProfile=\"tiny\"><path d=\"M18.2 9.3l-6.2-6.3-6.2 6.3c-.2.2-.3.4-.3.7s.1.5.3.7c.2.2.4.3.7.3h11c.3 0 .5-.1.7-.3.2-.2.3-.5.3-.7s-.1-.5-.3-.7zM5.8 14.7l6.2 6.3 6.2-6.3c.2-.2.3-.5.3-.7s-.1-.5-.3-.7c-.2-.2-.4-.3-.7-.3h-11c-.3 0-.5.1-.7.3-.2.2-.3.5-.3.7s.1.5.3.7z\"\/><\/svg><\/span><\/span><\/span><\/a><\/span><\/div>\n<nav><ul class='ez-toc-list ez-toc-list-level-1 ' ><li class='ez-toc-page-1 ez-toc-heading-level-2'><a class=\"ez-toc-link ez-toc-heading-1\" href=\"https:\/\/unox.com.tr\/fr\/reducteur-de-bras-de-separation\/#Quest-ce_que_le_reducteur_de_bras_diviseur\" >Qu&rsquo;est-ce que le r\u00e9ducteur de bras diviseur ?<\/a><\/li><li class='ez-toc-page-1 ez-toc-heading-level-2'><a class=\"ez-toc-link ez-toc-heading-2\" href=\"https:\/\/unox.com.tr\/fr\/reducteur-de-bras-de-separation\/#Ou_la_boite_de_vitesses_avec_bras_de_separation_est-elle_utilisee\" >O\u00f9 la bo\u00eete de vitesses avec bras de s\u00e9paration est-elle utilis\u00e9e ?<\/a><\/li><li class='ez-toc-page-1 ez-toc-heading-level-2'><a class=\"ez-toc-link ez-toc-heading-3\" href=\"https:\/\/unox.com.tr\/fr\/reducteur-de-bras-de-separation\/#Caracteristiques_du_Produit\" >Caract\u00e9ristiques du Produit<\/a><\/li><\/ul><\/nav><\/div>\n<h2><span class=\"ez-toc-section\" id=\"Quest-ce_que_le_reducteur_de_bras_diviseur\"><\/span><span style=\"font-size: 22px;\">Qu&rsquo;est-ce que le r\u00e9ducteur de bras diviseur ?<\/span><span class=\"ez-toc-section-end\"><\/span><\/h2>\n<p>La bo\u00eete de vitesses \u00e0 levier diviseur est un outil utilis\u00e9 pour r\u00e9duire l&rsquo;\u00e9nergie ou la puissance de mouvement dans un syst\u00e8me m\u00e9canique. Il est g\u00e9n\u00e9ralement utilis\u00e9 pour r\u00e9duire ou modifier la puissance de rotation des moteurs. Il peut \u00e9galement \u00eatre utilis\u00e9 pour augmenter la vitesse et le couple des syst\u00e8mes m\u00e9caniques. Les bo\u00eetes de vitesses se composent d&rsquo;une s\u00e9rie d&rsquo;engrenages et d&rsquo;arbres et sont g\u00e9n\u00e9ralement constitu\u00e9es de mat\u00e9riaux m\u00e9talliques. Ses domaines d&rsquo;utilisation sont tr\u00e8s larges et il peut \u00eatre utilis\u00e9 dans les machines et \u00e9quipements industriels, les v\u00e9hicules, les appareils \u00e9lectrom\u00e9nagers et m\u00eame certains jouets.<\/p>\n<p>Il offre une facilit\u00e9 de mouvement de 80 % dans les syst\u00e8mes avec une rotation de 90\u00b0 dans les vannes \u00e0 boisseau sph\u00e9rique, papillon et \u00e0 boisseau. Il est recommand\u00e9 de l&rsquo;utiliser en particulier dans les tailles DN150 \u2013 DN300. Il est obligatoire d&rsquo;utiliser dans des diam\u00e8tres de DN350 et plus.<\/p>\n<h2><span class=\"ez-toc-section\" id=\"Ou_la_boite_de_vitesses_avec_bras_de_separation_est-elle_utilisee\"><\/span><span style=\"font-size: 22px;\">O\u00f9 la bo\u00eete de vitesses avec bras de s\u00e9paration est-elle utilis\u00e9e ?<\/span><span class=\"ez-toc-section-end\"><\/span><\/h2>\n<p>Les r\u00e9ducteurs m\u00e9caniques quart de tour Unox conviennent \u00e0 une utilisation dans les applications industrielles g\u00e9n\u00e9rales, les processus chimiques, les syst\u00e8mes de CVC et d&rsquo;irrigation. Il peut \u00eatre utilis\u00e9 dans une tr\u00e8s large gamme et est utilis\u00e9 dans de nombreuses applications industrielles et commerciales diff\u00e9rentes. Par exemple:<\/p>\n<ul>\n<li>Il est utilis\u00e9 pour r\u00e9guler les conditions de travail et les charges des machines et \u00e9quipements industriels. Par exemple, dans un syst\u00e8me de grue, il est utilis\u00e9 pour convertir la puissance renvoy\u00e9e par le moteur en vitesse et en couple qui d\u00e9placeront la grue.<\/li>\n<li>Il est utilis\u00e9 pour r\u00e9guler les puissances des moteurs qui aident les v\u00e9hicules \u00e0 se d\u00e9placer. Par exemple, il est utilis\u00e9 pour convertir la puissance renvoy\u00e9e par le moteur qui d\u00e9place les roues arri\u00e8re d&rsquo;une voiture en la vitesse et le couple auxquels les roues peuvent se d\u00e9placer.<\/li>\n<li>Il est \u00e9galement utilis\u00e9 pour r\u00e9guler les conditions de travail et les charges des appareils \u00e9lectrom\u00e9nagers. Par exemple, il est utilis\u00e9 pour convertir la puissance renvoy\u00e9e par le moteur d&rsquo;un aspirateur en la vitesse et le couple auxquels l&rsquo;aspirateur peut se d\u00e9placer.<\/li>\n<\/ul>\n<p>Ces exemples ne montrent que quelques utilisations, mais en r\u00e9alit\u00e9 il y en a beaucoup plus.<\/p>\n<h2><span class=\"ez-toc-section\" id=\"Caracteristiques_du_Produit\"><\/span><span style=\"font-size: 22px;\">Caract\u00e9ristiques du Produit<\/span><span class=\"ez-toc-section-end\"><\/span><\/h2>\n<ul>\n<li><strong>Corps<\/strong> : Fonte GG25<\/li>\n<li><strong>Connexions<\/strong> : ISO 5211<\/li>\n<\/ul>\n","protected":false},"excerpt":{"rendered":"<p><a href=\"https:\/\/unox.com.tr\/wp-content\/uploads\/2023\/01\/Ayirma-Kollu-Reduktor.pdf\" target=\"_blank\" rel=\"noopener\"><button style=\"background-color: #11224b; color: #ffffff; padding: 10px 15px; font-family: montserrat; font-weight: bold; font-size: 19px; border-radius: 10px;\"><img decoding=\"async\" style=\"width: 25px; height: 25px;\" src=\"https:\/\/unox.com.tr\/wp-content\/uploads\/2023\/02\/pdf-1.png\">CATALOGUE DES PRODUITS<\/button><\/a><\/p>\n<p><button style=\"background-color: #11224b; margin-top: 5px; color: white; padding: 0px 15px; width: 150px; height: 55px; border-radius: 10px; border: none; cursor: pointer;\"><br \/>\n<img decoding=\"async\" style=\"width: 120px; height: 30px;\" src=\"https:\/\/unox.com.tr\/wp-content\/uploads\/2023\/02\/4-1.svg\"><\/button><\/p>\n","protected":false},"featured_media":31054,"comment_status":"open","ping_status":"closed","template":"","meta":[],"product_brand":[],"product_cat":[1593,1138],"product_tag":[],"class_list":{"0":"post-34441","1":"product","2":"type-product","3":"status-publish","4":"has-post-thumbnail","6":"product_cat-boites-de-vitesses","7":"product_cat-groupe-de-vanne","9":"first","10":"instock","11":"shipping-taxable","12":"product-type-simple"},"_links":{"self":[{"href":"https:\/\/unox.com.tr\/fr\/wp-json\/wp\/v2\/product\/34441","targetHints":{"allow":["GET"]}}],"collection":[{"href":"https:\/\/unox.com.tr\/fr\/wp-json\/wp\/v2\/product"}],"about":[{"href":"https:\/\/unox.com.tr\/fr\/wp-json\/wp\/v2\/types\/product"}],"replies":[{"embeddable":true,"href":"https:\/\/unox.com.tr\/fr\/wp-json\/wp\/v2\/comments?post=34441"}],"version-history":[{"count":0,"href":"https:\/\/unox.com.tr\/fr\/wp-json\/wp\/v2\/product\/34441\/revisions"}],"wp:featuredmedia":[{"embeddable":true,"href":"https:\/\/unox.com.tr\/fr\/wp-json\/wp\/v2\/media\/31054"}],"wp:attachment":[{"href":"https:\/\/unox.com.tr\/fr\/wp-json\/wp\/v2\/media?parent=34441"}],"wp:term":[{"taxonomy":"product_brand","embeddable":true,"href":"https:\/\/unox.com.tr\/fr\/wp-json\/wp\/v2\/product_brand?post=34441"},{"taxonomy":"product_cat","embeddable":true,"href":"https:\/\/unox.com.tr\/fr\/wp-json\/wp\/v2\/product_cat?post=34441"},{"taxonomy":"product_tag","embeddable":true,"href":"https:\/\/unox.com.tr\/fr\/wp-json\/wp\/v2\/product_tag?post=34441"}],"curies":[{"name":"wp","href":"https:\/\/api.w.org\/{rel}","templated":true}]}}