{"id":34489,"date":"2022-10-24T14:44:32","date_gmt":"2022-10-24T14:44:32","guid":{"rendered":"https:\/\/www.unox.com.tr\/urun\/joint-de-dilatation-a-soufflet-metallique-bride-pivotante-coudee-60-mm\/"},"modified":"2023-05-11T11:50:21","modified_gmt":"2023-05-11T08:50:21","slug":"60mm-metal-protege-compensateur","status":"publish","type":"product","link":"https:\/\/unox.com.tr\/fr\/60mm-metal-protege-compensateur\/","title":{"rendered":"Joint de Dilatation \u00e0 Soufflet M\u00e9tallique (Bride Pivotante, Coud\u00e9e, 60 mm)"},"content":{"rendered":"<div id=\"ez-toc-container\" class=\"ez-toc-v2_0_82_2 counter-hierarchy ez-toc-counter ez-toc-grey ez-toc-container-direction\">\n<div class=\"ez-toc-title-container\">\n<p class=\"ez-toc-title\" style=\"cursor:inherit\">Sayfa \u0130\u00e7eri\u011fi<\/p>\n<span class=\"ez-toc-title-toggle\"><a href=\"#\" class=\"ez-toc-pull-right ez-toc-btn ez-toc-btn-xs ez-toc-btn-default ez-toc-toggle\" aria-label=\"Toggle Table of Content\"><span class=\"ez-toc-js-icon-con\"><span class=\"\"><span class=\"eztoc-hide\" style=\"display:none;\">Toggle<\/span><span class=\"ez-toc-icon-toggle-span\"><svg style=\"fill: #999;color:#999\" xmlns=\"http:\/\/www.w3.org\/2000\/svg\" class=\"list-377408\" width=\"20px\" height=\"20px\" viewBox=\"0 0 24 24\" fill=\"none\"><path d=\"M6 6H4v2h2V6zm14 0H8v2h12V6zM4 11h2v2H4v-2zm16 0H8v2h12v-2zM4 16h2v2H4v-2zm16 0H8v2h12v-2z\" fill=\"currentColor\"><\/path><\/svg><svg style=\"fill: #999;color:#999\" class=\"arrow-unsorted-368013\" xmlns=\"http:\/\/www.w3.org\/2000\/svg\" width=\"10px\" height=\"10px\" viewBox=\"0 0 24 24\" version=\"1.2\" baseProfile=\"tiny\"><path d=\"M18.2 9.3l-6.2-6.3-6.2 6.3c-.2.2-.3.4-.3.7s.1.5.3.7c.2.2.4.3.7.3h11c.3 0 .5-.1.7-.3.2-.2.3-.5.3-.7s-.1-.5-.3-.7zM5.8 14.7l6.2 6.3 6.2-6.3c.2-.2.3-.5.3-.7s-.1-.5-.3-.7c-.2-.2-.4-.3-.7-.3h-11c-.3 0-.5.1-.7.3-.2.2-.3.5-.3.7s.1.5.3.7z\"\/><\/svg><\/span><\/span><\/span><\/a><\/span><\/div>\n<nav><ul class='ez-toc-list ez-toc-list-level-1 ' ><li class='ez-toc-page-1 ez-toc-heading-level-2'><a class=\"ez-toc-link ez-toc-heading-1\" href=\"https:\/\/unox.com.tr\/fr\/60mm-metal-protege-compensateur\/#Quest-ce_quun_compensateur_a_soufflet_metallique\" >Qu&rsquo;est-ce qu&rsquo;un compensateur \u00e0 soufflet m\u00e9tallique ?<\/a><\/li><li class='ez-toc-page-1 ez-toc-heading-level-2'><a class=\"ez-toc-link ez-toc-heading-2\" href=\"https:\/\/unox.com.tr\/fr\/60mm-metal-protege-compensateur\/#Caracteristiques_du_Produit\" >Caract\u00e9ristiques du Produit<\/a><\/li><li class='ez-toc-page-1 ez-toc-heading-level-2'><a class=\"ez-toc-link ez-toc-heading-3\" href=\"https:\/\/unox.com.tr\/fr\/60mm-metal-protege-compensateur\/#Caracteristiques_Generales\" >Caract\u00e9ristiques G\u00e9n\u00e9rales<\/a><\/li><li class='ez-toc-page-1 ez-toc-heading-level-2'><a class=\"ez-toc-link ez-toc-heading-4\" href=\"https:\/\/unox.com.tr\/fr\/60mm-metal-protege-compensateur\/#Champ_dapplication\" >Champ d&rsquo;application<\/a><\/li><\/ul><\/nav><\/div>\n<h2><span class=\"ez-toc-section\" id=\"Quest-ce_quun_compensateur_a_soufflet_metallique\"><\/span><span style=\"font-size: 22px;\">Qu&rsquo;est-ce qu&rsquo;un compensateur \u00e0 soufflet m\u00e9tallique ?<\/span><span class=\"ez-toc-section-end\"><\/span><\/h2>\n<p>Les vibrations, le bruit et les d\u00e9salignements caus\u00e9s par divers facteurs, qui constituent les principaux probl\u00e8mes de l&rsquo;installation, rev\u00eatent une grande importance. Nous proposons \u00e0 nos clients nos compensateurs, que nous avons d\u00e9velopp\u00e9s comme la solution la plus courante \u00e0 ces probl\u00e8mes. <strong>Joints de dilatation \u00e0 soufflet m\u00e9tallique<\/strong> ; Il absorbe les vibrations et le bruit au niveau maximum et \u00e9limine les d\u00e9calages d&rsquo;axes. En raison de leur structure, ils peuvent \u00eatre utilis\u00e9s \u00e0 des pressions d&rsquo;\u00e9clatement sup\u00e9rieures \u00e0 40 kg\/cm2 et \u00e0 des pressions internes normales \u00e0 des valeurs de 10 kg\/cm2.Gr\u00e2ce \u00e0 sa capacit\u00e9 \u00e0 r\u00e9sister \u00e0 un vide de 700 mm hg, il est absolument utilis\u00e9 dans les syst\u00e8mes de pompe d&rsquo;aspiration-refoulement . Ils donnent \u00e9galement des r\u00e9sultats de premier ordre en mati\u00e8re de r\u00e9sistance \u00e0 la chaleur. Les lignes de chauffage et de refroidissement, en plus de l&rsquo;isolation phonique des refroidisseurs devant la pompe et derri\u00e8re la pompe, minimisent les vibrations qui se produisent pendant le fonctionnement sur la ligne.<\/p>\n<h2><span class=\"ez-toc-section\" id=\"Caracteristiques_du_Produit\"><\/span><span style=\"font-size: 22px;\">Caract\u00e9ristiques du Produit<\/span><span class=\"ez-toc-section-end\"><\/span><\/h2>\n<ul>\n<li><strong>Soufflets<\/strong> : Acier Inoxydable AISI 304<\/li>\n<li><strong>Bride<\/strong> : Acier au Carbone ST37.2<\/li>\n<li><strong>Doublure<\/strong> : Acier Inoxydable AISI 304<\/li>\n<li><strong>Max. Pression de Service : <\/strong> 16 Bar<\/li>\n<li><strong>Max. Temp\u00e9rature de Fonctionnement : <\/strong> -80 \/ +425 \u00b0C<\/li>\n<li><strong>Classe de Pression de Bride<\/strong> : PN10 \/ PN16<\/li>\n<\/ul>\n<h2><span class=\"ez-toc-section\" id=\"Caracteristiques_Generales\"><\/span><span style=\"font-size: 22px;\">Caract\u00e9ristiques G\u00e9n\u00e9rales<\/span><span class=\"ez-toc-section-end\"><\/span><\/h2>\n<ul>\n<li>Ils \u00e9quilibrent l&rsquo;\u00e9tat d&rsquo;allongement-raccourcissement r\u00e9sultant du changement de temp\u00e9rature, \u00e9quilibrant ainsi le mouvement lat\u00e9ral et angulaire.<\/li>\n<li>Ils absorbent les coups de b\u00e9lier et emp\u00eachent les coups de b\u00e9lier.<\/li>\n<li>Il a une structure de type rotatif \u00e0 bride, de sorte qu&rsquo;ils sont faciles \u00e0 assembler.<\/li>\n<li>Aucun joint ou emballage n&rsquo;est requis.<\/li>\n<li>Il existe deux options de produit diff\u00e9rentes, avec doublure et sans doublure.<\/li>\n<\/ul>\n<h2><span class=\"ez-toc-section\" id=\"Champ_dapplication\"><\/span><span style=\"font-size: 22px;\">Champ d&rsquo;application<\/span><span class=\"ez-toc-section-end\"><\/span><\/h2>\n<ul>\n<li>Refroidisseurs<\/li>\n<li>Pompes<\/li>\n<li>Compresseurs d&rsquo;air<\/li>\n<li>Syst\u00e8mes de Ventilation<\/li>\n<li>Ventilateurs<\/li>\n<li>Tours de Refroidissement<\/li>\n<li>Centrales Thermiques<\/li>\n<li>Syst\u00e8mes de Barrage<\/li>\n<li>Centrales \u00e9lectriques<\/li>\n<li>Champs de fer et d&rsquo;acier<\/li>\n<li>Zones chantier naval-navire<\/li>\n<li>Papier-animal de compagnie vs. zones de recyclage<\/li>\n<\/ul>\n","protected":false},"excerpt":{"rendered":"<p><a href=\"https:\/\/unox.com.tr\/wp-content\/uploads\/2023\/01\/Metal-Koruklu-Doner-Flansli-Laynerli-Kompansator60mm-.pdf\" target=\"_blank\" rel=\"noopener\"><button style=\"background-color: #11224b; color: #ffffff; padding: 10px 15px; font-family: montserrat; font-weight: bold; font-size: 19px; border-radius: 10px;\"><img decoding=\"async\" style=\"width: 25px; height: 25px;\" src=\"https:\/\/unox.com.tr\/wp-content\/uploads\/2023\/02\/pdf-1.png\">CATALOGUE DES PRODUITS<\/button><\/a><\/p>\n<p><button style=\"background-color: #11224b; margin-top: 5px; color: white; padding: 0px 15px; width: 150px; height: 55px; border-radius: 10px; border: none; cursor: pointer;\"><br \/>\n<img decoding=\"async\" style=\"width: 120px; height: 30px;\" src=\"https:\/\/unox.com.tr\/wp-content\/uploads\/2023\/02\/4-1.svg\"><\/button><\/p>\n","protected":false},"featured_media":69280,"comment_status":"closed","ping_status":"closed","template":"","meta":{"_joinchat":[]},"product_brand":[],"product_cat":[1042,1031],"product_tag":[],"class_list":{"0":"post-34489","1":"product","2":"type-product","3":"status-publish","4":"has-post-thumbnail","6":"product_cat-compensateurs","7":"product_cat-compensateur-et-tuyaux","9":"first","10":"instock","11":"shipping-taxable","12":"product-type-simple"},"_links":{"self":[{"href":"https:\/\/unox.com.tr\/fr\/wp-json\/wp\/v2\/product\/34489","targetHints":{"allow":["GET"]}}],"collection":[{"href":"https:\/\/unox.com.tr\/fr\/wp-json\/wp\/v2\/product"}],"about":[{"href":"https:\/\/unox.com.tr\/fr\/wp-json\/wp\/v2\/types\/product"}],"replies":[{"embeddable":true,"href":"https:\/\/unox.com.tr\/fr\/wp-json\/wp\/v2\/comments?post=34489"}],"version-history":[{"count":0,"href":"https:\/\/unox.com.tr\/fr\/wp-json\/wp\/v2\/product\/34489\/revisions"}],"wp:featuredmedia":[{"embeddable":true,"href":"https:\/\/unox.com.tr\/fr\/wp-json\/wp\/v2\/media\/69280"}],"wp:attachment":[{"href":"https:\/\/unox.com.tr\/fr\/wp-json\/wp\/v2\/media?parent=34489"}],"wp:term":[{"taxonomy":"product_brand","embeddable":true,"href":"https:\/\/unox.com.tr\/fr\/wp-json\/wp\/v2\/product_brand?post=34489"},{"taxonomy":"product_cat","embeddable":true,"href":"https:\/\/unox.com.tr\/fr\/wp-json\/wp\/v2\/product_cat?post=34489"},{"taxonomy":"product_tag","embeddable":true,"href":"https:\/\/unox.com.tr\/fr\/wp-json\/wp\/v2\/product_tag?post=34489"}],"curies":[{"name":"wp","href":"https:\/\/api.w.org\/{rel}","templated":true}]}}