{"id":34518,"date":"2021-12-23T08:33:54","date_gmt":"2021-12-23T05:33:54","guid":{"rendered":"https:\/\/www.unox.com.tr\/urun\/vannes-papillon-tracables\/"},"modified":"2023-05-11T16:18:31","modified_gmt":"2023-05-11T13:18:31","slug":"tracable-butterfly-vanes","status":"publish","type":"product","link":"https:\/\/unox.com.tr\/fr\/tracable-butterfly-vanes\/","title":{"rendered":"Vannes Papillon Tra\u00e7ables"},"content":{"rendered":"<div id=\"ez-toc-container\" class=\"ez-toc-v2_0_82_2 counter-hierarchy ez-toc-counter ez-toc-grey ez-toc-container-direction\">\n<div class=\"ez-toc-title-container\">\n<p class=\"ez-toc-title\" style=\"cursor:inherit\">Sayfa \u0130\u00e7eri\u011fi<\/p>\n<span class=\"ez-toc-title-toggle\"><a href=\"#\" class=\"ez-toc-pull-right ez-toc-btn ez-toc-btn-xs ez-toc-btn-default ez-toc-toggle\" aria-label=\"Toggle Table of Content\"><span class=\"ez-toc-js-icon-con\"><span class=\"\"><span class=\"eztoc-hide\" style=\"display:none;\">Toggle<\/span><span class=\"ez-toc-icon-toggle-span\"><svg style=\"fill: #999;color:#999\" xmlns=\"http:\/\/www.w3.org\/2000\/svg\" class=\"list-377408\" width=\"20px\" height=\"20px\" viewBox=\"0 0 24 24\" fill=\"none\"><path d=\"M6 6H4v2h2V6zm14 0H8v2h12V6zM4 11h2v2H4v-2zm16 0H8v2h12v-2zM4 16h2v2H4v-2zm16 0H8v2h12v-2z\" fill=\"currentColor\"><\/path><\/svg><svg style=\"fill: #999;color:#999\" class=\"arrow-unsorted-368013\" xmlns=\"http:\/\/www.w3.org\/2000\/svg\" width=\"10px\" height=\"10px\" viewBox=\"0 0 24 24\" version=\"1.2\" baseProfile=\"tiny\"><path d=\"M18.2 9.3l-6.2-6.3-6.2 6.3c-.2.2-.3.4-.3.7s.1.5.3.7c.2.2.4.3.7.3h11c.3 0 .5-.1.7-.3.2-.2.3-.5.3-.7s-.1-.5-.3-.7zM5.8 14.7l6.2 6.3 6.2-6.3c.2-.2.3-.5.3-.7s-.1-.5-.3-.7c-.2-.2-.4-.3-.7-.3h-11c-.3 0-.5.1-.7.3-.2.2-.3.5-.3.7s.1.5.3.7z\"\/><\/svg><\/span><\/span><\/span><\/a><\/span><\/div>\n<nav><ul class='ez-toc-list ez-toc-list-level-1 ' ><li class='ez-toc-page-1 ez-toc-heading-level-2'><a class=\"ez-toc-link ez-toc-heading-1\" href=\"https:\/\/unox.com.tr\/fr\/tracable-butterfly-vanes\/#Quest-ce_quune_vanne_papillon_tracable\" >Qu&rsquo;est-ce qu&rsquo;une vanne papillon tra\u00e7able ?<\/a><\/li><li class='ez-toc-page-1 ez-toc-heading-level-2'><a class=\"ez-toc-link ez-toc-heading-2\" href=\"https:\/\/unox.com.tr\/fr\/tracable-butterfly-vanes\/#Quest-ce_quune_vanne_de_regulation\" >Qu&rsquo;est-ce qu&rsquo;une vanne de r\u00e9gulation ?<\/a><\/li><\/ul><\/nav><\/div>\n<h2><span class=\"ez-toc-section\" id=\"Quest-ce_quune_vanne_papillon_tracable\"><\/span><span style=\"vertical-align: inherit; font-size: 22px;\"><span style=\"vertical-align: inherit;\">Qu&rsquo;est-ce qu&rsquo;une vanne papillon tra\u00e7able ?<\/span><\/span><span class=\"ez-toc-section-end\"><\/span><\/h2>\n<p>Vannes papillon tra\u00e7ables ; Ce sont des vannes papillon con\u00e7ues pour \u00eatre utilis\u00e9es comme vanne de r\u00e9gulation r\u00e9gionale et utilis\u00e9es pour s\u00e9parer une section de l&rsquo;autre. \u00c9tant donn\u00e9 que la position des vannes utilis\u00e9es dans les syst\u00e8mes d&rsquo;incendie doit \u00eatre visible et tra\u00e7able ; Il transmet le mouvement donn\u00e9 par la vanne avec la bo\u00eete de vitesses coupl\u00e9e \u00e0 l&rsquo;arbre. Ainsi, c&rsquo;est notre produit con\u00e7u pour que vous puissiez le voir facilement sur l&rsquo;automatisme et sur la vanne avec son contact sec, qui donne les informations de position ouverte et ferm\u00e9e. Il convient \u00e0 une utilisation int\u00e9rieure et ext\u00e9rieure.<\/p>\n<p>Ses avantages par rapport aux autres vannes de r\u00e9gulation et d&rsquo;arr\u00eat sont qu&rsquo;elle prend moins de place, a une bonne \u00e9tanch\u00e9it\u00e9 et est plus \u00e9conomique. La perte de pression est sup\u00e9rieure \u00e0 celle des autres vannes de r\u00e9gulation et d&rsquo;arr\u00eat.<\/p>\n<h2><span class=\"ez-toc-section\" id=\"Quest-ce_quune_vanne_de_regulation\"><\/span><span style=\"font-size: 22px;\">Qu&rsquo;est-ce qu&rsquo;une vanne de r\u00e9gulation ?<\/span><span class=\"ez-toc-section-end\"><\/span><\/h2>\n<p>Soupape de commande; Vanne utilis\u00e9e pour contr\u00f4ler le fluide en modifiant la taille du passage d&rsquo;\u00e9coulement selon les instructions d&rsquo;un signal provenant d&rsquo;un contr\u00f4leur. Les vannes de r\u00e9gulation assurent le contr\u00f4le de la pression, de la temp\u00e9rature, du d\u00e9bit et du niveau dans tous les processus o\u00f9 du fluide est pr\u00e9sent. Les vannes de r\u00e9gulation sont utilis\u00e9es pour l&rsquo;eau froide, l&rsquo;eau chaude, la vapeur, l&rsquo;eau surchauff\u00e9e, la vapeur et le gaz, etc. produits par la consommation d&rsquo;\u00e9nergie dans les entreprises. Il garantit que les fluides peuvent \u00eatre transport\u00e9s et contr\u00f4l\u00e9s sans aucune perte. <\/p>\n<p>&nbsp;<\/p>\n<p>&nbsp;<\/p>\n","protected":false},"excerpt":{"rendered":"<p><button style=\"background-color: #11224b; color: #ffffff; padding: 10px 15px; font-family: montserrat; font-weight: bold; font-size: 19px; border-radius: 10px;\"><img decoding=\"async\" style=\"width: 25px; height: 25px;\" src=\"https:\/\/unox.com.tr\/wp-content\/uploads\/2023\/02\/pdf-1.png\">CATALOGUE DES PRODUITS<\/button><\/p>\n<p><button style=\"background-color: #11224b; margin-top: 5px; color: white; padding: 0px 15px; width: 150px; height: 55px; border-radius: 10px; border: none; cursor: pointer;\"><br \/>\n<img decoding=\"async\" style=\"width: 120px; height: 30px;\" src=\"https:\/\/unox.com.tr\/wp-content\/uploads\/2023\/02\/4-1.svg\"><\/button><\/p>\n","protected":false},"featured_media":29629,"comment_status":"open","ping_status":"closed","template":"","meta":{"_joinchat":[]},"product_brand":[],"product_cat":[1192],"product_tag":[],"class_list":{"0":"post-34518","1":"product","2":"type-product","3":"status-publish","4":"has-post-thumbnail","6":"product_cat-vannes-de-controle-pour-groupes-dincendie","8":"first","9":"instock","10":"shipping-taxable","11":"product-type-simple"},"_links":{"self":[{"href":"https:\/\/unox.com.tr\/fr\/wp-json\/wp\/v2\/product\/34518","targetHints":{"allow":["GET"]}}],"collection":[{"href":"https:\/\/unox.com.tr\/fr\/wp-json\/wp\/v2\/product"}],"about":[{"href":"https:\/\/unox.com.tr\/fr\/wp-json\/wp\/v2\/types\/product"}],"replies":[{"embeddable":true,"href":"https:\/\/unox.com.tr\/fr\/wp-json\/wp\/v2\/comments?post=34518"}],"version-history":[{"count":0,"href":"https:\/\/unox.com.tr\/fr\/wp-json\/wp\/v2\/product\/34518\/revisions"}],"wp:featuredmedia":[{"embeddable":true,"href":"https:\/\/unox.com.tr\/fr\/wp-json\/wp\/v2\/media\/29629"}],"wp:attachment":[{"href":"https:\/\/unox.com.tr\/fr\/wp-json\/wp\/v2\/media?parent=34518"}],"wp:term":[{"taxonomy":"product_brand","embeddable":true,"href":"https:\/\/unox.com.tr\/fr\/wp-json\/wp\/v2\/product_brand?post=34518"},{"taxonomy":"product_cat","embeddable":true,"href":"https:\/\/unox.com.tr\/fr\/wp-json\/wp\/v2\/product_cat?post=34518"},{"taxonomy":"product_tag","embeddable":true,"href":"https:\/\/unox.com.tr\/fr\/wp-json\/wp\/v2\/product_tag?post=34518"}],"curies":[{"name":"wp","href":"https:\/\/api.w.org\/{rel}","templated":true}]}}