{"id":34538,"date":"2021-12-23T08:06:19","date_gmt":"2021-12-23T05:06:19","guid":{"rendered":"https:\/\/www.unox.com.tr\/urun\/vanne-deluge-de-type-sec\/"},"modified":"2024-03-19T23:32:03","modified_gmt":"2024-03-19T20:32:03","slug":"soupape-de-type-dry-deluge","status":"publish","type":"product","link":"https:\/\/unox.com.tr\/fr\/soupape-de-type-dry-deluge\/","title":{"rendered":"Vanne D\u00e9luge de Type Sec"},"content":{"rendered":"<div id=\"ez-toc-container\" class=\"ez-toc-v2_0_82_2 counter-hierarchy ez-toc-counter ez-toc-grey ez-toc-container-direction\">\n<div class=\"ez-toc-title-container\">\n<p class=\"ez-toc-title\" style=\"cursor:inherit\">Sayfa \u0130\u00e7eri\u011fi<\/p>\n<span class=\"ez-toc-title-toggle\"><a href=\"#\" class=\"ez-toc-pull-right ez-toc-btn ez-toc-btn-xs ez-toc-btn-default ez-toc-toggle\" aria-label=\"Toggle Table of Content\"><span class=\"ez-toc-js-icon-con\"><span class=\"\"><span class=\"eztoc-hide\" style=\"display:none;\">Toggle<\/span><span class=\"ez-toc-icon-toggle-span\"><svg style=\"fill: #999;color:#999\" xmlns=\"http:\/\/www.w3.org\/2000\/svg\" class=\"list-377408\" width=\"20px\" height=\"20px\" viewBox=\"0 0 24 24\" fill=\"none\"><path d=\"M6 6H4v2h2V6zm14 0H8v2h12V6zM4 11h2v2H4v-2zm16 0H8v2h12v-2zM4 16h2v2H4v-2zm16 0H8v2h12v-2z\" fill=\"currentColor\"><\/path><\/svg><svg style=\"fill: #999;color:#999\" class=\"arrow-unsorted-368013\" xmlns=\"http:\/\/www.w3.org\/2000\/svg\" width=\"10px\" height=\"10px\" viewBox=\"0 0 24 24\" version=\"1.2\" baseProfile=\"tiny\"><path d=\"M18.2 9.3l-6.2-6.3-6.2 6.3c-.2.2-.3.4-.3.7s.1.5.3.7c.2.2.4.3.7.3h11c.3 0 .5-.1.7-.3.2-.2.3-.5.3-.7s-.1-.5-.3-.7zM5.8 14.7l6.2 6.3 6.2-6.3c.2-.2.3-.5.3-.7s-.1-.5-.3-.7c-.2-.2-.4-.3-.7-.3h-11c-.3 0-.5.1-.7.3-.2.2-.3.5-.3.7s.1.5.3.7z\"\/><\/svg><\/span><\/span><\/span><\/a><\/span><\/div>\n<nav><ul class='ez-toc-list ez-toc-list-level-1 ' ><li class='ez-toc-page-1 ez-toc-heading-level-2'><a class=\"ez-toc-link ez-toc-heading-1\" href=\"https:\/\/unox.com.tr\/fr\/soupape-de-type-dry-deluge\/#Quest-ce_quune_vanne_deluge_de_type_sec\" >Qu&rsquo;est-ce qu&rsquo;une vanne d\u00e9luge de type sec ?<\/a><\/li><li class='ez-toc-page-1 ez-toc-heading-level-2'><a class=\"ez-toc-link ez-toc-heading-2\" href=\"https:\/\/unox.com.tr\/fr\/soupape-de-type-dry-deluge\/#Comment_fonctionne_une_vanne_deluge_de_type_sec\" >Comment fonctionne une vanne d\u00e9luge de type sec ?<\/a><\/li><\/ul><\/nav><\/div>\n<h2><span class=\"ez-toc-section\" id=\"Quest-ce_quune_vanne_deluge_de_type_sec\"><\/span><span style=\"font-size: 22px;\">Qu&rsquo;est-ce qu&rsquo;une vanne d\u00e9luge de type sec ?<\/span><span class=\"ez-toc-section-end\"><\/span><\/h2>\n<p>La vanne d\u00e9luge de type sec est une sorte de syst\u00e8me de protection contre les incendies utilis\u00e9 pour lib\u00e9rer une grande quantit\u00e9 d&rsquo;eau ou d&rsquo;autres agents extincteurs en cas d&rsquo;incendie. Les syst\u00e8mes Raid sont con\u00e7us pour \u00eatre activ\u00e9s par une alarme incendie ou un autre syst\u00e8me de d\u00e9tection et sont g\u00e9n\u00e9ralement utilis\u00e9s dans les zones o\u00f9 il existe un risque \u00e9lev\u00e9 d&rsquo;incendie ou o\u00f9 une r\u00e9ponse rapide est essentielle pour emp\u00eacher la propagation du feu.<\/p>\n<p>Il est g\u00e9n\u00e9ralement utilis\u00e9 en conjonction avec un syst\u00e8me de gicleurs raid, qui est un r\u00e9seau de tuyaux et de t\u00eates de gicleurs install\u00e9s dans un b\u00e2timent ou une autre structure. Lorsque la vanne d\u00e9luge est activ\u00e9e, elle ouvre une s\u00e9rie de vannes qui permettent \u00e0 l&rsquo;eau ou \u00e0 un autre agent extincteur de s&rsquo;\u00e9couler des tuyaux et des t\u00eates de gicleurs, cr\u00e9ant une \u00ab inondation \u00bb d&rsquo;eau ou d&rsquo;une autre substance qui peut aider \u00e0 \u00e9teindre le feu.<\/p>\n<h2><span class=\"ez-toc-section\" id=\"Comment_fonctionne_une_vanne_deluge_de_type_sec\"><\/span><span style=\"font-size: 22px;\">Comment fonctionne une vanne d\u00e9luge de type sec ?<\/span><span class=\"ez-toc-section-end\"><\/span><\/h2>\n<p>Les vannes d\u00e9luge de type sec sont dites \u00ab\u00a0s\u00e8ches\u00a0\u00bb car elles ne contiennent ni eau ni aucune autre substance en position ferm\u00e9e. Cela leur permet d&rsquo;\u00eatre install\u00e9s dans des zones o\u00f9 l&rsquo;humidit\u00e9 ou les temp\u00e9ratures glaciales peuvent causer des probl\u00e8mes, comme des b\u00e2timents non chauff\u00e9s ou \u00e0 l&rsquo;ext\u00e9rieur. Lorsque la vanne d\u00e9luge est activ\u00e9e, elle est g\u00e9n\u00e9ralement connect\u00e9e \u00e0 une source d&rsquo;eau ou \u00e0 une autre source d&rsquo;agent extincteur qui est ensuite lib\u00e9r\u00e9e par le syst\u00e8me de gicleurs.<\/p>\n<p>Vannes d\u00e9luge de type sec ; Il est con\u00e7u pour \u00eatre utilis\u00e9 dans des syst\u00e8mes de tuyauterie s\u00e8che o\u00f9 il y a un risque de gel. Il fonctionne enti\u00e8rement hydrauliquement en utilisant la pression du r\u00e9seau. Ainsi, il n&rsquo;a pas besoin d&rsquo;autre \u00e9nergie. Le processus de mise en service et de maintenance dans le syst\u00e8me est tr\u00e8s simple. Il peut \u00eatre mont\u00e9 horizontalement ou verticalement sur le r\u00e9seau.<\/p>\n<p>&nbsp;<\/p>\n<p>&nbsp;<\/p>\n<p>&nbsp;<\/p>\n","protected":false},"excerpt":{"rendered":"<p><button style=\"background-color: #11224b; color: #ffffff; padding: 10px 15px; font-family: montserrat; font-weight: bold; font-size: 19px; border-radius: 10px;\"><img decoding=\"async\" style=\"width: 25px; height: 25px;\" src=\"https:\/\/unox.com.tr\/wp-content\/uploads\/2023\/02\/pdf-1.png\">CATALOGUE DES PRODUITS<\/button><\/p>\n<p><button style=\"background-color: #11224b; margin-top: 5px; color: white; padding: 0px 15px; width: 150px; height: 55px; border-radius: 10px; border: none; cursor: pointer;\"><br \/>\n<img decoding=\"async\" style=\"width: 120px; height: 30px;\" src=\"https:\/\/unox.com.tr\/wp-content\/uploads\/2023\/02\/4-1.svg\"><\/button><\/p>\n","protected":false},"featured_media":37694,"comment_status":"open","ping_status":"closed","template":"","meta":{"_joinchat":[]},"product_brand":[],"product_cat":[1071,1073],"product_tag":[],"class_list":{"0":"post-34538","1":"product","2":"type-product","3":"status-publish","4":"has-post-thumbnail","6":"product_cat-vannes-de-controle","7":"product_cat-vannes-de-controle-hydrauliques","9":"first","10":"instock","11":"shipping-taxable","12":"product-type-simple"},"_links":{"self":[{"href":"https:\/\/unox.com.tr\/fr\/wp-json\/wp\/v2\/product\/34538","targetHints":{"allow":["GET"]}}],"collection":[{"href":"https:\/\/unox.com.tr\/fr\/wp-json\/wp\/v2\/product"}],"about":[{"href":"https:\/\/unox.com.tr\/fr\/wp-json\/wp\/v2\/types\/product"}],"replies":[{"embeddable":true,"href":"https:\/\/unox.com.tr\/fr\/wp-json\/wp\/v2\/comments?post=34538"}],"version-history":[{"count":0,"href":"https:\/\/unox.com.tr\/fr\/wp-json\/wp\/v2\/product\/34538\/revisions"}],"wp:featuredmedia":[{"embeddable":true,"href":"https:\/\/unox.com.tr\/fr\/wp-json\/wp\/v2\/media\/37694"}],"wp:attachment":[{"href":"https:\/\/unox.com.tr\/fr\/wp-json\/wp\/v2\/media?parent=34538"}],"wp:term":[{"taxonomy":"product_brand","embeddable":true,"href":"https:\/\/unox.com.tr\/fr\/wp-json\/wp\/v2\/product_brand?post=34538"},{"taxonomy":"product_cat","embeddable":true,"href":"https:\/\/unox.com.tr\/fr\/wp-json\/wp\/v2\/product_cat?post=34538"},{"taxonomy":"product_tag","embeddable":true,"href":"https:\/\/unox.com.tr\/fr\/wp-json\/wp\/v2\/product_tag?post=34538"}],"curies":[{"name":"wp","href":"https:\/\/api.w.org\/{rel}","templated":true}]}}