{"id":34548,"date":"2021-12-23T08:00:25","date_gmt":"2021-12-23T05:00:25","guid":{"rendered":"https:\/\/www.unox.com.tr\/urun\/vanne-de-regulation-du-debit\/"},"modified":"2023-05-11T16:31:19","modified_gmt":"2023-05-11T13:31:19","slug":"vanne-de-regulation-du-debit","status":"publish","type":"product","link":"https:\/\/unox.com.tr\/fr\/vanne-de-regulation-du-debit\/","title":{"rendered":"Vanne de R\u00e9gulation du D\u00e9bit"},"content":{"rendered":"<div id=\"ez-toc-container\" class=\"ez-toc-v2_0_82_2 counter-hierarchy ez-toc-counter ez-toc-grey ez-toc-container-direction\">\n<div class=\"ez-toc-title-container\">\n<p class=\"ez-toc-title\" style=\"cursor:inherit\">Sayfa \u0130\u00e7eri\u011fi<\/p>\n<span class=\"ez-toc-title-toggle\"><a href=\"#\" class=\"ez-toc-pull-right ez-toc-btn ez-toc-btn-xs ez-toc-btn-default ez-toc-toggle\" aria-label=\"Toggle Table of Content\"><span class=\"ez-toc-js-icon-con\"><span class=\"\"><span class=\"eztoc-hide\" style=\"display:none;\">Toggle<\/span><span class=\"ez-toc-icon-toggle-span\"><svg style=\"fill: #999;color:#999\" xmlns=\"http:\/\/www.w3.org\/2000\/svg\" class=\"list-377408\" width=\"20px\" height=\"20px\" viewBox=\"0 0 24 24\" fill=\"none\"><path d=\"M6 6H4v2h2V6zm14 0H8v2h12V6zM4 11h2v2H4v-2zm16 0H8v2h12v-2zM4 16h2v2H4v-2zm16 0H8v2h12v-2z\" fill=\"currentColor\"><\/path><\/svg><svg style=\"fill: #999;color:#999\" class=\"arrow-unsorted-368013\" xmlns=\"http:\/\/www.w3.org\/2000\/svg\" width=\"10px\" height=\"10px\" viewBox=\"0 0 24 24\" version=\"1.2\" baseProfile=\"tiny\"><path d=\"M18.2 9.3l-6.2-6.3-6.2 6.3c-.2.2-.3.4-.3.7s.1.5.3.7c.2.2.4.3.7.3h11c.3 0 .5-.1.7-.3.2-.2.3-.5.3-.7s-.1-.5-.3-.7zM5.8 14.7l6.2 6.3 6.2-6.3c.2-.2.3-.5.3-.7s-.1-.5-.3-.7c-.2-.2-.4-.3-.7-.3h-11c-.3 0-.5.1-.7.3-.2.2-.3.5-.3.7s.1.5.3.7z\"\/><\/svg><\/span><\/span><\/span><\/a><\/span><\/div>\n<nav><ul class='ez-toc-list ez-toc-list-level-1 ' ><li class='ez-toc-page-1 ez-toc-heading-level-2'><a class=\"ez-toc-link ez-toc-heading-1\" href=\"https:\/\/unox.com.tr\/fr\/vanne-de-regulation-du-debit\/#Quest-ce_quune_vanne_de_regulation_de_debit\" >Qu&rsquo;est-ce qu&rsquo;une vanne de r\u00e9gulation de d\u00e9bit ?<\/a><\/li><li class='ez-toc-page-1 ez-toc-heading-level-2'><a class=\"ez-toc-link ez-toc-heading-2\" href=\"https:\/\/unox.com.tr\/fr\/vanne-de-regulation-du-debit\/#Quest-ce_quune_vanne_de_regulation\" >Qu&rsquo;est-ce qu&rsquo;une vanne de r\u00e9gulation ?<\/a><\/li><li class='ez-toc-page-1 ez-toc-heading-level-2'><a class=\"ez-toc-link ez-toc-heading-3\" href=\"https:\/\/unox.com.tr\/fr\/vanne-de-regulation-du-debit\/#Specifications_techniques\" >Sp\u00e9cifications techniques<\/a><\/li><\/ul><\/nav><\/div>\n<h2><span class=\"ez-toc-section\" id=\"Quest-ce_quune_vanne_de_regulation_de_debit\"><\/span><span style=\"font-size: 22px;\">Qu&rsquo;est-ce qu&rsquo;une vanne de r\u00e9gulation de d\u00e9bit ?<\/span><span class=\"ez-toc-section-end\"><\/span><\/h2>\n<p>Soupape de contr\u00f4le de d\u00e9bit ; Il s&rsquo;agit d&rsquo;une vanne de r\u00e9gulation con\u00e7ue pour contr\u00f4ler le d\u00e9bit \u00e0 travers la vanne. Il n&rsquo;est pas affect\u00e9 par les fluctuations de pression et de d\u00e9bit \u00e0 l&rsquo;entr\u00e9e de la vanne et maintient le d\u00e9bit \u00e0 travers la vanne constant. Il emp\u00eache le gaspillage d&rsquo;eau en emp\u00eachant un d\u00e9bit excessif pendant le processus de lavage \u00e0 contre-courant dans les syst\u00e8mes de filtration. La vanne de r\u00e9gulation de d\u00e9bit comprend g\u00e9n\u00e9ralement un m\u00e9canisme capable de se fermer et de s&rsquo;ouvrir, et ce m\u00e9canisme est utilis\u00e9 pour r\u00e9guler la quantit\u00e9 de d\u00e9bit dans le syst\u00e8me.<\/p>\n<p>La vanne de r\u00e9gulation de d\u00e9bit est utilis\u00e9e dans diverses applications industrielles, telles que la production d&rsquo;\u00e9lectricit\u00e9, le transport de l&rsquo;eau, le refroidissement et le chauffage industriels. La conception et les caract\u00e9ristiques de ces vannes peuvent varier en fonction de leurs domaines d&rsquo;utilisation et elles offrent diverses options. Par exemple, certaines vannes de r\u00e9gulation de d\u00e9bit sont con\u00e7ues pour contr\u00f4ler des d\u00e9bits tr\u00e8s faibles, tandis que d&rsquo;autres sont con\u00e7ues pour r\u00e9guler des d\u00e9bits \u00e9lev\u00e9s.<\/p>\n<h2><span class=\"ez-toc-section\" id=\"Quest-ce_quune_vanne_de_regulation\"><\/span><span style=\"font-size: 22px;\">Qu&rsquo;est-ce qu&rsquo;une vanne de r\u00e9gulation ?<\/span><span class=\"ez-toc-section-end\"><\/span><\/h2>\n<p>Soupape de commande; Vanne utilis\u00e9e pour contr\u00f4ler le fluide en modifiant la taille du passage d&rsquo;\u00e9coulement selon les instructions d&rsquo;un signal provenant d&rsquo;un contr\u00f4leur. Les vannes de r\u00e9gulation assurent le contr\u00f4le de la pression, de la temp\u00e9rature, du d\u00e9bit et du niveau dans tous les processus o\u00f9 du fluide est pr\u00e9sent. Les vannes de r\u00e9gulation sont utilis\u00e9es pour l&rsquo;eau froide, l&rsquo;eau chaude, la vapeur, l&rsquo;eau surchauff\u00e9e, la vapeur et le gaz, etc. produits par la consommation d&rsquo;\u00e9nergie dans les entreprises. Il garantit que les fluides peuvent \u00eatre transport\u00e9s et contr\u00f4l\u00e9s sans aucune perte. <\/p>\n<h2><span class=\"ez-toc-section\" id=\"Specifications_techniques\"><\/span><span style=\"font-size: 22px;\">Sp\u00e9cifications techniques<\/span><span class=\"ez-toc-section-end\"><\/span><\/h2>\n<ul>\n<li>Il fonctionne avec la pression du r\u00e9seau et ne n\u00e9cessite aucune \u00e9nergie suppl\u00e9mentaire.<\/li>\n<li>Le d\u00e9bit souhait\u00e9 pour le syst\u00e8me peut \u00eatre ajust\u00e9 facilement et pr\u00e9cis\u00e9ment.<\/li>\n<li>Il a un processus de maintenance assez facile.<\/li>\n<\/ul>\n","protected":false},"excerpt":{"rendered":"<p><button style=\"background-color: #11224b; color: #ffffff; padding: 10px 15px; font-family: montserrat; font-weight: bold; font-size: 19px; border-radius: 10px;\"><img decoding=\"async\" style=\"width: 25px; height: 25px;\" src=\"https:\/\/unox.com.tr\/wp-content\/uploads\/2023\/02\/pdf-1.png\">CATALOGUE DES PRODUITS<\/button><\/p>\n<p><button style=\"background-color: #11224b; margin-top: 5px; color: white; padding: 0px 15px; width: 150px; height: 55px; border-radius: 10px; border: none; cursor: pointer;\"><br \/>\n<img decoding=\"async\" style=\"width: 120px; height: 30px;\" src=\"https:\/\/unox.com.tr\/wp-content\/uploads\/2023\/02\/4-1.svg\"><\/button><\/p>\n","protected":false},"featured_media":29623,"comment_status":"open","ping_status":"closed","template":"","meta":{"_joinchat":[]},"product_brand":[],"product_cat":[1073],"product_tag":[],"class_list":{"0":"post-34548","1":"product","2":"type-product","3":"status-publish","4":"has-post-thumbnail","6":"product_cat-vannes-de-controle-hydrauliques","8":"first","9":"instock","10":"shipping-taxable","11":"product-type-simple"},"_links":{"self":[{"href":"https:\/\/unox.com.tr\/fr\/wp-json\/wp\/v2\/product\/34548","targetHints":{"allow":["GET"]}}],"collection":[{"href":"https:\/\/unox.com.tr\/fr\/wp-json\/wp\/v2\/product"}],"about":[{"href":"https:\/\/unox.com.tr\/fr\/wp-json\/wp\/v2\/types\/product"}],"replies":[{"embeddable":true,"href":"https:\/\/unox.com.tr\/fr\/wp-json\/wp\/v2\/comments?post=34548"}],"version-history":[{"count":0,"href":"https:\/\/unox.com.tr\/fr\/wp-json\/wp\/v2\/product\/34548\/revisions"}],"wp:featuredmedia":[{"embeddable":true,"href":"https:\/\/unox.com.tr\/fr\/wp-json\/wp\/v2\/media\/29623"}],"wp:attachment":[{"href":"https:\/\/unox.com.tr\/fr\/wp-json\/wp\/v2\/media?parent=34548"}],"wp:term":[{"taxonomy":"product_brand","embeddable":true,"href":"https:\/\/unox.com.tr\/fr\/wp-json\/wp\/v2\/product_brand?post=34548"},{"taxonomy":"product_cat","embeddable":true,"href":"https:\/\/unox.com.tr\/fr\/wp-json\/wp\/v2\/product_cat?post=34548"},{"taxonomy":"product_tag","embeddable":true,"href":"https:\/\/unox.com.tr\/fr\/wp-json\/wp\/v2\/product_tag?post=34548"}],"curies":[{"name":"wp","href":"https:\/\/api.w.org\/{rel}","templated":true}]}}