{"id":34549,"date":"2021-12-23T07:53:34","date_gmt":"2021-12-23T04:53:34","guid":{"rendered":"https:\/\/www.unox.com.tr\/urun\/vanne-de-regulation-stabilisatrice-de-pression\/"},"modified":"2023-05-11T16:34:22","modified_gmt":"2023-05-11T13:34:22","slug":"vanne-de-controle-de-fixation-de-la-pression","status":"publish","type":"product","link":"https:\/\/unox.com.tr\/fr\/vanne-de-controle-de-fixation-de-la-pression\/","title":{"rendered":"Vanne de R\u00e9gulation Stabilisatrice de Pression"},"content":{"rendered":"<div id=\"ez-toc-container\" class=\"ez-toc-v2_0_82_2 counter-hierarchy ez-toc-counter ez-toc-grey ez-toc-container-direction\">\n<div class=\"ez-toc-title-container\">\n<p class=\"ez-toc-title\" style=\"cursor:inherit\">Sayfa \u0130\u00e7eri\u011fi<\/p>\n<span class=\"ez-toc-title-toggle\"><a href=\"#\" class=\"ez-toc-pull-right ez-toc-btn ez-toc-btn-xs ez-toc-btn-default ez-toc-toggle\" aria-label=\"Toggle Table of Content\"><span class=\"ez-toc-js-icon-con\"><span class=\"\"><span class=\"eztoc-hide\" style=\"display:none;\">Toggle<\/span><span class=\"ez-toc-icon-toggle-span\"><svg style=\"fill: #999;color:#999\" xmlns=\"http:\/\/www.w3.org\/2000\/svg\" class=\"list-377408\" width=\"20px\" height=\"20px\" viewBox=\"0 0 24 24\" fill=\"none\"><path d=\"M6 6H4v2h2V6zm14 0H8v2h12V6zM4 11h2v2H4v-2zm16 0H8v2h12v-2zM4 16h2v2H4v-2zm16 0H8v2h12v-2z\" fill=\"currentColor\"><\/path><\/svg><svg style=\"fill: #999;color:#999\" class=\"arrow-unsorted-368013\" xmlns=\"http:\/\/www.w3.org\/2000\/svg\" width=\"10px\" height=\"10px\" viewBox=\"0 0 24 24\" version=\"1.2\" baseProfile=\"tiny\"><path d=\"M18.2 9.3l-6.2-6.3-6.2 6.3c-.2.2-.3.4-.3.7s.1.5.3.7c.2.2.4.3.7.3h11c.3 0 .5-.1.7-.3.2-.2.3-.5.3-.7s-.1-.5-.3-.7zM5.8 14.7l6.2 6.3 6.2-6.3c.2-.2.3-.5.3-.7s-.1-.5-.3-.7c-.2-.2-.4-.3-.7-.3h-11c-.3 0-.5.1-.7.3-.2.2-.3.5-.3.7s.1.5.3.7z\"\/><\/svg><\/span><\/span><\/span><\/a><\/span><\/div>\n<nav><ul class='ez-toc-list ez-toc-list-level-1 ' ><li class='ez-toc-page-1 ez-toc-heading-level-2'><a class=\"ez-toc-link ez-toc-heading-1\" href=\"https:\/\/unox.com.tr\/fr\/vanne-de-controle-de-fixation-de-la-pression\/#Quest-ce_quune_vanne_de_regulation_de_maintien_de_pression\" >Qu&rsquo;est-ce qu&rsquo;une vanne de r\u00e9gulation de maintien de pression ?<\/a><\/li><li class='ez-toc-page-1 ez-toc-heading-level-2'><a class=\"ez-toc-link ez-toc-heading-2\" href=\"https:\/\/unox.com.tr\/fr\/vanne-de-controle-de-fixation-de-la-pression\/#Comment_fonctionne_la_soupape_de_commande_de_maintien_de_pression\" >Comment fonctionne la soupape de commande de maintien de pression ?<\/a><\/li><li class='ez-toc-page-1 ez-toc-heading-level-2'><a class=\"ez-toc-link ez-toc-heading-3\" href=\"https:\/\/unox.com.tr\/fr\/vanne-de-controle-de-fixation-de-la-pression\/#Quest-ce_quune_vanne_de_regulation\" >Qu&rsquo;est-ce qu&rsquo;une vanne de r\u00e9gulation ?<\/a><\/li><li class='ez-toc-page-1 ez-toc-heading-level-2'><a class=\"ez-toc-link ez-toc-heading-4\" href=\"https:\/\/unox.com.tr\/fr\/vanne-de-controle-de-fixation-de-la-pression\/#Specifications_techniques\" >Sp\u00e9cifications techniques<\/a><\/li><\/ul><\/nav><\/div>\n<h2><span class=\"ez-toc-section\" id=\"Quest-ce_quune_vanne_de_regulation_de_maintien_de_pression\"><\/span><span style=\"font-size: 22px;\">Qu&rsquo;est-ce qu&rsquo;une vanne de r\u00e9gulation de maintien de pression ?<\/span><span class=\"ez-toc-section-end\"><\/span><\/h2>\n<p>Une vanne de r\u00e9gulation de maintien de pression est un type de vanne utilis\u00e9e pour maintenir une pression constante en aval dans le syst\u00e8me de tuyauterie. Ces vannes sont couramment utilis\u00e9es dans les syst\u00e8mes o\u00f9 la pression en aval est essentielle au fonctionnement du syst\u00e8me, tels que les syst\u00e8mes de gicleurs d&rsquo;incendie ou les syst\u00e8mes de contr\u00f4le de processus.<\/p>\n<p>Soupape de commande de maintien de pression ; Il est con\u00e7u pour maintenir la pression d&rsquo;entr\u00e9e constante. Lorsque la pression du syst\u00e8me d\u00e9passe la pression de consigne, la vanne s&rsquo;ouvre et garantit que la pression d&rsquo;entr\u00e9e reste constante. Il n&rsquo;est pas affect\u00e9 par les fluctuations de pression et maintient la pression d&rsquo;entr\u00e9e constante. Il est mont\u00e9 \u00e0 la sortie du filtre dans les syst\u00e8mes de filtration et assure un r\u00e9trolavage efficace du syst\u00e8me.<\/p>\n<h2><span class=\"ez-toc-section\" id=\"Comment_fonctionne_la_soupape_de_commande_de_maintien_de_pression\"><\/span><span style=\"font-size: 22px;\">Comment fonctionne la soupape de commande de maintien de pression ?<\/span><span class=\"ez-toc-section-end\"><\/span><\/h2>\n<p>La soupape de commande de maintien de pression fonctionne en r\u00e9gulant le d\u00e9bit de fluide \u00e0 travers la soupape en r\u00e9ponse aux changements de pression en aval. Lorsque la pression en aval tombe en dessous d&rsquo;un certain point de consigne, la vanne s&rsquo;ouvre pour permettre \u00e0 plus de fluide de s&rsquo;\u00e9couler, augmentant la pression en aval. Lorsque la pression aval d\u00e9passe le point de consigne, la vanne se ferme, r\u00e9duisant le d\u00e9bit de fluide et maintenant la pression aval au niveau souhait\u00e9.<\/p>\n<p>Les vannes de r\u00e9gulation de stabilisation de pression sont utilis\u00e9es conjointement avec un r\u00e9gulateur de pression ou une vanne de r\u00e9gulation pour garantir que la pression en aval reste dans une plage sp\u00e9cifi\u00e9e. Ils peuvent \u00eatre contr\u00f4l\u00e9s manuellement ou automatiquement \u00e0 l&rsquo;aide d&rsquo;un syst\u00e8me de contr\u00f4le pour surveiller et ajuster la position de la vanne en fonction des changements de pression en aval.<\/p>\n<h2><span class=\"ez-toc-section\" id=\"Quest-ce_quune_vanne_de_regulation\"><\/span><span style=\"font-size: 22px;\">Qu&rsquo;est-ce qu&rsquo;une vanne de r\u00e9gulation ?<\/span><span class=\"ez-toc-section-end\"><\/span><\/h2>\n<p>Soupape de commande; Vanne utilis\u00e9e pour contr\u00f4ler le fluide en modifiant la taille du passage d&rsquo;\u00e9coulement selon les instructions d&rsquo;un signal provenant d&rsquo;un contr\u00f4leur. Les vannes de r\u00e9gulation assurent le contr\u00f4le de la pression, de la temp\u00e9rature, du d\u00e9bit et du niveau dans tous les processus o\u00f9 du fluide est pr\u00e9sent. Les vannes de r\u00e9gulation sont utilis\u00e9es pour l&rsquo;eau froide, l&rsquo;eau chaude, la vapeur, l&rsquo;eau surchauff\u00e9e, la vapeur et le gaz, etc. produits par la consommation d&rsquo;\u00e9nergie dans les entreprises. Il garantit que les fluides peuvent \u00eatre transport\u00e9s et contr\u00f4l\u00e9s sans aucune perte. <\/p>\n<h2><span class=\"ez-toc-section\" id=\"Specifications_techniques\"><\/span><span style=\"font-size: 22px;\">Sp\u00e9cifications techniques<\/span><span class=\"ez-toc-section-end\"><\/span><\/h2>\n<ul>\n<li>Il fonctionne avec la pression du r\u00e9seau et ne n\u00e9cessite aucune \u00e9nergie suppl\u00e9mentaire.<\/li>\n<li>Il a un processus de maintenance assez facile.<\/li>\n<li>Classe les zones de pression selon leur importance.<\/li>\n<li>Il effectue le remplissage de la ligne de mani\u00e8re contr\u00f4l\u00e9e dans des syst\u00e8mes inclin\u00e9s.<\/li>\n<li>Il dispose d&rsquo;une fonction de stabilisation de la pression sans \u00eatre affect\u00e9 par les changements de pression et de d\u00e9bit dans le syst\u00e8me.<\/li>\n<\/ul>\n","protected":false},"excerpt":{"rendered":"<p><button style=\"background-color: #11224b; color: #ffffff; padding: 10px 15px; font-family: montserrat; font-weight: bold; font-size: 19px; border-radius: 10px;\"><img decoding=\"async\" style=\"width: 25px; height: 25px;\" src=\"https:\/\/unox.com.tr\/wp-content\/uploads\/2023\/02\/pdf-1.png\">CATALOGUE DES PRODUITS<\/button><\/p>\n<p><button style=\"background-color: #11224b; margin-top: 5px; color: white; padding: 0px 15px; width: 150px; height: 55px; border-radius: 10px; border: none; cursor: pointer;\"><br \/>\n<img decoding=\"async\" style=\"width: 120px; height: 30px;\" src=\"https:\/\/unox.com.tr\/wp-content\/uploads\/2023\/02\/4-1.svg\"><\/button><\/p>\n","protected":false},"featured_media":29617,"comment_status":"open","ping_status":"closed","template":"","meta":[],"product_brand":[],"product_cat":[1073],"product_tag":[],"class_list":{"0":"post-34549","1":"product","2":"type-product","3":"status-publish","4":"has-post-thumbnail","6":"product_cat-vannes-de-controle-hydrauliques","8":"first","9":"instock","10":"shipping-taxable","11":"product-type-simple"},"_links":{"self":[{"href":"https:\/\/unox.com.tr\/fr\/wp-json\/wp\/v2\/product\/34549","targetHints":{"allow":["GET"]}}],"collection":[{"href":"https:\/\/unox.com.tr\/fr\/wp-json\/wp\/v2\/product"}],"about":[{"href":"https:\/\/unox.com.tr\/fr\/wp-json\/wp\/v2\/types\/product"}],"replies":[{"embeddable":true,"href":"https:\/\/unox.com.tr\/fr\/wp-json\/wp\/v2\/comments?post=34549"}],"version-history":[{"count":0,"href":"https:\/\/unox.com.tr\/fr\/wp-json\/wp\/v2\/product\/34549\/revisions"}],"wp:featuredmedia":[{"embeddable":true,"href":"https:\/\/unox.com.tr\/fr\/wp-json\/wp\/v2\/media\/29617"}],"wp:attachment":[{"href":"https:\/\/unox.com.tr\/fr\/wp-json\/wp\/v2\/media?parent=34549"}],"wp:term":[{"taxonomy":"product_brand","embeddable":true,"href":"https:\/\/unox.com.tr\/fr\/wp-json\/wp\/v2\/product_brand?post=34549"},{"taxonomy":"product_cat","embeddable":true,"href":"https:\/\/unox.com.tr\/fr\/wp-json\/wp\/v2\/product_cat?post=34549"},{"taxonomy":"product_tag","embeddable":true,"href":"https:\/\/unox.com.tr\/fr\/wp-json\/wp\/v2\/product_tag?post=34549"}],"curies":[{"name":"wp","href":"https:\/\/api.w.org\/{rel}","templated":true}]}}