{"id":34555,"date":"2021-09-07T14:28:40","date_gmt":"2021-09-07T14:28:40","guid":{"rendered":"https:\/\/www.unox.com.tr\/urun\/electrovanne-de-carburant-normalement-ouverte\/"},"modified":"2023-05-11T16:52:04","modified_gmt":"2023-05-11T13:52:04","slug":"electrovanne-carburant-normalement-ouverte","status":"publish","type":"product","link":"https:\/\/unox.com.tr\/fr\/electrovanne-carburant-normalement-ouverte\/","title":{"rendered":"Electrovanne de Carburant &#8211; Normalement Ouverte"},"content":{"rendered":"<div id=\"ez-toc-container\" class=\"ez-toc-v2_0_82_2 counter-hierarchy ez-toc-counter ez-toc-grey ez-toc-container-direction\">\n<div class=\"ez-toc-title-container\">\n<p class=\"ez-toc-title\" style=\"cursor:inherit\">Sayfa \u0130\u00e7eri\u011fi<\/p>\n<span class=\"ez-toc-title-toggle\"><a href=\"#\" class=\"ez-toc-pull-right ez-toc-btn ez-toc-btn-xs ez-toc-btn-default ez-toc-toggle\" aria-label=\"Toggle Table of Content\"><span class=\"ez-toc-js-icon-con\"><span class=\"\"><span class=\"eztoc-hide\" style=\"display:none;\">Toggle<\/span><span class=\"ez-toc-icon-toggle-span\"><svg style=\"fill: #999;color:#999\" xmlns=\"http:\/\/www.w3.org\/2000\/svg\" class=\"list-377408\" width=\"20px\" height=\"20px\" viewBox=\"0 0 24 24\" fill=\"none\"><path d=\"M6 6H4v2h2V6zm14 0H8v2h12V6zM4 11h2v2H4v-2zm16 0H8v2h12v-2zM4 16h2v2H4v-2zm16 0H8v2h12v-2z\" fill=\"currentColor\"><\/path><\/svg><svg style=\"fill: #999;color:#999\" class=\"arrow-unsorted-368013\" xmlns=\"http:\/\/www.w3.org\/2000\/svg\" width=\"10px\" height=\"10px\" viewBox=\"0 0 24 24\" version=\"1.2\" baseProfile=\"tiny\"><path d=\"M18.2 9.3l-6.2-6.3-6.2 6.3c-.2.2-.3.4-.3.7s.1.5.3.7c.2.2.4.3.7.3h11c.3 0 .5-.1.7-.3.2-.2.3-.5.3-.7s-.1-.5-.3-.7zM5.8 14.7l6.2 6.3 6.2-6.3c.2-.2.3-.5.3-.7s-.1-.5-.3-.7c-.2-.2-.4-.3-.7-.3h-11c-.3 0-.5.1-.7.3-.2.2-.3.5-.3.7s.1.5.3.7z\"\/><\/svg><\/span><\/span><\/span><\/a><\/span><\/div>\n<nav><ul class='ez-toc-list ez-toc-list-level-1 ' ><li class='ez-toc-page-1 ez-toc-heading-level-2'><a class=\"ez-toc-link ez-toc-heading-1\" href=\"https:\/\/unox.com.tr\/fr\/electrovanne-carburant-normalement-ouverte\/#Quest-ce_quune_electrovanne_de_carburant\" >Qu&rsquo;est-ce qu&rsquo;une \u00e9lectrovanne de carburant ?<\/a><\/li><li class='ez-toc-page-1 ez-toc-heading-level-2'><a class=\"ez-toc-link ez-toc-heading-2\" href=\"https:\/\/unox.com.tr\/fr\/electrovanne-carburant-normalement-ouverte\/#Comment_fonctionne_lelectrovanne_de_carburant\" >Comment fonctionne l&rsquo;\u00e9lectrovanne de carburant ?<\/a><\/li><li class='ez-toc-page-1 ez-toc-heading-level-2'><a class=\"ez-toc-link ez-toc-heading-3\" href=\"https:\/\/unox.com.tr\/fr\/electrovanne-carburant-normalement-ouverte\/#Systeme_dexploitation_a_etat_normalement_ouvert\" >Syst\u00e8me d&rsquo;exploitation \u00e0 \u00e9tat normalement ouvert<\/a><\/li><li class='ez-toc-page-1 ez-toc-heading-level-2'><a class=\"ez-toc-link ez-toc-heading-4\" href=\"https:\/\/unox.com.tr\/fr\/electrovanne-carburant-normalement-ouverte\/#Caracteristiques_Generales\" >Caract\u00e9ristiques G\u00e9n\u00e9rales<\/a><ul class='ez-toc-list-level-3' ><li class='ez-toc-heading-level-3'><a class=\"ez-toc-link ez-toc-heading-5\" href=\"https:\/\/unox.com.tr\/fr\/electrovanne-carburant-normalement-ouverte\/#Suggestions\" >Suggestions<\/a><\/li><\/ul><\/li><li class='ez-toc-page-1 ez-toc-heading-level-2'><a class=\"ez-toc-link ez-toc-heading-6\" href=\"https:\/\/unox.com.tr\/fr\/electrovanne-carburant-normalement-ouverte\/#Elements_a_prendre_en_compte_lors_du_choix_dune_electrovanne\" >\u00c9l\u00e9ments \u00e0 prendre en compte lors du choix d&rsquo;une \u00e9lectrovanne :<\/a><\/li><\/ul><\/nav><\/div>\n<h2><span class=\"ez-toc-section\" id=\"Quest-ce_quune_electrovanne_de_carburant\"><\/span><span style=\"font-size: 22px;\">Qu&rsquo;est-ce qu&rsquo;une \u00e9lectrovanne de carburant ?<\/span><span class=\"ez-toc-section-end\"><\/span><\/h2>\n<p>Electrovannes de carburant ; Ce sont des vannes \u00e9lectromagn\u00e9tiques qui permettent de contr\u00f4ler des fluides tels que le gaz naturel, l&rsquo;air, les d\u00e9riv\u00e9s du p\u00e9trole, l&rsquo;eau. Gr\u00e2ce \u00e0 l&rsquo;\u00e9nergie \u00e9lectrique fournie \u00e0 la bobine, le piston dans la vanne se d\u00e9place. Le courant \u00e9lectrique se d\u00e9place dans la bobine, le piston devient un \u00e9lectro-aimant et le piston se d\u00e9place en fonction de la situation d&rsquo;utilisation de la bobine. De cette mani\u00e8re, le canal d&rsquo;entr\u00e9e pousse le fluide en direction de la sortie. Si le signal est interrompu, la vanne revient \u00e0 son \u00e9tat d&rsquo;origine et l&rsquo;\u00e9coulement du fluide est emp\u00each\u00e9.<\/p>\n<h2><span class=\"ez-toc-section\" id=\"Comment_fonctionne_lelectrovanne_de_carburant\"><\/span><span style=\"font-size: 22px;\">Comment fonctionne l&rsquo;\u00e9lectrovanne de carburant ?<\/span><span class=\"ez-toc-section-end\"><\/span><\/h2>\n<p>L&rsquo;\u00e9lectrovanne de carburant fonctionne en utilisant un dispositif \u00e9lectrom\u00e9canique appel\u00e9 sol\u00e9no\u00efde pour contr\u00f4ler le d\u00e9bit de carburant vers le moteur d&rsquo;un v\u00e9hicule. Un sol\u00e9no\u00efde est une bobine de fil entour\u00e9e d&rsquo;un champ magn\u00e9tique lorsqu&rsquo;un courant \u00e9lectrique la traverse. Lorsqu&rsquo;un courant \u00e9lectrique est appliqu\u00e9 au sol\u00e9no\u00efde, il cr\u00e9e un champ magn\u00e9tique qui attire le noyau mobile \u00e0 l&rsquo;int\u00e9rieur du sol\u00e9no\u00efde. Le noyau mobile est reli\u00e9 \u00e0 une vanne qui contr\u00f4le le d\u00e9bit de carburant.<\/p>\n<p>Lorsque le sol\u00e9no\u00efde est activ\u00e9 et que le noyau mobile est tir\u00e9 au centre du sol\u00e9no\u00efde, il ouvre la soupape et permet au carburant de s&rsquo;\u00e9couler du r\u00e9servoir de carburant vers le moteur. Lorsque le courant \u00e9lectrique vers le sol\u00e9no\u00efde est coup\u00e9, le champ magn\u00e9tique dispara\u00eet et le noyau mobile revient \u00e0 sa position d&rsquo;origine, fermant la vanne et arr\u00eatant le d\u00e9bit de carburant.<\/p>\n<p>La soupape de carburant \u00e0 sol\u00e9no\u00efde est contr\u00f4l\u00e9e par le module de commande \u00e9lectronique (ECM) du moteur, qui envoie un signal \u00e9lectrique au sol\u00e9no\u00efde pour ouvrir ou fermer la soupape selon les besoins. L&rsquo;ECM surveille divers capteurs dans le moteur, tels que la position de l&rsquo;acc\u00e9l\u00e9rateur, le r\u00e9gime moteur et le d\u00e9bit d&rsquo;air, et ajuste l&rsquo;\u00e9lectrovanne de carburant en cons\u00e9quence pour maintenir le rapport carburant-air appropri\u00e9 pour une combustion efficace et \u00e9viter les dommages au moteur dus \u00e0 une surcharge. .<\/p>\n<h2><span class=\"ez-toc-section\" id=\"Systeme_dexploitation_a_etat_normalement_ouvert\"><\/span><span style=\"font-size: 22px;\">Syst\u00e8me d&rsquo;exploitation \u00e0 \u00e9tat normalement ouvert<\/span><span class=\"ez-toc-section-end\"><\/span><\/h2>\n<p>L&rsquo;\u00e9lectrovanne normalement ouverte permet initialement le passage du fluide. Afin de fermer la vanne, la bobine se d\u00e9place avec le courant \u00e9lectrique venant de la bobine, poussant le noyau vers le bas et fermant l&#8217;embouchure du trou de l&rsquo;orifice, et dans ce cas, la pression \u00e0 l&rsquo;int\u00e9rieur augmente progressivement et pousse le diaphragme vers le bas et ferme le Orifice par lequel passe le fluide. En peu de temps, la pression se r\u00e9partit de mani\u00e8re homog\u00e8ne sur la membrane et la pression sup\u00e9rieure \u00e0 la pression du fluide emp\u00eache le fluide de soulever la membrane, la vanne est donc en position ferm\u00e9e. Tout cela se passe en tr\u00e8s peu de temps. Notre produit est con\u00e7u pour obtenir la meilleure efficacit\u00e9.<\/p>\n<h2><span class=\"ez-toc-section\" id=\"Caracteristiques_Generales\"><\/span><span style=\"font-size: 22px;\">Caract\u00e9ristiques G\u00e9n\u00e9rales<\/span><span class=\"ez-toc-section-end\"><\/span><\/h2>\n<ul>\n<li><strong>Joint<\/strong> : Viton<\/li>\n<li><strong>Manche<\/strong> : Laiton<\/li>\n<li><strong>Corps<\/strong> : Laiton<\/li>\n<li><strong>Noyau<\/strong> : Inox<\/li>\n<li><strong>Temp\u00e9rature:<\/strong> -10 \/ +150 \u00b0C<\/li>\n<li><strong>Bobine<\/strong> : Douille<\/li>\n<\/ul>\n<h3><span class=\"ez-toc-section\" id=\"Suggestions\"><\/span><span style=\"font-size: 20px;\">Suggestions<\/span><span class=\"ez-toc-section-end\"><\/span><\/h3>\n<p>Monter l&rsquo;\u00e9lectrovanne de sorte que la bobine soit vers le haut. Dans l&rsquo;installation, comme une cr\u00e9pine avant l&rsquo;\u00e9lectrovanne, etc. utiliser des filtres. Nous utilisons un mat\u00e9riau de diaphragme et de joint plus durable pour les temp\u00e9ratures \u00e9lev\u00e9es<br \/>\nVeuillez sp\u00e9cifier votre demande de diaphragme et de joint pour haute temp\u00e9rature dans vos commandes.<\/p>\n<h2><span class=\"ez-toc-section\" id=\"Elements_a_prendre_en_compte_lors_du_choix_dune_electrovanne\"><\/span><span style=\"font-size: 22px;\">\u00c9l\u00e9ments \u00e0 prendre en compte lors du choix d&rsquo;une \u00e9lectrovanne :<\/span><span class=\"ez-toc-section-end\"><\/span><\/h2>\n<ul>\n<li>La bobine doit \u00eatre s\u00e9lectionn\u00e9e en fonction de la tension de fonctionnement (AC-DC). La protection et l&rsquo;isolation doivent \u00eatre pr\u00e9vues en fonction de l&rsquo;endroit o\u00f9 elles seront appliqu\u00e9es. (L&rsquo;\u00e9lectricit\u00e9 s&rsquo;allume lorsque l&rsquo;air entre et s&rsquo;\u00e9teint lorsque vous coupez l&rsquo;\u00e9lectricit\u00e9)<\/li>\n<li>Dans la ligne ou le syst\u00e8me que vous utiliserez, min et max. les valeurs de pression sont tr\u00e8s importantes dans le choix de la vanne. <\/li>\n<li>La qualit\u00e9 et la temp\u00e9rature du fluide sont un facteur direct dans le choix de la vanne.<\/li>\n<li>Le sens du fluide et la fl\u00e8che sur le corps sont dans le m\u00eame sens et il faut faire attention au montage.<\/li>\n<li>\u00c9tant donn\u00e9 que l&rsquo;\u00e9lectrovanne ne fonctionne pas comme un clapet anti-retour, le fluide reflue \u00e0 des pressions inverses. Dans ces cas, l&rsquo;installation d&rsquo;un clapet anti-retour apr\u00e8s l&rsquo;\u00e9lectrovanne est correcte pour la connexion.<\/li>\n<li>La ligne \u00e0 laquelle la vanne est attach\u00e9e doit \u00eatre exempte d&rsquo;impuret\u00e9s.<\/li>\n<\/ul>\n<p>&nbsp;<\/p>\n<p>[table id=\u00a0\u00bb33&Prime; \/]<\/p>\n<p>&nbsp;<\/p>\n<p>Vous pouvez consulter notre page<a href=\"\/?page_id=8324\" target=\"_blank\" rel=\"noopener noreferrer\">\u00ab\u00a0Electrovanne<\/a>\u00a0\u00bb pour obtenir des informations plus d\u00e9taill\u00e9es sur le sujet ou pour trouver des solutions aux probl\u00e8mes que vous rencontrez.<\/p>\n","protected":false},"excerpt":{"rendered":"<p><a href=\"https:\/\/unox.com.tr\/wp-content\/uploads\/2022\/12\/YAKIT-SOLENOID-VALFLER-N.A-3-8-YKTA1512.pdf\" target=\"_blank\" rel=\"noopener\"><button style=\"background-color: #11224b; color: #ffffff; padding: 10px 15px; font-family: montserrat; font-weight: bold; font-size: 19px; border-radius: 10px;\"><img decoding=\"async\" style=\"width: 25px; height: 25px;\" src=\"https:\/\/unox.com.tr\/wp-content\/uploads\/2023\/02\/pdf-1.png\">CATALOGUE DES PRODUITS<\/button><\/a><\/p>\n<p><button style=\"background-color: #11224b; margin-top: 5px; color: white; padding: 0px 15px; width: 150px; height: 55px; border-radius: 10px; border: none; cursor: pointer;\"><br \/>\n<img decoding=\"async\" style=\"width: 120px; height: 30px;\" src=\"https:\/\/unox.com.tr\/wp-content\/uploads\/2023\/02\/4-1.svg\"><\/button><\/p>\n","protected":false},"featured_media":68773,"comment_status":"closed","ping_status":"closed","template":"","meta":{"_joinchat":[]},"product_brand":[],"product_cat":[1201,1200],"product_tag":[],"class_list":{"0":"post-34555","1":"product","2":"type-product","3":"status-publish","4":"has-post-thumbnail","6":"product_cat-electrovannes-de-carburant","7":"product_cat-electrovannes","9":"first","10":"instock","11":"shipping-taxable","12":"product-type-simple"},"_links":{"self":[{"href":"https:\/\/unox.com.tr\/fr\/wp-json\/wp\/v2\/product\/34555","targetHints":{"allow":["GET"]}}],"collection":[{"href":"https:\/\/unox.com.tr\/fr\/wp-json\/wp\/v2\/product"}],"about":[{"href":"https:\/\/unox.com.tr\/fr\/wp-json\/wp\/v2\/types\/product"}],"replies":[{"embeddable":true,"href":"https:\/\/unox.com.tr\/fr\/wp-json\/wp\/v2\/comments?post=34555"}],"version-history":[{"count":0,"href":"https:\/\/unox.com.tr\/fr\/wp-json\/wp\/v2\/product\/34555\/revisions"}],"wp:featuredmedia":[{"embeddable":true,"href":"https:\/\/unox.com.tr\/fr\/wp-json\/wp\/v2\/media\/68773"}],"wp:attachment":[{"href":"https:\/\/unox.com.tr\/fr\/wp-json\/wp\/v2\/media?parent=34555"}],"wp:term":[{"taxonomy":"product_brand","embeddable":true,"href":"https:\/\/unox.com.tr\/fr\/wp-json\/wp\/v2\/product_brand?post=34555"},{"taxonomy":"product_cat","embeddable":true,"href":"https:\/\/unox.com.tr\/fr\/wp-json\/wp\/v2\/product_cat?post=34555"},{"taxonomy":"product_tag","embeddable":true,"href":"https:\/\/unox.com.tr\/fr\/wp-json\/wp\/v2\/product_tag?post=34555"}],"curies":[{"name":"wp","href":"https:\/\/api.w.org\/{rel}","templated":true}]}}