{"id":34577,"date":"2021-09-07T11:57:40","date_gmt":"2021-09-07T11:57:40","guid":{"rendered":"https:\/\/www.unox.com.tr\/urun\/electrovanne-a-piston-normalement-fermee\/"},"modified":"2024-11-06T19:19:32","modified_gmt":"2024-11-06T16:19:32","slug":"vanne-solenoide-a-piston-a-fermeture-normale","status":"publish","type":"product","link":"https:\/\/unox.com.tr\/fr\/vanne-solenoide-a-piston-a-fermeture-normale\/","title":{"rendered":"\u00c9lectrovanne \u00e0 piston &#8211; Normalement ferm\u00e9e"},"content":{"rendered":"<h2><span style=\"font-size: 22px;\">Qu&rsquo;est-ce qu&rsquo;une \u00e9lectrovanne \u00e0 piston ?<\/span><\/h2>\n<p>L&rsquo;\u00e9lectrovanne \u00e0 piston est une vanne \u00e9lectrom\u00e9canique qui agit \u00e0 l&rsquo;aide de la force magn\u00e9tique. Il peut \u00eatre ouvert et ferm\u00e9 \u00e0 l&rsquo;aide d&rsquo;un m\u00e9canisme alternatif et est souvent utilis\u00e9 pour contr\u00f4ler le passage de liquide ou de gaz. Les \u00e9lectrovannes \u00e0 piston sont souvent utilis\u00e9es dans les syst\u00e8mes d&rsquo;automatisation industrielle et peuvent modifier des propri\u00e9t\u00e9s telles que la vitesse et la direction du flux d&rsquo;air contr\u00f4l\u00e9.<\/p>\n<h2><span style=\"font-size: 22px;\">O\u00f9 l&rsquo;\u00e9lectrovanne \u00e0 piston est-elle utilis\u00e9e ?<\/span><\/h2>\n<p>Les \u00e9lectrovannes \u00e0 piston sont g\u00e9n\u00e9ralement utilis\u00e9es pour ouvrir ou fermer un flux de liquide ou de gaz de mani\u00e8re contr\u00f4l\u00e9e. Par exemple, dans les syst\u00e8mes d&rsquo;irrigation automatiques, les dur\u00e9es et les quantit\u00e9s d&rsquo;irrigation peuvent \u00eatre ajust\u00e9es en utilisant de telles vannes. De plus, ces vannes peuvent \u00eatre utilis\u00e9es dans des syst\u00e8mes contr\u00f4l\u00e9s par pression d&rsquo;air ou d&rsquo;eau.<\/p>\n<p>Les \u00e9lectrovannes sont fabriqu\u00e9es en deux types : normalement ferm\u00e9es (pour ouvrir la vanne ferm\u00e9e lorsque la bobine re\u00e7oit de l&rsquo;\u00e9nergie) et normalement ouvertes (pour fermer la vanne ouverte lorsqu&rsquo;elle re\u00e7oit de l&rsquo;\u00e9nergie de la bobine).<\/p>\n<h2><span style=\"font-size: 22px;\">Syst\u00e8me d&rsquo;exploitation normalement ferm\u00e9<\/span><\/h2>\n<p>L&rsquo;\u00e9lectrovanne normalement ferm\u00e9e permet initialement le passage du fluide. Pour que la vanne s&rsquo;ouvre, la bobine commence \u00e0 agir avec le courant \u00e9lectrique venant de la bobine, tire le noyau vers le haut et ouvre l&#8217;embouchure du trou de l&rsquo;orifice, et ainsi, le fluide sous haute pression se d\u00e9place rapidement vers la sortie du trou de d\u00e9rivation. Avec cette progression, la pression \u00e0 l&rsquo;int\u00e9rieur chute tr\u00e8s rapidement et une diff\u00e9rence de pression se produit \u00e0 l&rsquo;int\u00e9rieur. En raison de cette diff\u00e9rence, le diaphragme surmonte la force du ressort et monte vers le haut et le passage du fluide est autoris\u00e9, de sorte que la vanne est en position ouverte. Tout cela se passe en tr\u00e8s peu de temps. Notre produit est con\u00e7u pour obtenir la meilleure efficacit\u00e9.<\/p>\n<h2><span class=\"ez-toc-section\" id=\"Caracteristiques_Generales\"><\/span><span style=\"font-size: 22px;\">Caract\u00e9ristiques G\u00e9n\u00e9rales<\/span><span class=\"ez-toc-section-end\"><\/span><\/h2>\n<ul>\n<li><strong>Joint<\/strong> : EPDM \/ NBR \/ Viton<\/li>\n<li><strong>Manchon<\/strong> : Inox<\/li>\n<li><strong>Corps<\/strong> : Laiton<\/li>\n<li><strong>Noyau<\/strong> : Inox AISI316<\/li>\n<li><strong>Temp\u00e9rature<\/strong> : -10 \/ +150 \u00b0C<\/li>\n<li><strong>Bobine<\/strong> : Douille<\/li>\n<li><strong>Manchon<\/strong> : Inox AISI316<\/li>\n<li><strong>Ressort<\/strong> : Acier Inoxydable AISI316<\/li>\n<\/ul>\n<h3><span class=\"ez-toc-section\" id=\"Suggestions\"><\/span><span style=\"font-size: 20px;\">Suggestions<\/span><span class=\"ez-toc-section-end\"><\/span><\/h3>\n<p>Monter l&rsquo;\u00e9lectrovanne de sorte que la bobine soit vers le haut. Dans l&rsquo;installation, comme une cr\u00e9pine avant l&rsquo;\u00e9lectrovanne, etc. utiliser des filtres. Nous utilisons un mat\u00e9riau de diaphragme et de joint plus durable pour les temp\u00e9ratures \u00e9lev\u00e9es<br \/>\nVeuillez sp\u00e9cifier votre demande de diaphragme et de joint pour haute temp\u00e9rature dans vos commandes.<\/p>\n<h2><span style=\"font-size: 22px;\">\u00c9l\u00e9ments \u00e0 prendre en compte lors du choix d&rsquo;une \u00e9lectrovanne :<\/span><\/h2>\n<ul>\n<li>La bobine doit \u00eatre s\u00e9lectionn\u00e9e en fonction de la tension de fonctionnement (AC-DC). La protection et l&rsquo;isolation doivent \u00eatre pr\u00e9vues en fonction de l&rsquo;endroit o\u00f9 elles seront appliqu\u00e9es. (L&rsquo;\u00e9lectricit\u00e9 s&rsquo;allume lorsque l&rsquo;air entre et s&rsquo;\u00e9teint lorsque vous coupez l&rsquo;\u00e9lectricit\u00e9)<\/li>\n<li>Dans la ligne ou le syst\u00e8me que vous utiliserez, min et max. les valeurs de pression sont tr\u00e8s importantes dans le choix de la vanne. <\/li>\n<li>La qualit\u00e9 et la temp\u00e9rature du fluide sont un facteur direct dans le choix de la vanne.<\/li>\n<li>Le sens du fluide et la fl\u00e8che sur le corps sont dans le m\u00eame sens et il faut faire attention au montage.<\/li>\n<li>\u00c9tant donn\u00e9 que l&rsquo;\u00e9lectrovanne ne fonctionne pas comme un clapet anti-retour, le fluide reflue \u00e0 des pressions inverses. Dans ces cas, l&rsquo;installation d&rsquo;un clapet anti-retour apr\u00e8s l&rsquo;\u00e9lectrovanne est correcte pour la connexion.<\/li>\n<li>La ligne \u00e0 laquelle la vanne est attach\u00e9e doit \u00eatre exempte d&rsquo;impuret\u00e9s.<\/li>\n<\/ul>\n<p>&nbsp;<\/p>\n<p>[table id=\u00a0\u00bb26&Prime; \/]<\/p>\n<p>&nbsp;<\/p>\n<p>Vous pouvez consulter notre page<a href=\"\/?page_id=8324\" target=\"_blank\" rel=\"noopener noreferrer\">\u00ab\u00a0Electrovanne<\/a>\u00a0\u00bb pour obtenir des informations plus d\u00e9taill\u00e9es sur le sujet ou pour trouver des solutions aux probl\u00e8mes que vous rencontrez.<\/p>\n","protected":false},"excerpt":{"rendered":"<p><a href=\"https:\/\/unox.com.tr\/wp-content\/uploads\/2022\/12\/PST-N.K-3-8-PST1313.pdf\" target=\"_blank\" rel=\"noopener\"><button style=\"background-color: #11224b; color: #ffffff; padding: 10px 15px; font-family: montserrat; font-weight: bold; font-size: 19px; border-radius: 10px;\"><img decoding=\"async\" style=\"width: 25px; height: 25px;\" src=\"https:\/\/unox.com.tr\/wp-content\/uploads\/2023\/02\/pdf-1.png\">CATALOGUE DES PRODUITS<\/button><\/a><\/p>\n<p><button style=\"background-color: #11224b; margin-top: 5px; color: white; padding: 0px 15px; width: 150px; height: 55px; border-radius: 10px; border: none; cursor: pointer;\"><br \/>\n<img decoding=\"async\" style=\"width: 120px; height: 30px;\" src=\"https:\/\/unox.com.tr\/wp-content\/uploads\/2023\/02\/4-1.svg\"><\/button><\/p>\n","protected":false},"featured_media":68872,"comment_status":"closed","ping_status":"closed","template":"","meta":[],"product_brand":[],"product_cat":[1226,1200],"product_tag":[],"class_list":{"0":"post-34577","1":"product","2":"type-product","3":"status-publish","4":"has-post-thumbnail","6":"product_cat-electrovannes-a-piston","7":"product_cat-electrovannes","9":"first","10":"instock","11":"shipping-taxable","12":"product-type-simple"},"_links":{"self":[{"href":"https:\/\/unox.com.tr\/fr\/wp-json\/wp\/v2\/product\/34577","targetHints":{"allow":["GET"]}}],"collection":[{"href":"https:\/\/unox.com.tr\/fr\/wp-json\/wp\/v2\/product"}],"about":[{"href":"https:\/\/unox.com.tr\/fr\/wp-json\/wp\/v2\/types\/product"}],"replies":[{"embeddable":true,"href":"https:\/\/unox.com.tr\/fr\/wp-json\/wp\/v2\/comments?post=34577"}],"version-history":[{"count":0,"href":"https:\/\/unox.com.tr\/fr\/wp-json\/wp\/v2\/product\/34577\/revisions"}],"wp:featuredmedia":[{"embeddable":true,"href":"https:\/\/unox.com.tr\/fr\/wp-json\/wp\/v2\/media\/68872"}],"wp:attachment":[{"href":"https:\/\/unox.com.tr\/fr\/wp-json\/wp\/v2\/media?parent=34577"}],"wp:term":[{"taxonomy":"product_brand","embeddable":true,"href":"https:\/\/unox.com.tr\/fr\/wp-json\/wp\/v2\/product_brand?post=34577"},{"taxonomy":"product_cat","embeddable":true,"href":"https:\/\/unox.com.tr\/fr\/wp-json\/wp\/v2\/product_cat?post=34577"},{"taxonomy":"product_tag","embeddable":true,"href":"https:\/\/unox.com.tr\/fr\/wp-json\/wp\/v2\/product_tag?post=34577"}],"curies":[{"name":"wp","href":"https:\/\/api.w.org\/{rel}","templated":true}]}}